{"id":10,"date":"2024-01-29T01:00:52","date_gmt":"2024-01-29T00:00:52","guid":{"rendered":"http:\/\/hardshop.hard-adv.com\/?page_id=10"},"modified":"2024-01-29T01:00:52","modified_gmt":"2024-01-29T00:00:52","slug":"polityka-zwrotow","status":"publish","type":"page","link":"https:\/\/hardshop.hard-adv.com\/index.php\/polityka-zwrotow\/","title":{"rendered":"Polityka zwrot\u00f3w"},"content":{"rendered":"\n<p>Strona w przygotowaniu. W razie pyta\u0144 odno\u015bnie zwrot\u00f3w zach\u0119camy do bezpo\u015bredniego kontaktu z administracj\u0105 sklepu Hard Adv Store.<\/p>\n\n\n\n<p><\/p>\n","protected":false},"excerpt":{"rendered":"<p>Strona w przygotowaniu. W razie pyta\u0144 odno\u015bnie zwrot\u00f3w zach\u0119camy do bezpo\u015bredniego kontaktu z administracj\u0105 sklepu Hard Adv Store.<\/p>\n","protected":false},"author":1,"featured_media":0,"parent":0,"menu_order":0,"comment_status":"closed","ping_status":"closed","template":"","meta":{"advanced_seo_description":"","jetpack_seo_html_title":"","jetpack_seo_noindex":false,"footnotes":""},"class_list":["post-10","page","type-page","status-publish","hentry"],"jetpack_sharing_enabled":true,"_links":{"self":[{"href":"https:\/\/hardshop.hard-adv.com\/index.php\/wp-json\/wp\/v2\/pages\/10","targetHints":{"allow":["GET"]}}],"collection":[{"href":"https:\/\/hardshop.hard-adv.com\/index.php\/wp-json\/wp\/v2\/pages"}],"about":[{"href":"https:\/\/hardshop.hard-adv.com\/index.php\/wp-json\/wp\/v2\/types\/page"}],"author":[{"embeddable":true,"href":"https:\/\/hardshop.hard-adv.com\/index.php\/wp-json\/wp\/v2\/users\/1"}],"replies":[{"embeddable":true,"href":"https:\/\/hardshop.hard-adv.com\/index.php\/wp-json\/wp\/v2\/comments?post=10"}],"version-history":[{"count":3,"href":"https:\/\/hardshop.hard-adv.com\/index.php\/wp-json\/wp\/v2\/pages\/10\/revisions"}],"predecessor-version":[{"id":581,"href":"https:\/\/hardshop.hard-adv.com\/index.php\/wp-json\/wp\/v2\/pages\/10\/revisions\/581"}],"wp:attachment":[{"href":"https:\/\/hardshop.hard-adv.com\/index.php\/wp-json\/wp\/v2\/media?parent=10"}],"curies":[{"name":"wp","href":"https:\/\/api.w.org\/{rel}","templated":true}]}}