{"id":574,"date":"2024-01-29T00:46:38","date_gmt":"2024-01-28T23:46:38","guid":{"rendered":"https:\/\/hardshop.hard-adv.com\/?page_id=574"},"modified":"2024-01-29T00:46:38","modified_gmt":"2024-01-28T23:46:38","slug":"polityka-plikow-cookie","status":"publish","type":"page","link":"https:\/\/hardshop.hard-adv.com\/index.php\/polityka-plikow-cookie\/","title":{"rendered":"Polityka plik\u00f3w Cookie"},"content":{"rendered":"\n<p><strong>Data wej\u015bcia w \u017cycie: 22.10.2023 <\/strong><br><br>Niniejsza Polityka Plik\u00f3w Cookie wyja\u015bnia, jak HARD ADV Sp\u00f3\u0142ka z ograniczon\u0105 odpowiedzialno\u015bci\u0105 u\u017cywa plik\u00f3w cookie i innych technologii \u015bledzenia podczas korzystania z naszej strony internetowej. Prosimy o uwa\u017cne zapoznanie si\u0119 z tym dokumentem, aby zrozumie\u0107, w jaki spos\u00f3b gromadzimy i wykorzystujemy informacje za pomoc\u0105 plik\u00f3w cookie. <br><br><strong>1. Czym s\u0105 Pliki Cookie? <\/strong><br><br>Pliki cookie to ma\u0142e pliki tekstowe przechowywane na urz\u0105dzeniu u\u017cytkownika podczas korzystania z naszej strony internetowej. Pliki cookie zawieraj\u0105 informacje, kt\u00f3re pozwalaj\u0105 nam rozpozna\u0107 u\u017cytkownik\u00f3w, dostosowywa\u0107 tre\u015bci i us\u0142ugi oraz analizowa\u0107 zachowanie u\u017cytkownik\u00f3w. <br><br><strong>2. Rodzaje Plik\u00f3w Cookie <\/strong><br><br>U\u017cywamy r\u00f3\u017cnych rodzaj\u00f3w plik\u00f3w cookie na naszej stronie internetowej, w tym: Pliki cookie niezb\u0119dne do dzia\u0142ania strony, kt\u00f3re umo\u017cliwiaj\u0105 korzystanie z podstawowych funkcji strony. Pliki cookie analityczne, kt\u00f3re pomagaj\u0105 nam \u015bledzi\u0107 statystyki korzystania ze strony. <br><br><strong>3. Cel U\u017cywania Plik\u00f3w Cookie <\/strong><br><br>Pliki cookie s\u0105 u\u017cywane w celu: Poprawy dzia\u0142ania strony i dostosowania jej do potrzeb u\u017cytkownik\u00f3w. Analizy zachowa\u0144 u\u017cytkownik\u00f3w i zbierania statystyk. U\u0142atwienia nawigacji po stronie. <br><br><strong>4. Zarz\u0105dzanie Plikami Cookie <\/strong><br><br>U\u017cytkownicy maj\u0105 mo\u017cliwo\u015b\u0107 zarz\u0105dzania plikami cookie poprzez ustawienia swojej przegl\u0105darki internetowej. Mo\u017cna wy\u0142\u0105czy\u0107 lub usun\u0105\u0107 pliki cookie z urz\u0105dzenia. Nale\u017cy pami\u0119ta\u0107, \u017ce wy\u0142\u0105czenie plik\u00f3w cookie mo\u017ce wp\u0142yn\u0105\u0107 na dzia\u0142anie niekt\u00f3rych funkcji strony. <br><br><strong>5. Zewn\u0119trzne Serwisy i Pliki Cookie <\/strong><br><br>Nasza strona internetowa mo\u017ce korzysta\u0107 z us\u0142ug zewn\u0119trznych dostawc\u00f3w, takich jak Google Analytics, kt\u00f3re r\u00f3wnie\u017c mog\u0105 u\u017cywa\u0107 plik\u00f3w cookie. Niniejsza Polityka Plik\u00f3w Cookie nie obejmuje plik\u00f3w cookie tych dostawc\u00f3w. Prosimy o zapoznanie si\u0119 z ich w\u0142asnymi politykami prywatno\u015bci i plik\u00f3w cookie. <br><br><strong>6. Zmiany w Polityce Plik\u00f3w Cookie <\/strong><br><br>Polityka Plik\u00f3w Cookie mo\u017ce ulega\u0107 zmianom. Wszelkie zmiany zostan\u0105 opublikowane na tej stronie, a data wej\u015bcia w \u017cycie zostanie zaktualizowana. <br><br>Niniejsza Polityka Plik\u00f3w Cookie zosta\u0142a wprowadzona dnia 22.10.2023. <br><br>Je\u015bli masz jakiekolwiek pytania dotycz\u0105ce Polityki Plik\u00f3w Cookie, prosimy o kontakt pod adresem INFO@HARD-ADV.COM.<\/p>\n","protected":false},"excerpt":{"rendered":"<p>Data wej\u015bcia w \u017cycie: 22.10.2023 Niniejsza Polityka Plik\u00f3w Cookie wyja\u015bnia, jak HARD ADV Sp\u00f3\u0142ka z ograniczon\u0105 odpowiedzialno\u015bci\u0105 u\u017cywa plik\u00f3w cookie i innych technologii \u015bledzenia podczas korzystania z naszej strony internetowej. Prosimy o uwa\u017cne zapoznanie si\u0119 z tym dokumentem, aby zrozumie\u0107, w jaki spos\u00f3b gromadzimy i wykorzystujemy informacje za pomoc\u0105 plik\u00f3w cookie. 1. Czym s\u0105 Pliki [&hellip;]<\/p>\n","protected":false},"author":2,"featured_media":0,"parent":0,"menu_order":0,"comment_status":"closed","ping_status":"closed","template":"","meta":{"advanced_seo_description":"","jetpack_seo_html_title":"","jetpack_seo_noindex":false,"footnotes":""},"class_list":["post-574","page","type-page","status-publish","hentry"],"jetpack_sharing_enabled":true,"_links":{"self":[{"href":"https:\/\/hardshop.hard-adv.com\/index.php\/wp-json\/wp\/v2\/pages\/574","targetHints":{"allow":["GET"]}}],"collection":[{"href":"https:\/\/hardshop.hard-adv.com\/index.php\/wp-json\/wp\/v2\/pages"}],"about":[{"href":"https:\/\/hardshop.hard-adv.com\/index.php\/wp-json\/wp\/v2\/types\/page"}],"author":[{"embeddable":true,"href":"https:\/\/hardshop.hard-adv.com\/index.php\/wp-json\/wp\/v2\/users\/2"}],"replies":[{"embeddable":true,"href":"https:\/\/hardshop.hard-adv.com\/index.php\/wp-json\/wp\/v2\/comments?post=574"}],"version-history":[{"count":1,"href":"https:\/\/hardshop.hard-adv.com\/index.php\/wp-json\/wp\/v2\/pages\/574\/revisions"}],"predecessor-version":[{"id":576,"href":"https:\/\/hardshop.hard-adv.com\/index.php\/wp-json\/wp\/v2\/pages\/574\/revisions\/576"}],"wp:attachment":[{"href":"https:\/\/hardshop.hard-adv.com\/index.php\/wp-json\/wp\/v2\/media?parent=574"}],"curies":[{"name":"wp","href":"https:\/\/api.w.org\/{rel}","templated":true}]}}