{"id":100,"date":"2024-01-16T18:45:30","date_gmt":"2024-01-16T17:45:30","guid":{"rendered":"http:\/\/hardshop.hard-adv.com\/?post_type=product&#038;p=100"},"modified":"2024-01-17T22:29:15","modified_gmt":"2024-01-17T21:29:15","slug":"metzeler-opona-90-90-21-mc360-mid-soft-54m-tt-m-c-mst-przod-dot-22-23-2022","status":"publish","type":"product","link":"https:\/\/hardshop.hard-adv.com\/index.php\/produkt\/metzeler-opona-90-90-21-mc360-mid-soft-54m-tt-m-c-mst-przod-dot-22-23-2022\/","title":{"rendered":"METZELER OPONA 90\/90-21 MC360 MID SOFT 54M TT M\/C MST PRZ\u00d3D DOT 22-23\/2022"},"content":{"rendered":"<div class=\"product-description-ui limited-container-ui product-description-lq\">\n<h2>Opis towaru<\/h2>\n<p><a href=\"https:\/\/shop.olekmotocykle.com\/produkty,2?search=mc360%20\"><strong>METZELER MC360\u2122<\/strong><\/a> to <strong>opona terenowa<\/strong> zaprojektowana do jazdy w ka\u017cdym terenie, dost\u0119pna w dw\u00f3ch wersjach \u2013 MID SOFT oraz MID HARD. Testowana w najbardziej ekstremalnych warunkach, we wsp\u00f3\u0142pracy z Hond\u0105, opona <strong>MC360\u2122 <\/strong>osi\u0105gn\u0119\u0142a a\u017c trzy rekordy \u015bwiata, a marka<strong> METZELER <\/strong>po raz kolejny udowodni\u0142a, \u017ce jest w stanie stworzy\u0107 idealn\u0105 mieszank\u0119 dedykowan\u0105 dla profesjonalnych <strong>motocyklist\u00f3w<\/strong> oraz tych, kt\u00f3rzy dopiero rozpoczynaj\u0105 swoj\u0105 off-roadow\u0105 przygod\u0119.<\/p>\n<p><a href=\"https:\/\/shop.olekmotocykle.com\/produkty,2?search=mc360%20\"><strong>METZELER MC360\u2122<\/strong> <\/a>jest przeznaczona do <strong>motocrossu<\/strong>, <strong>supercrossu<\/strong>, <strong>cross-country<\/strong> i <strong>freestyle<\/strong>. Jej wszechstronno\u015b\u0107 gwarantuje maksymaln\u0105 trakcj\u0119, odporno\u015b\u0107 na rozerwanie oraz dynamiczne osi\u0105gi na ka\u017cdym rodzaju pod\u0142o\u017ca. Co najwa\u017cniejsze, bie\u017cnik, jak sama nazwa wskazuje, jest przeznaczony do pe\u0142nej odwracalno\u015bci!<\/p>\n<p>Kolejn\u0105 zalet\u0105 tej wyj\u0105tkowej propozycji marki <a href=\"https:\/\/shop.olekmotocykle.com\/produkty,2?search=metzeler\"><strong>METZELER<\/strong><\/a> jest jej wewn\u0119trzna struktura, z\u0142o\u017cona z trzech warstw wysokomodu\u0142owego, wytrzyma\u0142ego i odpornego na uderzenia politereftalanu etylenu (PET), co przedk\u0142ada si\u0119 na mi\u0119kko\u015b\u0107 i wytrzyma\u0142o\u015b\u0107 oraz absorpcj\u0119 wstrz\u0105s\u00f3w podczas pokonywania przeszk\u00f3d, takich jak kamienie, korzenie i wyboje. Sztywno\u015b\u0107 bie\u017cnika umo\u017cliwia osi\u0105gni\u0119cie dynamiki na najwy\u017cszym poziomie, a odporno\u015b\u0107 na nagrzewanie zapewnia sta\u0142\u0105 wydajno\u015b\u0107 podczas trwania zawod\u00f3w Ponadto zastosowane podczas procesu produkcyjnego mieszanki gwarantuj\u0105 trwa\u0142o\u015b\u0107, odporno\u015bci na rozdarcia, przeci\u0119cia i przebicia.<\/p>\n<p><a href=\"https:\/\/shop.olekmotocykle.com\/produkty,2?search=mc360%20mid%20hard\"><strong>METZELER MC360\u2122<\/strong> <strong>MID HARD <\/strong><\/a>to wersja, w kt\u00f3rej zastosowano technologi\u0119<strong> CKB (Continuous Knob Binding), <\/strong>kt\u00f3ra poprawia odporno\u015b\u0107 na rozdarcie i zu\u017cycie wypustek, aby zapewni\u0107 odpowiedni\u0105 powierzchni\u0119 dla maksymalnej przyczepno\u015bci i poprawi\u0107 trwa\u0142o\u015b\u0107 <strong>opony<\/strong>.<\/p>\n<p><a href=\"https:\/\/shop.olekmotocykle.com\/produkty,2?search=mc360%20mid%20soft\"><strong>METZELER MC360\u2122<\/strong> <\/a><strong><a href=\"https:\/\/shop.olekmotocykle.com\/produkty,2?search=mc360%20mid%20soft\">MID SOFT<\/a> <\/strong>charakteryzuje si\u0119 specyficzn\u0105 geometri\u0105 wypustek, rozmieszczonych w pi\u0119ciu rz\u0119dach z przodu i w trzech z ty\u0142u, z naprzemiennymi naci\u0119ciami w celu zapewnienia progresywnej trakcji na zakr\u0119tach.<\/p>\n<p>Wysoki poziom dynamiki niezale\u017cnie od pokonywanego terenu, maksymalna przyczepno\u015b\u0107 na zakr\u0119tach, trwa\u0142o\u015b\u0107, odwracalno\u015b\u0107 bie\u017cnika o 360 stopni i odporno\u015b\u0107 \u2013 w\u0142a\u015bnie takie korzy\u015bci niesie za sob\u0105 u\u017cytkowanie <a href=\"https:\/\/shop.olekmotocykle.com\/produkty,2?search=mc360%20\"><strong>METZELER MC360\u2122<\/strong><\/a>.<\/p>\n<\/div>\n<div class=\"product-attributes-ui clear-after-ui product-attributes-lq\">\n<h2>Najwa\u017cniejsze cechy towaru<\/h2>\n<ul class=\"attributes-column-ui f-left-ui\">\n<li>\n<div class=\"name-ui\">Podatek VAT<\/div>\n<div class=\"value-ui\">23%<\/div>\n<\/li>\n<li>\n<div class=\"name-ui\">Waga<\/div>\n<div class=\"value-ui\">4,1kg<\/div>\n<\/li>\n<li>\n<div class=\"name-ui\">Model bie\u017cnika<\/div>\n<div class=\"value-ui\">MC360 MID SOFT<\/div>\n<\/li>\n<li>\n<div class=\"name-ui\">Szeroko\u015b\u0107<\/div>\n<div class=\"value-ui\">90<\/div>\n<\/li>\n<li>\n<div class=\"name-ui\">Profil<\/div>\n<div class=\"value-ui\">90<\/div>\n<\/li>\n<\/ul>\n<ul class=\"attributes-column-ui f-right-ui\">\n<li>\n<div class=\"name-ui\">Kod EAN<\/div>\n<div class=\"value-ui\">2900600\/22<\/div>\n<\/li>\n<li>\n<div class=\"name-ui \u015arednica\">\u015arednica<\/div>\n<div class=\"value-ui\">21<\/div>\n<\/li>\n<li>\n<div class=\"name-ui Wymiary opon\">Wymiary opon<\/div>\n<div class=\"value-ui\">90\/90-21<\/div>\n<\/li>\n<li>\n<div class=\"name-ui Rok produkcji\">Rok produkcji<\/div>\n<div class=\"value-ui\">2022<\/div>\n<\/li>\n<li>\n<div class=\"name-ui Indeks pr\u0119dko\u015bci\">Indeks pr\u0119dko\u015bci<\/div>\n<div class=\"value-ui\">M<\/div>\n<\/li>\n<li>\n<div class=\"name-ui Indeks no\u015bno\u015bci\">Indeks no\u015bno\u015bci<\/div>\n<div class=\"value-ui\">54<\/div>\n<\/li>\n<\/ul>\n<\/div>\n","protected":false},"excerpt":{"rendered":"<p>MC360 MID SOFT 90\/90-21<\/p>\n","protected":false},"featured_media":101,"template":"","meta":{"advanced_seo_description":"","jetpack_seo_html_title":"","jetpack_seo_noindex":false},"product_brand":[],"product_cat":[27],"product_tag":[],"class_list":{"0":"post-100","1":"product","2":"type-product","3":"status-publish","4":"has-post-thumbnail","6":"product_cat-opony","7":"product_shipping_class-duze","9":"first","10":"onbackorder","11":"sale","12":"taxable","13":"shipping-taxable","14":"purchasable","15":"product-type-simple"},"jetpack_sharing_enabled":true,"_links":{"self":[{"href":"https:\/\/hardshop.hard-adv.com\/index.php\/wp-json\/wp\/v2\/product\/100","targetHints":{"allow":["GET"]}}],"collection":[{"href":"https:\/\/hardshop.hard-adv.com\/index.php\/wp-json\/wp\/v2\/product"}],"about":[{"href":"https:\/\/hardshop.hard-adv.com\/index.php\/wp-json\/wp\/v2\/types\/product"}],"wp:featuredmedia":[{"embeddable":true,"href":"https:\/\/hardshop.hard-adv.com\/index.php\/wp-json\/wp\/v2\/media\/101"}],"wp:attachment":[{"href":"https:\/\/hardshop.hard-adv.com\/index.php\/wp-json\/wp\/v2\/media?parent=100"}],"wp:term":[{"taxonomy":"product_brand","embeddable":true,"href":"https:\/\/hardshop.hard-adv.com\/index.php\/wp-json\/wp\/v2\/product_brand?post=100"},{"taxonomy":"product_cat","embeddable":true,"href":"https:\/\/hardshop.hard-adv.com\/index.php\/wp-json\/wp\/v2\/product_cat?post=100"},{"taxonomy":"product_tag","embeddable":true,"href":"https:\/\/hardshop.hard-adv.com\/index.php\/wp-json\/wp\/v2\/product_tag?post=100"}],"curies":[{"name":"wp","href":"https:\/\/api.w.org\/{rel}","templated":true}]}}