{"id":115,"date":"2024-01-17T22:52:36","date_gmt":"2024-01-17T21:52:36","guid":{"rendered":"http:\/\/hardshop.hard-adv.com\/?post_type=product&#038;p=115"},"modified":"2024-01-22T01:42:28","modified_gmt":"2024-01-22T00:42:28","slug":"kit-boano-kyb-48mm-closed-cartridges-yamaha-t7","status":"publish","type":"product","link":"https:\/\/hardshop.hard-adv.com\/index.php\/produkt\/kit-boano-kyb-48mm-closed-cartridges-yamaha-t7\/","title":{"rendered":"Kit Boano KYB 48mm closed cartridges Yamaha T7"},"content":{"rendered":"<p><strong>Kit Boano KYB 48mm closed cartridges Yamaha T7<\/strong><\/p>\n<p>Po dw\u00f3ch i p\u00f3\u0142 roku rozwoju z amatorami, poszukiwaczami przyg\u00f3d i zawodowymi je\u017ad\u017acami jeszcze bardziej ulepszyli\u015bmy nasz zestaw widelc\u00f3w.<br \/>\nSprawdzone wymiary potr\u00f3jnych zacisk\u00f3w Boano CNC, kt\u00f3re maj\u0105 inny rozstaw osi i przesuni\u0119cie w stosunku do oryginalnego roweru, nie zmieniaj\u0105 si\u0119, motocykl pozostaje \u0142atwiejszy w pokonywaniu zakr\u0119t\u00f3w, odczuwa mniejszy ci\u0119\u017car ni\u017c g\u00f3rnie zamontowany silnik i nie trz\u0119sie ju\u017c kierownic\u0105 na wyboistych przej\u015bciach.<\/p>\n<p>Zwi\u0119kszono wyb\u00f3r spr\u0119\u017cyn z 5,6\/5,8\/6,0, aby zaspokoi\u0107 potrzeby wszystkich.<\/p>\n<p>Zwi\u0119kszyli\u015bmy skok widelca do 296 mm, przy tej samej wysoko\u015bci co motocykl, pozostawiaj\u0105c podw\u00f3jny hamulec tarczowy, utrzymuj\u0105c mocne i liniowe hamowanie<\/p>\n<p>&#8211; Widelec KYB 48, znajduj\u0105cy si\u0119 na g\u00f3rze widelc\u00f3w wy\u015bcigowych, ma NOW\u0104 konfiguracj\u0119 (zaktualizowan\u0105 w marcu 23 r.),<\/p>\n<p>NOWY wk\u0142ad ci\u015bnieniowy,<\/p>\n<p>NOWE napi\u0119cie wst\u0119pne spr\u0119\u017cyny,<\/p>\n<p>NOWE oficjalne n\u00f3\u017cki KYB CROSS<\/p>\n<p>NOWE wsporniki hamulca k\u0119sowego.<\/p>\n<p>-Przeprojektowane jarzmo i o\u015b ko\u0142a, aby wytrzyma\u0107 wi\u0119ksze obci\u0105\u017cenie terenowe.<\/p>\n<p>&#8211; Zestaw wspornik\u00f3w do wsuni\u0119cia ch\u0142odnicy.<\/p>\n<p>BRAK BAL\u00d3W PRZECHODZ\u0104CYCH PRZED CH\u0141ODNIC\u0104.<\/p>\n<p>&#8211; Przeprojektowano przewody hamulcowe, aby by\u0142y kompatybilne z nowymi widelcami<\/p>\n<p>&#8211; NOWY jednocz\u0119\u015bciowy b\u0142otnik z w\u0142\u00f3kna szklanego o wysokiej wytrzyma\u0142o\u015bci z NOWYM \u017cy\u0142kowaniem i wydechem b\u0142otnym z boku (dostarczany niemalowany)<\/p>\n<p>Zalecane w po\u0142\u0105czeniu z monoshockiem: Tractive Boano (kod TTBT7); Ohlins Boano Super Rally (kod 2350) lub prostszy Ohlins Rally (kod AG2010)<\/p>\n<p>Zestaw zawiera:<br \/>\n&#8211; Widelce KYB 48mm z zamkni\u0119tym wk\u0142adem (dost\u0119pne 3 r\u00f3\u017cne typy spr\u0119\u017cyn 5.6 \/ 5.8 \/ 6.0)<br \/>\n&#8211; Potr\u00f3jne zaciski Boano Race Parts ze wspornikami kierownicy zamontowanymi na sto\u017ckowych cichych blokach<br \/>\n&#8211; Wzmocniony sworze\u0144 ko\u0142a i rura sterowa<br \/>\n&#8211; Przeprojektowane mocowania zacisk\u00f3w, aby pasowa\u0142y do nowych goleni widelca<br \/>\n&#8211; Dedykowane przewody hamulcowe<br \/>\n&#8211; Wsporniki do chowania grzejnika<br \/>\n&#8211; Niski b\u0142otnik Boano Rally z w\u0142\u00f3kna szklanego<br \/>\n&#8211; Naklejki na widelec KYB Boano Race Parts<\/p>\n<p>Czas Przygotowania 21 Dni<\/p>\n<p>Po z\u0142o\u017ceniu zam\u00f3wienia skontaktuje si\u0119 i pomog\u0119 przygotowa\u0107 zawieszenie pod wasze potrzeby.<\/p>\n<div data-test='contact-form'\n\t\t\tid='contact-form-115'\n\t\t\tclass='wp-block-jetpack-contact-form-container '\n\t\t\tdata-wp-interactive='jetpack\/form' data-wp-context='{\"formId\":\"115\",\"formHash\":\"7ddf6810706ca9653bdb2f05b3ca480a71991cac\",\"showErrors\":false,\"errors\":[],\"fields\":[],\"isMultiStep\":false,\"useAjax\":true,\"submissionData\":null,\"formattedSubmissionData\":[],\"submissionSuccess\":false,\"submissionError\":null,\"elementId\":\"jp-form-7ddf6810706ca9653bdb2f05b3ca480a71991cac\",\"isSingleInputForm\":false}'\n\t\t\tdata-wp-watch--scroll-to-wrapper=\"callbacks.scrollToWrapper\"\n\t\t>\n<div class=\"contact-form-submission contact-form-ajax-submission\" data-wp-class--submission-success=\"context.submissionSuccess\"><p class=\"go-back-message\"><a class=\"link\" role=\"button\" tabindex=\"0\" data-wp-on--click=\"actions.goBack\" href=\"\/index.php\/wp-json\/wp\/v2\/product\/115\">Wr\u00f3\u0107<\/a><\/p><h4 id=\"contact-form-success-header\">Twoja wiadomo\u015b\u0107 zosta\u0142a wys\u0142ana<\/h4>\n\n<template data-wp-each--submission=\"context.formattedSubmissionData\">\n\t\t\t\t\t<div class=\"jetpack_forms_contact-form-success-summary\">\n\t\t\t\t\t\t<div class=\"field-name\" data-wp-text=\"context.submission.label\" data-wp-bind--hidden=\"!context.submission.label\"><\/div>\n\t\t\t\t\t\t<div class=\"field-value\" data-wp-text=\"context.submission.value\"><\/div>\n\t\t\t\t\t\t<div class=\"field-images\" data-wp-bind--hidden=\"!context.submission.images\">\n\t\t\t\t\t\t\t<template data-wp-each--image=\"context.submission.images\">\n\t\t\t\t\t\t\t\t<figure class=\"field-image\" data-wp-class--is-empty=\"!context.image\">\n\t\t\t\t\t\t\t\t\t<img data-wp-bind--src=\"context.image\" data-wp-bind--hidden=\"!context.image\" \/>\n\t\t\t\t\t\t\t\t\t<img decoding=\"async\" src=\"data:image\/gif;base64,R0lGODlhAQABAAD\/ACwAAAAAAQABAAACADs=\" data-wp-bind--hidden=\"context.image\" \/>\n\t\t\t\t\t\t\t\t<\/figure>\n\t\t\t\t\t\t\t<\/template>\n\t\t\t\t\t\t<\/div>\n\t\t\t\t\t<\/div>\n\t\t\t\t<\/template><\/div><form action='https:\/\/hardshop.hard-adv.com\/index.php\/produkt\/kit-boano-kyb-48mm-closed-cartridges-yamaha-t7\/'\n\t\t\t\tid='jp-form-7ddf6810706ca9653bdb2f05b3ca480a71991cac'\n\t\t\t\tmethod='post'\n\t\t\t\tclass='contact-form commentsblock' aria-label=\"Kit Boano KYB 48mm closed cartridges Yamaha T7\"\n\t\t\t\tdata-wp-on--submit=\"actions.onFormSubmit\"\n\t\t\t\tdata-wp-on--reset=\"actions.onFormReset\"\n\t\t\t\tdata-wp-class--submission-success=\"context.submissionSuccess\"\n\t\t\t\tdata-wp-class--is-first-step=\"state.isFirstStep\"\n\t\t\t\tdata-wp-class--is-last-step=\"state.isLastStep\"\n\t\t\t\tdata-wp-class--is-ajax-form=\"context.useAjax\"\n\t\t\t\tnovalidate >\n<input type='hidden' name='jetpack_contact_form_jwt' value='eyJ0eXAiOiJKV1QiLCJhbGciOiJIUzI1NiJ9.eyJlbmNyeXB0ZWRfYXR0cmlidXRlcyI6IlZ1TUY1YlBtQ0J3RVdJd0NBeDJKNytXTFBubVYwNzREdHM0c2hyeDZYa0FqVUhXMkZVNFVCTjVqU21DSG10b3RQeEZmWVEzNG04b3VWcFpxVjJ1UEZGU1F5WGkweTJTb2VVRmgrR2hSOWtTb2dqSEFZZlF2ZXFXTkU1Z1R5SEt2R0RINFl0OUVNT0dOWm1jZ3BnQUpvZUxsZ20zNGRXRjBmT0dGUXJrUjNXYU9XNnM0d2FrRnRxY2FaK2tKK3BvUnV1d1UrTHJGamVGQzJuUU1GUXk1TWlrMUdNVEptOWlLWU5aMUhQVXZWSTEwMmNpcitEaFgreWVpVlV4QUhHeldscnRvVFUva1NIUnRFR2lMaUJDK0I4Vk5qNFR4a3AxeW9VaXkvUVRpeC9veStWSW1SMEd3VWlhMVcyTkYxS0k1OS9oRzVWeHBmK0VJcHVQQXY1Zjk5Vmk4bGo5ZEo5MXJCQkY1aGJCcnJDM2wyQjAyUk9QRklyVDZCTGliL3JyQ1NHSWhteC84a2ovSFRsZVJ1U241bkc3NTN2RnErRDA4TGwzelVjdlA2Nm9PT0FMa1lTM25RdmNackVWYVRhcmVXT2J0Y0FUaEE0SEhhSEtKeXN0WW5HMWk0UDZ0VncxOXRTekRWY2FXQkxJWEpMaStlSHZZTllBL1B4dDdhRWZsSndsTFRiQkQyZnFDRXBBRGY3NFlqNUtSbEdhVVRBYzZ5aUhXbkdEOGtUeTNyZUhnMWNxazJHMWZQd0hFaSszUjdRbHlBMHZObWVYVG1uVnhIajRsajZkVGlpRkkwYytoMnJ5MnZjWFF6Qkp4emlwMU1lWVRSQ3NTM1NqOXRPQjFXZmYwaVh3QUpKenRGUjY5cUk3ZTlaeGIwN0taV2laNktMNVF4VFFwWS9TTzhPMWhpNVpLWlhLY2gwV1FJdjBrbG03SEl0d1U4aVMwUytMVTlQa2hyY2RNbmF6NnFyTFg1cVhKVVZxNUlQaWsyQXZlMUdpc0VWN2tsSU9oZEtXd2Vpcjd0RWRWWFc1QmlKMDIzZnEreGl1ZXdmQ0I4ajdaMGdzaU5iYVdHQUQzbklqUFFPekpqZ0VpQ3lvbFpGNDR5TVVJTDJTaXpKcFdIbnNZUkFCQURjVXNHT0I1V1NlZno0SzZ3enM0SXo5MEtIdGFpbDRVMmVYUnpxSkhiRnZkd0JCUHFqQnRlV1cySytYTXNUQVFkRk5QRUhSVHU3bnROaVQyTGF3UjZnR0NVTU10ZlErSUtlR1hxeWFKdmUxT3FzYUQzV1V3IiwiY29udGVudCI6Iltjb250YWN0LWZpZWxkIGxhYmVsPVwiSW1pXHUwMTE5IE5hendpc2tvXCIgdHlwZT1cIm5hbWVcIiByZXF1aXJlZD1cIjFcIl1bY29udGFjdC1maWVsZCBsYWJlbD1cIkVtYWlsXCIgdHlwZT1cImVtYWlsXCIgcmVxdWlyZWQ9XCIxXCJdW2NvbnRhY3QtZmllbGQgbGFiZWw9XCJUZWxlZm9uXCIgdHlwZT1cInRleHRcIiByZXF1aXJlZD1cIjFcIl1bY29udGFjdC1maWVsZCBsYWJlbD1cIldpYWRvbW9cdTAxNWJcdTAxMDcgXCIgdHlwZT1cInRleHRhcmVhXCJdIiwiaGFzaCI6IjdkZGY2ODEwNzA2Y2E5NjUzYmRiMmYwNWIzY2E0ODBhNzE5OTFjYWMiLCJzb3VyY2UiOnsiZW50cnlfdGl0bGUiOiJLaXQgQm9hbm8gS1lCIDQ4bW0gY2xvc2VkIGNhcnRyaWRnZXMgWWFtYWhhIFQ3IiwiZW50cnlfcGFnZSI6MSwic291cmNlX2lkIjoxMTUsInNvdXJjZV90eXBlIjoic2luZ2xlIiwicmVxdWVzdF91cmwiOiJodHRwczovL2hhcmRzaG9wLmhhcmQtYWR2LmNvbS93cC1qc29uL3dwL3YyL3Byb2R1Y3QvMTE1In0sInZlcnNpb24iOjIsImNpcGhlciI6ImFlcy0yNTYtZ2NtIn0.0jyKblA0nBxqYf8QSxteQk3WXjEMEnka4Q03OoZ0xVc' \/>\n\n<div style=\"\"  data-wp-interactive=\"jetpack\/form\" data-wp-context='{\"fieldId\":\"g115-iminazwisko\",\"fieldType\":\"name\",\"fieldLabel\":\"Imi\\u0119 Nazwisko\",\"fieldValue\":\"\",\"fieldPlaceholder\":\"\",\"fieldIsRequired\":\"1\",\"fieldErrorMessage\":\"\",\"fieldExtra\":[],\"formHash\":\"7ddf6810706ca9653bdb2f05b3ca480a71991cac\"}'  class='grunion-field-name-wrap grunion-field-wrap'  data-wp-init='callbacks.initializeField' data-wp-on--jetpack-form-reset='callbacks.initializeField' >\n<label\n\t\t\t\tfor='g115-iminazwisko' class=\"grunion-field-label name\" >Imi\u0119 Nazwisko<span class=\"grunion-label-required\" aria-hidden=\"true\">(wymagane)<\/span><\/label>\n<input\n\t\t\t\t\ttype='text'\n\t\t\t\t\tname='g115-iminazwisko'\n\t\t\t\t\tid='g115-iminazwisko'\n\t\t\t\t\tvalue=''\n\n\t\t\t\t\tdata-wp-bind--aria-invalid='state.fieldHasErrors'\n\t\t\t\t\tdata-wp-bind--value='state.getFieldValue'\n\t\t\t\t\taria-errormessage='g115-iminazwisko-text-error-message'\n\t\t\t\t\tdata-wp-on--input='actions.onFieldChange'\n\t\t\t\t\tdata-wp-on--blur='actions.onFieldBlur'\n\t\t\t\t\tdata-wp-class--has-value='state.hasFieldValue'\n\n\t\t\t\t\tclass='name  grunion-field' \n\t\t\t\t\trequired='true' aria-required='true'  \/>\n \n\t\t\t<div id=\"g115-iminazwisko-text-error\" class=\"contact-form__input-error\" data-wp-class--has-errors=\"state.fieldHasErrors\">\n\t\t\t\t<span class=\"contact-form__warning-icon\">\n\t\t\t\t\t<svg width=\"16\" height=\"16\" viewBox=\"0 0 16 16\" fill=\"none\" xmlns=\"http:\/\/www.w3.org\/2000\/svg\">\n\t\t\t\t\t\t<path d=\"M8.50015 11.6402H7.50015V10.6402H8.50015V11.6402Z\" \/>\n\t\t\t\t\t\t<path d=\"M7.50015 9.64018H8.50015V6.30684H7.50015V9.64018Z\" \/>\n\t\t\t\t\t\t<path fill-rule=\"evenodd\" clip-rule=\"evenodd\" d=\"M6.98331 3.0947C7.42933 2.30177 8.57096 2.30177 9.01698 3.09469L13.8771 11.7349C14.3145 12.5126 13.7525 13.4735 12.8602 13.4735H3.14004C2.24774 13.4735 1.68575 12.5126 2.12321 11.7349L6.98331 3.0947ZM8.14541 3.58496C8.08169 3.47168 7.9186 3.47168 7.85488 3.58496L2.99478 12.2251C2.93229 12.3362 3.01257 12.4735 3.14004 12.4735H12.8602C12.9877 12.4735 13.068 12.3362 13.0055 12.2251L8.14541 3.58496Z\" \/>\n\t\t\t\t\t<\/svg>\n\t\t\t\t\t<span class=\"visually-hidden\">Ostrze\u017cenie<\/span>\n\t\t\t\t<\/span>\n\t\t\t\t<span data-wp-text=\"state.errorMessage\" id=\"g115-iminazwisko-text-error-message\" role=\"alert\" aria-live=\"assertive\"><\/span>\n\t\t\t<\/div> \n\t<\/div>\n\n<div style=\"\"  data-wp-interactive=\"jetpack\/form\" data-wp-context='{\"fieldId\":\"g115-email\",\"fieldType\":\"email\",\"fieldLabel\":\"Email\",\"fieldValue\":\"\",\"fieldPlaceholder\":\"\",\"fieldIsRequired\":\"1\",\"fieldErrorMessage\":\"\",\"fieldExtra\":[],\"formHash\":\"7ddf6810706ca9653bdb2f05b3ca480a71991cac\"}'  class='grunion-field-email-wrap grunion-field-wrap'  data-wp-init='callbacks.initializeField' data-wp-on--jetpack-form-reset='callbacks.initializeField' >\n<label\n\t\t\t\tfor='g115-email' class=\"grunion-field-label email\" >Email<span class=\"grunion-label-required\" aria-hidden=\"true\">(wymagane)<\/span><\/label>\n<input\n\t\t\t\t\ttype='email'\n\t\t\t\t\tname='g115-email'\n\t\t\t\t\tid='g115-email'\n\t\t\t\t\tvalue=''\n\n\t\t\t\t\tdata-wp-bind--aria-invalid='state.fieldHasErrors'\n\t\t\t\t\tdata-wp-bind--value='state.getFieldValue'\n\t\t\t\t\taria-errormessage='g115-email-email-error-message'\n\t\t\t\t\tdata-wp-on--input='actions.onFieldChange'\n\t\t\t\t\tdata-wp-on--blur='actions.onFieldBlur'\n\t\t\t\t\tdata-wp-class--has-value='state.hasFieldValue'\n\n\t\t\t\t\tclass='email  grunion-field' \n\t\t\t\t\trequired='true' aria-required='true'  \/>\n \n\t\t\t<div id=\"g115-email-email-error\" class=\"contact-form__input-error\" data-wp-class--has-errors=\"state.fieldHasErrors\">\n\t\t\t\t<span class=\"contact-form__warning-icon\">\n\t\t\t\t\t<svg width=\"16\" height=\"16\" viewBox=\"0 0 16 16\" fill=\"none\" xmlns=\"http:\/\/www.w3.org\/2000\/svg\">\n\t\t\t\t\t\t<path d=\"M8.50015 11.6402H7.50015V10.6402H8.50015V11.6402Z\" \/>\n\t\t\t\t\t\t<path d=\"M7.50015 9.64018H8.50015V6.30684H7.50015V9.64018Z\" \/>\n\t\t\t\t\t\t<path fill-rule=\"evenodd\" clip-rule=\"evenodd\" d=\"M6.98331 3.0947C7.42933 2.30177 8.57096 2.30177 9.01698 3.09469L13.8771 11.7349C14.3145 12.5126 13.7525 13.4735 12.8602 13.4735H3.14004C2.24774 13.4735 1.68575 12.5126 2.12321 11.7349L6.98331 3.0947ZM8.14541 3.58496C8.08169 3.47168 7.9186 3.47168 7.85488 3.58496L2.99478 12.2251C2.93229 12.3362 3.01257 12.4735 3.14004 12.4735H12.8602C12.9877 12.4735 13.068 12.3362 13.0055 12.2251L8.14541 3.58496Z\" \/>\n\t\t\t\t\t<\/svg>\n\t\t\t\t\t<span class=\"visually-hidden\">Ostrze\u017cenie<\/span>\n\t\t\t\t<\/span>\n\t\t\t\t<span data-wp-text=\"state.errorMessage\" id=\"g115-email-email-error-message\" role=\"alert\" aria-live=\"assertive\"><\/span>\n\t\t\t<\/div> \n\t<\/div>\n\n<div style=\"\"  data-wp-interactive=\"jetpack\/form\" data-wp-context='{\"fieldId\":\"g115-telefon\",\"fieldType\":\"text\",\"fieldLabel\":\"Telefon\",\"fieldValue\":\"\",\"fieldPlaceholder\":\"\",\"fieldIsRequired\":\"1\",\"fieldErrorMessage\":\"\",\"fieldExtra\":[],\"formHash\":\"7ddf6810706ca9653bdb2f05b3ca480a71991cac\"}'  class='grunion-field-text-wrap grunion-field-wrap'  data-wp-init='callbacks.initializeField' data-wp-on--jetpack-form-reset='callbacks.initializeField' >\n<label\n\t\t\t\tfor='g115-telefon' class=\"grunion-field-label text\" >Telefon<span class=\"grunion-label-required\" aria-hidden=\"true\">(wymagane)<\/span><\/label>\n<input\n\t\t\t\t\ttype='text'\n\t\t\t\t\tname='g115-telefon'\n\t\t\t\t\tid='g115-telefon'\n\t\t\t\t\tvalue=''\n\n\t\t\t\t\tdata-wp-bind--aria-invalid='state.fieldHasErrors'\n\t\t\t\t\tdata-wp-bind--value='state.getFieldValue'\n\t\t\t\t\taria-errormessage='g115-telefon-text-error-message'\n\t\t\t\t\tdata-wp-on--input='actions.onFieldChange'\n\t\t\t\t\tdata-wp-on--blur='actions.onFieldBlur'\n\t\t\t\t\tdata-wp-class--has-value='state.hasFieldValue'\n\n\t\t\t\t\tclass='text  grunion-field' \n\t\t\t\t\trequired='true' aria-required='true'  \/>\n \n\t\t\t<div id=\"g115-telefon-text-error\" class=\"contact-form__input-error\" data-wp-class--has-errors=\"state.fieldHasErrors\">\n\t\t\t\t<span class=\"contact-form__warning-icon\">\n\t\t\t\t\t<svg width=\"16\" height=\"16\" viewBox=\"0 0 16 16\" fill=\"none\" xmlns=\"http:\/\/www.w3.org\/2000\/svg\">\n\t\t\t\t\t\t<path d=\"M8.50015 11.6402H7.50015V10.6402H8.50015V11.6402Z\" \/>\n\t\t\t\t\t\t<path d=\"M7.50015 9.64018H8.50015V6.30684H7.50015V9.64018Z\" \/>\n\t\t\t\t\t\t<path fill-rule=\"evenodd\" clip-rule=\"evenodd\" d=\"M6.98331 3.0947C7.42933 2.30177 8.57096 2.30177 9.01698 3.09469L13.8771 11.7349C14.3145 12.5126 13.7525 13.4735 12.8602 13.4735H3.14004C2.24774 13.4735 1.68575 12.5126 2.12321 11.7349L6.98331 3.0947ZM8.14541 3.58496C8.08169 3.47168 7.9186 3.47168 7.85488 3.58496L2.99478 12.2251C2.93229 12.3362 3.01257 12.4735 3.14004 12.4735H12.8602C12.9877 12.4735 13.068 12.3362 13.0055 12.2251L8.14541 3.58496Z\" \/>\n\t\t\t\t\t<\/svg>\n\t\t\t\t\t<span class=\"visually-hidden\">Ostrze\u017cenie<\/span>\n\t\t\t\t<\/span>\n\t\t\t\t<span data-wp-text=\"state.errorMessage\" id=\"g115-telefon-text-error-message\" role=\"alert\" aria-live=\"assertive\"><\/span>\n\t\t\t<\/div> \n\t<\/div>\n\n<div style=\"\"  data-wp-interactive=\"jetpack\/form\" data-wp-context='{\"fieldId\":\"g115-wiadomo\",\"fieldType\":\"textarea\",\"fieldLabel\":\"Wiadomo\\u015b\\u0107 \",\"fieldValue\":\"\",\"fieldPlaceholder\":\"\",\"fieldIsRequired\":\"\",\"fieldErrorMessage\":\"\",\"fieldExtra\":[],\"formHash\":\"7ddf6810706ca9653bdb2f05b3ca480a71991cac\"}'  class='grunion-field-textarea-wrap grunion-field-wrap'  data-wp-init='callbacks.initializeField' data-wp-on--jetpack-form-reset='callbacks.initializeField' >\n<label\n\t\t\t\tfor='contact-form-comment-g115-wiadomo' class=\"grunion-field-label textarea\" >Wiadomo\u015b\u0107 <\/label>\n<textarea\n\t\t                style=''\n\t\t                name='g115-wiadomo'\n\t\t                id='contact-form-comment-g115-wiadomo'\n\t\t                rows='20'\n\t\t\t\t\t\tdata-wp-text='state.getFieldValue'\n\t\t\t\t\t\tdata-wp-on--input='actions.onFieldChange'\n\t\t\t\t\t\tdata-wp-on--blur='actions.onFieldBlur'\n\t\t\t\t\t\tdata-wp-class--has-value='state.hasFieldValue'\n\t\t\t\t\t\tdata-wp-bind--aria-invalid='state.fieldHasErrors'\n\t\t\t\t\t\taria-errormessage='g115-wiadomo-textarea-error-message'\n\t\t\t\t\t\tclass='textarea  grunion-field'  ><\/textarea>\n \n\t\t\t<div id=\"g115-wiadomo-textarea-error\" class=\"contact-form__input-error\" data-wp-class--has-errors=\"state.fieldHasErrors\">\n\t\t\t\t<span class=\"contact-form__warning-icon\">\n\t\t\t\t\t<svg width=\"16\" height=\"16\" viewBox=\"0 0 16 16\" fill=\"none\" xmlns=\"http:\/\/www.w3.org\/2000\/svg\">\n\t\t\t\t\t\t<path d=\"M8.50015 11.6402H7.50015V10.6402H8.50015V11.6402Z\" \/>\n\t\t\t\t\t\t<path d=\"M7.50015 9.64018H8.50015V6.30684H7.50015V9.64018Z\" \/>\n\t\t\t\t\t\t<path fill-rule=\"evenodd\" clip-rule=\"evenodd\" d=\"M6.98331 3.0947C7.42933 2.30177 8.57096 2.30177 9.01698 3.09469L13.8771 11.7349C14.3145 12.5126 13.7525 13.4735 12.8602 13.4735H3.14004C2.24774 13.4735 1.68575 12.5126 2.12321 11.7349L6.98331 3.0947ZM8.14541 3.58496C8.08169 3.47168 7.9186 3.47168 7.85488 3.58496L2.99478 12.2251C2.93229 12.3362 3.01257 12.4735 3.14004 12.4735H12.8602C12.9877 12.4735 13.068 12.3362 13.0055 12.2251L8.14541 3.58496Z\" \/>\n\t\t\t\t\t<\/svg>\n\t\t\t\t\t<span class=\"visually-hidden\">Ostrze\u017cenie<\/span>\n\t\t\t\t<\/span>\n\t\t\t\t<span data-wp-text=\"state.errorMessage\" id=\"g115-wiadomo-textarea-error-message\" role=\"alert\" aria-live=\"assertive\"><\/span>\n\t\t\t<\/div>\n\t<\/div>\n\t<p class='contact-submit'>\n<div class=\"contact-form__error\" data-wp-class--show-errors=\"state.showFormErrors\"><span class=\"contact-form__warning-icon\"><span class=\"visually-hidden\">Ostrze\u017cenie.<\/span><i aria-hidden=\"true\"><\/i><\/span>\n\t\t\t\t<span data-wp-text=\"state.getFormErrorMessage\"><\/span>\n\t\t\t\t<ul>\n\t\t\t\t<template data-wp-each=\"state.getErrorList\" data-wp-key=\"context.item.id\">\n\t\t\t\t\t<li><a data-wp-bind--href=\"context.item.anchor\" data-wp-on--click=\"actions.scrollIntoView\" data-wp-text=\"context.item.label\"><\/a><\/li>\n\t\t\t\t<\/template>\n\t\t\t\t<\/ul><\/div><div class=\"contact-form__error\" data-wp-class--show-errors=\"state.showSubmissionError\" data-wp-text=\"context.submissionError\"><\/div>\t\t<button type='submit' class='pushbutton-wide'>Wy\u015blij<\/button>\t\t<input type='hidden' name='contact-form-id' value='115' \/>\n\t\t<input type='hidden' name='action' value='grunion-contact-form' \/>\n\t\t<input type='hidden' name='contact-form-hash' value='7ddf6810706ca9653bdb2f05b3ca480a71991cac' \/>\n\t<\/p>\n<\/form>\n<\/div>\n","protected":false},"excerpt":{"rendered":"<p>Zestaw zawiera:<br \/>\n&#8211; Widelce KYB 48mm z zamkni\u0119tym wk\u0142adem (dost\u0119pne 3 r\u00f3\u017cne typy spr\u0119\u017cyn 5.6 \/ 5.8 \/ 6.0)<\/p>\n<p><strong>Dost\u0119pne na zam\u00f3wienie, 25 dni na przygotowanie.<\/strong><\/p>\n","protected":false},"featured_media":116,"template":"","meta":{"advanced_seo_description":"","jetpack_seo_html_title":"","jetpack_seo_noindex":false},"product_brand":[],"product_cat":[37,34,35],"product_tag":[],"class_list":{"0":"post-115","1":"product","2":"type-product","3":"status-publish","4":"has-post-thumbnail","6":"product_cat-tenere-700","7":"product_cat-boano-race-parts","8":"product_cat-zawieszenie-przednie","10":"first","11":"onbackorder","12":"sale","13":"taxable","14":"shipping-taxable","15":"purchasable","16":"product-type-simple"},"jetpack_sharing_enabled":true,"_links":{"self":[{"href":"https:\/\/hardshop.hard-adv.com\/index.php\/wp-json\/wp\/v2\/product\/115","targetHints":{"allow":["GET"]}}],"collection":[{"href":"https:\/\/hardshop.hard-adv.com\/index.php\/wp-json\/wp\/v2\/product"}],"about":[{"href":"https:\/\/hardshop.hard-adv.com\/index.php\/wp-json\/wp\/v2\/types\/product"}],"wp:featuredmedia":[{"embeddable":true,"href":"https:\/\/hardshop.hard-adv.com\/index.php\/wp-json\/wp\/v2\/media\/116"}],"wp:attachment":[{"href":"https:\/\/hardshop.hard-adv.com\/index.php\/wp-json\/wp\/v2\/media?parent=115"}],"wp:term":[{"taxonomy":"product_brand","embeddable":true,"href":"https:\/\/hardshop.hard-adv.com\/index.php\/wp-json\/wp\/v2\/product_brand?post=115"},{"taxonomy":"product_cat","embeddable":true,"href":"https:\/\/hardshop.hard-adv.com\/index.php\/wp-json\/wp\/v2\/product_cat?post=115"},{"taxonomy":"product_tag","embeddable":true,"href":"https:\/\/hardshop.hard-adv.com\/index.php\/wp-json\/wp\/v2\/product_tag?post=115"}],"curies":[{"name":"wp","href":"https:\/\/api.w.org\/{rel}","templated":true}]}}