{"id":130,"date":"2024-01-17T23:17:47","date_gmt":"2024-01-17T22:17:47","guid":{"rendered":"http:\/\/hardshop.hard-adv.com\/?post_type=product&#038;p=130"},"modified":"2024-01-22T01:47:02","modified_gmt":"2024-01-22T00:47:02","slug":"ohlins-boano-super-rally-shock-absorber-yamaha-t7","status":"publish","type":"product","link":"https:\/\/hardshop.hard-adv.com\/index.php\/produkt\/ohlins-boano-super-rally-shock-absorber-yamaha-t7\/","title":{"rendered":"Ohlins Boano Super Rally shock absorber Yamaha T7"},"content":{"rendered":"<p><strong>Ohlins Boano Super Rally shock absorber Yamaha T7<\/strong><\/p>\n<p>Ci\u0105g\u0142y rozw\u00f3j Tener\u00e8 700 i WR doprowadzi\u0142 nas do stworzenia nowego amortyzatora Ohlins o nazwie BOANO SUPER RALLY.<\/p>\n<p>Interweniowali\u015bmy, modyfikuj\u0105c rajd Ohlins (kod. AG2010), poniewa\u017c nadwozie ma wi\u0119kszy skok ni\u017c inne. (W wersji T7 amortyzator tylny jest o 4mm d\u0142u\u017cszy, co odpowiada 12mm na siode\u0142ku; w wersji WR jest o 3mm ni\u017cszy w por\u00f3wnaniu do orygina\u0142u, jest o 9mm mniejszy na siode\u0142ku)<\/p>\n<p><strong>G\u0142\u00f3wne r\u00f3\u017cnice to:<\/strong><br \/>\n&#8211; Mostek wywodz\u0105cy si\u0119 z motocrossu, dzi\u0119ki czemu jest znacznie mocniejszy i trwalszy.<\/p>\n<p>&#8211; Wy\u017cszy wewn\u0119trzny t\u0142ok z opask\u0105 teflonow\u0105 dla lepszej wydajno\u015bci na gor\u0105co i wi\u0119kszej kontroli zar\u00f3wno przy kompresji, jak i odbiciu.<\/p>\n<p>&#8211; Poprawiona kalibracja kompresji (bardziej czu\u0142a przy niskich pr\u0119dko\u015bciach i trudniejsza przy du\u017cych pr\u0119dko\u015bciach) oraz odbicia, zwi\u0119kszaj\u0105c czu\u0142o\u015b\u0107 zar\u00f3wno podczas przyspieszania, jak i hamowania<\/p>\n<p>&#8211; Nowy regulator zaworu wywodz\u0105cy si\u0119 z motocrossu, trwalszy i bardziej precyzyjny<\/p>\n<p>&#8211; Wst\u0119pne napi\u0119cie spr\u0119\u017cyny wy\u015bcigowej bez zewn\u0119trznej rury w celu u\u0142atwienia regulacji i uproszczenia monta\u017cu.<\/p>\n<p>&#8211; Dedykowany niski widelec wywodz\u0105cy si\u0119 z motocrossu z najnowsz\u0105 generacj\u0105 regulacji powrotu Allen dla absolutnej precyzji.<\/p>\n<p>Monozespo\u0142y Ohlins Boano Super Rally, opr\u00f3cz tego, \u017ce przesz\u0142y ci\u0105g\u0142\u0105 ewolucj\u0119 Boano, zar\u00f3wno pod wzgl\u0119dem kalibracji, jak i komponent\u00f3w, s\u0105 obecnie najbardziej rozwini\u0119te, a tak\u017ce najbardziej trwa\u0142e. By\u0142y testowane przez ponad rok z amatorami, poszukiwaczami przyg\u00f3d na \u015bwiatowych trasach i przez kilku profesjonalnych zawodnik\u00f3w, kt\u00f3rzy u\u017cywali tych rower\u00f3w w najr\u00f3\u017cniejszych zawodach.<\/p>\n<p>\u201ePrzy wprowadzeniu na rynek tego produktu, z czego jestem bardzo dumny, do\u015bwiadczy\u0142em rozwoju na wszystkich etapach jako kierowca, jako technik, jako entuzjasta T7 \/ WR,<\/p>\n<p>w prezencie wzmocniony zestaw korbowod\u00f3w Boano, element umo\u017cliwiaj\u0105cy dowolny wysi\u0142ek bez zginania si\u0119.<br \/>\nIwan\u201d<\/p>\n<div data-test='contact-form'\n\t\t\tid='contact-form-130'\n\t\t\tclass='wp-block-jetpack-contact-form-container '\n\t\t\tdata-wp-interactive='jetpack\/form' data-wp-context='{\"formId\":\"130\",\"formHash\":\"43798372304790ba4c4905aa1d17bca7c2e319f4\",\"showErrors\":false,\"errors\":[],\"fields\":[],\"isMultiStep\":false,\"useAjax\":true,\"submissionData\":null,\"formattedSubmissionData\":[],\"submissionSuccess\":false,\"submissionError\":null,\"elementId\":\"jp-form-43798372304790ba4c4905aa1d17bca7c2e319f4\",\"isSingleInputForm\":false}'\n\t\t\tdata-wp-watch--scroll-to-wrapper=\"callbacks.scrollToWrapper\"\n\t\t>\n<div class=\"contact-form-submission contact-form-ajax-submission\" data-wp-class--submission-success=\"context.submissionSuccess\"><p class=\"go-back-message\"><a class=\"link\" role=\"button\" tabindex=\"0\" data-wp-on--click=\"actions.goBack\" href=\"\/index.php\/wp-json\/wp\/v2\/product\/130\">Wr\u00f3\u0107<\/a><\/p><h4 id=\"contact-form-success-header\">Twoja wiadomo\u015b\u0107 zosta\u0142a wys\u0142ana<\/h4>\n\n<template data-wp-each--submission=\"context.formattedSubmissionData\">\n\t\t\t\t\t<div class=\"jetpack_forms_contact-form-success-summary\">\n\t\t\t\t\t\t<div class=\"field-name\" data-wp-text=\"context.submission.label\" data-wp-bind--hidden=\"!context.submission.label\"><\/div>\n\t\t\t\t\t\t<div class=\"field-value\" data-wp-text=\"context.submission.value\"><\/div>\n\t\t\t\t\t\t<div class=\"field-images\" data-wp-bind--hidden=\"!context.submission.images\">\n\t\t\t\t\t\t\t<template data-wp-each--image=\"context.submission.images\">\n\t\t\t\t\t\t\t\t<figure class=\"field-image\" data-wp-class--is-empty=\"!context.image\">\n\t\t\t\t\t\t\t\t\t<img data-wp-bind--src=\"context.image\" data-wp-bind--hidden=\"!context.image\" \/>\n\t\t\t\t\t\t\t\t\t<img decoding=\"async\" src=\"data:image\/gif;base64,R0lGODlhAQABAAD\/ACwAAAAAAQABAAACADs=\" data-wp-bind--hidden=\"context.image\" \/>\n\t\t\t\t\t\t\t\t<\/figure>\n\t\t\t\t\t\t\t<\/template>\n\t\t\t\t\t\t<\/div>\n\t\t\t\t\t<\/div>\n\t\t\t\t<\/template><\/div><form action='https:\/\/hardshop.hard-adv.com\/index.php\/produkt\/ohlins-boano-super-rally-shock-absorber-yamaha-t7\/'\n\t\t\t\tid='jp-form-43798372304790ba4c4905aa1d17bca7c2e319f4'\n\t\t\t\tmethod='post'\n\t\t\t\tclass='contact-form commentsblock' aria-label=\"Ohlins Boano Super Rally shock absorber Yamaha T7\"\n\t\t\t\tdata-wp-on--submit=\"actions.onFormSubmit\"\n\t\t\t\tdata-wp-on--reset=\"actions.onFormReset\"\n\t\t\t\tdata-wp-class--submission-success=\"context.submissionSuccess\"\n\t\t\t\tdata-wp-class--is-first-step=\"state.isFirstStep\"\n\t\t\t\tdata-wp-class--is-last-step=\"state.isLastStep\"\n\t\t\t\tdata-wp-class--is-ajax-form=\"context.useAjax\"\n\t\t\t\tnovalidate >\n<input type='hidden' name='jetpack_contact_form_jwt' value='eyJ0eXAiOiJKV1QiLCJhbGciOiJIUzI1NiJ9.eyJlbmNyeXB0ZWRfYXR0cmlidXRlcyI6IjAya2xDY0dWMXlMYXBPVk45a0lubGRGNk5PdWx1akU3QzhER3BjMytxKzkva0ZOcFRvckpzdEdYVHhwZGVrWEpCNjViRWptdmJ6WkttQk90S2lNWXgzcW1vT1JkTXVZSHVwU25Eb3U5VWlvZWtuVllsYUQzcXdvd2pTWUxnZk15YytIbVVyaGFrNmMyYmpEdktGaisxUzJjNFcrSy8vcHhsVDd1ZithSGlxamZNU3d2UzJwVlFoSWFEWU9BVnhTakRpTUFRTzl4YW1sdi93ODNDWG43TFhmdERKUjh1TDZLT0VONmhUZERrZisvVGV6M1N2cjZ0aFRqMUFFcTFXeG5GdnM0OVNKQnowN2F0YkRWSXZpamgvK3R0ak45Vnp3U3JUOWxYMWJXdUlPK3Z4NlBEdFpuZXo4WW9OcGtGYXlJRDRVSUM1QzlYYkNaRjVYYmVlTm9jbkl6ODJGUHZWNHcvWVlnenU2NlBIUkhVdFRZTmNSTWRSSitTZFgzTHpQM20vRmlMbzA4VG5uNVFML3pYb1I4c0NzZXhNUGRzdXg2WXB6SW9CSE1tcFBoYTdXSjNxOUdnUnNXVkFpU0lEVHJURWFPUWtlWlRheWtndUNsVFN6bDZuQ2UzbzlnLzQrSGxOZGpOWUpuZG14ejExbnN1RTlTTm1GOHhmbjZqUldjMENEWHdBZDc0T2hWSFR0ckdiWUhmVUhBQmNhY1BENm4yMVpvYy8wSW9UYU8wazRkOHphUU83R3k0WnlGZGpvZ1p4VnNyOE5SQ0Y1c0gvME1LUkcrWWpqUzRhUnk4d0R4MXhvWjAyRHNDbjNoV2ROV2laTDJDcGZBL0VFMVloUTZhajQyZ0RrdUNLWEo5UWRwTnRSYTdVR0w3SEw2bkRMd1NGZUFvTHlPcjJPN1dvMHo0L0JxeEsvQVc2WE9UM2xBNllYTjh2bnhsVWZyWE9RdGFKVk5ucXpGbW9KQ1lZTGYrNFd0VzlRd2o2NUpWeXpDcWp2Q3NyeFpHZGdvSG04ZUJLVGxSZW9PeE5BVGo3RXRvamJTVXVNZ0JaZVJ3NXhWeUE5RlJLRTUweUxEcEtZNEhOd1pVR1VLaDV2Vm1xbVdMcmlOTTh1SVJJckgvRUVLTEZSZTdGZ2p5UEsvQ1hMdUt2ZEhyVlRBNGwwVGtITysvL3JZRVplUWUrNEpFWXhBMU5qRFBmVG5YR0FRVGx2dFo5bHRCc3FaeW9hUzFGVVM5VFdQbkc4cEYzYWFRVHAwM29meDJCejNQN2JTNFRza0R1TThvWi82cmpsUyIsImNvbnRlbnQiOiJbY29udGFjdC1maWVsZCBsYWJlbD1cIkltaVx1MDExOSBOYXp3aXNrb1wiIHR5cGU9XCJuYW1lXCIgcmVxdWlyZWQ9XCIxXCJdW2NvbnRhY3QtZmllbGQgbGFiZWw9XCJFbWFpbFwiIHR5cGU9XCJlbWFpbFwiIHJlcXVpcmVkPVwiMVwiXVtjb250YWN0LWZpZWxkIGxhYmVsPVwiVGVsZWZvblwiIHR5cGU9XCJ0ZXh0XCIgcmVxdWlyZWQ9XCIxXCJdW2NvbnRhY3QtZmllbGQgbGFiZWw9XCJNZXNzYWdlXCIgdHlwZT1cInRleHRhcmVhXCJdIiwiaGFzaCI6IjQzNzk4MzcyMzA0NzkwYmE0YzQ5MDVhYTFkMTdiY2E3YzJlMzE5ZjQiLCJzb3VyY2UiOnsiZW50cnlfdGl0bGUiOiJPaGxpbnMgQm9hbm8gU3VwZXIgUmFsbHkgc2hvY2sgYWJzb3JiZXIgWWFtYWhhIFQ3IiwiZW50cnlfcGFnZSI6MSwic291cmNlX2lkIjoxMzAsInNvdXJjZV90eXBlIjoic2luZ2xlIiwicmVxdWVzdF91cmwiOiJodHRwczovL2hhcmRzaG9wLmhhcmQtYWR2LmNvbS93cC1qc29uL3dwL3YyL3Byb2R1Y3QvMTMwIn0sInZlcnNpb24iOjIsImNpcGhlciI6ImFlcy0yNTYtZ2NtIn0.0kfZOpLfozdk74MuvYQy6u7U8k8RY0d-jBPjMs5JDJU' \/>\n\n<div style=\"\"  data-wp-interactive=\"jetpack\/form\" data-wp-context='{\"fieldId\":\"g130-iminazwisko\",\"fieldType\":\"name\",\"fieldLabel\":\"Imi\\u0119 Nazwisko\",\"fieldValue\":\"\",\"fieldPlaceholder\":\"\",\"fieldIsRequired\":\"1\",\"fieldErrorMessage\":\"\",\"fieldExtra\":[],\"formHash\":\"43798372304790ba4c4905aa1d17bca7c2e319f4\"}'  class='grunion-field-name-wrap grunion-field-wrap'  data-wp-init='callbacks.initializeField' data-wp-on--jetpack-form-reset='callbacks.initializeField' >\n<label\n\t\t\t\tfor='g130-iminazwisko' class=\"grunion-field-label name\" >Imi\u0119 Nazwisko<span class=\"grunion-label-required\" aria-hidden=\"true\">(wymagane)<\/span><\/label>\n<input\n\t\t\t\t\ttype='text'\n\t\t\t\t\tname='g130-iminazwisko'\n\t\t\t\t\tid='g130-iminazwisko'\n\t\t\t\t\tvalue=''\n\n\t\t\t\t\tdata-wp-bind--aria-invalid='state.fieldHasErrors'\n\t\t\t\t\tdata-wp-bind--value='state.getFieldValue'\n\t\t\t\t\taria-errormessage='g130-iminazwisko-text-error-message'\n\t\t\t\t\tdata-wp-on--input='actions.onFieldChange'\n\t\t\t\t\tdata-wp-on--blur='actions.onFieldBlur'\n\t\t\t\t\tdata-wp-class--has-value='state.hasFieldValue'\n\n\t\t\t\t\tclass='name  grunion-field' \n\t\t\t\t\trequired='true' aria-required='true'  \/>\n \n\t\t\t<div id=\"g130-iminazwisko-text-error\" class=\"contact-form__input-error\" data-wp-class--has-errors=\"state.fieldHasErrors\">\n\t\t\t\t<span class=\"contact-form__warning-icon\">\n\t\t\t\t\t<svg width=\"16\" height=\"16\" viewBox=\"0 0 16 16\" fill=\"none\" xmlns=\"http:\/\/www.w3.org\/2000\/svg\">\n\t\t\t\t\t\t<path d=\"M8.50015 11.6402H7.50015V10.6402H8.50015V11.6402Z\" \/>\n\t\t\t\t\t\t<path d=\"M7.50015 9.64018H8.50015V6.30684H7.50015V9.64018Z\" \/>\n\t\t\t\t\t\t<path fill-rule=\"evenodd\" clip-rule=\"evenodd\" d=\"M6.98331 3.0947C7.42933 2.30177 8.57096 2.30177 9.01698 3.09469L13.8771 11.7349C14.3145 12.5126 13.7525 13.4735 12.8602 13.4735H3.14004C2.24774 13.4735 1.68575 12.5126 2.12321 11.7349L6.98331 3.0947ZM8.14541 3.58496C8.08169 3.47168 7.9186 3.47168 7.85488 3.58496L2.99478 12.2251C2.93229 12.3362 3.01257 12.4735 3.14004 12.4735H12.8602C12.9877 12.4735 13.068 12.3362 13.0055 12.2251L8.14541 3.58496Z\" \/>\n\t\t\t\t\t<\/svg>\n\t\t\t\t\t<span class=\"visually-hidden\">Ostrze\u017cenie<\/span>\n\t\t\t\t<\/span>\n\t\t\t\t<span data-wp-text=\"state.errorMessage\" id=\"g130-iminazwisko-text-error-message\" role=\"alert\" aria-live=\"assertive\"><\/span>\n\t\t\t<\/div> \n\t<\/div>\n\n<div style=\"\"  data-wp-interactive=\"jetpack\/form\" data-wp-context='{\"fieldId\":\"g130-email\",\"fieldType\":\"email\",\"fieldLabel\":\"Email\",\"fieldValue\":\"\",\"fieldPlaceholder\":\"\",\"fieldIsRequired\":\"1\",\"fieldErrorMessage\":\"\",\"fieldExtra\":[],\"formHash\":\"43798372304790ba4c4905aa1d17bca7c2e319f4\"}'  class='grunion-field-email-wrap grunion-field-wrap'  data-wp-init='callbacks.initializeField' data-wp-on--jetpack-form-reset='callbacks.initializeField' >\n<label\n\t\t\t\tfor='g130-email' class=\"grunion-field-label email\" >Email<span class=\"grunion-label-required\" aria-hidden=\"true\">(wymagane)<\/span><\/label>\n<input\n\t\t\t\t\ttype='email'\n\t\t\t\t\tname='g130-email'\n\t\t\t\t\tid='g130-email'\n\t\t\t\t\tvalue=''\n\n\t\t\t\t\tdata-wp-bind--aria-invalid='state.fieldHasErrors'\n\t\t\t\t\tdata-wp-bind--value='state.getFieldValue'\n\t\t\t\t\taria-errormessage='g130-email-email-error-message'\n\t\t\t\t\tdata-wp-on--input='actions.onFieldChange'\n\t\t\t\t\tdata-wp-on--blur='actions.onFieldBlur'\n\t\t\t\t\tdata-wp-class--has-value='state.hasFieldValue'\n\n\t\t\t\t\tclass='email  grunion-field' \n\t\t\t\t\trequired='true' aria-required='true'  \/>\n \n\t\t\t<div id=\"g130-email-email-error\" class=\"contact-form__input-error\" data-wp-class--has-errors=\"state.fieldHasErrors\">\n\t\t\t\t<span class=\"contact-form__warning-icon\">\n\t\t\t\t\t<svg width=\"16\" height=\"16\" viewBox=\"0 0 16 16\" fill=\"none\" xmlns=\"http:\/\/www.w3.org\/2000\/svg\">\n\t\t\t\t\t\t<path d=\"M8.50015 11.6402H7.50015V10.6402H8.50015V11.6402Z\" \/>\n\t\t\t\t\t\t<path d=\"M7.50015 9.64018H8.50015V6.30684H7.50015V9.64018Z\" \/>\n\t\t\t\t\t\t<path fill-rule=\"evenodd\" clip-rule=\"evenodd\" d=\"M6.98331 3.0947C7.42933 2.30177 8.57096 2.30177 9.01698 3.09469L13.8771 11.7349C14.3145 12.5126 13.7525 13.4735 12.8602 13.4735H3.14004C2.24774 13.4735 1.68575 12.5126 2.12321 11.7349L6.98331 3.0947ZM8.14541 3.58496C8.08169 3.47168 7.9186 3.47168 7.85488 3.58496L2.99478 12.2251C2.93229 12.3362 3.01257 12.4735 3.14004 12.4735H12.8602C12.9877 12.4735 13.068 12.3362 13.0055 12.2251L8.14541 3.58496Z\" \/>\n\t\t\t\t\t<\/svg>\n\t\t\t\t\t<span class=\"visually-hidden\">Ostrze\u017cenie<\/span>\n\t\t\t\t<\/span>\n\t\t\t\t<span data-wp-text=\"state.errorMessage\" id=\"g130-email-email-error-message\" role=\"alert\" aria-live=\"assertive\"><\/span>\n\t\t\t<\/div> \n\t<\/div>\n\n<div style=\"\"  data-wp-interactive=\"jetpack\/form\" data-wp-context='{\"fieldId\":\"g130-telefon\",\"fieldType\":\"text\",\"fieldLabel\":\"Telefon\",\"fieldValue\":\"\",\"fieldPlaceholder\":\"\",\"fieldIsRequired\":\"1\",\"fieldErrorMessage\":\"\",\"fieldExtra\":[],\"formHash\":\"43798372304790ba4c4905aa1d17bca7c2e319f4\"}'  class='grunion-field-text-wrap grunion-field-wrap'  data-wp-init='callbacks.initializeField' data-wp-on--jetpack-form-reset='callbacks.initializeField' >\n<label\n\t\t\t\tfor='g130-telefon' class=\"grunion-field-label text\" >Telefon<span class=\"grunion-label-required\" aria-hidden=\"true\">(wymagane)<\/span><\/label>\n<input\n\t\t\t\t\ttype='text'\n\t\t\t\t\tname='g130-telefon'\n\t\t\t\t\tid='g130-telefon'\n\t\t\t\t\tvalue=''\n\n\t\t\t\t\tdata-wp-bind--aria-invalid='state.fieldHasErrors'\n\t\t\t\t\tdata-wp-bind--value='state.getFieldValue'\n\t\t\t\t\taria-errormessage='g130-telefon-text-error-message'\n\t\t\t\t\tdata-wp-on--input='actions.onFieldChange'\n\t\t\t\t\tdata-wp-on--blur='actions.onFieldBlur'\n\t\t\t\t\tdata-wp-class--has-value='state.hasFieldValue'\n\n\t\t\t\t\tclass='text  grunion-field' \n\t\t\t\t\trequired='true' aria-required='true'  \/>\n \n\t\t\t<div id=\"g130-telefon-text-error\" class=\"contact-form__input-error\" data-wp-class--has-errors=\"state.fieldHasErrors\">\n\t\t\t\t<span class=\"contact-form__warning-icon\">\n\t\t\t\t\t<svg width=\"16\" height=\"16\" viewBox=\"0 0 16 16\" fill=\"none\" xmlns=\"http:\/\/www.w3.org\/2000\/svg\">\n\t\t\t\t\t\t<path d=\"M8.50015 11.6402H7.50015V10.6402H8.50015V11.6402Z\" \/>\n\t\t\t\t\t\t<path d=\"M7.50015 9.64018H8.50015V6.30684H7.50015V9.64018Z\" \/>\n\t\t\t\t\t\t<path fill-rule=\"evenodd\" clip-rule=\"evenodd\" d=\"M6.98331 3.0947C7.42933 2.30177 8.57096 2.30177 9.01698 3.09469L13.8771 11.7349C14.3145 12.5126 13.7525 13.4735 12.8602 13.4735H3.14004C2.24774 13.4735 1.68575 12.5126 2.12321 11.7349L6.98331 3.0947ZM8.14541 3.58496C8.08169 3.47168 7.9186 3.47168 7.85488 3.58496L2.99478 12.2251C2.93229 12.3362 3.01257 12.4735 3.14004 12.4735H12.8602C12.9877 12.4735 13.068 12.3362 13.0055 12.2251L8.14541 3.58496Z\" \/>\n\t\t\t\t\t<\/svg>\n\t\t\t\t\t<span class=\"visually-hidden\">Ostrze\u017cenie<\/span>\n\t\t\t\t<\/span>\n\t\t\t\t<span data-wp-text=\"state.errorMessage\" id=\"g130-telefon-text-error-message\" role=\"alert\" aria-live=\"assertive\"><\/span>\n\t\t\t<\/div> \n\t<\/div>\n\n<div style=\"\"  data-wp-interactive=\"jetpack\/form\" data-wp-context='{\"fieldId\":\"g130-message\",\"fieldType\":\"textarea\",\"fieldLabel\":\"Message\",\"fieldValue\":\"\",\"fieldPlaceholder\":\"\",\"fieldIsRequired\":\"\",\"fieldErrorMessage\":\"\",\"fieldExtra\":[],\"formHash\":\"43798372304790ba4c4905aa1d17bca7c2e319f4\"}'  class='grunion-field-textarea-wrap grunion-field-wrap'  data-wp-init='callbacks.initializeField' data-wp-on--jetpack-form-reset='callbacks.initializeField' >\n<label\n\t\t\t\tfor='contact-form-comment-g130-message' class=\"grunion-field-label textarea\" >Message<\/label>\n<textarea\n\t\t                style=''\n\t\t                name='g130-message'\n\t\t                id='contact-form-comment-g130-message'\n\t\t                rows='20'\n\t\t\t\t\t\tdata-wp-text='state.getFieldValue'\n\t\t\t\t\t\tdata-wp-on--input='actions.onFieldChange'\n\t\t\t\t\t\tdata-wp-on--blur='actions.onFieldBlur'\n\t\t\t\t\t\tdata-wp-class--has-value='state.hasFieldValue'\n\t\t\t\t\t\tdata-wp-bind--aria-invalid='state.fieldHasErrors'\n\t\t\t\t\t\taria-errormessage='g130-message-textarea-error-message'\n\t\t\t\t\t\tclass='textarea  grunion-field'  ><\/textarea>\n \n\t\t\t<div id=\"g130-message-textarea-error\" class=\"contact-form__input-error\" data-wp-class--has-errors=\"state.fieldHasErrors\">\n\t\t\t\t<span class=\"contact-form__warning-icon\">\n\t\t\t\t\t<svg width=\"16\" height=\"16\" viewBox=\"0 0 16 16\" fill=\"none\" xmlns=\"http:\/\/www.w3.org\/2000\/svg\">\n\t\t\t\t\t\t<path d=\"M8.50015 11.6402H7.50015V10.6402H8.50015V11.6402Z\" \/>\n\t\t\t\t\t\t<path d=\"M7.50015 9.64018H8.50015V6.30684H7.50015V9.64018Z\" \/>\n\t\t\t\t\t\t<path fill-rule=\"evenodd\" clip-rule=\"evenodd\" d=\"M6.98331 3.0947C7.42933 2.30177 8.57096 2.30177 9.01698 3.09469L13.8771 11.7349C14.3145 12.5126 13.7525 13.4735 12.8602 13.4735H3.14004C2.24774 13.4735 1.68575 12.5126 2.12321 11.7349L6.98331 3.0947ZM8.14541 3.58496C8.08169 3.47168 7.9186 3.47168 7.85488 3.58496L2.99478 12.2251C2.93229 12.3362 3.01257 12.4735 3.14004 12.4735H12.8602C12.9877 12.4735 13.068 12.3362 13.0055 12.2251L8.14541 3.58496Z\" \/>\n\t\t\t\t\t<\/svg>\n\t\t\t\t\t<span class=\"visually-hidden\">Ostrze\u017cenie<\/span>\n\t\t\t\t<\/span>\n\t\t\t\t<span data-wp-text=\"state.errorMessage\" id=\"g130-message-textarea-error-message\" role=\"alert\" aria-live=\"assertive\"><\/span>\n\t\t\t<\/div>\n\t<\/div>\n\t<p class='contact-submit'>\n<div class=\"contact-form__error\" data-wp-class--show-errors=\"state.showFormErrors\"><span class=\"contact-form__warning-icon\"><span class=\"visually-hidden\">Ostrze\u017cenie.<\/span><i aria-hidden=\"true\"><\/i><\/span>\n\t\t\t\t<span data-wp-text=\"state.getFormErrorMessage\"><\/span>\n\t\t\t\t<ul>\n\t\t\t\t<template data-wp-each=\"state.getErrorList\" data-wp-key=\"context.item.id\">\n\t\t\t\t\t<li><a data-wp-bind--href=\"context.item.anchor\" data-wp-on--click=\"actions.scrollIntoView\" data-wp-text=\"context.item.label\"><\/a><\/li>\n\t\t\t\t<\/template>\n\t\t\t\t<\/ul><\/div><div class=\"contact-form__error\" data-wp-class--show-errors=\"state.showSubmissionError\" data-wp-text=\"context.submissionError\"><\/div>\t\t<button type='submit' class='pushbutton-wide'>Wy\u015blij<\/button>\t\t<input type='hidden' name='contact-form-id' value='130' \/>\n\t\t<input type='hidden' name='action' value='grunion-contact-form' \/>\n\t\t<input type='hidden' name='contact-form-hash' value='43798372304790ba4c4905aa1d17bca7c2e319f4' \/>\n\t<\/p>\n<\/form>\n<\/div>\n","protected":false},"excerpt":{"rendered":"<p><strong>Ohlins Boano Super Rally shock absorber Yamaha T7<\/strong><\/p>\n<h3><strong>Dost\u0119pne na zam\u00f3wienie, 14 dni na przygotowanie.<\/strong><\/h3>\n<p>&nbsp;<\/p>\n","protected":false},"featured_media":131,"template":"","meta":{"advanced_seo_description":"","jetpack_seo_html_title":"","jetpack_seo_noindex":false},"product_brand":[],"product_cat":[37,34,36],"product_tag":[],"class_list":{"0":"post-130","1":"product","2":"type-product","3":"status-publish","4":"has-post-thumbnail","6":"product_cat-tenere-700","7":"product_cat-boano-race-parts","8":"product_cat-zawieszenie-tylne","10":"first","11":"onbackorder","12":"sale","13":"taxable","14":"shipping-taxable","15":"purchasable","16":"product-type-simple"},"jetpack_sharing_enabled":true,"_links":{"self":[{"href":"https:\/\/hardshop.hard-adv.com\/index.php\/wp-json\/wp\/v2\/product\/130","targetHints":{"allow":["GET"]}}],"collection":[{"href":"https:\/\/hardshop.hard-adv.com\/index.php\/wp-json\/wp\/v2\/product"}],"about":[{"href":"https:\/\/hardshop.hard-adv.com\/index.php\/wp-json\/wp\/v2\/types\/product"}],"wp:featuredmedia":[{"embeddable":true,"href":"https:\/\/hardshop.hard-adv.com\/index.php\/wp-json\/wp\/v2\/media\/131"}],"wp:attachment":[{"href":"https:\/\/hardshop.hard-adv.com\/index.php\/wp-json\/wp\/v2\/media?parent=130"}],"wp:term":[{"taxonomy":"product_brand","embeddable":true,"href":"https:\/\/hardshop.hard-adv.com\/index.php\/wp-json\/wp\/v2\/product_brand?post=130"},{"taxonomy":"product_cat","embeddable":true,"href":"https:\/\/hardshop.hard-adv.com\/index.php\/wp-json\/wp\/v2\/product_cat?post=130"},{"taxonomy":"product_tag","embeddable":true,"href":"https:\/\/hardshop.hard-adv.com\/index.php\/wp-json\/wp\/v2\/product_tag?post=130"}],"curies":[{"name":"wp","href":"https:\/\/api.w.org\/{rel}","templated":true}]}}