{"id":138,"date":"2024-01-17T23:27:59","date_gmt":"2024-01-17T22:27:59","guid":{"rendered":"http:\/\/hardshop.hard-adv.com\/?post_type=product&#038;p=138"},"modified":"2024-01-18T11:22:05","modified_gmt":"2024-01-18T10:22:05","slug":"ohlins-cartridge-for-yamaha-t7","status":"publish","type":"product","link":"https:\/\/hardshop.hard-adv.com\/index.php\/produkt\/ohlins-cartridge-for-yamaha-t7\/","title":{"rendered":"Ohlins Cartridge for Yamaha T7"},"content":{"rendered":"<p><strong>Do Motocykli Dual Sport i Adventure. <\/strong><\/p>\n<p>Zestawy wk\u0142adek \u00d6hlins zosta\u0142y teraz wyprodukowane dla Yamaha Tenere 700.<\/p>\n<p>W oparciu o udan\u0105 technologi\u0119 \u00d6hlins NIX z dum\u0105 przedstawiamy zestawy wk\u0142adek \u00d6hlins dla tego segmentu.<\/p>\n<p>Du\u017ce Motocykle przygodowe u\u017cywane we w\u0142a\u015bciwym miejscu podczas prawdziwych przyg\u00f3d zar\u00f3wno na szosie, jak i poza ni\u0105, mog\u0105 teraz cieszy\u0107 si\u0119 wi\u0119kszym komfortem i wydajno\u015bci\u0105, jak\u0105 zapewnia zestaw wk\u0142ad\u00f3w \u00d6hlins. Dzia\u0142 badawczo-rozwojowy \u00d6hlins zdecydowa\u0142 si\u0119 na rozwi\u0105zanie oparte na udanej technologii \u00d6hlins NIX, aby osi\u0105gn\u0105\u0107 cel, jakim jest wk\u0142ad, kt\u00f3ry zapewni zar\u00f3wno komfort, jak i wydajno\u015b\u0107, a tak\u017ce wytrzymuje d\u0142u\u017cej ni\u017c zestaw terenowy pomi\u0119dzy serwisami. Niewielka konstrukcja zestawu wk\u0142ad\u00f3w sprawia, \u017ce jest to mo\u017cliwe<\/p>\n<p>\u0141atwe dopasowanie do odwr\u00f3conego widelca OE Tenere Yamaha 700. Zestawy s\u0105 \u0142atwe w monta\u017cu, wystarczy wysun\u0105\u0107 zestawy OEM i zamiast tego zainstalowa\u0107 zestawy wk\u0142ad\u00f3w \u00d6hlins.<\/p>\n<p>Dzi\u0119ki zestawom FKA 100 firmy \u00d6hlins rowery maj\u0105 teraz w pe\u0142ni regulowany prz\u00f3d. T\u0142umienie odbicia odbywa si\u0119 na jednej nodze, a kompresja na drugiej, z regulowanym napi\u0119ciem wst\u0119pnym spr\u0119\u017cyny w obu nogach. Razem z og\u00f3lnie ulepszonym systemem t\u0142umienia, rower ulega przemianie i mo\u017ce zapewni\u0107 o wiele wi\u0119cej.<\/p>\n<p>Dost\u0119pne s\u0105 r\u00f3\u017cne spr\u0119\u017cyny dostosowane do indywidualnych wymaga\u0144 rowerzyst\u00f3w, a tak\u017ce skuteczny ogranicznik hydrauliczny znajduj\u0105cy si\u0119 w zestawie, zapobiegaj\u0105cy opadaniu. Po testach jeste\u015bmy pewni, \u017ce ten zestaw wk\u0142ad\u00f3w poprawia Tenere 700 zar\u00f3wno pod wzgl\u0119dem komfortu, jak i og\u00f3lnej wydajno\u015bci.<\/p>\n<p>Szybkie szutrowe drogi w weekend lub pilotowanie po ma\u0142ych szlakach w celu znalezienia idealnego przystanku na noc wymaga zar\u00f3wno komfortu, jak i wydajno\u015bci. Dzi\u0119ki temu zestawowi rower to zapewnia.<\/p>\n<p>Dane techniczne:<br \/>\nD\u0142ugo\u015b\u0107: 923 mm<br \/>\nSkok: 210 mm<br \/>\nSeria spr\u0119\u017cyn: seria 08424 (5,5 &#8211; 8 N\/mm)<br \/>\nZalecenia dotycz\u0105ce oleju: 01309-01<br \/>\nKomora powietrzna: 70 mm (~500 ml na ka\u017cd\u0105 n\u00f3\u017ck\u0119 widelca)<br \/>\nT\u00dcV \/ legalne<\/p>\n<p>Pasuje do wszystkich:<br \/>\nYamaha Tenere 700 2019 i nowsze<\/p>\n","protected":false},"excerpt":{"rendered":"<p>Wk\u0142ady Ohlins Cartridge for Yamaha T7<\/p>\n<h3><strong>Dost\u0119pne na zam\u00f3wienie, 14 dni na przygotowanie.<\/strong><\/h3>\n","protected":false},"featured_media":139,"template":"","meta":{"advanced_seo_description":"","jetpack_seo_html_title":"","jetpack_seo_noindex":false},"product_brand":[],"product_cat":[37,34,35],"product_tag":[],"class_list":{"0":"post-138","1":"product","2":"type-product","3":"status-publish","4":"has-post-thumbnail","6":"product_cat-tenere-700","7":"product_cat-boano-race-parts","8":"product_cat-zawieszenie-przednie","10":"first","11":"onbackorder","12":"sale","13":"taxable","14":"shipping-taxable","15":"purchasable","16":"product-type-simple"},"jetpack_sharing_enabled":true,"_links":{"self":[{"href":"https:\/\/hardshop.hard-adv.com\/index.php\/wp-json\/wp\/v2\/product\/138","targetHints":{"allow":["GET"]}}],"collection":[{"href":"https:\/\/hardshop.hard-adv.com\/index.php\/wp-json\/wp\/v2\/product"}],"about":[{"href":"https:\/\/hardshop.hard-adv.com\/index.php\/wp-json\/wp\/v2\/types\/product"}],"wp:featuredmedia":[{"embeddable":true,"href":"https:\/\/hardshop.hard-adv.com\/index.php\/wp-json\/wp\/v2\/media\/139"}],"wp:attachment":[{"href":"https:\/\/hardshop.hard-adv.com\/index.php\/wp-json\/wp\/v2\/media?parent=138"}],"wp:term":[{"taxonomy":"product_brand","embeddable":true,"href":"https:\/\/hardshop.hard-adv.com\/index.php\/wp-json\/wp\/v2\/product_brand?post=138"},{"taxonomy":"product_cat","embeddable":true,"href":"https:\/\/hardshop.hard-adv.com\/index.php\/wp-json\/wp\/v2\/product_cat?post=138"},{"taxonomy":"product_tag","embeddable":true,"href":"https:\/\/hardshop.hard-adv.com\/index.php\/wp-json\/wp\/v2\/product_tag?post=138"}],"curies":[{"name":"wp","href":"https:\/\/api.w.org\/{rel}","templated":true}]}}