{"id":145,"date":"2024-01-17T23:37:57","date_gmt":"2024-01-17T22:37:57","guid":{"rendered":"http:\/\/hardshop.hard-adv.com\/?post_type=product&#038;p=145"},"modified":"2024-01-18T11:21:36","modified_gmt":"2024-01-18T10:21:36","slug":"tractive-x-treme-cartridge-kit-for-yamaha-t7","status":"publish","type":"product","link":"https:\/\/hardshop.hard-adv.com\/index.php\/produkt\/tractive-x-treme-cartridge-kit-for-yamaha-t7\/","title":{"rendered":"Tractive X-TREME cartridge kit for Yamaha T7"},"content":{"rendered":"<h1 id=\"ContentPlaceHolder1_titolo_prodotto\" class=\"titolo_scheda\" data-title=\"\">Tractive X-TREME cartridge kit for Yamaha T7<\/h1>\n<p>Zamkni\u0119ta, wysokowydajna wk\u0142adka Tractive X-TREME z mo\u017cliwo\u015bci\u0105 regulacji t\u0142umienia odbicia i kompresji. R\u0119czna regulacja napi\u0119cia wst\u0119pnego.<br \/>\nWk\u0142ady te idealnie pasuj\u0105 do wspornik\u00f3w widelca bez modyfikacji widelca. Wk\u0142ady s\u0105 zamkni\u0119te, co oznacza, \u017ce dzia\u0142aj\u0105 jak oddzielny amortyzator ci\u015bnieniowy wewn\u0105trz widelca, wyposa\u017cony w w\u0142asny olej t\u0142umi\u0105cy zapewniaj\u0105cy optymaln\u0105 obs\u0142ug\u0119.<\/p>\n<p>Produkty zosta\u0142y pierwotnie opracowane w \u015bcis\u0142ej wsp\u00f3\u0142pracy z motocyklistami, podr\u00f3\u017cnikami po \u015bwiecie i rajdowcami. Produkty udowodni\u0142y swoj\u0105 warto\u015b\u0107 na przestrzeni lat: znacznie poprawi\u0142y prowadzenie w terenie przy jednoczesnym zachowaniu komfortu podczas d\u0142ugich podr\u00f3\u017cy.<\/p>\n<p>Z pewno\u015bci\u0105 wynika to r\u00f3wnie\u017c z ogromnej wielko\u015bci zastosowanego t\u0142oka: \u015brednicy 35 mm. Ten rozmiar t\u0142oka jest najwi\u0119kszy spo\u015br\u00f3d wszystkich dostawc\u00f3w zawiesze\u0144 na rynku wt\u00f3rnym.<\/p>\n<p>Opr\u00f3cz wysokiego przep\u0142ywu oleju, ten rozmiar t\u0142oka pozwala na stabilne i dobrze kontrolowane dzia\u0142anie t\u0142umi\u0105ce. Rozmiar otworu wewn\u0119trznego pozwala r\u00f3wnie\u017c na zastosowanie regulacji elektronicznej. Nast\u0119pnie naboje by\u0142y dalej udoskonalane do u\u017cytku w wy\u015bcigach drogowych.<\/p>\n<p>Po raz kolejny konstrukcja wk\u0142adu okaza\u0142a si\u0119 stabilna i precyzyjna. Ka\u017cdy wk\u0142ad mo\u017cna \u0142atwo otworzy\u0107 i naprawi\u0107. Mo\u017cna te\u017c dostosowa\u0107 t\u0142umienie do zastosowania klienta.<\/p>\n<p>Sztywno\u015b\u0107 spr\u0119\u017cyny, napi\u0119cie wst\u0119pne spr\u0119\u017cyny i d\u0119tk\u0119 mo\u017cna \u0142atwo zmieni\u0107; Dla ka\u017cdego produktu dost\u0119pna jest szeroka gama spr\u0119\u017cyn, w zale\u017cno\u015bci od obci\u0105\u017cenia i zastosowania.<\/p>\n<p>Ka\u017cda za\u015blepka zawiera \u015brub\u0119 odpowietrzaj\u0105c\u0105, kt\u00f3ra usuwa nadmiar piany i powietrza. dla ka\u017cdego produktu dost\u0119pna jest szeroka gama spr\u0119\u017cyn w zale\u017cno\u015bci od obci\u0105\u017cenia i zastosowania.<\/p>\n<p>Ka\u017cda za\u015blepka zawiera \u015brub\u0119 odpowietrzaj\u0105c\u0105, kt\u00f3ra usuwa nadmiar piany i powietrza.<\/p>\n<p>Dla ka\u017cdego produktu dost\u0119pna jest szeroka gama spr\u0119\u017cyn oczekuj\u0105cych na za\u0142adunek i zastosowanie. Ka\u017cda za\u015blepka zawiera \u015brub\u0119 odpowietrzaj\u0105c\u0105, kt\u00f3ra usuwa nadmiar piany i powietrza.<br \/>\nT\u0142umienie mo\u017cna \u0142atwo regulowa\u0107 za pomoc\u0105 18 klikni\u0119\u0107 za pomoc\u0105 nak\u0142adek na g\u00f3rze wspornik\u00f3w widelca.<\/p>\n<p>Regulacje s\u0105 oddzielne, co oznacza, \u017ce lewa gole\u0144 widelca s\u0142u\u017cy do regulacji t\u0142umienia kompresji, a prawa gole\u0144 widelca s\u0142u\u017cy do regulacji t\u0142umienia odbicia.<\/p>\n<p>W obu nogach napi\u0119cie wst\u0119pne mo\u017cna regulowa\u0107 w zakresie 12 mm.<br \/>\nNa ko\u0144cu skoku znajduje si\u0119 hydrauliczny wy\u0142\u0105cznik kra\u0144cowy. Pomaga to zapobiega\u0107 twardemu dnu podczas du\u017cych uderze\u0144.<\/p>\n","protected":false},"excerpt":{"rendered":"<p>Wk\u0142ady Tractive X-TREME cartridge kit for Yamaha T7<\/p>\n<h3><strong>Dost\u0119pne na zam\u00f3wienie, 14 dni na przygotowanie.<\/strong><\/h3>\n","protected":false},"featured_media":146,"template":"","meta":{"advanced_seo_description":"","jetpack_seo_html_title":"","jetpack_seo_noindex":false},"product_brand":[],"product_cat":[37,34,35],"product_tag":[],"class_list":{"0":"post-145","1":"product","2":"type-product","3":"status-publish","4":"has-post-thumbnail","6":"product_cat-tenere-700","7":"product_cat-boano-race-parts","8":"product_cat-zawieszenie-przednie","10":"first","11":"onbackorder","12":"sale","13":"taxable","14":"shipping-taxable","15":"purchasable","16":"product-type-simple"},"jetpack_sharing_enabled":true,"_links":{"self":[{"href":"https:\/\/hardshop.hard-adv.com\/index.php\/wp-json\/wp\/v2\/product\/145","targetHints":{"allow":["GET"]}}],"collection":[{"href":"https:\/\/hardshop.hard-adv.com\/index.php\/wp-json\/wp\/v2\/product"}],"about":[{"href":"https:\/\/hardshop.hard-adv.com\/index.php\/wp-json\/wp\/v2\/types\/product"}],"wp:featuredmedia":[{"embeddable":true,"href":"https:\/\/hardshop.hard-adv.com\/index.php\/wp-json\/wp\/v2\/media\/146"}],"wp:attachment":[{"href":"https:\/\/hardshop.hard-adv.com\/index.php\/wp-json\/wp\/v2\/media?parent=145"}],"wp:term":[{"taxonomy":"product_brand","embeddable":true,"href":"https:\/\/hardshop.hard-adv.com\/index.php\/wp-json\/wp\/v2\/product_brand?post=145"},{"taxonomy":"product_cat","embeddable":true,"href":"https:\/\/hardshop.hard-adv.com\/index.php\/wp-json\/wp\/v2\/product_cat?post=145"},{"taxonomy":"product_tag","embeddable":true,"href":"https:\/\/hardshop.hard-adv.com\/index.php\/wp-json\/wp\/v2\/product_tag?post=145"}],"curies":[{"name":"wp","href":"https:\/\/api.w.org\/{rel}","templated":true}]}}