{"id":154,"date":"2024-01-18T00:15:01","date_gmt":"2024-01-17T23:15:01","guid":{"rendered":"http:\/\/hardshop.hard-adv.com\/?post_type=product&#038;p=154"},"modified":"2024-01-18T11:21:03","modified_gmt":"2024-01-18T10:21:03","slug":"frame-stabilizer-by-boano-yamaha-t7","status":"publish","type":"product","link":"https:\/\/hardshop.hard-adv.com\/index.php\/produkt\/frame-stabilizer-by-boano-yamaha-t7\/","title":{"rendered":"Frame Stabilizer by Boano Yamaha T7"},"content":{"rendered":"<p><strong>Frame Stabilizer by Boano Yamaha T7<\/strong><\/p>\n<p>Stabilizator ramy pierwotnie powsta\u0142 jako wzmocnienie ramy, po niezliczonych zaletach, kt\u00f3re znale\u017ali\u015bmy (takich jak wysoka precyzja przedniego ko\u0142a), chcieli\u015bmy po\u0142\u0105czy\u0107 drugi stabilizator, stabilizator silnik\/rama, kt\u00f3ry dzia\u0142a na sztywno\u015b\u0107 wahacza .<\/p>\n<p>Zalety to:<br \/>\n&#8211; Wi\u0119ksza precyzja pracy zawieszenia (pozostaj\u0105 nieco bardziej mi\u0119kkie, poniewa\u017c rama ugina si\u0119 znacznie mniej)<br \/>\n&#8211; Czu\u0142o\u015b\u0107 na przednim kole (czujesz tylko ugi\u0119cie opony, a nie ramy)<br \/>\n&#8211; Wi\u0119ksza przyczepno\u015b\u0107 tylnego ko\u0142a, zar\u00f3wno podczas hamowania, gdy ci\u0119\u017car przenosi si\u0119 na przednie ko\u0142o, jak i podczas przyspieszania, gdy linie s\u0105 znacznie prostsze (w przeciwie\u0144stwie do zwyk\u0142ego ko\u0142ysania ze wzgl\u0119du na moc 700)<\/p>\n<p>Stabilizator ten pozwala unikn\u0105\u0107 problem\u00f3w z ram\u0105, czyni\u0105c j\u0105 trwalsz\u0105 i znacznie skuteczniejsz\u0105.<\/p>\n","protected":false},"excerpt":{"rendered":"<p>Stabilizator ramy Yamaha Tenere 700<\/p>\n<h3><strong>Dost\u0119pne na zam\u00f3wienie, 7 dni na przygotowanie.<\/strong><\/h3>\n","protected":false},"featured_media":156,"template":"","meta":{"advanced_seo_description":"","jetpack_seo_html_title":"","jetpack_seo_noindex":false},"product_brand":[],"product_cat":[37,34],"product_tag":[],"class_list":{"0":"post-154","1":"product","2":"type-product","3":"status-publish","4":"has-post-thumbnail","6":"product_cat-tenere-700","7":"product_cat-boano-race-parts","9":"first","10":"onbackorder","11":"sale","12":"taxable","13":"shipping-taxable","14":"purchasable","15":"product-type-simple"},"jetpack_sharing_enabled":true,"_links":{"self":[{"href":"https:\/\/hardshop.hard-adv.com\/index.php\/wp-json\/wp\/v2\/product\/154","targetHints":{"allow":["GET"]}}],"collection":[{"href":"https:\/\/hardshop.hard-adv.com\/index.php\/wp-json\/wp\/v2\/product"}],"about":[{"href":"https:\/\/hardshop.hard-adv.com\/index.php\/wp-json\/wp\/v2\/types\/product"}],"wp:featuredmedia":[{"embeddable":true,"href":"https:\/\/hardshop.hard-adv.com\/index.php\/wp-json\/wp\/v2\/media\/156"}],"wp:attachment":[{"href":"https:\/\/hardshop.hard-adv.com\/index.php\/wp-json\/wp\/v2\/media?parent=154"}],"wp:term":[{"taxonomy":"product_brand","embeddable":true,"href":"https:\/\/hardshop.hard-adv.com\/index.php\/wp-json\/wp\/v2\/product_brand?post=154"},{"taxonomy":"product_cat","embeddable":true,"href":"https:\/\/hardshop.hard-adv.com\/index.php\/wp-json\/wp\/v2\/product_cat?post=154"},{"taxonomy":"product_tag","embeddable":true,"href":"https:\/\/hardshop.hard-adv.com\/index.php\/wp-json\/wp\/v2\/product_tag?post=154"}],"curies":[{"name":"wp","href":"https:\/\/api.w.org\/{rel}","templated":true}]}}