{"id":16,"date":"2024-01-14T18:12:22","date_gmt":"2024-01-14T17:12:22","guid":{"rendered":"http:\/\/hardshop.hard-adv.com\/?post_type=product&#038;p=16"},"modified":"2024-01-20T12:35:46","modified_gmt":"2024-01-20T11:35:46","slug":"przykladowy-nr-1","status":"publish","type":"product","link":"https:\/\/hardshop.hard-adv.com\/index.php\/produkt\/przykladowy-nr-1\/","title":{"rendered":"CARDO Packtalk EDGE Single"},"content":{"rendered":"<section id=\"projector_longdescription\" class=\"longdescription cm col-12\" data-dictionary=\"true\">Najlepszy na \u015bwiecie interkom z technologi\u0105 DMC dla 15motocyklist\u00f3w.<strong>WODOODPORNY<\/strong>Dzi\u0119ki certyfikatowi IP67, PACKTALK EDGE jest w pe\u0142ni odporny na warunki atmosferyczne, dzi\u0119ki czemu utrzyma \u0142\u0105czno\u015b\u0107 bez wzgl\u0119du na deszcz, b\u0142oto czy \u015bnieg.<strong>UCHWYT MAGNETYCZNY<\/strong>Wystarczy zbli\u017cy\u0107 centralk\u0119 PACKTALK EDGE do bazy, a dzi\u0119ki uchwytowi magnetycznemu centralka sama wskoczy na w\u0142a\u015bciwe miejsce. Dzi\u0119ki dodatkowemu zabezpieczeniu, unikniesz przypadkowego zgubienia urz\u0105dzenia.<strong>D\u0179WI\u0118K OD JBL<\/strong>Pot\u0119\u017cne, 40mm g\u0142o\u015bniki przenosz\u0105ce bardzo szerokie pasmo d\u017awi\u0119k\u00f3w, perfekcyjne zaprojektowane przez specjalist\u00f3w JBL, z ulepszonym procesorem muzycznym i trzema przeprojektowanymi profilami audio.<strong>OBS\u0141UGIWANY G\u0141OSOWO<\/strong>Nasz ulepszony system obs\u0142ugi g\u0142osowej uwolni Ci\u0119 od konieczno\u015bci odrywania r\u0105k od kierownicy. Po prostu powiedz \u201ehej Cardo\u201d i czego potrzebujesz, a Tw\u00f3j PACKTALK EDGE zrobi za Ciebie reszt\u0119.<strong>DYNAMIC MESH COMMUNICATION DRUGIEJ GENERACJI<\/strong>Wzi\u0119li\u015bmy najlepszy na \u015bwiecie interkom motocyklowy i ulepszyli\u015bmy go. Dla maksymalnie 15 motocyklist\u00f3w w zasi\u0119gu do 1,6 km.<\/p>\n<ul>\n<li><strong>\u0141atwe tworzenie grup<\/strong><\/li>\n<\/ul>\n<p>B\u0142yskawicznie i \u0142atwo. Tworzenie grup nigdy nie by\u0142o takie proste.<\/p>\n<ul>\n<li><strong>Samonaprawiaj\u0105ce si\u0119 po\u0142\u0105czenie<\/strong><\/li>\n<\/ul>\n<p>Interkom z technologi\u0105 DMC dostosowuje si\u0119 do Twojej jazdy, a nie na odwr\u00f3t.<\/p>\n<ul>\n<li><strong>Prywatna rozmowa<\/strong><\/li>\n<\/ul>\n<p>Kiedy chcesz rozmawia\u0107 tylko z jedn\u0105 osob\u0105 z grupy.<\/p>\n<ul>\n<li><strong>Jako\u015b\u0107 d\u017awi\u0119ku<\/strong><\/li>\n<\/ul>\n<p>Najwy\u017csza jako\u015b\u0107 d\u017awi\u0119ku. Rozmowy motocyklist\u00f3w w trakcie podr\u00f3\u017cy jeszcze nigdy nie brzmia\u0142y tak dobrze.<\/p>\n<hr \/>\n<p>&nbsp;<\/p>\n<p><strong>WSZYSTKIE MO\u017bLIWE FUNKCJE<\/strong><\/p>\n<ul>\n<li><strong>Wodoodporny<\/strong><\/li>\n<\/ul>\n<p>Wytrzyma\u0142a, wodoodporna konstrukcja z 3 letni\u0105 gwarancj\u0105.<\/p>\n<ul>\n<li><strong>Obs\u0142uga g\u0142osowa<\/strong><\/li>\n<\/ul>\n<p>Po prostu powiedz \u201eHej Cardo\u201d i pozw\u00f3l swojemu PACKTALK EDGE zaj\u0105\u0107 si\u0119 reszt\u0105.<\/p>\n<ul>\n<li><strong>Radio FM<\/strong><\/li>\n<\/ul>\n<p>Wbudowane radio FM z RDS do automatycznego wyboru najsilniejszego sygna\u0142u \u2013 niezale\u017cnie od tego, czy jeste\u015b w mie\u015bcie, czy w szczerym polu.<\/p>\n<ul>\n<li><strong>Oprogramowanie \/ aktualizacja bezprzewodowa<\/strong><\/li>\n<\/ul>\n<p>Zaktualizuj swoje urz\u0105dzenie za pomoc\u0105 aplikacji Cardo Connect.<\/p>\n<ul>\n<li><strong>DMC drugiej generacji<\/strong><\/li>\n<\/ul>\n<p>Wyposa\u017cony w nasz\u0105 technologi\u0119 DMC drugiej generacji (Dynamic Mesh Communication)<br \/>\nz niezr\u00f3wnan\u0105 jako\u015bci\u0105 d\u017awi\u0119ku, szybkim i \u0142atwym parowaniem i solidn\u0105 jako\u015bci\u0105. Do 15 u\u017cytkownik\u00f3w na dystansie 8km w trybie DMC.<\/p>\n<ul>\n<li><strong>Uniwersalna \u0142\u0105czno\u015b\u0107<\/strong><\/li>\n<\/ul>\n<p>\u0141\u0105czy si\u0119 z ka\u017cdym innym zestawem s\u0142uchawkowym Bluetooth dowolnej marki.<\/p>\n<ul>\n<li><strong>Automatyczna g\u0142o\u015bno\u015b\u0107<\/strong><\/li>\n<\/ul>\n<p>Automatycznie dostosowuje g\u0142o\u015bno\u015b\u0107 d\u017awi\u0119ku w oparciu o ha\u0142as otoczenia.<\/p>\n<ul>\n<li><strong>Strumieniowe przesy\u0142anie muzyki<\/strong><\/li>\n<\/ul>\n<p>Twoja ulubiona muzyka, przesy\u0142ana strumieniowo bezpo\u015brednio ze smartfona. Kontroluj, udost\u0119pniaj i s\u0142uchaj ulubionej muzyki w trasie.<\/p>\n<ul>\n<li><strong>Telefon i GPS<\/strong><\/li>\n<\/ul>\n<p>Dzwo\u0144 i kontroluj GPS za dotkni\u0119ciem palca lub d\u017awi\u0119kiem swojego g\u0142osu.<\/p>\n<ul>\n<li><strong>Szybkie \u0142adowanie<\/strong><\/li>\n<\/ul>\n<p>Bateria jest na wyczerpaniu? Ju\u017c po 20 minutach \u0142adowania mo\u017cesz prowadzi\u0107 rozmowy, nawet do 2 godzin.<\/p>\n<ul>\n<li><strong>USB typ C<\/strong><\/li>\n<\/ul>\n<p>Solidny i uniwersalny port USB typ C do \u0142atwego pod\u0142\u0105czenia do dowolnego urz\u0105dzenia.<\/p>\n<ul>\n<li><strong>Pokr\u0119t\u0142o steruj\u0105ce<\/strong><\/li>\n<\/ul>\n<p>Dodatkowa wygoda i kontrola w jednym ma\u0142ym kole.<\/p>\n<ul>\n<li><strong>Air Mount<\/strong><\/li>\n<\/ul>\n<p>Uchwyt magnetyczny. Prosty i bezpieczny.<\/p>\n<ul>\n<li><strong>3 lata gwarancji<\/strong><\/li>\n<\/ul>\n<p>Wyd\u0142u\u017cona 3-letnia gwarancja dla Twojego spokoju.<\/p>\n<hr \/>\n<p>&nbsp;<\/p>\n<p><strong>SPECYFIKACJA<\/strong><\/p>\n<p><strong>Og\u00f3lne<\/strong><\/p>\n<p>Kompatybilno\u015b\u0107: pasuje do wi\u0119kszo\u015bci kask\u00f3w na rynku.<br \/>\nZakres temperatur dzia\u0142ania:\u00a0od -20\u00baC do 55\u00baC.<\/p>\n<p><strong>Wodoodporny<\/strong><\/p>\n<p><strong>Radio FM<\/strong><\/p>\n<p>Cz\u0119stotliwo\u015b\u0107 76-108MHz.<br \/>\nRDS \u2013 Radio Data System.<br \/>\nMo\u017cliwo\u015b\u0107 zaprogramowania 6 stacji.<\/p>\n<p><strong>Aktualizacje oprogramowania<\/strong><\/p>\n<p>Aktualizacja Over-the-air.<br \/>\nkabel USB do aktualizacji.<\/p>\n<p><strong>Personalizacja urz\u0105dzenia<\/strong><\/p>\n<p>Aplikacja Cardo Connect.<\/p>\n<p><strong>Wymiary<\/strong><\/p>\n<p><strong>Centralka<\/strong><br \/>\nWysoko\u015b\u0107: 46mm | D\u0142ugo\u015b\u0107: 84mm.<br \/>\nSzeroko\u015b\u0107: 23mm | Waga: 47g.<\/p>\n<p><strong>G\u0142o\u015bniki JBL<\/strong><br \/>\n\u015arednica: 40mm | Szeroko\u015b\u0107: 10mm.<\/p>\n<p><strong>\u0141\u0105czno\u015b\u0107<\/strong><\/p>\n<p>2 kana\u0142y do pod\u0142\u0105czenia urz\u0105dze\u0144 BT (np. telefon i nawigacja).<br \/>\nTechnologia DMC drugiej generacji.<br \/>\nBluetooth 5.2.<br \/>\nUniwersalna \u0142\u0105czno\u015b\u0107.<br \/>\nKompatybilne z wi\u0119kszo\u015bci\u0105 wy\u015bwietlaczy TFT.<\/p>\n<p><strong>Interkom<\/strong><\/p>\n<p>Interkom DMC drugiej generacji.<br \/>\nFunkcja ponownego \u0142\u0105czenia.<br \/>\nInterkom Bluetooth audio HD.<br \/>\nUniwersalny Interkom Bluetooth.<br \/>\nWielko\u015b\u0107 grupy: do 15 motocyklist\u00f3w.<br \/>\nZasi\u0119g kierowca &#8211; kierowca: do 1,6km.<br \/>\nZasi\u0119g grupy DMC: do 8km.<\/p>\n<p><strong>Interfejs<\/strong><\/p>\n<p>Obs\u0142uga g\u0142osowa<br \/>\nKomunikaty o statusie w r\u00f3\u017cnych j\u0119zykach<\/p>\n<p><strong>Audio<\/strong><\/p>\n<p>D\u017awi\u0119k JBL.<br \/>\n40mm g\u0142o\u015bniki JBL.<br \/>\nProfile audio JBL.<br \/>\nAutomatyczna regulacja g\u0142o\u015bno\u015bci.<\/p>\n<p><strong>Bateria<\/strong><\/p>\n<p>Czas rozm\u00f3w: 13 godzin.<br \/>\nCzas czuwania: 10 dni.<br \/>\nCzas \u0142adowania: 2 godziny.<br \/>\nSzybko\u015b\u0107 \u0142adowania: po 20 minutach \u0142adowania 2 godziny rozm\u00f3w.<\/p>\n<p><strong>Certyfikaty<\/strong><\/p>\n<p>CE<br \/>\nFCC \/ IC<br \/>\nSIG BT<br \/>\nTELEC<br \/>\nUKCA<\/p>\n<p>&nbsp;<\/p>\n<p>&nbsp;<\/p>\n<\/section>\n<section id=\"projector_enclosures\" class=\"enclosures mb-5 col-12\">\n<div class=\"enclosures__label mb-3\"><span class=\"enclosures__label_txt\">DO POBRANIA<\/span><\/div>\n<ul class=\"enclosures__list row\">\n<li class=\"enclosures__item col-12 col-sm-4 col-md-3 mb-2\"><a class=\"enclosures__name --document\" href=\"https:\/\/b2bike.pl\/settings.php?getAttachmentp=3316_10787_09bb070d5765467c015b01f12a2dde62\" target=\"_blank\" rel=\"noopener\">Formularz reklamacyjny CARDO<\/a><\/li>\n<li class=\"enclosures__item col-12 col-sm-4 col-md-3 mb-2\"><a class=\"enclosures__name --document\" href=\"https:\/\/b2bike.pl\/settings.php?getAttachmentp=3318_10787_06b030018f01f99116eedbc27f8b8a17\" target=\"_blank\" rel=\"noopener\">Karta produktu_Packtalk_EDGE<\/a><\/li>\n<li class=\"enclosures__item col-12 col-sm-4 col-md-3 mb-2\"><a class=\"enclosures__name --document\" href=\"https:\/\/b2bike.pl\/settings.php?getAttachmentp=3319_10787_d65c54dae197af388f980f5058f1d26f\" target=\"_blank\" rel=\"noopener\">Szybki przewodnik pokonfiguracji<\/a><\/li>\n<li class=\"enclosures__item col-12 col-sm-4 col-md-3 mb-2\"><a class=\"enclosures__name --document\" href=\"https:\/\/b2bike.pl\/settings.php?getAttachmentp=3320_10787_886d3b5a3a0ffd488981f4e016b4157c\" target=\"_blank\" rel=\"noopener\">Najlepszy motocyklowy interkom<\/a><\/li>\n<li class=\"enclosures__item col-12 col-sm-4 col-md-3 mb-2\"><a class=\"enclosures__name --document\" href=\"https:\/\/b2bike.pl\/settings.php?getAttachmentp=3321_10787_151fac3601cee7937ebad5ccbfa7da84\" target=\"_blank\" rel=\"noopener\">Jak po\u0142\u0105czy\u0107 interkom z wy\u015bwietlaczem TFT<\/a><\/li>\n<li class=\"enclosures__item col-12 col-sm-4 col-md-3 mb-2\"><a class=\"enclosures__name --document\" href=\"https:\/\/b2bike.pl\/settings.php?getAttachmentp=3326_10787_2b490e8ad4532a7026b2486747286e54\" target=\"_blank\" rel=\"noopener\">Kieszonkowa instrukcja PL<\/a><\/li>\n<li class=\"enclosures__item col-12 col-sm-4 col-md-3 mb-2\"><a class=\"enclosures__name --document\" href=\"https:\/\/b2bike.pl\/settings.php?getAttachmentp=3611_10787_7ef5731db4d81ac58f9f958e382dbb28\" target=\"_blank\" rel=\"noopener\">Podr\u0119cznik_2023<\/a><\/li>\n<\/ul>\n<\/section>\n<section id=\"projector_dictionary\" class=\"dictionary col-12 mb-1 mb-sm-4\">\n<div class=\"dictionary__group --first --no-group\">\n<div class=\"dictionary__param row mb-3\" data-producer=\"true\">\n<div class=\"dictionary__name col-6 d-flex flex-column align-items-end\"><span class=\"dictionary__name_txt\">Marka<\/span><\/div>\n<div class=\"dictionary__values col-6\">\n<div class=\"dictionary__value\"><a class=\"dictionary__value_txt\" title=\"Kliknij, by zobaczy\u0107 wszystkie produkty tej marki\" href=\"https:\/\/b2bike.pl\/firm-pol-1488821606-CARDO.html\">CARDO<\/a><\/div>\n<\/div>\n<\/div>\n<div class=\"dictionary__param row mb-3\" data-code=\"true\">\n<div class=\"dictionary__name col-6 d-flex flex-column align-items-end\"><span class=\"dictionary__name_txt\">Symbol<\/span><\/div>\n<div class=\"dictionary__values col-6\">\n<div class=\"dictionary__value\"><span class=\"dictionary__value_txt\">PT200001<\/span><\/div>\n<\/div>\n<\/div>\n<div class=\"dictionary__param row mb-3\">\n<div class=\"dictionary__name col-6 d-flex flex-column align-items-end\"><span class=\"dictionary__name_txt\">AUDIO<\/span><\/div>\n<div class=\"dictionary__values col-6\">\n<div class=\"dictionary__value\"><span class=\"dictionary__value_txt\">D\u017awi\u0119k JBL<\/span><\/div>\n<div class=\"dictionary__value\"><span class=\"dictionary__value_txt\">G\u0142o\u015bniki JBL 40mm<\/span><\/div>\n<div class=\"dictionary__value\"><span class=\"dictionary__value_txt\">Profile audio JBL<\/span><\/div>\n<div class=\"dictionary__value\"><span class=\"dictionary__value_txt\">Automatyczna regulacja g\u0142o\u015bno\u015bci<\/span><\/div>\n<\/div>\n<\/div>\n<div class=\"dictionary__param row mb-3\">\n<div class=\"dictionary__name col-6 d-flex flex-column align-items-end\"><span class=\"dictionary__name_txt\">BATERIA<\/span><\/div>\n<div class=\"dictionary__values col-6\">\n<div class=\"dictionary__value\"><span class=\"dictionary__value_txt\">Czas czuwania: 10 dni<\/span><\/div>\n<div class=\"dictionary__value\"><span class=\"dictionary__value_txt\">Czas rozm\u00f3w: 13 godzin<\/span><\/div>\n<div class=\"dictionary__value\"><span class=\"dictionary__value_txt\">Czas \u0142adowania: 2h<\/span><\/div>\n<div class=\"dictionary__value\"><span class=\"dictionary__value_txt\">Szybko\u015b\u0107 \u0142adowania: po 20 minutach \u0142adowania 2 godziny rozm\u00f3w<\/span><\/div>\n<\/div>\n<\/div>\n<div class=\"dictionary__param row mb-3\">\n<div class=\"dictionary__name col-6 d-flex flex-column align-items-end\"><span class=\"dictionary__name_txt\">INTERFEJS<\/span><\/div>\n<div class=\"dictionary__values col-6\">\n<div class=\"dictionary__value\"><span class=\"dictionary__value_txt\">Komunikaty w r\u00f3\u017cnych j\u0119zykach<\/span><\/div>\n<div class=\"dictionary__value\"><span class=\"dictionary__value_txt\">Obs\u0142uga g\u0142osowa<\/span><\/div>\n<\/div>\n<\/div>\n<div class=\"dictionary__param row mb-3\">\n<div class=\"dictionary__name col-6 d-flex flex-column align-items-end\"><span class=\"dictionary__name_txt\">OG\u00d3LNE<\/span><\/div>\n<div class=\"dictionary__values col-6\">\n<div class=\"dictionary__value\"><span class=\"dictionary__value_txt\">Aktualizacja oprogramowania OTA<\/span><\/div>\n<div class=\"dictionary__value\"><span class=\"dictionary__value_txt\">Aplikacja Cardo Connect<\/span><\/div>\n<div class=\"dictionary__value\"><span class=\"dictionary__value_txt\">Kompatybilny ze wszystkimi kaskami<\/span><\/div>\n<div class=\"dictionary__value\"><span class=\"dictionary__value_txt\">Radio FM<\/span><\/div>\n<div class=\"dictionary__value\"><span class=\"dictionary__value_txt\">Wodoodporny<\/span><\/div>\n<\/div>\n<\/div>\n<div class=\"dictionary__param row mb-3\">\n<div class=\"dictionary__name col-6 d-flex flex-column align-items-end\"><span class=\"dictionary__name_txt\">INTERKOM<\/span><\/div>\n<div class=\"dictionary__values col-6\">\n<div class=\"dictionary__value\"><span class=\"dictionary__value_txt\">Bluetooth 5.2<\/span><\/div>\n<div class=\"dictionary__value\"><span class=\"dictionary__value_txt\">Dynamic Mesh Communication II Generacji<\/span><\/div>\n<div class=\"dictionary__value\"><span class=\"dictionary__value_txt\">Interkom Bluetooth Audio HD<\/span><\/div>\n<div class=\"dictionary__value\"><span class=\"dictionary__value_txt\">Uniwersalny interkom Bluetooth<\/span><\/div>\n<\/div>\n<\/div>\n<div class=\"dictionary__param row mb-3\">\n<div class=\"dictionary__name col-6 d-flex flex-column align-items-end\"><span class=\"dictionary__name_txt\">WERSJA INTERKOMU<\/span><\/div>\n<div class=\"dictionary__values col-6\">\n<div class=\"dictionary__value\"><span class=\"dictionary__value_txt\">Single<\/span><\/div>\n<\/div>\n<\/div>\n<div class=\"dictionary__param row mb-3\">\n<div class=\"dictionary__name col-6 d-flex flex-column align-items-end\"><span class=\"dictionary__name_txt\">WYMIARY CENTRALKI<\/span><\/div>\n<div class=\"dictionary__values col-6\">\n<div class=\"dictionary__value\"><span class=\"dictionary__value_txt\">d\u0142ugo\u015b\u0107: 84mm<\/span><\/div>\n<div class=\"dictionary__value\"><span class=\"dictionary__value_txt\">szeroko\u015b\u0107: 23mm<\/span><\/div>\n<div class=\"dictionary__value\"><span class=\"dictionary__value_txt\">wysoko\u015b\u0107: 46mm<\/span><\/div>\n<div class=\"dictionary__value\"><span class=\"dictionary__value_txt\">waga: 47g<\/span><\/div>\n<\/div>\n<\/div>\n<div class=\"dictionary__param row mb-3\">\n<div class=\"dictionary__name col-6 d-flex flex-column align-items-end\"><span class=\"dictionary__name_txt\">WYMIARY G\u0141O\u015aNIK\u00d3W<\/span><\/div>\n<div class=\"dictionary__values col-6\">\n<div class=\"dictionary__value\"><span class=\"dictionary__value_txt\">szeroko\u015b\u0107: 10mm<\/span><\/div>\n<div class=\"dictionary__value\"><span class=\"dictionary__value_txt\">\u015brednica: 40mm<\/span><\/div>\n<\/div>\n<\/div>\n<div class=\"dictionary__param row mb-3\">\n<div class=\"dictionary__name col-6 d-flex flex-column align-items-end\"><span class=\"dictionary__name_txt\">INFORMACJE DODATKOWE<\/span><\/div>\n<div class=\"dictionary__values col-6\">\n<div class=\"dictionary__value\"><span class=\"dictionary__value_txt\">Certyfikaty: CE IC\/FCC SIG BT TELEC UKCA<\/span><\/div>\n<\/div>\n<\/div>\n<div class=\"dictionary__param row mb-3\">\n<div class=\"dictionary__name col-6 d-flex flex-column align-items-end\"><span class=\"dictionary__name_txt\">ZASI\u0118G<\/span><\/div>\n<div class=\"dictionary__values col-6\">\n<div class=\"dictionary__value\"><span class=\"dictionary__value_txt\">do 1,6km<\/span><\/div>\n<\/div>\n<\/div>\n<div class=\"dictionary__param row mb-3\">\n<div class=\"dictionary__name col-6 d-flex flex-column align-items-end\"><span class=\"dictionary__name_txt\">WIELKO\u015a\u0106 GRUPY<\/span><\/div>\n<div class=\"dictionary__values col-6\">\n<div class=\"dictionary__value\"><span class=\"dictionary__value_txt\">do 15 os\u00f3b<\/span><\/div>\n<\/div>\n<\/div>\n<div class=\"dictionary__param row mb-3\">\n<div class=\"dictionary__name col-6 d-flex flex-column align-items-end\"><span class=\"dictionary__name_txt\">SPOS\u00d3B MONTA\u017bU<\/span><\/div>\n<div class=\"dictionary__values col-6\">\n<div class=\"dictionary__value\"><span class=\"dictionary__value_txt\">baza samoprzylepna<\/span><\/div>\n<div class=\"dictionary__value\"><span class=\"dictionary__value_txt\">zacisk monta\u017cowy<\/span><\/div>\n<\/div>\n<\/div>\n<div class=\"dictionary__param row mb-3\">\n<div class=\"dictionary__name col-6 d-flex flex-column align-items-end\"><span class=\"dictionary__name_txt\">GWARANCJA<\/span><\/div>\n<div class=\"dictionary__values col-6\">\n<div class=\"dictionary__value\"><span class=\"dictionary__value_txt\">3 lata<\/span><\/div>\n<\/div>\n<\/div>\n<\/div>\n<\/section>\n","protected":false},"excerpt":{"rendered":"<p>Najlepszy na \u015bwiecie interkom z technologi\u0105 DMC dla 15motocyklist\u00f3w.<\/p>\n","protected":false},"featured_media":86,"template":"","meta":{"advanced_seo_description":"","jetpack_seo_html_title":"","jetpack_seo_noindex":false},"product_brand":[],"product_cat":[25],"product_tag":[18],"class_list":{"0":"post-16","1":"product","2":"type-product","3":"status-publish","4":"has-post-thumbnail","6":"product_cat-komunikacja","7":"product_tag-sample","9":"first","10":"instock","11":"taxable","12":"shipping-taxable","13":"purchasable","14":"product-type-simple"},"jetpack_sharing_enabled":true,"_links":{"self":[{"href":"https:\/\/hardshop.hard-adv.com\/index.php\/wp-json\/wp\/v2\/product\/16","targetHints":{"allow":["GET"]}}],"collection":[{"href":"https:\/\/hardshop.hard-adv.com\/index.php\/wp-json\/wp\/v2\/product"}],"about":[{"href":"https:\/\/hardshop.hard-adv.com\/index.php\/wp-json\/wp\/v2\/types\/product"}],"wp:featuredmedia":[{"embeddable":true,"href":"https:\/\/hardshop.hard-adv.com\/index.php\/wp-json\/wp\/v2\/media\/86"}],"wp:attachment":[{"href":"https:\/\/hardshop.hard-adv.com\/index.php\/wp-json\/wp\/v2\/media?parent=16"}],"wp:term":[{"taxonomy":"product_brand","embeddable":true,"href":"https:\/\/hardshop.hard-adv.com\/index.php\/wp-json\/wp\/v2\/product_brand?post=16"},{"taxonomy":"product_cat","embeddable":true,"href":"https:\/\/hardshop.hard-adv.com\/index.php\/wp-json\/wp\/v2\/product_cat?post=16"},{"taxonomy":"product_tag","embeddable":true,"href":"https:\/\/hardshop.hard-adv.com\/index.php\/wp-json\/wp\/v2\/product_tag?post=16"}],"curies":[{"name":"wp","href":"https:\/\/api.w.org\/{rel}","templated":true}]}}