{"id":161,"date":"2024-01-18T00:18:44","date_gmt":"2024-01-17T23:18:44","guid":{"rendered":"http:\/\/hardshop.hard-adv.com\/?post_type=product&#038;p=161"},"modified":"2024-01-18T11:20:36","modified_gmt":"2024-01-18T10:20:36","slug":"boano-abs-inhibitor-for-yamaha-t7","status":"publish","type":"product","link":"https:\/\/hardshop.hard-adv.com\/index.php\/produkt\/boano-abs-inhibitor-for-yamaha-t7\/","title":{"rendered":"Boano ABS Inhibitor For Yamaha T7"},"content":{"rendered":"<p><strong>Inhibitor ABS Boano do Yamaha T7, T7 Extreme i T7 WR.<\/strong><\/p>\n<p>Umo\u017cliwia ci\u0105g\u0142e wy\u0142\u0105czanie uk\u0142adu ABS. Prosta instalacja, pod\u0142\u0105czenie inhibitora do miejsca ABS\/jednostki centralnej, dzi\u0119ki czemu istnieje mo\u017cliwo\u015b\u0107 wy\u0142\u0105czenia go z motocykla.<\/p>\n<p>Nie stwarza to problem\u00f3w dla g\u0142\u00f3wnego ECU, takich jak obej\u015bcie bezpiecznika, poniewa\u017c w dalszym ci\u0105gu wsp\u00f3\u0142dzia\u0142a z r\u00f3\u017cnymi komponentami tak, jakby ABS by\u0142 aktywny.<\/p>\n<p>Znacz\u0105ce zmniejszenie masy o 1,4 kg, pozostawiaj\u0105c wi\u0119cej miejsca nad g\u0142owic\u0105 silnika dla lepszego ch\u0142odzenia.<br \/>\n<strong>(Ten element, z wyj\u0105tkiem ABS, nie mo\u017ce by\u0107 u\u017cywany na drogach publicznych.)<\/strong><\/p>\n<p><strong>Zaleca si\u0119 stosowanie uchwytu inhibitora ABS Boano o kodzie SIT7, montowanego na gumach antywibracyjnych, aby unikn\u0105\u0107 problem\u00f3w z procesem elektrycznym<\/strong><\/p>\n","protected":false},"excerpt":{"rendered":"<p>Kostka Wy\u0142\u0105cznik ABS<\/p>\n<h3><strong>Dost\u0119pne na zam\u00f3wienie, 7 dni na przygotowanie.<\/strong><\/h3>\n","protected":false},"featured_media":166,"template":"","meta":{"advanced_seo_description":"","jetpack_seo_html_title":"","jetpack_seo_noindex":false},"product_brand":[],"product_cat":[37,34],"product_tag":[],"class_list":{"0":"post-161","1":"product","2":"type-product","3":"status-publish","4":"has-post-thumbnail","6":"product_cat-tenere-700","7":"product_cat-boano-race-parts","9":"first","10":"onbackorder","11":"sale","12":"taxable","13":"shipping-taxable","14":"purchasable","15":"product-type-simple"},"jetpack_sharing_enabled":true,"_links":{"self":[{"href":"https:\/\/hardshop.hard-adv.com\/index.php\/wp-json\/wp\/v2\/product\/161","targetHints":{"allow":["GET"]}}],"collection":[{"href":"https:\/\/hardshop.hard-adv.com\/index.php\/wp-json\/wp\/v2\/product"}],"about":[{"href":"https:\/\/hardshop.hard-adv.com\/index.php\/wp-json\/wp\/v2\/types\/product"}],"wp:featuredmedia":[{"embeddable":true,"href":"https:\/\/hardshop.hard-adv.com\/index.php\/wp-json\/wp\/v2\/media\/166"}],"wp:attachment":[{"href":"https:\/\/hardshop.hard-adv.com\/index.php\/wp-json\/wp\/v2\/media?parent=161"}],"wp:term":[{"taxonomy":"product_brand","embeddable":true,"href":"https:\/\/hardshop.hard-adv.com\/index.php\/wp-json\/wp\/v2\/product_brand?post=161"},{"taxonomy":"product_cat","embeddable":true,"href":"https:\/\/hardshop.hard-adv.com\/index.php\/wp-json\/wp\/v2\/product_cat?post=161"},{"taxonomy":"product_tag","embeddable":true,"href":"https:\/\/hardshop.hard-adv.com\/index.php\/wp-json\/wp\/v2\/product_tag?post=161"}],"curies":[{"name":"wp","href":"https:\/\/api.w.org\/{rel}","templated":true}]}}