{"id":209,"date":"2024-01-18T01:35:52","date_gmt":"2024-01-18T00:35:52","guid":{"rendered":"http:\/\/hardshop.hard-adv.com\/?post_type=product&#038;p=209"},"modified":"2024-01-18T09:44:43","modified_gmt":"2024-01-18T08:44:43","slug":"rex-wheels-excel-kompletne-kolo-przednie-21-cali-21-x-1-85-obrecz-excel-yamaha-xtz-700-tenere-690-20-zlota-obrecz-czarne-szprychy-zlota-piasta-czarne-nyple-na-zamowienie","status":"publish","type":"product","link":"https:\/\/hardshop.hard-adv.com\/index.php\/produkt\/rex-wheels-excel-kompletne-kolo-przednie-21-cali-21-x-1-85-obrecz-excel-yamaha-xtz-700-tenere-690-20-zlota-obrecz-czarne-szprychy-zlota-piasta-czarne-nyple-na-zamowienie\/","title":{"rendered":"REX WHEELS (EXCEL) KOMPLETNE KO\u0141O PRZEDNIE 21 CALI 21 x 1.85 (OBR\u0118CZ EXCEL) YAMAHA XTZ 700 TENERE (690) &#8217;20-, Z\u0141OTA OBR\u0118CZ \/ CZARNE SZPRYCHY \/ Z\u0141OTA PIASTA \/ CZARNE NYPLE (NA ZAM\u00d3WIENIE)"},"content":{"rendered":"<h1 class=\"page-title-ui page-title-lq \">REX WHEELS (EXCEL) KOMPLETNE KO\u0141O PRZEDNIE 21 CALI 21 x 1.85 (OBR\u0118CZ EXCEL) YAMAHA XTZ 700 TENERE (690) &#8217;20-, Z\u0141OTA OBR\u0118CZ \/ CZARNE SZPRYCHY \/ Z\u0141OTA PIASTA \/ CZARNE NYPLE (NA ZAM\u00d3WIENIE)<\/h1>\n","protected":false},"excerpt":{"rendered":"<h1 class=\"page-title-ui page-title-lq \">KOMPLETNE KO\u0141O PRZEDNIE 21 CALI 21 x 1.85 (OBR\u0118CZ EXCEL)<\/h1>\n","protected":false},"featured_media":210,"template":"","meta":{"advanced_seo_description":"","jetpack_seo_html_title":"","jetpack_seo_noindex":false},"product_brand":[],"product_cat":[37],"product_tag":[],"class_list":{"0":"post-209","1":"product","2":"type-product","3":"status-publish","4":"has-post-thumbnail","6":"product_cat-tenere-700","8":"first","9":"instock","10":"taxable","11":"shipping-taxable","12":"purchasable","13":"product-type-simple"},"jetpack_sharing_enabled":true,"_links":{"self":[{"href":"https:\/\/hardshop.hard-adv.com\/index.php\/wp-json\/wp\/v2\/product\/209","targetHints":{"allow":["GET"]}}],"collection":[{"href":"https:\/\/hardshop.hard-adv.com\/index.php\/wp-json\/wp\/v2\/product"}],"about":[{"href":"https:\/\/hardshop.hard-adv.com\/index.php\/wp-json\/wp\/v2\/types\/product"}],"wp:featuredmedia":[{"embeddable":true,"href":"https:\/\/hardshop.hard-adv.com\/index.php\/wp-json\/wp\/v2\/media\/210"}],"wp:attachment":[{"href":"https:\/\/hardshop.hard-adv.com\/index.php\/wp-json\/wp\/v2\/media?parent=209"}],"wp:term":[{"taxonomy":"product_brand","embeddable":true,"href":"https:\/\/hardshop.hard-adv.com\/index.php\/wp-json\/wp\/v2\/product_brand?post=209"},{"taxonomy":"product_cat","embeddable":true,"href":"https:\/\/hardshop.hard-adv.com\/index.php\/wp-json\/wp\/v2\/product_cat?post=209"},{"taxonomy":"product_tag","embeddable":true,"href":"https:\/\/hardshop.hard-adv.com\/index.php\/wp-json\/wp\/v2\/product_tag?post=209"}],"curies":[{"name":"wp","href":"https:\/\/api.w.org\/{rel}","templated":true}]}}