{"id":225,"date":"2024-01-18T11:36:09","date_gmt":"2024-01-18T10:36:09","guid":{"rendered":"http:\/\/hardshop.hard-adv.com\/?post_type=product&#038;p=225"},"modified":"2024-01-18T11:37:35","modified_gmt":"2024-01-18T10:37:35","slug":"shoei-sena-srl-3-neo3-gta3","status":"publish","type":"product","link":"https:\/\/hardshop.hard-adv.com\/index.php\/produkt\/shoei-sena-srl-3-neo3-gta3\/","title":{"rendered":"Shoei SENA SRL 3 (NEO3\/GTA3)"},"content":{"rendered":"<section id=\"projector_longdescription\" class=\"longdescription cm col-12\" data-dictionary=\"true\"><strong>Shoei SENA SRL 3 (NEO3\/GTA3)<\/strong>System komunikacji\u00a0SRL3 firmy SENA\u00ae.<\/p>\n<p>Bogaty d\u017awi\u0119k, rozbudowane funkcje, doskona\u0142e dopasowanie\u00a0do kasku dzi\u0119ki\u00a0niewielkim rozmiarom urz\u0105dzenia. System komunikacyjny SRL3 firmy SENA\u00ae zapewnia doskona\u0142\u0105 rozrywk\u0119 i aktualne informacje podczas jazdy, a jednocze\u015bnie\u00a0jest dyskretny.<\/p>\n<p>ROZSZERZONE FUNKCJE<\/p>\n<ul>\n<li>Funkcja interkomu Mesh z Group Mesh\u00ae dla maksymalnie 24 os\u00f3b\u00a0lub Open Mesh\u00ae dla niemal nieograniczonej liczby motocyklist\u00f3w w grupie.<\/li>\n<li>Funkcja interkomu Bluetooth\u00ae dla maksymalnie 4\u00a0motocyklist\u00f3w w grupie.<\/li>\n<li>\u0141\u0105czno\u015b\u0107 Bluetooth\u00ae z nawigacj\u0105, telefonem kom\u00f3rkowym lub innymi urz\u0105dzeniami.<\/li>\n<li>Radio FM<\/li>\n<\/ul>\n<p>BOGATY D\u0179WI\u0118K<\/p>\n<ul>\n<li>G\u0142o\u015bniki HD z systemem d\u017awi\u0119kowym klasy premium firmy Harman Kardon<\/li>\n<li>Korektor audio do indywidualnej regulacji d\u017awi\u0119ku<\/li>\n<li>Lepsze\u00a0jako\u015b\u0107 d\u017awi\u0119ku dzi\u0119ki\u00a0dzi\u0119ki zaawansowanej kontroli ha\u0142asu.<\/li>\n<li>Obs\u0142uga polece\u0144 g\u0142osowych w 8 j\u0119zykach<\/li>\n<li>Wsparcie dla Siri i Google Voice<\/li>\n<li>Wielozadaniowo\u015b\u0107 d\u017awi\u0119ku<\/li>\n<\/ul>\n<p>MOCNA WYDAJNO\u015a\u0106<\/p>\n<ul>\n<li>Zasi\u0119g w trybie Mesh\u00ae do 2 km, z mo\u017cliwo\u015bci\u0105 rozszerzenia do 8 km (przy co najmniej 6\u00a0motocyklistach w grupie)<\/li>\n<li>Zasi\u0119g Bluetooth\u00ae do 1,2 km<\/li>\n<li>Czas rozm\u00f3w do 8 godzin<\/li>\n<li>Blutooth 5.0<\/li>\n<li>SRL3 z\u00a0\u0142\u0105czno\u015bci\u0105 mesh mo\u017cna \u0142atwo i szybko\u00a0zamontowany\u00a0modeli kask\u00f3w SHOEI NEOTEC3 i GT-AIR3.<\/li>\n<\/ul>\n<\/section>\n<section id=\"projector_enclosures\" class=\"enclosures mb-5 col-12\">\n<div class=\"enclosures__label mb-3\"><\/div>\n<\/section>\n","protected":false},"excerpt":{"rendered":"<p>System komunikacji\u00a0SRL3 firmy SENA\u00ae.<\/p>\n","protected":false},"featured_media":226,"template":"","meta":{"advanced_seo_description":"","jetpack_seo_html_title":"","jetpack_seo_noindex":false},"product_brand":[],"product_cat":[25],"product_tag":[],"class_list":{"0":"post-225","1":"product","2":"type-product","3":"status-publish","4":"has-post-thumbnail","6":"product_cat-komunikacja","8":"first","9":"instock","10":"taxable","11":"shipping-taxable","12":"purchasable","13":"product-type-simple"},"jetpack_sharing_enabled":true,"_links":{"self":[{"href":"https:\/\/hardshop.hard-adv.com\/index.php\/wp-json\/wp\/v2\/product\/225","targetHints":{"allow":["GET"]}}],"collection":[{"href":"https:\/\/hardshop.hard-adv.com\/index.php\/wp-json\/wp\/v2\/product"}],"about":[{"href":"https:\/\/hardshop.hard-adv.com\/index.php\/wp-json\/wp\/v2\/types\/product"}],"wp:featuredmedia":[{"embeddable":true,"href":"https:\/\/hardshop.hard-adv.com\/index.php\/wp-json\/wp\/v2\/media\/226"}],"wp:attachment":[{"href":"https:\/\/hardshop.hard-adv.com\/index.php\/wp-json\/wp\/v2\/media?parent=225"}],"wp:term":[{"taxonomy":"product_brand","embeddable":true,"href":"https:\/\/hardshop.hard-adv.com\/index.php\/wp-json\/wp\/v2\/product_brand?post=225"},{"taxonomy":"product_cat","embeddable":true,"href":"https:\/\/hardshop.hard-adv.com\/index.php\/wp-json\/wp\/v2\/product_cat?post=225"},{"taxonomy":"product_tag","embeddable":true,"href":"https:\/\/hardshop.hard-adv.com\/index.php\/wp-json\/wp\/v2\/product_tag?post=225"}],"curies":[{"name":"wp","href":"https:\/\/api.w.org\/{rel}","templated":true}]}}