{"id":229,"date":"2024-01-18T11:43:24","date_gmt":"2024-01-18T10:43:24","guid":{"rendered":"http:\/\/hardshop.hard-adv.com\/?post_type=product&#038;p=229"},"modified":"2024-01-18T14:35:59","modified_gmt":"2024-01-18T13:35:59","slug":"garmin-nawigacja-satelitarna-tread-overland-edition","status":"publish","type":"product","link":"https:\/\/hardshop.hard-adv.com\/index.php\/produkt\/garmin-nawigacja-satelitarna-tread-overland-edition\/","title":{"rendered":"GARMIN Nawigacja Satelitarna Tread\u00ae Overland Edition"},"content":{"rendered":"<h1>Ruszaj w nieznane<\/h1>\n<div class=\"app__overview__intro__description\">\n<p>Stworzone z my\u015bl\u0105 o ka\u017cdym etapie podr\u00f3\u017cy, to ekstra du\u017ce i wytrzyma\u0142e urz\u0105dzenie nawigacja satelitarna przeznaczone do jazdy w terenie ma mapy umo\u017cliwiaj\u0105ce \u015bledzenie trasy i technologie komunikacyjne, dzi\u0119ki kt\u00f3rym pozostaniesz w kontakcie na szlaku.<\/p>\n<p>&nbsp;<\/p>\n<p><img decoding=\"async\" class=\"app__feature__card__image\" src=\"https:\/\/static.garmincdn.com\/gdc\/Product_Pages\/ICONS\/TOPO.svg\" alt=\"\" border=\"0\" \/><\/p>\n<p class=\"app__feature__card__description\">Pokonuj drogi gruntowe i szlaki, korzystaj\u0105c ze szczeg\u00f3\u0142owej nawigacji<sup>1<\/sup>\u00a0dzi\u0119ki OpenStreetMap (OSM).<\/p>\n<p class=\"app__feature__card__description\"><img decoding=\"async\" class=\"app__feature__card__image\" src=\"https:\/\/static.garmincdn.com\/gdc\/Product_Pages\/ICONS\/CAMP-TENT.svg\" alt=\"\" border=\"0\" \/><\/p>\n<p class=\"app__feature__card__description\">Wyznaczanie trasy dostosowanej do wagi i wielko\u015bci Twojego pojazdu<sup>2<\/sup>\u00a0oraz za\u0142adowane fabrycznie punkty szczeg\u00f3lne (POI) iOverlander\u2122 pomog\u0105 Ci znale\u017a\u0107 miejsce na rozbicie obozu.<\/p>\n<p class=\"app__feature__card__description\"><img decoding=\"async\" class=\"app__feature__card__image\" src=\"https:\/\/static.garmincdn.com\/gdc\/Product_Pages\/ICONS\/water-drop-resistant.svg\" alt=\"\" border=\"0\" \/><\/p>\n<p class=\"app__feature__card__description\">To wytrzyma\u0142e urz\u0105dzenie nawigacja satelitarna ma\u00a0poziom wodoodporno\u015bci IP67\u00a0i ultrajasny wy\u015bwietlacz z ekranem dotykowym 10\u2033.<\/p>\n<p class=\"app__feature__card__description\"><img decoding=\"async\" class=\"app__feature__card__image\" src=\"https:\/\/static.garmincdn.com\/gdc\/Product_Pages\/ICONS\/Birdseye.svg\" alt=\"\" border=\"0\" \/><\/p>\n<p class=\"app__feature__card__description\">Zobacz realistyczne widoki terenu z lotu ptaka dzi\u0119ki dost\u0119pnym do pobrania bez subskrypcji obrazom satelitarnym BirdsEye.<\/p>\n<p class=\"app__feature__card__description\"><img decoding=\"async\" class=\"app__feature__card__image\" src=\"https:\/\/static.garmincdn.com\/gdc\/Product_Pages\/ICONS\/Smartphone.svg\" alt=\"\" border=\"0\" \/><\/p>\n<p class=\"app__feature__card__description\">Korzystaj z\u00a0aplikacji Tread\u00ae<sup>3<\/sup>\u00a0na zgodnym smartfonie, aby synchronizowa\u0107 dane mi\u0119dzy urz\u0105dzeniami i planowa\u0107 trasy.<\/p>\n<p class=\"app__feature__card__description\"><img decoding=\"async\" class=\"app__feature__card__image\" src=\"https:\/\/static.garmincdn.com\/gdc\/Product_Pages\/ICONS\/inReach.svg\" alt=\"\" border=\"0\" \/><\/p>\n<p class=\"app__feature__card__description\">Wbudowane bezpiecze\u0144stwo. W ramach aktywnej subskrypcji mo\u017cesz korzysta\u0107 z technologii inReach\u00ae do globalnej komunikacji satelitarnej<sup>4<\/sup>.<\/p>\n<p class=\"app__feature__card__description\"><img data-recalc-dims=\"1\" loading=\"lazy\" decoding=\"async\" src=\"https:\/\/i0.wp.com\/b2bike.pl\/data\/include\/cms\/GARMIN\/Tread_XL.jpg?resize=759%2C215&#038;ssl=1\" alt=\"\" width=\"759\" height=\"215\" border=\"0\" \/><\/p>\n<h3>WYTRZYMA\u0141O\u015a\u0106 NA MIAR\u0118 BEZDRO\u017bY<\/h3>\n<p class=\"app__feature__card__description\">To urz\u0105dzenie Tread to specjalistyczny sprz\u0119t dostosowany do pracy w terenie \u2013 poradzi sobie w ka\u017cdych warunkach. Urz\u0105dzenie jest\u00a0wodoodporne w klasie IP67.<\/p>\n<h3>CZYTELNY WY\u015aWIETLACZ<\/h3>\n<p class=\"app__feature__card__description\">Ultrajasny wy\u015bwietlacz systemu nawigacja satelitarna z ekranem dotykowym 8\u2033, kt\u00f3ry mo\u017cna obs\u0142ugiwa\u0107 w r\u0119kawicach, zosta\u0142 zbudowany tak, aby zapewnia\u0107 widoczno\u015b\u0107 nawet pod s\u0142o\u0144ce lub w ca\u0142kowitej ciemno\u015bci. Urz\u0105dzenie mo\u017cna zamontowa\u0107 w pozycji pionowej lub poziomej.<\/p>\n<h3>NAWIGACJA NA SZLAKACH<\/h3>\n<p class=\"app__feature__card__description\">Dzi\u0119ki szczeg\u00f3\u0142owej nawigacji<sup>1<\/sup>\u00a0pokonasz drogi gruntowe i szlaki, korzystaj\u0105c z map dr\u00f3g i szlak\u00f3w turystycznych sk\u0142adaj\u0105cych si\u0119 z map OSM.<\/p>\n<h3>WBUDOWANA TECHNOLOGIA INREACH<\/h3>\n<p class=\"app__feature__card__description\">Wbudowana technologia inReach umo\u017cliwia globaln\u0105 komunikacj\u0119 satelitarn\u0105, dwukierunkow\u0105 komunikacj\u0119 tekstow\u0105, udost\u0119pnianie lokalizacji, interaktywn\u0105 sygnalizacj\u0119 SOS i aktualizacje prognozy pogody<sup>4<\/sup>.<\/p>\n<h3>MAPY DR\u00d3G I BEZDRO\u017bY<\/h3>\n<p class=\"app__feature__card__description\">Urz\u0105dzenie Tread zawiera fabrycznie za\u0142adowane mapy topograficzne z tr\u00f3jwymiarowymi mapami terenu i ulic w Europie, Afryce, w tym Tracks4Africa, i na Bliskim Wschodzie. Zawiera r\u00f3wnie\u017c szczeg\u00f3\u0142owe mapy ulic w Europie z wyznaczaniem tras dostosowanych do rozmiar\u00f3w i wagi pojazdu<sup>2<\/sup>. Mapy Ameryki P\u00f3\u0142nocnej i Po\u0142udniowej, Australii i Nowej Zelandii s\u0105 dost\u0119pne do bezp\u0142atnego pobrania pod adresem\u00a0garmin.com\/express.<\/p>\n<h3>OBRAZY SATELITARNE<\/h3>\n<p class=\"app__feature__card__description\">Ciesz si\u0119 realistycznymi widokami z lotu ptaka, pobieraj\u0105c obrazy satelitarne BirdsEye wysokiej rozdzielczo\u015bci bezpo\u015brednio na urz\u0105dzenie za po\u015brednictwem sieci Wi-Fi\u00ae, bez konieczno\u015bci wykupienia rocznej subskrypcji.<\/p>\n<h3>PUNKTY SZCZEG\u00d3LNE<\/h3>\n<p class=\"app__feature__card__description\">W urz\u0105dzeniu Tread zainstalowane s\u0105 punkty szczeg\u00f3lne iOverlander, ACSI\u2122, Campercontact\u2122 i Trailer\u2019s PARK\u2122, wi\u0119c mo\u017cesz znale\u017a\u0107 najlepiej po\u0142o\u017cone, odleg\u0142e i rozproszone kempingi bez korzystania z sygna\u0142u telefonu kom\u00f3rkowego.<\/p>\n<h3>CZUJNIKI ABC<\/h3>\n<p class=\"app__feature__card__description\">W trudnym terenie przydadz\u0105 Ci si\u0119 wbudowane czujniki \u2014 m.in. wysoko\u015bciomierz, barometr, kompas i wska\u017aniki przechy\u0142u wzd\u0142u\u017cnego\/bocznego.<\/p>\n<h3>BEZPIECZNY MONTA\u017b<\/h3>\n<p class=\"app__feature__card__description\">Za pomoc\u0105 do\u0142\u0105czonego blokowanego uchwytu wspomaganego magnesem bezpiecznie przymocujesz urz\u0105dzenie nawigacja satelitarna do pojazdu.<\/p>\n<p class=\"app__feature__card__description\"><img data-recalc-dims=\"1\" loading=\"lazy\" decoding=\"async\" src=\"https:\/\/i0.wp.com\/b2bike.pl\/data\/include\/cms\/Garmin\/Tread_XL_1.jpg?resize=759%2C215&#038;ssl=1\" alt=\"\" width=\"759\" height=\"215\" border=\"0\" \/><\/p>\n<h3>JAZDA GRUPOWA Z APLIKACJ\u0104<\/h3>\n<p class=\"app__feature__card__description\">Sparuj urz\u0105dzenie z aplikacj\u0105 Tread, aby \u015bledzi\u0107 znajomych z telefonu za pomoc\u0105 funkcji jazdy grupowej z aplikacj\u0105<sup>3<\/sup>.<\/p>\n<h3>\u0141ATWE PLANOWANIE TRASY<\/h3>\n<p class=\"app__feature__card__description\">Aplikacja Tread umo\u017cliwia \u0142atwe planowanie tras przy u\u017cyciu tych samych map, profili pojazd\u00f3w i preferencji tras dost\u0119pnych na urz\u0105dzeniu Tread.<\/p>\n<h3>\u0141ATWA SYNCHRONIZACJA URZ\u0104DZE\u0143<\/h3>\n<p class=\"app__feature__card__description\">Aplikacja Tread umo\u017cliwia synchronizacj\u0119 tras, punkt\u00f3w i \u015blad\u00f3w oraz zbior\u00f3w we wszystkich urz\u0105dzeniach. Mo\u017cesz tak\u017ce \u0142atwo importowa\u0107 i udost\u0119pnia\u0107 pliki GPX.<\/p>\n<div class=\"app__feature__card\" data-translate=\"\">\n<h3>POGODA W CZASIE RZECZYWISTYM<\/h3>\n<p class=\"app__feature__card__description\">Nag\u0142a zmiana pogody? Sparuj urz\u0105dzenie Tread ze zgodnym smartfonem i pobierz aplikacj\u0119 Tread, aby uzyska\u0107 dost\u0119p do informacji o pogodzie w czasie rzeczywistym, alert\u00f3w burzowych, animowanego radaru i wielu innych funkcji.<\/p>\n<\/div>\n<div class=\"app__feature__card\" data-translate=\"\">\n<h3><\/h3>\n<p class=\"app__feature__card__description\">\u00a0<img data-recalc-dims=\"1\" loading=\"lazy\" decoding=\"async\" src=\"https:\/\/i0.wp.com\/b2bike.pl\/data\/include\/cms\/GARMIN\/Tread_XL_2.jpg?resize=759%2C215&#038;ssl=1\" alt=\"\" width=\"759\" height=\"215\" border=\"0\" \/><\/p>\n<h3>STEROWANIE AKCESORIAMI<\/h3>\n<p class=\"app__feature__card__description\">Sparuj urz\u0105dzenie Tread ze zgodnym prze\u0142\u0105cznikiem cyfrowym\u00a0Garmin PowerSwitch\u2122\u00a0(do nabycia osobno), aby sterowa\u0107 12-woltowymi elektronicznymi elementami pojazdu \u2013 takimi jak listwy o\u015bwietleniowe lub blokady mechanizm\u00f3w r\u00f3\u017cnicowych \u2013 bezpo\u015brednio z ekranu urz\u0105dzenia.<\/p>\n<h3>MONITOR JAZDY GRUPOWEJ<\/h3>\n<p class=\"app__feature__card__description\">Sparuj swoje urz\u0105dzenie ze zgodnym\u00a0monitorem jazdy grupowej\u00a0(do nabycia osobno) do \u015bledzenia jazdy w grupie<sup>5<\/sup>\u00a0i zapisane wiadomo\u015bci.<\/p>\n<h3>PAKIET \u015aLEDZENIA PSA<\/h3>\n<p class=\"app__feature__card__description\">Bezprzewodowo sparuj Tread z wybranym\u00a0urz\u0105dzeniem GPS do \u015bledzenia ps\u00f3w Garmin\u00a0(do nabycia osobno), aby \u0142atwiej \u015bledzi\u0107 i przywo\u0142ywa\u0107 psy sportowe w terenie. B\u0119dziesz widzie\u0107 znaczniki dla ka\u017cdego psa w zasi\u0119gu \u015bledzenia w formie nak\u0142adki na ekranie mapy nawigacja satelitarna.<\/p>\n<p class=\"app__feature__card__description\"><strong>W PUDE\u0141KU<\/strong><\/p>\n<ul>\n<li>Tread\u00ae \u2013 Overland Edition<\/li>\n<li>Uchwyt monta\u017cowy z przyssawk\u0105<\/li>\n<li>Przew\u00f3d zasilaj\u0105cy z gniazda zapalniczki<\/li>\n<li>Blokowany uchwyt wspomagany magnesem<\/li>\n<li>Kabel USB-C<\/li>\n<li>Dokumentacja<\/li>\n<\/ul>\n<\/div>\n<\/div>\n","protected":false},"excerpt":{"rendered":"<p>Nawigacja Satelitarna Tread\u00ae Overland Edition<\/p>\n","protected":false},"featured_media":230,"template":"","meta":{"advanced_seo_description":"","jetpack_seo_html_title":"","jetpack_seo_noindex":false},"product_brand":[],"product_cat":[38],"product_tag":[],"class_list":{"0":"post-229","1":"product","2":"type-product","3":"status-publish","4":"has-post-thumbnail","6":"product_cat-nawigacje","8":"first","9":"instock","10":"sale","11":"taxable","12":"shipping-taxable","13":"purchasable","14":"product-type-simple"},"jetpack_sharing_enabled":true,"_links":{"self":[{"href":"https:\/\/hardshop.hard-adv.com\/index.php\/wp-json\/wp\/v2\/product\/229","targetHints":{"allow":["GET"]}}],"collection":[{"href":"https:\/\/hardshop.hard-adv.com\/index.php\/wp-json\/wp\/v2\/product"}],"about":[{"href":"https:\/\/hardshop.hard-adv.com\/index.php\/wp-json\/wp\/v2\/types\/product"}],"wp:featuredmedia":[{"embeddable":true,"href":"https:\/\/hardshop.hard-adv.com\/index.php\/wp-json\/wp\/v2\/media\/230"}],"wp:attachment":[{"href":"https:\/\/hardshop.hard-adv.com\/index.php\/wp-json\/wp\/v2\/media?parent=229"}],"wp:term":[{"taxonomy":"product_brand","embeddable":true,"href":"https:\/\/hardshop.hard-adv.com\/index.php\/wp-json\/wp\/v2\/product_brand?post=229"},{"taxonomy":"product_cat","embeddable":true,"href":"https:\/\/hardshop.hard-adv.com\/index.php\/wp-json\/wp\/v2\/product_cat?post=229"},{"taxonomy":"product_tag","embeddable":true,"href":"https:\/\/hardshop.hard-adv.com\/index.php\/wp-json\/wp\/v2\/product_tag?post=229"}],"curies":[{"name":"wp","href":"https:\/\/api.w.org\/{rel}","templated":true}]}}