{"id":232,"date":"2024-01-18T11:53:29","date_gmt":"2024-01-18T10:53:29","guid":{"rendered":"http:\/\/hardshop.hard-adv.com\/?post_type=product&#038;p=232"},"modified":"2024-01-21T17:05:54","modified_gmt":"2024-01-21T16:05:54","slug":"garmin-nawigacja-satelitarna-montana-750i","status":"publish","type":"product","link":"https:\/\/hardshop.hard-adv.com\/index.php\/produkt\/garmin-nawigacja-satelitarna-montana-750i\/","title":{"rendered":"GARMIN Nawigacja Satelitarna Montana\u00ae 750i"},"content":{"rendered":"<section id=\"projector_longdescription\" class=\"longdescription cm col-12\" data-dictionary=\"true\">\n<h2 class=\"app__overview__intro__title light center\" data-v-5b9e0d04=\"\" data-test=\"gc__heading\">RUSZAJ W DZICZ, KORZYSTAJ\u0104C Z PO\u0141\u0104CZENIA SATELITARNEGO<\/h2>\n<div class=\"app__overview__intro__description gc__copy gc__copy--light gc__copy--center gc__copy--large\" data-v-f2ba670e=\"\" data-test=\"gc__copy\">\n<p>Urz\u0105dzenie podr\u0119czne Montana 750i pozwala pozosta\u0107 w kontakcie i na trasie, \u0142\u0105cz\u0105c w sobie elastyczno\u015b\u0107 nawigacji po drogach i w terenie z globaln\u0105 obs\u0142ug\u0105 wiadomo\u015bci i interaktywnym systemem SOS za po\u015brednictwem technologii satelitarnej inReach<sup>1<\/sup>.<\/p>\n<p>&nbsp;<\/p>\n<p><img data-recalc-dims=\"1\" loading=\"lazy\" decoding=\"async\" src=\"https:\/\/i0.wp.com\/b2bike.pl\/data\/include\/cms\/GARMIN\/Montana700_pl.png?resize=765%2C148&#038;ssl=1\" alt=\"\" width=\"765\" height=\"148\" border=\"0\" \/><\/p>\n<h2 class=\"app__life-style__text\">Po\u0142\u0105cz si\u0119 w terenie dzi\u0119ki technologii inReach.<\/h2>\n<h3 class=\"app__feature__card__title light left\" data-v-5b9e0d04=\"\" data-test=\"gc__heading\">DWUKIERUNKOWA KOMUNIKACJA<\/h3>\n<p class=\"app__feature__card__description\">Wymieniaj wiadomo\u015bci tekstowe z bliskimi, publikuj tre\u015bci w serwisach spo\u0142eczno\u015bciowych lub komunikuj si\u0119 z innymi u\u017cytkownikami urz\u0105dze\u0144 inReach w terenie\u00a0(wymagana jest aktywna subskrypcja satelitarna).<\/p>\n<h3 class=\"app__feature__card__title light left\" data-v-5b9e0d04=\"\" data-test=\"gc__heading\">INTERAKTYWNA FUNKCJA SOS<\/h3>\n<p class=\"app__feature__card__description\">W sytuacji awaryjnej nadaj interaktywny sygna\u0142 SOS do GEOS \u2014 Mi\u0119dzynarodowego Centrum Koordynacji Reagowania Kryzysowego (IERCC) z ca\u0142odobowym profesjonalnym centrum monitorowania i reagowania firmy Garmin.\u00a0(wymagana jest aktywna subskrypcja satelitarna).<\/p>\n<h3 class=\"app__feature__card__title light left\" data-v-5b9e0d04=\"\" data-test=\"gc__heading\">GLOBALNA \u0141\u0104CZNO\u015a\u0106<\/h3>\n<p class=\"app__feature__card__description\">Wiadomo\u015bci, alerty SOS i informacje umo\u017cliwiaj\u0105ce \u015bledzenie s\u0105 przesy\u0142ane za po\u015brednictwem w 100% globalnej sieci satelitarnej Iridium<sup>\u00ae<\/sup>, a nie sieci kom\u00f3rkowej\u00a0(wymagana jest aktywna subskrypcja satelitarna).<\/p>\n<h3 class=\"app__feature__card__title light left\" data-v-5b9e0d04=\"\" data-test=\"gc__heading\">PROGNOZA POGODY INREACH<\/h3>\n<p class=\"app__feature__card__description\">Us\u0142uga prognozy pogody inReach dostarcza szczeg\u00f3\u0142owe aktualizacje bezpo\u015brednio do urz\u0105dzenia podr\u0119cznego Montana lub sparowanych urz\u0105dze\u0144, dzi\u0119ki czemu wiesz, czego mo\u017cesz si\u0119 spodziewa\u0107 na trasie.<\/p>\n<h2 class=\"app__life-style__text\">B\u0105d\u017a przygotowany. Nawigacja w ka\u017cdej sytuacji.<\/h2>\n<h3 class=\"app__feature__card__title light left\" data-v-5b9e0d04=\"\" data-test=\"gc__heading\">SOLIDNA KONSTRUKCJA<\/h3>\n<p class=\"app__feature__card__description\">To wytrzyma\u0142e i\u00a0wodoszczelne\u00a0urz\u0105dzenie podr\u0119czne zosta\u0142o przetestowane zgodnie z ameryka\u0144skimi standardami wojskowymi i wyposa\u017cone w 5-calowy ekran dotykowy przystosowany do obs\u0142ugi w r\u0119kawicach, kt\u00f3ry jest o 50% wi\u0119kszy ni\u017c w poprzednich modelach Montana.<\/p>\n<h3 class=\"app__feature__card__title light left\" data-v-5b9e0d04=\"\" data-test=\"gc__heading\">MAPY CITY NAVIGATOR<\/h3>\n<p class=\"app__feature__card__description\">Bezproblemowe przej\u015bcie z nawigacji po szlakach do nawigacji po drogach dzi\u0119ki fabrycznie za\u0142adowanym mapom ulicznym\u00a0City Navigator,\u00a0kt\u00f3re prowadz\u0105 u\u017cytkownika za pomoc\u0105 prostych, ale szczeg\u00f3\u0142owych wskaz\u00f3wek nawigacyjnych.<\/p>\n<h3 class=\"app__feature__card__title light left\" data-v-5b9e0d04=\"\" data-test=\"gc__heading\">MAPY EUROPY TOPOACTIVE<\/h3>\n<p class=\"app__feature__card__description\">Aby nawigowa\u0107 w czasie przyg\u00f3d, korzystaj z fabrycznie za\u0142adowanych map Europy TopoActive. Wy\u015bwietlaj wysoko\u015bci, linie brzegowe, rzeki, punkty orientacyjne i wiele innych.<\/p>\n<h3 class=\"app__feature__card__title light left\" data-v-5b9e0d04=\"\" data-test=\"gc__heading\">WIDOK SATELITARNY<\/h3>\n<p class=\"app__feature__card__description\">Korzystaj z funkcji bezpo\u015bredniego pobierania do urz\u0105dzenia\u00a0obraz\u00f3w satelitarnych BirdsEye\u00a0(nie jest wymagana roczna subskrypcja), aby wy\u015bwietla\u0107 realistyczne obrazy i tworzy\u0107 punkty trasy na podstawie punkt\u00f3w orientacyjnych.<\/p>\n<h3 class=\"app__feature__card__title light left\" data-v-5b9e0d04=\"\" data-test=\"gc__heading\">CZUJNIKI ABC<\/h3>\n<p class=\"app__feature__card__description\">Na nowym szlaku korzystaj z czujnik\u00f3w ABC, m.in. wysoko\u015bciomierza, wska\u017anika wysoko\u015bci, barometru, kt\u00f3ry monitoruje pogod\u0119, i 3-osiowego elektronicznego kompasu.<\/p>\n<h3 class=\"app__feature__card__title light left\" data-v-5b9e0d04=\"\" data-test=\"gc__heading\">ACTIVE WEATHER<\/h3>\n<p class=\"app__feature__card__description\">U\u017cyj \u0142\u0105czno\u015bci kom\u00f3rkowej<sup>2<\/sup>, aby uzyska\u0107 dost\u0119p do aktualnych prognoz pogody Active Weather za po\u015brednictwem\u00a0aplikacji Garmin Connect\u2122.<\/p>\n<h3 class=\"app__feature__card__title light left\" data-v-5b9e0d04=\"\" data-test=\"gc__heading\">\u015aLEDZENIE PS\u00d3W<\/h3>\n<p class=\"app__feature__card__description\">Urz\u0105dzenie Montana jest wyposa\u017cone w funkcje dla my\u015bliwych i trener\u00f3w i mo\u017ce zosta\u0107 zsynchronizowane ze zgodnym urz\u0105dzeniem podr\u0119cznym z serii\u00a0Astro<sup>\u00ae<\/sup>\u00a0lub\u00a0Alpha<sup>\u00ae<\/sup>\u00a0(sprzedawane oddzielnie), u\u0142atwiaj\u0105c \u015bledzenie ps\u00f3w my\u015bliwskich w terenie.<\/p>\n<h2 class=\"app__life-style__text\">Pozosta\u0144 na trasie, w\u0119druj\u0105c poza zasi\u0119giem sieci.<\/h2>\n<h3 class=\"app__feature__card__title light left\" data-v-5b9e0d04=\"\" data-test=\"gc__heading\">OBS\u0141UGA WIELU SYSTEM\u00d3W GNSS<\/h3>\n<p class=\"app__feature__card__description\">Dost\u0119p do system\u00f3w satelitarnych GPS, GLONASS i GALILEO umo\u017cliwia urz\u0105dzeniu Montana<sup>\u00ae<\/sup>\u00a0750i \u015bledzenie pozycji w sytuacjach zbyt wymagaj\u0105cych dla samego sygna\u0142u GPS.<\/p>\n<h3 class=\"app__feature__card__title light left\" data-v-5b9e0d04=\"\" data-test=\"gc__heading\">\u015aLEDZENIE<\/h3>\n<p class=\"app__feature__card__description\">\u015aled\u017a swoj\u0105 pozycj\u0119 i udost\u0119pniaj j\u0105 osobom w domu lub w podr\u00f3\u017cy. B\u0119d\u0105 one mog\u0142y zobaczy\u0107 Twoje post\u0119py, a tak\u017ce wysy\u0142a\u0107 do urz\u0105dzenia polecenie ping w celu uzyskania informacji o lokalizacji GPS i nie tylko za po\u015brednictwem internetowej strony udost\u0119pniania podr\u00f3\u017cy MapShare\u2122. (Tylko urz\u0105dzenia Montana 700i, 750i \u2013 wymagana subskrypcja us\u0142ug satelitarnych).<\/p>\n<h3 class=\"app__feature__card__title light left\" data-v-5b9e0d04=\"\" data-test=\"gc__heading\">TRYB EKSPEDYCYJNY<\/h3>\n<p class=\"app__feature__card__description\">W\u0119druj daleko poza zasi\u0119giem sieci. Tryb wyprawy i GPS o bardzo niskim zu\u017cyciu energii umo\u017cliwiaj\u0105 urz\u0105dzeniu Montana na dzia\u0142anie przez co najmniej tydzie\u0144 mi\u0119dzy \u0142adowaniami.<\/p>\n<h3 class=\"app__feature__card__title light left\" data-v-5b9e0d04=\"\" data-test=\"gc__heading\">D\u0141U\u017bSZY CZAS PRACY BATERII<\/h3>\n<p class=\"app__feature__card__description\">Wewn\u0119trzny akumulator litowo-jonowy zapewnia ponad 18 godzin pracy w trybie GPS.<\/p>\n<h3 class=\"app__feature__card__title light left\" data-v-5b9e0d04=\"\" data-test=\"gc__heading\">UCHWYTY SAMOCHODOWE<\/h3>\n<p class=\"app__feature__card__description\">R\u00f3\u017cne uchwyty dla urz\u0105dzenia podr\u0119cznego Montana (sprzedawane oddzielnie) umo\u017cliwiaj\u0105 dostosowanie urz\u0105dzenia nawigacyjnego do u\u017cytku na quadach, \u0142odziach oraz w samochodach, motocyklach, kamperach i innych pojazdach.<\/p>\n<div class=\"app__disclaimer__item\"><sup>1\u00a0<\/sup>Wymaga subskrypcji satelitarnej. W niekt\u00f3rych regionach u\u017cywanie komunikacji satelitarnej jest prawnie regulowane lub zabronione. U\u017cywanie urz\u0105dzenia w danym regionie wymaga od u\u017cytkownika znajomo\u015bci i przestrzegania przepis\u00f3w dotycz\u0105cych ochrony prywatno\u015bci.<\/div>\n<div class=\"app__disclaimer__item\"><sup>2\u00a0<\/sup>W przypadku u\u017cycia w po\u0142\u0105czeniu ze\u00a0zgodnym smartfonem.<\/div>\n<div class=\"app__disclaimer__item\"><\/div>\n<div class=\"app__disclaimer__item\"><\/div>\n<p class=\"app__disclaimer__item\">W pude\u0142ku:<\/p>\n<ul>\n<li>Montana\u00ae 750i<\/li>\n<li>Bateria litowo-jonowa<\/li>\n<li>Przew\u00f3d USB<\/li>\n<li>Documentation<\/li>\n<\/ul>\n<div class=\"app__disclaimer__item\"><\/div>\n<\/div>\n<\/section>\n<section id=\"projector_enclosures\" class=\"enclosures mb-5 col-12\">\n<div class=\"enclosures__label mb-3\"><span class=\"enclosures__label_txt\">DO POBRANIA<\/span><\/div>\n<ul class=\"enclosures__list row\">\n<li class=\"enclosures__item col-12 col-sm-4 col-md-3 mb-2\"><a class=\"enclosures__name --document\" href=\"https:\/\/b2bike.pl\/settings.php?getAttachmentp=2840_10454_c8a1eb0d8a011b6171705dfdb3056023\" target=\"_blank\" rel=\"noopener\">Procedura reklamacyjna<\/a><\/li>\n<li class=\"enclosures__item col-12 col-sm-4 col-md-3 mb-2\"><a class=\"enclosures__name --document\" href=\"https:\/\/b2bike.pl\/settings.php?getAttachmentp=2845_10454_2cdf37927a49d50e22e099b4089aba8f\" target=\"_blank\" rel=\"noopener\">Manual_PL<\/a><\/li>\n<li class=\"enclosures__item col-12 col-sm-4 col-md-3 mb-2\"><a class=\"enclosures__name --document\" href=\"https:\/\/b2bike.pl\/settings.php?getAttachmentp=2846_10454_1c8c364306b9c4cedcf31ac27d2864cb\" target=\"_blank\" rel=\"noopener\">Instrukcja monta\u017cu &#8211; Motocykl\/ATV<\/a><\/li>\n<\/ul>\n<\/section>\n<section id=\"projector_dictionary\" class=\"dictionary col-12 mb-1 mb-sm-4\">\n<div class=\"dictionary__group --first --no-group\">\n<div class=\"dictionary__param row mb-3\" data-producer=\"true\">\n<div class=\"dictionary__name col-6 d-flex flex-column align-items-end\"><span class=\"dictionary__name_txt\">Marka<\/span><\/div>\n<div class=\"dictionary__values col-6\">\n<div class=\"dictionary__value\"><a class=\"dictionary__value_txt\" title=\"Kliknij, by zobaczy\u0107 wszystkie produkty tej marki\" href=\"https:\/\/b2bike.pl\/firm-pol-1614173743-GARMIN.html\">GARMIN<\/a><\/div>\n<\/div>\n<\/div>\n<div class=\"dictionary__param row mb-3\" data-code=\"true\">\n<div class=\"dictionary__name col-6 d-flex flex-column align-items-end\"><span class=\"dictionary__name_txt\">Symbol<\/span><\/div>\n<div class=\"dictionary__values col-6\">\n<div class=\"dictionary__value\"><span class=\"dictionary__value_txt\">010-02347-01<\/span><\/div>\n<\/div>\n<\/div>\n<div class=\"dictionary__param row mb-3\">\n<div class=\"dictionary__name col-6 d-flex flex-column align-items-end\"><span class=\"dictionary__name_txt\">BATERIA<\/span><\/div>\n<div class=\"dictionary__values col-6\">\n<div class=\"dictionary__value\"><span class=\"dictionary__value_txt\">rodzaj: litowo-jonowa<\/span><\/div>\n<div class=\"dictionary__value\"><span class=\"dictionary__value_txt\">czas pracy: do 18 godzin w trybie GPS<\/span><\/div>\n<div class=\"dictionary__value\"><span class=\"dictionary__value_txt\">czas pracy: do 330 godzin w trybie wyprawy<\/span><\/div>\n<div class=\"dictionary__value\"><span class=\"dictionary__value_txt\">czas pracy: do 18 godzin w trybie GPS ze \u015bledzeniem co 10 minut <\/span><\/div>\n<div class=\"dictionary__value\"><span class=\"dictionary__value_txt\">czas pracy: do 300 godzin w trybie wycieczki ze \u015bledzeniem co 30 minut <\/span><\/div>\n<\/div>\n<\/div>\n<div class=\"dictionary__param row mb-3\">\n<div class=\"dictionary__name col-6 d-flex flex-column align-items-end\"><span class=\"dictionary__name_txt\">INTERFEJS<\/span><\/div>\n<div class=\"dictionary__values col-6\">\n<div class=\"dictionary__value\"><span class=\"dictionary__value_txt\">Kompatybilny z szybkim mini USB i NMEA 0183<\/span><\/div>\n<\/div>\n<\/div>\n<div class=\"dictionary__param row mb-3\">\n<div class=\"dictionary__name col-6 d-flex flex-column align-items-end\"><span class=\"dictionary__name_txt\">MAPY<\/span><\/div>\n<div class=\"dictionary__values col-6\">\n<div class=\"dictionary__value\"><span class=\"dictionary__value_txt\">Fabrycznie za\u0142adowane mapy<\/span><\/div>\n<div class=\"dictionary__value\"><span class=\"dictionary__value_txt\">Mo\u017cliwo\u015b\u0107 dodawania map<\/span><\/div>\n<div class=\"dictionary__value\"><span class=\"dictionary__value_txt\">Mapa bazowa<\/span><\/div>\n<div class=\"dictionary__value\"><span class=\"dictionary__value_txt\">Automatyczne wyznaczanie trasy (dok\u0142adna nawigacja po drogach)<\/span><\/div>\n<div class=\"dictionary__value\"><span class=\"dictionary__value_txt\">Automatyczne wyznaczanie tras (szczeg\u00f3\u0142owe wyznaczanie tras na drogach) dla pojazd\u00f3w silnikowych<\/span><\/div>\n<div class=\"dictionary__value\"><span class=\"dictionary__value_txt\">Wycinki mapy: 15 000<\/span><\/div>\n<div class=\"dictionary__value\"><span class=\"dictionary__value_txt\">Birdseye<\/span><\/div>\n<div class=\"dictionary__value\"><span class=\"dictionary__value_txt\">Obejmuje szczeg\u00f3\u0142owe informacje hydrograficzne (linie brzegowe m\u00f3rz, jezior i rzek, tereny podmok\u0142e, a tak\u017ce strumienie sta\u0142e i okresowe)<\/span><\/div>\n<div class=\"dictionary__value\"><span class=\"dictionary__value_txt\">Obejmuje wyszukiwalne punkty szczeg\u00f3lne (parki, kempingi, malownicze punkty obserwacyjne i tereny piknikowe)<\/span><\/div>\n<div class=\"dictionary__value\"><span class=\"dictionary__value_txt\">Wy\u015bwietla krajowe, stanowe i lokalne parki, lasy i dzikie obszary<\/span><\/div>\n<div class=\"dictionary__value\"><span class=\"dictionary__value_txt\">Waypointy\/ulubione\/pozycje: 10 000<\/span><\/div>\n<div class=\"dictionary__value\"><span class=\"dictionary__value_txt\">Wykres \u015bladu: 20 000 punkt\u00f3w, 250 zapisanych tras<\/span><\/div>\n<div class=\"dictionary__value\"><span class=\"dictionary__value_txt\">Trasy: 250, 250 punkt\u00f3w na tras\u0119; 50 punkt\u00f3w automatycznego wyznaczania tras<\/span><\/div>\n<div class=\"dictionary__value\"><span class=\"dictionary__value_txt\">Rejestrowanie RINEX<\/span><\/div>\n<\/div>\n<\/div>\n<div class=\"dictionary__param row mb-3\">\n<div class=\"dictionary__name col-6 d-flex flex-column align-items-end\"><span class=\"dictionary__name_txt\">OG\u00d3LNE<\/span><\/div>\n<div class=\"dictionary__values col-6\">\n<div class=\"dictionary__value\"><span class=\"dictionary__value_txt\">MIL-STD-810 &#8211; na temperatury, wstrz\u0105sy, wod\u0119<\/span><\/div>\n<div class=\"dictionary__value\"><span class=\"dictionary__value_txt\">klasa wodoszczelno\u015bci: IPX7<\/span><\/div>\n<div class=\"dictionary__value\"><span class=\"dictionary__value_txt\">Wbudowany modu\u0142 WIFI<\/span><\/div>\n<div class=\"dictionary__value\"><span class=\"dictionary__value_txt\">Bluetooth<\/span><\/div>\n<\/div>\n<\/div>\n<div class=\"dictionary__param row mb-3\">\n<div class=\"dictionary__name col-6 d-flex flex-column align-items-end\"><span class=\"dictionary__name_txt\">PAMI\u0118\u0106<\/span><\/div>\n<div class=\"dictionary__values col-6\">\n<div class=\"dictionary__value\"><span class=\"dictionary__value_txt\">wewn\u0119trzna: 16 GB<\/span><\/div>\n<div class=\"dictionary__value\"><span class=\"dictionary__value_txt\">zewn\u0119trzna: 32 GB microSD\u2122 (do nabycia osobno)<\/span><\/div>\n<\/div>\n<\/div>\n<div class=\"dictionary__param row mb-3\">\n<div class=\"dictionary__name col-6 d-flex flex-column align-items-end\"><span class=\"dictionary__name_txt\">WYMIARY NAWIGACJI<\/span><\/div>\n<div class=\"dictionary__values col-6\">\n<div class=\"dictionary__value\"><span class=\"dictionary__value_txt\">szeroko\u015b\u0107: 9,19cm<\/span><\/div>\n<div class=\"dictionary__value\"><span class=\"dictionary__value_txt\">wysoko\u015b\u0107: 18,30cm<\/span><\/div>\n<div class=\"dictionary__value\"><span class=\"dictionary__value_txt\">g\u0142\u0119boko\u015b\u0107: 3,27cm<\/span><\/div>\n<div class=\"dictionary__value\"><span class=\"dictionary__value_txt\">waga: 410g<\/span><\/div>\n<\/div>\n<\/div>\n<div class=\"dictionary__param row mb-3\">\n<div class=\"dictionary__name col-6 d-flex flex-column align-items-end\"><span class=\"dictionary__name_txt\">WY\u015aWIETLACZ<\/span><\/div>\n<div class=\"dictionary__values col-6\">\n<div class=\"dictionary__value\"><span class=\"dictionary__value_txt\">Ekran dotykowy<\/span><\/div>\n<div class=\"dictionary__value\"><span class=\"dictionary__value_txt\">przek\u0105tna: 5&#8221;<\/span><\/div>\n<div class=\"dictionary__value\"><span class=\"dictionary__value_txt\">rozdzielczo\u015b\u0107: 480 x 800 px<\/span><\/div>\n<div class=\"dictionary__value\"><span class=\"dictionary__value_txt\">Transreflektywny wy\u015bwietlacz WVGA dzia\u0142aj\u0105cy w dw\u00f3ch po\u0142o\u017ceniach<\/span><\/div>\n<\/div>\n<\/div>\n<div class=\"dictionary__param row mb-3\">\n<div class=\"dictionary__name col-6 d-flex flex-column align-items-end\"><span class=\"dictionary__name_txt\">CZUJNIKI<\/span><\/div>\n<div class=\"dictionary__values col-6\">\n<div class=\"dictionary__value\"><span class=\"dictionary__value_txt\">Bardzo czu\u0142y odbiornik<\/span><\/div>\n<div class=\"dictionary__value\"><span class=\"dictionary__value_txt\">GPS<\/span><\/div>\n<div class=\"dictionary__value\"><span class=\"dictionary__value_txt\">Galileo<\/span><\/div>\n<div class=\"dictionary__value\"><span class=\"dictionary__value_txt\">Wysoko\u015bciomierz barometryczny<\/span><\/div>\n<div class=\"dictionary__value\"><span class=\"dictionary__value_txt\">Kompas<\/span><\/div>\n<div class=\"dictionary__value\"><span class=\"dictionary__value_txt\">Kompas GPS (podczas ruchu)<\/span><\/div>\n<\/div>\n<\/div>\n<div class=\"dictionary__param row mb-3\">\n<div class=\"dictionary__name col-6 d-flex flex-column align-items-end\"><span class=\"dictionary__name_txt\">FUNKCJE TELEFONICZNE PRZYDATNE NA CO DZIE\u0143<\/span><\/div>\n<div class=\"dictionary__values col-6\">\n<div class=\"dictionary__value\"><span class=\"dictionary__value_txt\">Aplikacja CONNECT IQ\u2122 (tarcze zegarka, pola danych, wid\u017cety i aplikacje)<\/span><\/div>\n<div class=\"dictionary__value\"><span class=\"dictionary__value_txt\">Powiadomienia z telefonu w urz\u0105dzeniu podr\u0119cznym<\/span><\/div>\n<div class=\"dictionary__value\"><span class=\"dictionary__value_txt\">Prognoza pogody<\/span><\/div>\n<div class=\"dictionary__value\"><span class=\"dictionary__value_txt\">Pilot VIRB\u00ae<\/span><\/div>\n<div class=\"dictionary__value\"><span class=\"dictionary__value_txt\">Zgodno\u015b\u0107 z GARMIN CONNECT\u2122 MOBILE<\/span><\/div>\n<div class=\"dictionary__value\"><span class=\"dictionary__value_txt\">ACTIVE WEATHER<\/span><\/div>\n<\/div>\n<\/div>\n<div class=\"dictionary__param row mb-3\">\n<div class=\"dictionary__name col-6 d-flex flex-column align-items-end\"><span class=\"dictionary__name_txt\">FUNKCJE BEZPIECZE\u0143STWA I MONITOROWANIA<\/span><\/div>\n<div class=\"dictionary__values col-6\">\n<div class=\"dictionary__value\"><span class=\"dictionary__value_txt\">Aplikacja LIVETRACK<\/span><\/div>\n<\/div>\n<\/div>\n<div class=\"dictionary__param row mb-3\">\n<div class=\"dictionary__name col-6 d-flex flex-column align-items-end\"><span class=\"dictionary__name_txt\">FUNKCJE INREACH<\/span><\/div>\n<div class=\"dictionary__values col-6\">\n<div class=\"dictionary__value\"><span class=\"dictionary__value_txt\">Interaktywna funkcja sos<\/span><\/div>\n<div class=\"dictionary__value\"><span class=\"dictionary__value_txt\">Odbieranie i wysy\u0142anie wiadomo\u015bci tekstowych do innych urz\u0105dze\u0144 INREACH<\/span><\/div>\n<div class=\"dictionary__value\"><span class=\"dictionary__value_txt\">Odbieranie i wysy\u0142anie wiadomo\u015b\u0107 tekstowych na numery sms i adresy e-mail<\/span><\/div>\n<div class=\"dictionary__value\"><span class=\"dictionary__value_txt\">Wymiana lokalizacji z innymi urz\u0105dzeniami INREACH<\/span><\/div>\n<div class=\"dictionary__value\"><span class=\"dictionary__value_txt\">Obs\u0142uga MAPSHARE z funkcj\u0105 \u015bledzenia<\/span><\/div>\n<div class=\"dictionary__value\"><span class=\"dictionary__value_txt\">Wirtualna klawiatura do pisania w\u0142asnych wiadomo\u015bci<\/span><\/div>\n<div class=\"dictionary__value\"><span class=\"dictionary__value_txt\">Wysy\u0142anie punkt\u00f3w trasy do MAPSHARE podczas podr\u00f3\u017cy<\/span><\/div>\n<div class=\"dictionary__value\"><span class=\"dictionary__value_txt\">Wysy\u0142anie wybranej trasy do MAPSHARE podczas podr\u00f3\u017cy<\/span><\/div>\n<div class=\"dictionary__value\"><span class=\"dictionary__value_txt\">Zgodno\u015b\u0107 z INREACH\u00ae<\/span><\/div>\n<\/div>\n<\/div>\n<div class=\"dictionary__param row mb-3\">\n<div class=\"dictionary__name col-6 d-flex flex-column align-items-end\"><span class=\"dictionary__name_txt\">FUNKCJE DLA ZAJ\u0118\u0106 NA POWIETRZU<\/span><\/div>\n<div class=\"dictionary__values col-6\">\n<div class=\"dictionary__value\"><span class=\"dictionary__value_txt\">Nawigacja od punktu do punktu<\/span><\/div>\n<div class=\"dictionary__value\"><span class=\"dictionary__value_txt\">Pomiar powierzchni<\/span><\/div>\n<div class=\"dictionary__value\"><span class=\"dictionary__value_txt\">Kalendarz my\u015bliwski\/w\u0119dkarski<\/span><\/div>\n<div class=\"dictionary__value\"><span class=\"dictionary__value_txt\">Informacje o po\u0142o\u017ceniu s\u0142o\u0144ca i ksi\u0119\u017cyca<\/span><\/div>\n<div class=\"dictionary__value\"><span class=\"dictionary__value_txt\">Pozycje XERO\u2122<\/span><\/div>\n<div class=\"dictionary__value\"><span class=\"dictionary__value_txt\">Obs\u0142uga funkcji GEOCACHE<\/span><\/div>\n<div class=\"dictionary__value\"><span class=\"dictionary__value_txt\">Zgodno\u015b\u0107 z w\u0142asnymi mapami<\/span><\/div>\n<div class=\"dictionary__value\"><span class=\"dictionary__value_txt\">Przegl\u0105darka zdj\u0119\u0107<\/span><\/div>\n<div class=\"dictionary__value\"><span class=\"dictionary__value_txt\">Latarka sygnalizacyjna LED<\/span><\/div>\n<div class=\"dictionary__value\"><span class=\"dictionary__value_txt\">Aparat: 8 megapikseli z autofocusem; automatyczne dodawanie do zdj\u0119\u0107 znacznik\u00f3w geograficznych<\/span><\/div>\n<\/div>\n<\/div>\n<\/div>\n<\/section>\n","protected":false},"excerpt":{"rendered":"<p>GARMIN Nawigacja Satelitarna Montana\u00ae 750i<\/p>\n","protected":false},"featured_media":233,"template":"","meta":{"advanced_seo_description":"","jetpack_seo_html_title":"","jetpack_seo_noindex":false},"product_brand":[],"product_cat":[38],"product_tag":[],"class_list":{"0":"post-232","1":"product","2":"type-product","3":"status-publish","4":"has-post-thumbnail","6":"product_cat-nawigacje","8":"first","9":"instock","10":"sale","11":"taxable","12":"shipping-taxable","13":"purchasable","14":"product-type-simple"},"jetpack_sharing_enabled":true,"_links":{"self":[{"href":"https:\/\/hardshop.hard-adv.com\/index.php\/wp-json\/wp\/v2\/product\/232","targetHints":{"allow":["GET"]}}],"collection":[{"href":"https:\/\/hardshop.hard-adv.com\/index.php\/wp-json\/wp\/v2\/product"}],"about":[{"href":"https:\/\/hardshop.hard-adv.com\/index.php\/wp-json\/wp\/v2\/types\/product"}],"wp:featuredmedia":[{"embeddable":true,"href":"https:\/\/hardshop.hard-adv.com\/index.php\/wp-json\/wp\/v2\/media\/233"}],"wp:attachment":[{"href":"https:\/\/hardshop.hard-adv.com\/index.php\/wp-json\/wp\/v2\/media?parent=232"}],"wp:term":[{"taxonomy":"product_brand","embeddable":true,"href":"https:\/\/hardshop.hard-adv.com\/index.php\/wp-json\/wp\/v2\/product_brand?post=232"},{"taxonomy":"product_cat","embeddable":true,"href":"https:\/\/hardshop.hard-adv.com\/index.php\/wp-json\/wp\/v2\/product_cat?post=232"},{"taxonomy":"product_tag","embeddable":true,"href":"https:\/\/hardshop.hard-adv.com\/index.php\/wp-json\/wp\/v2\/product_tag?post=232"}],"curies":[{"name":"wp","href":"https:\/\/api.w.org\/{rel}","templated":true}]}}