{"id":246,"date":"2024-01-18T12:21:57","date_gmt":"2024-01-18T11:21:57","guid":{"rendered":"http:\/\/hardshop.hard-adv.com\/?post_type=product&#038;p=246"},"modified":"2024-01-18T14:32:28","modified_gmt":"2024-01-18T13:32:28","slug":"garmin-zumo-xt2","status":"publish","type":"product","link":"https:\/\/hardshop.hard-adv.com\/index.php\/produkt\/garmin-zumo-xt2\/","title":{"rendered":"GARMIN z\u016bmo XT2"},"content":{"rendered":"<p><strong>GARMIN z\u016bmo XT2<\/strong><\/p>\n<p>Wytrzyma\u0142a motocyklowa nawigacja satelitarna z\u016bmo XT2 zosta\u0142a stworzona z my\u015bl\u0105 o ekscytuj\u0105cych przygodach w ka\u017cdym terenie. Posiada wi\u0119kszy i ja\u015bniejszy, czytelny w s\u0142o\u0144cu wy\u015bwietlacz o przek\u0105tnej 6&#8243;, odporny na warunki atmosferyczne i drgania kierownicy. Nowy wizualny planer trasy pozwala na dostosowanie podr\u00f3\u017cy do w\u0142asnych potrzeb dzi\u0119ki opcji wyboru mi\u0119dzy emocjonuj\u0105c\u0105 jazd\u0105 z zakr\u0119tami a bardziej wydajn\u0105 tras\u0105. Aby \u015bledzi\u0107 swoich znajomych na wy\u015bwietlaczu z\u016bmo (wymaga u\u017cycia aplikacji Tread\u00ae na smartfony) mo\u017cna skorzysta\u0107 z funkcji jazdy grupowej. Na urz\u0105dzeniu sprawdzi\u0107 mo\u017cna tak\u017ce popularne szlaki motocyklowe, malownicze trasy MICHELIN Scenic Roads i zdj\u0119cia satelitarne, aby znale\u017a\u0107 nowe, ciekawe miejsca, a nast\u0119pnie podzieli\u0107 si\u0119 szczeg\u00f3\u0142ami swojej jazdy, w tym informacjami o przyspieszeniu i deceleracji. z\u016bmo XT2\u00a0 powsta\u0142a dla wszystkich motocyklist\u00f3w poszukuj\u0105cych niezawodnej nawigacji satelitarnej, po to, by mogli czerpa\u0107 wi\u0119cej rado\u015bci z jazdy.<\/p>\n<p>&nbsp;<\/p>\n<p><strong>ULTRAJASNY WY\u015aWIETLACZ<\/strong><\/p>\n<p>6-calowy jasny wy\u015bwietlacz jest o 15% wi\u0119kszy od poprzednich modeli i oferuje jeszcze lepsz\u0105 rozdzielczo\u015b\u0107 HD w orientacji pionowej lub poziomej.<\/p>\n<p>&nbsp;<\/p>\n<p><strong>ZAPROJEKTOWANA, BY PRZETRWA\u0106<\/strong><\/p>\n<p>Deszcz? Drgania? Kurz? To w niczym nie przeszkadza. Urz\u0105dzenie jest zbudowane tak, aby przetrwa\u0107 w ka\u017cdych warunkach pogodowych (IPX7).<\/p>\n<p>&nbsp;<\/p>\n<p><strong>WIZUALNY PLANER TRAS\u00a0<\/strong><\/p>\n<p>Mo\u017cna zaplanowa\u0107 niestandardow\u0105 tras\u0119 bezpo\u015brednio na urz\u0105dzeniu lub skorzysta\u0107 z aplikacji Tread\u00ae na kompatybilnym smartfonie.<\/p>\n<p>&nbsp;<\/p>\n<p><strong>GROUP RIDE MOBILE<\/strong><\/p>\n<p>Aby \u015bledzi\u0107 znajomych za pomoc\u0105 funkcji Group Ride Mobile1, nale\u017cy skorzysta\u0107 z mapy na swoim smartfonie i\/lub urz\u0105dzenia z\u016bmo XT2.<\/p>\n<p>&nbsp;<\/p>\n<p><strong>MICHELIN Scenic Roads<\/strong><\/p>\n<p>Zaplanuj niezapomniane podr\u00f3\u017ce z MICHELIN Scenic Roads. Z \u0142atwo\u015bci\u0105 mo\u017cna je w\u0142\u0105czy\u0107 do planu swojej podr\u00f3\u017cy dzi\u0119ki wizualnemu planowaniu trasy lub wybra\u0107 je spontanicznie, zaznaczaj\u0105c zielon\u0105 tras\u0119 bezpo\u015brednio na mapie.<\/p>\n<p>&nbsp;<\/p>\n<p><strong>POPULARNE DROGI<\/strong><\/p>\n<p>\u0141atwy dost\u0119p do popularnych tras motocyklowych, po kt\u00f3rych je\u017cd\u017c\u0105 inni kierowcy, pozwala znale\u017a\u0107 nowe, ekscytuj\u0105ce szlaki.<\/p>\n<p>&nbsp;<\/p>\n<p><strong>UDOSKONALONE GARMIN ADVENTUROUS ROUTING\u2122<\/strong><\/p>\n<p>Proste drogi s\u0105 nudne. Urz\u0105dzenie pozwala znale\u017a\u0107 najbardziej ekscytuj\u0105ce trasy ze wzg\u00f3rzami, zakr\u0119tami i malowniczymi widokami i wybra\u0107 jeden z 4 poziom\u00f3w trudno\u015bci.<\/p>\n<p>&nbsp;<\/p>\n<p><strong>PODSUMOWANIA JAZDY<\/strong><\/p>\n<p>Aplikacja Tread umo\u017cliwia przegl\u0105danie szczeg\u00f3\u0142\u00f3w dotycz\u0105cych jazdy, w tym pr\u0119dko\u015bci, przyspieszenia, zwalniania, wzniesie\u0144 i innych.<\/p>\n<p>&nbsp;<\/p>\n<p><strong>ZIELONY PRZEWODNIK MICHELIN<\/strong><\/p>\n<p>Zielony Przewodnik MICHELIN ze zdj\u0119ciami, szczeg\u00f3\u0142owymi opisami oraz ocenami, pozwala zorientowa\u0107 si\u0119, co jest warte odwiedzenia.<\/p>\n<p>&nbsp;<\/p>\n<p><strong>CIEKAWE MIEJSCA I LOKALNE PUNKTY<\/strong><\/p>\n<p>Odkryj najlepsze miejsca wzd\u0142u\u017c swojej trasy dzi\u0119ki sugestiom ciekawych punkt\u00f3w oraz lokalne miejsca do odwiedzenia i interesuj\u0105ce atrakcje do wypr\u00f3bowania w pobli\u017cu aktualnej lokalizacji.<\/p>\n<p>&nbsp;<\/p>\n<p><strong>\u0141ATWE PRZE\u0141\u0104CZANIE MAP\u00a0<\/strong><\/p>\n<p>Szybkie prze\u0142\u0105czanie mi\u0119dzy mapami drogowymi, topograficznymi i satelitarnymi, aby zawsze mie\u0107 map\u0119 idealnie dopasowan\u0105 do jazdy<\/p>\n<p>&nbsp;<\/p>\n<p><strong>MAPY CA\u0141EGO \u015aWIATA<\/strong><\/p>\n<p>Wbudowane mapy topograficzne z mapami 3D terenu i ulic dla Europy i Bliskiego Wschodu. Mapy Afryki, w tym Tracks4Africa, Ameryki P\u00f3\u0142nocnej i Po\u0142udniowej, Australii i Nowej Zelandii s\u0105 dost\u0119pne jako bezp\u0142atne pliki do pobrania za po\u015brednictwem strony garmin.com\/express.<\/p>\n<p>&nbsp;<\/p>\n<p><strong>POWIADOMIENIA O WYPADKACH<\/strong><\/p>\n<p>W przypadku wyst\u0105pienia wypadku, wiadomo\u015b\u0107 tekstowa z informacj\u0105 o lokalizacji jest automatycznie wysy\u0142ana do wcze\u015bniej wybranego kontaktu4.<\/p>\n<p>&nbsp;<\/p>\n<p><strong>APLIKACJA TREAD\u00ae<\/strong><\/p>\n<p>Po po\u0142\u0105czeniu z aplikacj\u0105 Tread na smartfonie, z\u016bmo XT2 mo\u017ce wy\u015bwietla\u0107 aktualizacje pogody na \u017cywo, inteligentne powiadomienia i wiele wi\u0119cej. Mo\u017cliwa jest synchronizacja swoich punkt\u00f3w orientacyjnych, szlak\u00f3w i tras na wszystkich urz\u0105dzeniach, korzystanie z wizualnego Planera Tras do wyznaczania w\u0142asnych tras, \u0142atwe importowanie i udost\u0119pnianie plik\u00f3w GPX oraz \u015bledzenie znajomych na ekranie telefonu lub z\u016bmo XT2 za pomoc\u0105 aplikacji Group Ride Mobile. Ponadto, mo\u017cna przegl\u0105da\u0107 i udost\u0119pnia\u0107 podsumowania jazdy z danymi takimi jak przyspieszenie, przeci\u0105\u017cenie, pr\u0119dko\u015b\u0107 i inne parametry.<\/p>\n<p>&nbsp;<\/p>\n<p><strong>ZAWARTO\u015a\u0106 PUDE\u0141KA:<\/strong><\/p>\n<ul>\n<li>z\u016bmo\u00ae XT2<\/li>\n<li>Uchwyt motocyklowy i elementy monta\u017cowe<\/li>\n<li>Motocyklowy przew\u00f3d zasilaj\u0105cy<\/li>\n<li>Przew\u00f3d do \u0142adowania\/transferu danych<\/li>\n<li>Instrukcja<\/li>\n<\/ul>\n","protected":false},"excerpt":{"rendered":"<p>Nawigacja GARMIN z\u016bmo XT2<\/p>\n","protected":false},"featured_media":247,"template":"","meta":{"advanced_seo_description":"","jetpack_seo_html_title":"","jetpack_seo_noindex":false},"product_brand":[],"product_cat":[38],"product_tag":[],"class_list":{"0":"post-246","1":"product","2":"type-product","3":"status-publish","4":"has-post-thumbnail","6":"product_cat-nawigacje","8":"first","9":"instock","10":"sale","11":"taxable","12":"shipping-taxable","13":"purchasable","14":"product-type-simple"},"jetpack_sharing_enabled":true,"_links":{"self":[{"href":"https:\/\/hardshop.hard-adv.com\/index.php\/wp-json\/wp\/v2\/product\/246","targetHints":{"allow":["GET"]}}],"collection":[{"href":"https:\/\/hardshop.hard-adv.com\/index.php\/wp-json\/wp\/v2\/product"}],"about":[{"href":"https:\/\/hardshop.hard-adv.com\/index.php\/wp-json\/wp\/v2\/types\/product"}],"wp:featuredmedia":[{"embeddable":true,"href":"https:\/\/hardshop.hard-adv.com\/index.php\/wp-json\/wp\/v2\/media\/247"}],"wp:attachment":[{"href":"https:\/\/hardshop.hard-adv.com\/index.php\/wp-json\/wp\/v2\/media?parent=246"}],"wp:term":[{"taxonomy":"product_brand","embeddable":true,"href":"https:\/\/hardshop.hard-adv.com\/index.php\/wp-json\/wp\/v2\/product_brand?post=246"},{"taxonomy":"product_cat","embeddable":true,"href":"https:\/\/hardshop.hard-adv.com\/index.php\/wp-json\/wp\/v2\/product_cat?post=246"},{"taxonomy":"product_tag","embeddable":true,"href":"https:\/\/hardshop.hard-adv.com\/index.php\/wp-json\/wp\/v2\/product_tag?post=246"}],"curies":[{"name":"wp","href":"https:\/\/api.w.org\/{rel}","templated":true}]}}