{"id":251,"date":"2024-01-18T12:35:03","date_gmt":"2024-01-18T11:35:03","guid":{"rendered":"http:\/\/hardshop.hard-adv.com\/?post_type=product&#038;p=251"},"modified":"2024-01-18T12:35:04","modified_gmt":"2024-01-18T11:35:04","slug":"garmin-uchwyt-na-kierownice","status":"publish","type":"product","link":"https:\/\/hardshop.hard-adv.com\/index.php\/produkt\/garmin-uchwyt-na-kierownice\/","title":{"rendered":"GARMIN Uchwyt na kierownic\u0119"},"content":{"rendered":"<p>Zabierz ze sob\u0105 urz\u0105dzenie Montana\u2122 w dowolne miejsce dzi\u0119ki uchwytowi na kierownic\u0119. Wystarczy zatrzasn\u0105\u0107 urz\u0105dzenie w wybranej orientacji \u2014 pionowo lub poziomo \u2014 na solidnym uchwycie zgodnym ze wszystkimi standardowymi kierownicami rowerowymi. I ju\u017c mo\u017cesz wyruszy\u0107 na kolejn\u0105 wycieczk\u0119 rowerow\u0105 lub prze\u017cy\u0107 na rowerze przygod\u0119 w g\u00f3rach.<\/p>\n<p>Zestaw zawiera gumow\u0105 podk\u0142adk\u0119, kt\u00f3ra zapewnia lepsze przyleganie uchwytu do kierownicy i zapobiega obracaniu si\u0119 uchwytu podczas wstrz\u0105s\u00f3w. W zestawie znajduje si\u0119 tak\u017ce osprz\u0119t i instrukcja.<\/p>\n","protected":false},"excerpt":{"rendered":"<p>Zabierz ze sob\u0105 urz\u0105dzenie Montana\u2122 w dowolne miejsce dzi\u0119ki uchwytowi na kierownic\u0119. Wystarczy zatrzasn\u0105\u0107 urz\u0105dzenie w wybranej orientacji \u2014 pionowo lub poziomo \u2014 na solidnym uchwycie zgodnym ze wszystkimi standardowymi kierownicami rowerowymi. I ju\u017c mo\u017cesz wyruszy\u0107 na kolejn\u0105 wycieczk\u0119 rowerow\u0105 lub prze\u017cy\u0107 na rowerze przygod\u0119 w g\u00f3rach. Zestaw zawiera gumow\u0105 podk\u0142adk\u0119, kt\u00f3ra zapewnia lepsze przyleganie [&hellip;]<\/p>\n","protected":false},"featured_media":252,"template":"","meta":{"advanced_seo_description":"","jetpack_seo_html_title":"","jetpack_seo_noindex":false},"product_brand":[],"product_cat":[38],"product_tag":[],"class_list":{"0":"post-251","1":"product","2":"type-product","3":"status-publish","4":"has-post-thumbnail","6":"product_cat-nawigacje","8":"first","9":"instock","10":"sale","11":"taxable","12":"shipping-taxable","13":"purchasable","14":"product-type-simple"},"jetpack_sharing_enabled":true,"_links":{"self":[{"href":"https:\/\/hardshop.hard-adv.com\/index.php\/wp-json\/wp\/v2\/product\/251","targetHints":{"allow":["GET"]}}],"collection":[{"href":"https:\/\/hardshop.hard-adv.com\/index.php\/wp-json\/wp\/v2\/product"}],"about":[{"href":"https:\/\/hardshop.hard-adv.com\/index.php\/wp-json\/wp\/v2\/types\/product"}],"wp:featuredmedia":[{"embeddable":true,"href":"https:\/\/hardshop.hard-adv.com\/index.php\/wp-json\/wp\/v2\/media\/252"}],"wp:attachment":[{"href":"https:\/\/hardshop.hard-adv.com\/index.php\/wp-json\/wp\/v2\/media?parent=251"}],"wp:term":[{"taxonomy":"product_brand","embeddable":true,"href":"https:\/\/hardshop.hard-adv.com\/index.php\/wp-json\/wp\/v2\/product_brand?post=251"},{"taxonomy":"product_cat","embeddable":true,"href":"https:\/\/hardshop.hard-adv.com\/index.php\/wp-json\/wp\/v2\/product_cat?post=251"},{"taxonomy":"product_tag","embeddable":true,"href":"https:\/\/hardshop.hard-adv.com\/index.php\/wp-json\/wp\/v2\/product_tag?post=251"}],"curies":[{"name":"wp","href":"https:\/\/api.w.org\/{rel}","templated":true}]}}