{"id":258,"date":"2024-01-18T13:48:21","date_gmt":"2024-01-18T12:48:21","guid":{"rendered":"http:\/\/hardshop.hard-adv.com\/?post_type=product&#038;p=258"},"modified":"2024-01-27T13:18:34","modified_gmt":"2024-01-27T12:18:34","slug":"cardo-packtalk-edge-2nd-helmet-kit-jbl","status":"publish","type":"product","link":"https:\/\/hardshop.hard-adv.com\/index.php\/produkt\/cardo-packtalk-edge-2nd-helmet-kit-jbl\/","title":{"rendered":"CARDO PACKTALK EDGE 2nd Helmet Kit JBL"},"content":{"rendered":"<p>Zestaw monta\u017cowy, zapewniaj\u0105cy komfort szybkiego przek\u0142adania centralki pomi\u0119dzy dwoma kaskami.<\/p>\n<p>W zestawie znajduje si\u0119 wszystko co potrzebne, do monta\u017cu w kasku:<br \/>\nmikrofon z przewodem, mikrofon hybrydowy\/na pa\u0142\u0105ku, podstawa\/baza centralki i 40mm\u00a0<strong>g\u0142o\u015bniki JBL<\/strong>.<\/p>\n<p>W komplecie s\u0105 r\u00f3wnie\u017c wszystkie akcesoria potrzebne do monta\u017cu (\u015bciereczki odt\u0142uszczaj\u0105ce i naklejki).<\/p>\n","protected":false},"excerpt":{"rendered":"<p>CARDO PACKTALK EDGE 2nd Helmet Kit JBL<\/p>\n","protected":false},"featured_media":259,"template":"","meta":{"advanced_seo_description":"","jetpack_seo_html_title":"","jetpack_seo_noindex":false},"product_brand":[],"product_cat":[25],"product_tag":[],"class_list":{"0":"post-258","1":"product","2":"type-product","3":"status-publish","4":"has-post-thumbnail","6":"product_cat-komunikacja","8":"first","9":"instock","10":"taxable","11":"shipping-taxable","12":"purchasable","13":"product-type-simple"},"jetpack_sharing_enabled":true,"_links":{"self":[{"href":"https:\/\/hardshop.hard-adv.com\/index.php\/wp-json\/wp\/v2\/product\/258","targetHints":{"allow":["GET"]}}],"collection":[{"href":"https:\/\/hardshop.hard-adv.com\/index.php\/wp-json\/wp\/v2\/product"}],"about":[{"href":"https:\/\/hardshop.hard-adv.com\/index.php\/wp-json\/wp\/v2\/types\/product"}],"wp:featuredmedia":[{"embeddable":true,"href":"https:\/\/hardshop.hard-adv.com\/index.php\/wp-json\/wp\/v2\/media\/259"}],"wp:attachment":[{"href":"https:\/\/hardshop.hard-adv.com\/index.php\/wp-json\/wp\/v2\/media?parent=258"}],"wp:term":[{"taxonomy":"product_brand","embeddable":true,"href":"https:\/\/hardshop.hard-adv.com\/index.php\/wp-json\/wp\/v2\/product_brand?post=258"},{"taxonomy":"product_cat","embeddable":true,"href":"https:\/\/hardshop.hard-adv.com\/index.php\/wp-json\/wp\/v2\/product_cat?post=258"},{"taxonomy":"product_tag","embeddable":true,"href":"https:\/\/hardshop.hard-adv.com\/index.php\/wp-json\/wp\/v2\/product_tag?post=258"}],"curies":[{"name":"wp","href":"https:\/\/api.w.org\/{rel}","templated":true}]}}