{"id":264,"date":"2024-01-18T18:34:33","date_gmt":"2024-01-18T17:34:33","guid":{"rendered":"http:\/\/hardshop.hard-adv.com\/?post_type=product&#038;p=264"},"modified":"2024-01-18T18:40:24","modified_gmt":"2024-01-18T17:40:24","slug":"kit-rally-yamaha-tenere-700-4k-partiali-homologacja-drogowa","status":"publish","type":"product","link":"https:\/\/hardshop.hard-adv.com\/index.php\/produkt\/kit-rally-yamaha-tenere-700-4k-partiali-homologacja-drogowa\/","title":{"rendered":"KIT RALLY YAMAHA TENERE 700 4K Partiali Homologacja Drogowa"},"content":{"rendered":"<p>Szczeg\u00f3\u0142y Produktu<br \/>\nUPC: 12-1<\/p>\n<p>Oszcz\u0119dno\u015b\u0107 1200 g w stosunku do orygina\u0142u<\/p>\n<p>Aluminiowa konstrukcja no\u015bna zaprojektowana tak, aby wytrzyma\u0107 najci\u0119\u017csze napr\u0119\u017cenia i zwymiarowana tak, aby zapewni\u0107 minimaln\u0105 wag\u0119 i maksymaln\u0105 sztywno\u015b\u0107<\/p>\n<p>Zwi\u0119kszona widoczno\u015b\u0107 podczas jazdy<br \/>\nZestaw jest dostarczany w WERSJI NIEZAATWIERDZONEJ z 2 diodami LED o mocy 4000 lumen\u00f3w ka\u017cda, zapewniaj\u0105cymi niespotykane dot\u0105d widzenie w nocy i zr\u00f3\u017cnicowany strumie\u0144 \u015bwiat\u0142a mi\u0119dzy \u015bwiat\u0142ami mijania i drogowymi<\/p>\n<p><strong>2 reflektory LED Hella M60 z homologacj\u0105 ECE w zestawie!!!!!!<\/strong><\/p>\n<p>Szyba przezroczysta wykonana wed\u0142ug naszego projektu<\/p>\n<p>Zestaw nie jest kompatybilny z monta\u017cem gmoli g\u00f3rnych, kt\u00f3re wykorzystuj\u0105 mocowanie do ramy, mo\u017ce by\u0107 konieczna modyfikacja p\u0142ytki mocuj\u0105cej<\/p>\n","protected":false},"excerpt":{"rendered":"<p>Wierza Nawigacyjna Tenere 700<\/p>\n<p>Produkt na zamowienie czas dostawy do 7dni<\/p>\n","protected":false},"featured_media":265,"template":"","meta":{"advanced_seo_description":"","jetpack_seo_html_title":"","jetpack_seo_noindex":false},"product_brand":[],"product_cat":[37,40],"product_tag":[],"class_list":{"0":"post-264","1":"product","2":"type-product","3":"status-publish","4":"has-post-thumbnail","6":"product_cat-tenere-700","7":"product_cat-wieze-nawigacyjne","9":"first","10":"onbackorder","11":"sale","12":"taxable","13":"shipping-taxable","14":"purchasable","15":"product-type-simple"},"jetpack_sharing_enabled":true,"_links":{"self":[{"href":"https:\/\/hardshop.hard-adv.com\/index.php\/wp-json\/wp\/v2\/product\/264","targetHints":{"allow":["GET"]}}],"collection":[{"href":"https:\/\/hardshop.hard-adv.com\/index.php\/wp-json\/wp\/v2\/product"}],"about":[{"href":"https:\/\/hardshop.hard-adv.com\/index.php\/wp-json\/wp\/v2\/types\/product"}],"wp:featuredmedia":[{"embeddable":true,"href":"https:\/\/hardshop.hard-adv.com\/index.php\/wp-json\/wp\/v2\/media\/265"}],"wp:attachment":[{"href":"https:\/\/hardshop.hard-adv.com\/index.php\/wp-json\/wp\/v2\/media?parent=264"}],"wp:term":[{"taxonomy":"product_brand","embeddable":true,"href":"https:\/\/hardshop.hard-adv.com\/index.php\/wp-json\/wp\/v2\/product_brand?post=264"},{"taxonomy":"product_cat","embeddable":true,"href":"https:\/\/hardshop.hard-adv.com\/index.php\/wp-json\/wp\/v2\/product_cat?post=264"},{"taxonomy":"product_tag","embeddable":true,"href":"https:\/\/hardshop.hard-adv.com\/index.php\/wp-json\/wp\/v2\/product_tag?post=264"}],"curies":[{"name":"wp","href":"https:\/\/api.w.org\/{rel}","templated":true}]}}