{"id":282,"date":"2024-01-18T20:15:16","date_gmt":"2024-01-18T19:15:16","guid":{"rendered":"https:\/\/hardshop.hard-adv.com\/?post_type=product&#038;p=282"},"modified":"2024-01-18T20:22:58","modified_gmt":"2024-01-18T19:22:58","slug":"sunstar-zebatka-tylna-4385-48-yamaha-tenere-world-raid-700-19-23-jtr1876-48-lanc-525-438548jt","status":"publish","type":"product","link":"https:\/\/hardshop.hard-adv.com\/index.php\/produkt\/sunstar-zebatka-tylna-4385-48-yamaha-tenere-world-raid-700-19-23-jtr1876-48-lanc-525-438548jt\/","title":{"rendered":"SUNSTAR Z\u0118BATKA TYLNA 4385 48 z\u0119b\u00f3w  YAMAHA Tenere \/WORLD RAID 700 19-23  (JTR1876.48) (\u0141A\u0143C. 525) (438548JT)"},"content":{"rendered":"<h1 class=\"page-title-ui page-title-lq \">SUNSTAR Z\u0118BATKA TYLNA 4385 48 YAMAHA Tenere \/WORLD RAID 700 19-23 (JTR1876.48) (\u0141A\u0143C. 525) (438548JT<\/h1>\n","protected":false},"excerpt":{"rendered":"<p>Z\u0119batka tylna 48 z\u0119b\u00f3w Tenere 700<\/p>\n","protected":false},"featured_media":283,"template":"","meta":{"advanced_seo_description":"","jetpack_seo_html_title":"","jetpack_seo_noindex":false},"product_brand":[],"product_cat":[39],"product_tag":[],"class_list":{"0":"post-282","1":"product","2":"type-product","3":"status-publish","4":"has-post-thumbnail","6":"product_cat-naped","8":"first","9":"instock","10":"taxable","11":"shipping-taxable","12":"purchasable","13":"product-type-simple"},"jetpack_sharing_enabled":true,"_links":{"self":[{"href":"https:\/\/hardshop.hard-adv.com\/index.php\/wp-json\/wp\/v2\/product\/282","targetHints":{"allow":["GET"]}}],"collection":[{"href":"https:\/\/hardshop.hard-adv.com\/index.php\/wp-json\/wp\/v2\/product"}],"about":[{"href":"https:\/\/hardshop.hard-adv.com\/index.php\/wp-json\/wp\/v2\/types\/product"}],"wp:featuredmedia":[{"embeddable":true,"href":"https:\/\/hardshop.hard-adv.com\/index.php\/wp-json\/wp\/v2\/media\/283"}],"wp:attachment":[{"href":"https:\/\/hardshop.hard-adv.com\/index.php\/wp-json\/wp\/v2\/media?parent=282"}],"wp:term":[{"taxonomy":"product_brand","embeddable":true,"href":"https:\/\/hardshop.hard-adv.com\/index.php\/wp-json\/wp\/v2\/product_brand?post=282"},{"taxonomy":"product_cat","embeddable":true,"href":"https:\/\/hardshop.hard-adv.com\/index.php\/wp-json\/wp\/v2\/product_cat?post=282"},{"taxonomy":"product_tag","embeddable":true,"href":"https:\/\/hardshop.hard-adv.com\/index.php\/wp-json\/wp\/v2\/product_tag?post=282"}],"curies":[{"name":"wp","href":"https:\/\/api.w.org\/{rel}","templated":true}]}}