{"id":284,"date":"2024-01-18T20:20:01","date_gmt":"2024-01-18T19:20:01","guid":{"rendered":"https:\/\/hardshop.hard-adv.com\/?post_type=product&#038;p=284"},"modified":"2024-01-18T20:20:50","modified_gmt":"2024-01-18T19:20:50","slug":"sunstar-zebatka-tylna-4385-46-zebow-yamaha-tenere-700-jtr1876-46-438545jt","status":"publish","type":"product","link":"https:\/\/hardshop.hard-adv.com\/index.php\/produkt\/sunstar-zebatka-tylna-4385-46-zebow-yamaha-tenere-700-jtr1876-46-438545jt\/","title":{"rendered":"SUNSTAR Z\u0118BATKA TYLNA 4385 46 z\u0119b\u00f3w  YAMAHA Tenere 700 (JTR1876.46) (438545JT"},"content":{"rendered":"<p>SUNSTAR Z\u0118BATKA TYLNA 4385 46 YAMAHA Tenere 700 (JTR1876.46) (438545JT<\/p>\n","protected":false},"excerpt":{"rendered":"<p>Z\u0119batka Tylna 46 Z\u0119b\u00f3w OEM Tenere 700<\/p>\n","protected":false},"featured_media":285,"template":"","meta":{"advanced_seo_description":"","jetpack_seo_html_title":"","jetpack_seo_noindex":false},"product_brand":[],"product_cat":[39],"product_tag":[],"class_list":{"0":"post-284","1":"product","2":"type-product","3":"status-publish","4":"has-post-thumbnail","6":"product_cat-naped","8":"first","9":"instock","10":"taxable","11":"shipping-taxable","12":"purchasable","13":"product-type-simple"},"jetpack_sharing_enabled":true,"_links":{"self":[{"href":"https:\/\/hardshop.hard-adv.com\/index.php\/wp-json\/wp\/v2\/product\/284","targetHints":{"allow":["GET"]}}],"collection":[{"href":"https:\/\/hardshop.hard-adv.com\/index.php\/wp-json\/wp\/v2\/product"}],"about":[{"href":"https:\/\/hardshop.hard-adv.com\/index.php\/wp-json\/wp\/v2\/types\/product"}],"wp:featuredmedia":[{"embeddable":true,"href":"https:\/\/hardshop.hard-adv.com\/index.php\/wp-json\/wp\/v2\/media\/285"}],"wp:attachment":[{"href":"https:\/\/hardshop.hard-adv.com\/index.php\/wp-json\/wp\/v2\/media?parent=284"}],"wp:term":[{"taxonomy":"product_brand","embeddable":true,"href":"https:\/\/hardshop.hard-adv.com\/index.php\/wp-json\/wp\/v2\/product_brand?post=284"},{"taxonomy":"product_cat","embeddable":true,"href":"https:\/\/hardshop.hard-adv.com\/index.php\/wp-json\/wp\/v2\/product_cat?post=284"},{"taxonomy":"product_tag","embeddable":true,"href":"https:\/\/hardshop.hard-adv.com\/index.php\/wp-json\/wp\/v2\/product_tag?post=284"}],"curies":[{"name":"wp","href":"https:\/\/api.w.org\/{rel}","templated":true}]}}