{"id":286,"date":"2024-01-18T20:26:31","date_gmt":"2024-01-18T19:26:31","guid":{"rendered":"https:\/\/hardshop.hard-adv.com\/?post_type=product&#038;p=286"},"modified":"2024-01-18T20:26:42","modified_gmt":"2024-01-18T19:26:42","slug":"jt-zebatka-przednia-2091-15-zebow-yamaha-tenere-700-209115jt-lanc-525","status":"publish","type":"product","link":"https:\/\/hardshop.hard-adv.com\/index.php\/produkt\/jt-zebatka-przednia-2091-15-zebow-yamaha-tenere-700-209115jt-lanc-525\/","title":{"rendered":"JT Z\u0118BATKA PRZEDNIA 2091 15 z\u0119b\u00f3w  YAMAHA Tenere 700 (209115JT) (\u0141A\u0143C. 525)"},"content":{"rendered":"<p>JT Z\u0118BATKA PRZEDNIA 2091 15 z\u0119b\u00f3w YAMAHA Tenere 700 (209115JT) (\u0141A\u0143C. 525)<\/p>\n","protected":false},"excerpt":{"rendered":"<p>JT Z\u0118BATKA PRZEDNIA 2091 15 z\u0119b\u00f3w YAMAHA Tenere 700 (209115JT) (\u0141A\u0143C. 525)<\/p>\n","protected":false},"featured_media":287,"template":"","meta":{"advanced_seo_description":"","jetpack_seo_html_title":"","jetpack_seo_noindex":false},"product_brand":[],"product_cat":[39],"product_tag":[],"class_list":{"0":"post-286","1":"product","2":"type-product","3":"status-publish","4":"has-post-thumbnail","6":"product_cat-naped","8":"first","9":"instock","10":"taxable","11":"shipping-taxable","12":"purchasable","13":"product-type-simple"},"jetpack_sharing_enabled":true,"_links":{"self":[{"href":"https:\/\/hardshop.hard-adv.com\/index.php\/wp-json\/wp\/v2\/product\/286","targetHints":{"allow":["GET"]}}],"collection":[{"href":"https:\/\/hardshop.hard-adv.com\/index.php\/wp-json\/wp\/v2\/product"}],"about":[{"href":"https:\/\/hardshop.hard-adv.com\/index.php\/wp-json\/wp\/v2\/types\/product"}],"wp:featuredmedia":[{"embeddable":true,"href":"https:\/\/hardshop.hard-adv.com\/index.php\/wp-json\/wp\/v2\/media\/287"}],"wp:attachment":[{"href":"https:\/\/hardshop.hard-adv.com\/index.php\/wp-json\/wp\/v2\/media?parent=286"}],"wp:term":[{"taxonomy":"product_brand","embeddable":true,"href":"https:\/\/hardshop.hard-adv.com\/index.php\/wp-json\/wp\/v2\/product_brand?post=286"},{"taxonomy":"product_cat","embeddable":true,"href":"https:\/\/hardshop.hard-adv.com\/index.php\/wp-json\/wp\/v2\/product_cat?post=286"},{"taxonomy":"product_tag","embeddable":true,"href":"https:\/\/hardshop.hard-adv.com\/index.php\/wp-json\/wp\/v2\/product_tag?post=286"}],"curies":[{"name":"wp","href":"https:\/\/api.w.org\/{rel}","templated":true}]}}