{"id":288,"date":"2024-01-18T20:57:02","date_gmt":"2024-01-18T19:57:02","guid":{"rendered":"https:\/\/hardshop.hard-adv.com\/?post_type=product&#038;p=288"},"modified":"2024-01-18T20:59:07","modified_gmt":"2024-01-18T19:59:07","slug":"kolektor-ss-yamaha-tenere-700-akrapovic","status":"publish","type":"product","link":"https:\/\/hardshop.hard-adv.com\/index.php\/produkt\/kolektor-ss-yamaha-tenere-700-akrapovic\/","title":{"rendered":"KOLEKTOR  SS YAMAHA TENERE 700 AKRAPOVIC"},"content":{"rendered":"<p>HEADER SS YAMAHA TENERE 700<\/p>\n<div class=\"tabs tabs3\">\n<div class=\"active\" data-tab=\"information\">\n<div class=\"row\">\n<div class=\"col-xs-12\">\n<p><strong>For best performance, throttle response and durability special mapping is recommended<\/strong><\/p>\n<\/div>\n<\/div>\n<div class=\"clear h40\">Brand<\/div>\n<div class=\"row\">\n<div class=\"col-6 col-lg-4\">\n<div class=\"info\">\n<div class=\"value\">AKRAPOVIC<\/div>\n<\/div>\n<\/div>\n<div class=\"col-6 col-lg-4\">\n<div class=\"info\">\n<div class=\"name\">Vendor part number<\/div>\n<div class=\"value\">E-Y7R2<\/div>\n<\/div>\n<\/div>\n<div class=\"col-6 col-lg-4\">\n<div class=\"info\">\n<div class=\"name\">Material<\/div>\n<div class=\"value\">Stainless Steel<\/div>\n<\/div>\n<\/div>\n<div class=\"col-6 col-lg-4\">\n<div class=\"info\">\n<div class=\"name\">Product Name<\/div>\n<div class=\"value\">Header<\/div>\n<\/div>\n<\/div>\n<div class=\"col-6 col-lg-4\">\n<div class=\"info\">\n<div class=\"name\">Units<\/div>\n<div class=\"value\">Each<\/div>\n<\/div>\n<\/div>\n<\/div>\n<div class=\"row fitment-infos\">\n<div class=\"col-12 title\">Fitment information for your currently selected vehicle (YAMAHA XTZ 700)<\/div>\n<div class=\"col-6 col-lg-4\">\n<div class=\"info\">\n<div class=\"name\">Information<\/div>\n<div class=\"value\"><strong>This product does not meet emission compliance requirements for street or highway use.<\/strong><\/div>\n<\/div>\n<\/div>\n<\/div>\n<\/div>\n<\/div>\n","protected":false},"excerpt":{"rendered":"<p>KOLEKTOR SS YAMAHA TENERE 700 AKRAPOVIC<\/p>\n<p>Czas dostawy do 7dni.<\/p>\n<p>Po otrzymaniu zam\u00f3wienia skontaktujemy si\u0119 i potwierdzimy zam\u00f3wienie.<\/p>\n","protected":false},"featured_media":289,"template":"","meta":{"advanced_seo_description":"","jetpack_seo_html_title":"","jetpack_seo_noindex":false},"product_brand":[],"product_cat":[37,41],"product_tag":[],"class_list":{"0":"post-288","1":"product","2":"type-product","3":"status-publish","4":"has-post-thumbnail","6":"product_cat-tenere-700","7":"product_cat-uklad-wydechowy","9":"first","10":"onbackorder","11":"sale","12":"taxable","13":"shipping-taxable","14":"purchasable","15":"product-type-simple"},"jetpack_sharing_enabled":true,"_links":{"self":[{"href":"https:\/\/hardshop.hard-adv.com\/index.php\/wp-json\/wp\/v2\/product\/288","targetHints":{"allow":["GET"]}}],"collection":[{"href":"https:\/\/hardshop.hard-adv.com\/index.php\/wp-json\/wp\/v2\/product"}],"about":[{"href":"https:\/\/hardshop.hard-adv.com\/index.php\/wp-json\/wp\/v2\/types\/product"}],"wp:featuredmedia":[{"embeddable":true,"href":"https:\/\/hardshop.hard-adv.com\/index.php\/wp-json\/wp\/v2\/media\/289"}],"wp:attachment":[{"href":"https:\/\/hardshop.hard-adv.com\/index.php\/wp-json\/wp\/v2\/media?parent=288"}],"wp:term":[{"taxonomy":"product_brand","embeddable":true,"href":"https:\/\/hardshop.hard-adv.com\/index.php\/wp-json\/wp\/v2\/product_brand?post=288"},{"taxonomy":"product_cat","embeddable":true,"href":"https:\/\/hardshop.hard-adv.com\/index.php\/wp-json\/wp\/v2\/product_cat?post=288"},{"taxonomy":"product_tag","embeddable":true,"href":"https:\/\/hardshop.hard-adv.com\/index.php\/wp-json\/wp\/v2\/product_tag?post=288"}],"curies":[{"name":"wp","href":"https:\/\/api.w.org\/{rel}","templated":true}]}}