{"id":290,"date":"2024-01-18T21:03:12","date_gmt":"2024-01-18T20:03:12","guid":{"rendered":"https:\/\/hardshop.hard-adv.com\/?post_type=product&#038;p=290"},"modified":"2024-01-18T21:03:48","modified_gmt":"2024-01-18T20:03:48","slug":"tlumik-akrapovic-slip-on-line-muffler","status":"publish","type":"product","link":"https:\/\/hardshop.hard-adv.com\/index.php\/produkt\/tlumik-akrapovic-slip-on-line-muffler\/","title":{"rendered":"T\u0142umik Akrapovic -Slip-On Line Muffler"},"content":{"rendered":"<div class=\"tabs tabs3\">\n<div class=\"active\" data-tab=\"information\">\n<div class=\"row\">\n<div class=\"col-xs-12\">\n<ul class=\"product-features\">\n<li class=\"\">onstructed from lightweight titanium and finished with a handmade newly designed carbon fiber heat shield and end cap, with an imprinted muffler to add to the visual impact<\/li>\n<li class=\"\">33.3% less weight than the standard stock version<\/li>\n<li class=\"\">EC\/ECE type approved<\/li>\n<li class=\"\">Simple plug-and-play installation, with no remapping needed<\/li>\n<li class=\"\">Compatible with original Yamaha side cases.<\/li>\n<\/ul>\n<\/div>\n<\/div>\n<div class=\"clear h40\"><\/div>\n<div class=\"row\">\n<div class=\"col-6 col-lg-4\">\n<div class=\"info\">\n<div class=\"name\">Brand<\/div>\n<div class=\"value\">AKRAPOVIC<\/div>\n<\/div>\n<\/div>\n<div class=\"col-6 col-lg-4\">\n<div class=\"info\">\n<div class=\"name\">Vendor part number<\/div>\n<div class=\"value\">S-Y7SO5-HGJT<\/div>\n<\/div>\n<\/div>\n<div class=\"col-6 col-lg-4\">\n<div class=\"info\">\n<div class=\"name\">End Cap Color\/Finish<\/div>\n<div class=\"value\">Black<\/div>\n<\/div>\n<\/div>\n<div class=\"col-6 col-lg-4\">\n<div class=\"info\">\n<div class=\"name\">End Cap Material<\/div>\n<div class=\"value\">Carbon Fiber<\/div>\n<\/div>\n<\/div>\n<div class=\"col-6 col-lg-4\">\n<div class=\"info\">\n<div class=\"name\">Heat Shield Material<\/div>\n<div class=\"value\">Carbon Fiber<\/div>\n<\/div>\n<\/div>\n<div class=\"col-6 col-lg-4\">\n<div class=\"info\">\n<div class=\"name\">Model<\/div>\n<div class=\"value\">Slip-On Line<\/div>\n<\/div>\n<\/div>\n<div class=\"col-6 col-lg-4\">\n<div class=\"info\">\n<div class=\"name\">Muffler Material<\/div>\n<div class=\"value\">Titanium<\/div>\n<\/div>\n<\/div>\n<div class=\"col-6 col-lg-4\">\n<div class=\"info\">\n<div class=\"name\">Product Name<\/div>\n<div class=\"value\">Muffler<\/div>\n<\/div>\n<\/div>\n<div class=\"col-6 col-lg-4\">\n<div class=\"info\">\n<div class=\"name\">Type<\/div>\n<div class=\"value\">Slip-On<\/div>\n<\/div>\n<\/div>\n<div class=\"col-6 col-lg-4\">\n<div class=\"info\">\n<div class=\"name\">Units<\/div>\n<div class=\"value\">Each<\/div>\n<\/div>\n<\/div>\n<\/div>\n<div class=\"row fitment-infos\">\n<div class=\"col-12 title\">Fitment information for your currently selected vehicle (YAMAHA XTZ 700)<\/div>\n<div class=\"col-6 col-lg-4\">\n<div class=\"info\">\n<div class=\"name\">Information<\/div>\n<div class=\"value\">With EC\/ECE type approval.<\/div>\n<\/div>\n<\/div>\n<\/div>\n<\/div>\n<\/div>\n","protected":false},"excerpt":{"rendered":"<p>T\u0142umik Akrapovic -Slip-On Line Muffler<\/p>\n<p>Czas dostawy do 7dni.<\/p>\n<p>Po otrzymaniu zam\u00f3wienia skontaktujemy si\u0119 i potwierdzimy zam\u00f3wienie.<\/p>\n<p>&nbsp;<\/p>\n","protected":false},"featured_media":291,"template":"","meta":{"advanced_seo_description":"","jetpack_seo_html_title":"","jetpack_seo_noindex":false},"product_brand":[],"product_cat":[37,41],"product_tag":[],"class_list":{"0":"post-290","1":"product","2":"type-product","3":"status-publish","4":"has-post-thumbnail","6":"product_cat-tenere-700","7":"product_cat-uklad-wydechowy","9":"first","10":"onbackorder","11":"sale","12":"taxable","13":"shipping-taxable","14":"purchasable","15":"product-type-simple"},"jetpack_sharing_enabled":true,"_links":{"self":[{"href":"https:\/\/hardshop.hard-adv.com\/index.php\/wp-json\/wp\/v2\/product\/290","targetHints":{"allow":["GET"]}}],"collection":[{"href":"https:\/\/hardshop.hard-adv.com\/index.php\/wp-json\/wp\/v2\/product"}],"about":[{"href":"https:\/\/hardshop.hard-adv.com\/index.php\/wp-json\/wp\/v2\/types\/product"}],"wp:featuredmedia":[{"embeddable":true,"href":"https:\/\/hardshop.hard-adv.com\/index.php\/wp-json\/wp\/v2\/media\/291"}],"wp:attachment":[{"href":"https:\/\/hardshop.hard-adv.com\/index.php\/wp-json\/wp\/v2\/media?parent=290"}],"wp:term":[{"taxonomy":"product_brand","embeddable":true,"href":"https:\/\/hardshop.hard-adv.com\/index.php\/wp-json\/wp\/v2\/product_brand?post=290"},{"taxonomy":"product_cat","embeddable":true,"href":"https:\/\/hardshop.hard-adv.com\/index.php\/wp-json\/wp\/v2\/product_cat?post=290"},{"taxonomy":"product_tag","embeddable":true,"href":"https:\/\/hardshop.hard-adv.com\/index.php\/wp-json\/wp\/v2\/product_tag?post=290"}],"curies":[{"name":"wp","href":"https:\/\/api.w.org\/{rel}","templated":true}]}}