{"id":301,"date":"2024-01-18T22:39:41","date_gmt":"2024-01-18T21:39:41","guid":{"rendered":"https:\/\/hardshop.hard-adv.com\/?post_type=product&#038;p=301"},"modified":"2024-01-22T10:42:53","modified_gmt":"2024-01-22T09:42:53","slug":"garmin-wzmocniony-uchwyt-amps-z-kablem-audio-zasilania","status":"publish","type":"product","link":"https:\/\/hardshop.hard-adv.com\/index.php\/produkt\/garmin-wzmocniony-uchwyt-amps-z-kablem-audio-zasilania\/","title":{"rendered":"GARMIN Wzmocniony uchwyt AMPS z kablem audio\/zasilania"},"content":{"rendered":"<p>Wykorzystaj wszechstronno\u015b\u0107 urz\u0105dzenia Montana\u2122. Zamocuj swoje urz\u0105dzenie Montana na motocyklu lub poje\u017adzie terenowym i udaj si\u0119 w podr\u00f3\u017c. Zestaw zawiera mocowanie, sprz\u0119t (rami\u0119\/gniazdo kulowe AMPS sprzedawane osobno) i przew\u00f3d zasilania\/audio\/danych bez z\u0142\u0105czy. Do\u0142\u0105czono r\u00f3wnie\u017c os\u0142ony antyodblaskowe na ekran.<\/p>\n","protected":false},"excerpt":{"rendered":"<p>GARMIN Wzmocniony uchwyt AMPS z kablem audio\/zasilania<\/p>\n","protected":false},"featured_media":302,"template":"","meta":{"advanced_seo_description":"","jetpack_seo_html_title":"","jetpack_seo_noindex":false},"product_brand":[],"product_cat":[38],"product_tag":[],"class_list":{"0":"post-301","1":"product","2":"type-product","3":"status-publish","4":"has-post-thumbnail","6":"product_cat-nawigacje","8":"first","9":"outofstock","10":"sale","11":"taxable","12":"shipping-taxable","13":"purchasable","14":"product-type-simple"},"jetpack_sharing_enabled":true,"_links":{"self":[{"href":"https:\/\/hardshop.hard-adv.com\/index.php\/wp-json\/wp\/v2\/product\/301","targetHints":{"allow":["GET"]}}],"collection":[{"href":"https:\/\/hardshop.hard-adv.com\/index.php\/wp-json\/wp\/v2\/product"}],"about":[{"href":"https:\/\/hardshop.hard-adv.com\/index.php\/wp-json\/wp\/v2\/types\/product"}],"wp:featuredmedia":[{"embeddable":true,"href":"https:\/\/hardshop.hard-adv.com\/index.php\/wp-json\/wp\/v2\/media\/302"}],"wp:attachment":[{"href":"https:\/\/hardshop.hard-adv.com\/index.php\/wp-json\/wp\/v2\/media?parent=301"}],"wp:term":[{"taxonomy":"product_brand","embeddable":true,"href":"https:\/\/hardshop.hard-adv.com\/index.php\/wp-json\/wp\/v2\/product_brand?post=301"},{"taxonomy":"product_cat","embeddable":true,"href":"https:\/\/hardshop.hard-adv.com\/index.php\/wp-json\/wp\/v2\/product_cat?post=301"},{"taxonomy":"product_tag","embeddable":true,"href":"https:\/\/hardshop.hard-adv.com\/index.php\/wp-json\/wp\/v2\/product_tag?post=301"}],"curies":[{"name":"wp","href":"https:\/\/api.w.org\/{rel}","templated":true}]}}