{"id":305,"date":"2024-01-19T10:41:38","date_gmt":"2024-01-19T09:41:38","guid":{"rendered":"https:\/\/hardshop.hard-adv.com\/?post_type=product&#038;p=305"},"modified":"2024-01-19T10:42:23","modified_gmt":"2024-01-19T09:42:23","slug":"rymax-opona-140-80-18-rymax-e80-enduro-70r-tt-4pr-tyl-dot-11-36-2023","status":"publish","type":"product","link":"https:\/\/hardshop.hard-adv.com\/index.php\/produkt\/rymax-opona-140-80-18-rymax-e80-enduro-70r-tt-4pr-tyl-dot-11-36-2023\/","title":{"rendered":"RYMAX OPONA 140\/80-18 RYMAX E80 ENDURO 70R TT 4PR TY\u0141 DOT 11-36\/2023"},"content":{"rendered":"<p>Opona <strong>WANDA E80<\/strong> gwarantuje doskona\u0142\u0105 przyczepno\u015b\u0107 na piaszczystym, mi\u0119kkim terenie, w b\u0142ocie oraz na \u015brednich i twardych nawierzchniach.<\/p>\n<p>Zoptymalizowana konstrukcja Apex zapewnia jednolit\u0105 sztywno\u015b\u0107 \u015bciany bocznej, a tr\u00f3jwarstwowa konstrukcja umo\u017cliwia lepsz\u0105 kontrol\u0119 po\u015blizgu i przyczepno\u015b\u0107 na zakr\u0119tach.<\/p>\n<p>Ponadto, bloki centralne oferuj\u0105 doskona\u0142\u0105 przyczepno\u015b\u0107 i trwa\u0142o\u015b\u0107, a tak\u017ce d\u0142u\u017csz\u0105 \u017cywotno\u015b\u0107 bie\u017cnika, a konstrukcja klock\u00f3w 3D Ladder poprawia hamowanie i pokonywanie zakr\u0119t\u00f3w.<\/p>\n<p>WANDA E80 to opona idealna dla Ciebie, je\u015bli cenisz sobie nie tylko bezpiecze\u0144stwo oraz komfort jazdy na ka\u017cdym rodzaju terenu, lecz tak\u017ce przyst\u0119pn\u0105 cen\u0119!<\/p>\n","protected":false},"excerpt":{"rendered":"<p>Bud\u017cetowa opona enduro kt\u00f3ra daje rade.<\/p>\n","protected":false},"featured_media":306,"template":"","meta":{"advanced_seo_description":"","jetpack_seo_html_title":"","jetpack_seo_noindex":false},"product_brand":[],"product_cat":[27],"product_tag":[],"class_list":{"0":"post-305","1":"product","2":"type-product","3":"status-publish","4":"has-post-thumbnail","6":"product_cat-opony","8":"first","9":"instock","10":"sale","11":"taxable","12":"shipping-taxable","13":"purchasable","14":"product-type-simple"},"jetpack_sharing_enabled":true,"_links":{"self":[{"href":"https:\/\/hardshop.hard-adv.com\/index.php\/wp-json\/wp\/v2\/product\/305","targetHints":{"allow":["GET"]}}],"collection":[{"href":"https:\/\/hardshop.hard-adv.com\/index.php\/wp-json\/wp\/v2\/product"}],"about":[{"href":"https:\/\/hardshop.hard-adv.com\/index.php\/wp-json\/wp\/v2\/types\/product"}],"wp:featuredmedia":[{"embeddable":true,"href":"https:\/\/hardshop.hard-adv.com\/index.php\/wp-json\/wp\/v2\/media\/306"}],"wp:attachment":[{"href":"https:\/\/hardshop.hard-adv.com\/index.php\/wp-json\/wp\/v2\/media?parent=305"}],"wp:term":[{"taxonomy":"product_brand","embeddable":true,"href":"https:\/\/hardshop.hard-adv.com\/index.php\/wp-json\/wp\/v2\/product_brand?post=305"},{"taxonomy":"product_cat","embeddable":true,"href":"https:\/\/hardshop.hard-adv.com\/index.php\/wp-json\/wp\/v2\/product_cat?post=305"},{"taxonomy":"product_tag","embeddable":true,"href":"https:\/\/hardshop.hard-adv.com\/index.php\/wp-json\/wp\/v2\/product_tag?post=305"}],"curies":[{"name":"wp","href":"https:\/\/api.w.org\/{rel}","templated":true}]}}