{"id":311,"date":"2024-01-19T11:51:45","date_gmt":"2024-01-19T10:51:45","guid":{"rendered":"https:\/\/hardshop.hard-adv.com\/?post_type=product&#038;p=311"},"modified":"2024-01-19T11:53:31","modified_gmt":"2024-01-19T10:53:31","slug":"mitas-opona-150-70b18-e-10-enduro-70t-tl-bez-paska-tyl-dot-24-2023-24162","status":"publish","type":"product","link":"https:\/\/hardshop.hard-adv.com\/index.php\/produkt\/mitas-opona-150-70b18-e-10-enduro-70t-tl-bez-paska-tyl-dot-24-2023-24162\/","title":{"rendered":"MITAS OPONA 150\/70B18 E-10 ENDURO 70T TL (BEZ PASKA) TY\u0141 DOT 24\/2023 (24162)"},"content":{"rendered":"<p><strong>MITAS E-10 ENDURO &#8211; TRAKCJA, KOMFORT, NIEZAWODNO\u015a\u0106- PRZYGOTUJ SI\u0118 NA EKSTREMALNE PRZYGODY!<\/strong><\/p>\n<p><strong>MITAS E-10 ENDURO <\/strong>to idealna opcja dla mi\u0142o\u015bnik\u00f3w przyg\u00f3d off-roadowych. Starannie zaprojektowany model marki <strong>MITAS <\/strong>dedykowany jest zar\u00f3wno dla u\u017cytkownik\u00f3w szos, jak i entuzjast\u00f3w teren\u00f3w off-road. <strong>MITAS E-10 ENDURO<\/strong> nie tylko zapewnia wyj\u0105tkow\u0105 wydajno\u015b\u0107, ale tak\u017ce doskonale odpowiada na potrzeby podr\u00f3\u017cnik\u00f3w, kt\u00f3rzy planuj\u0105 d\u0142ugie wyprawy turystyczne, obci\u0105\u017caj\u0105c sw\u00f3j motocykl wi\u0119kszymi ci\u0119\u017carami. W tych ekstremalnych warunkach mo\u017cesz ca\u0142kowicie polega\u0107 na solidno\u015bci i niezawodno\u015bci, jakie oferuje <strong>MITAS E-10 ENDURO<\/strong>.<\/p>\n<p><strong>ZALETY<\/strong> <strong>MITAS E-10 ENDURO:<\/strong><\/p>\n<p>&#8211;<strong>Doskona\u0142a stabilno\u015b\u0107<\/strong>&#8211; z my\u015bl\u0105 o wszechstronno\u015bci, 30% konstrukcji <strong>E-10 ENDURO<\/strong> zosta\u0142o specjalnie dostosowane do wykorzystania na szosie, zapewniaj\u0105c stabilno\u015b\u0107 i komfort podczas podr\u00f3\u017cy po utwardzonych drogach.<\/p>\n<p>&#8211;<strong>Niezawodna trakcja oraz wydajno\u015b\u0107<\/strong>&#8211; imponuj\u0105ce 70% konstrukcji skoncentrowano na osi\u0105gni\u0119ciu doskona\u0142ych parametr\u00f3w w trudnych warunkach off-road, gwarantuj\u0105c niezawodn\u0105 trakcj\u0119 i wydajno\u015b\u0107 w terenie. Bez wzgl\u0119du na to, czy wybierasz si\u0119 na d\u0142ugie trasy szosowe czy ekscytuj\u0105ce wyprawy po nieskr\u0119powanych \u015bcie\u017ckach, <strong>MITAS E-10 ENDURO <\/strong>spe\u0142ni oczekiwania najbardziej wymagaj\u0105cych motocyklist\u00f3w.<\/p>\n<p>&#8211;<strong>Wysoki komfort<\/strong>&#8211; dzi\u0119ki <strong>MITAS E-10 ENDURO <\/strong>mo\u017cesz cieszy\u0107 si\u0119 doskona\u0142\u0105 trakcj\u0105 w terenie, jednocze\u015bnie do\u015bwiadczaj\u0105c wyj\u0105tkowego komfortu podczas podr\u00f3\u017cy po utwardzonych drogach.<\/p>\n<p>&#8211;<strong>Dost\u0119pne rozmiary w wersji Dakar<\/strong>&#8211; warto zauwa\u017cy\u0107, \u017ce dost\u0119pne s\u0105 wybrane rozmiary w wersji Dakar, co potwierdzane jest obecno\u015bci\u0105 charakterystycznego \u017c\u00f3\u0142tego paska. Ten wariant wyr\u00f3\u017cnia si\u0119 nie tylko stylowym detalem, ale r\u00f3wnie\u017c posiada mocniejszy karkas oraz wi\u0119ksz\u0105 odporno\u015b\u0107 na przebicie, co sprawia, \u017ce doskonale sprawdza si\u0119 w ekstremalnych warunkach terenowych.<\/p>\n<p><strong>-Niezawodno\u015b\u0107 oraz solidno\u015b\u0107 wykonania<\/strong>&#8211; <strong>MITAS E-10 ENDURO <\/strong>w wersji Dakar to gwarancja nie tylko doskona\u0142ej trakcji, ale tak\u017ce solidno\u015bci i niezawodno\u015bci, dzi\u0119ki czemu stanowi niezast\u0105pionego towarzysza podczas trudnych i wymagaj\u0105cych przyg\u00f3d off-roadowych.<\/p>\n<p><strong>MITAS E-10 ENDURO <\/strong>to nie tylko gwarancja wyj\u0105tkowej wydajno\u015bci, ale tak\u017ce odpowied\u017a na potrzeby podr\u00f3\u017cnik\u00f3w planuj\u0105cych d\u0142ugie wyprawy turystyczne, obci\u0105\u017caj\u0105c sw\u00f3j motocykl wi\u0119kszymi ci\u0119\u017carami. W tych ekstremalnych warunkach mo\u017cesz polega\u0107 na solidno\u015bci i niezawodno\u015bci, jakie oferuje <strong>MITAS E-10 ENDURO!<\/strong><\/p>\n","protected":false},"excerpt":{"rendered":"<p><strong>MITAS E-10 ENDURO &#8211; TRAKCJA, KOMFORT, NIEZAWODNO\u015a\u0106- PRZYGOTUJ SI\u0118 NA EKSTREMALNE PRZYGODY!<\/strong><\/p>\n<p><strong>MITAS E-10 ENDURO <\/strong>to nie tylko gwarancja wyj\u0105tkowej wydajno\u015bci, ale tak\u017ce odpowied\u017a na potrzeby podr\u00f3\u017cnik\u00f3w planuj\u0105cych d\u0142ugie wyprawy turystyczne, obci\u0105\u017caj\u0105c sw\u00f3j motocykl wi\u0119kszymi ci\u0119\u017carami. W tych ekstremalnych warunkach mo\u017cesz polega\u0107 na solidno\u015bci i niezawodno\u015bci, jakie oferuje <strong>MITAS E-10 ENDURO!<\/strong><\/p>\n","protected":false},"featured_media":312,"template":"","meta":{"advanced_seo_description":"","jetpack_seo_html_title":"","jetpack_seo_noindex":false},"product_brand":[],"product_cat":[27],"product_tag":[],"class_list":{"0":"post-311","1":"product","2":"type-product","3":"status-publish","4":"has-post-thumbnail","6":"product_cat-opony","8":"first","9":"instock","10":"sale","11":"taxable","12":"shipping-taxable","13":"purchasable","14":"product-type-simple"},"jetpack_sharing_enabled":true,"_links":{"self":[{"href":"https:\/\/hardshop.hard-adv.com\/index.php\/wp-json\/wp\/v2\/product\/311","targetHints":{"allow":["GET"]}}],"collection":[{"href":"https:\/\/hardshop.hard-adv.com\/index.php\/wp-json\/wp\/v2\/product"}],"about":[{"href":"https:\/\/hardshop.hard-adv.com\/index.php\/wp-json\/wp\/v2\/types\/product"}],"wp:featuredmedia":[{"embeddable":true,"href":"https:\/\/hardshop.hard-adv.com\/index.php\/wp-json\/wp\/v2\/media\/312"}],"wp:attachment":[{"href":"https:\/\/hardshop.hard-adv.com\/index.php\/wp-json\/wp\/v2\/media?parent=311"}],"wp:term":[{"taxonomy":"product_brand","embeddable":true,"href":"https:\/\/hardshop.hard-adv.com\/index.php\/wp-json\/wp\/v2\/product_brand?post=311"},{"taxonomy":"product_cat","embeddable":true,"href":"https:\/\/hardshop.hard-adv.com\/index.php\/wp-json\/wp\/v2\/product_cat?post=311"},{"taxonomy":"product_tag","embeddable":true,"href":"https:\/\/hardshop.hard-adv.com\/index.php\/wp-json\/wp\/v2\/product_tag?post=311"}],"curies":[{"name":"wp","href":"https:\/\/api.w.org\/{rel}","templated":true}]}}