{"id":321,"date":"2024-01-19T13:03:59","date_gmt":"2024-01-19T12:03:59","guid":{"rendered":"https:\/\/hardshop.hard-adv.com\/?post_type=product&#038;p=321"},"modified":"2024-02-16T16:00:57","modified_gmt":"2024-02-16T15:00:57","slug":"321","status":"publish","type":"product","link":"https:\/\/hardshop.hard-adv.com\/index.php\/produkt\/321\/","title":{"rendered":"Rebel XPLORER 150\/70-18 70H RED ADVENTURE"},"content":{"rendered":"<p>Nowa opona XPLORER 01 150\/70-18 70H do motocykla Adventure (KTM Adventure, Yamaha T7 e World Raid, Honda Transalp 750, Aprilia Tuareg, Suzuki V-Storm, Ducati Desert-X). Pasuje do 4-calowych felg i dzi\u0119ki swojemu kszta\u0142towi zwi\u0119ksza zar\u00f3wno hamowanie, jak i przyspieszanie. \u015awietnie sprawdza si\u0119 zar\u00f3wno na drogach enduro, jak i gruntowych. Jest to jedyna opona 150, kt\u00f3ra ma przyczepno\u015b\u0107 podobn\u0105 do profesjonalnej opony enduro, ale ma 5 razy wi\u0119ksz\u0105 trwa\u0142o\u015b\u0107. Mo\u017cliwo\u015b\u0107 zastosowania zar\u00f3wno bezd\u0119tkowego jak i powietrznego.<\/p>\n","protected":false},"excerpt":{"rendered":"<p>Odpowiednia opona, aby cieszy\u0107 si\u0119 jazd\u0105 w terenie na motocyklu Trail i Maxi-Trail. Zaprojektowana, aby maksymalnie wykorzysta\u0107 mo\u017cliwo\u015bci motocykla w ka\u017cdych okoliczno\u015bciach.<br \/>\nOpona opracowana przez Iv\u00e1na Cervantesa.<br \/>\nBezd\u0119tkowe<br \/>\nU\u017cytkowanie w 100% w terenie.<\/p>\n","protected":false},"featured_media":322,"template":"","meta":{"advanced_seo_description":"","jetpack_seo_html_title":"","jetpack_seo_noindex":false},"product_brand":[],"product_cat":[27],"product_tag":[],"class_list":{"0":"post-321","1":"product","2":"type-product","3":"status-publish","4":"has-post-thumbnail","6":"product_cat-opony","8":"first","9":"instock","10":"taxable","11":"shipping-taxable","12":"purchasable","13":"product-type-simple"},"jetpack_sharing_enabled":true,"_links":{"self":[{"href":"https:\/\/hardshop.hard-adv.com\/index.php\/wp-json\/wp\/v2\/product\/321","targetHints":{"allow":["GET"]}}],"collection":[{"href":"https:\/\/hardshop.hard-adv.com\/index.php\/wp-json\/wp\/v2\/product"}],"about":[{"href":"https:\/\/hardshop.hard-adv.com\/index.php\/wp-json\/wp\/v2\/types\/product"}],"wp:featuredmedia":[{"embeddable":true,"href":"https:\/\/hardshop.hard-adv.com\/index.php\/wp-json\/wp\/v2\/media\/322"}],"wp:attachment":[{"href":"https:\/\/hardshop.hard-adv.com\/index.php\/wp-json\/wp\/v2\/media?parent=321"}],"wp:term":[{"taxonomy":"product_brand","embeddable":true,"href":"https:\/\/hardshop.hard-adv.com\/index.php\/wp-json\/wp\/v2\/product_brand?post=321"},{"taxonomy":"product_cat","embeddable":true,"href":"https:\/\/hardshop.hard-adv.com\/index.php\/wp-json\/wp\/v2\/product_cat?post=321"},{"taxonomy":"product_tag","embeddable":true,"href":"https:\/\/hardshop.hard-adv.com\/index.php\/wp-json\/wp\/v2\/product_tag?post=321"}],"curies":[{"name":"wp","href":"https:\/\/api.w.org\/{rel}","templated":true}]}}