{"id":334,"date":"2024-01-19T18:03:49","date_gmt":"2024-01-19T17:03:49","guid":{"rendered":"https:\/\/hardshop.hard-adv.com\/?post_type=product&#038;p=334"},"modified":"2024-01-19T18:19:17","modified_gmt":"2024-01-19T17:19:17","slug":"x-duro-36l-3x12l","status":"publish","type":"product","link":"https:\/\/hardshop.hard-adv.com\/index.php\/produkt\/x-duro-36l-3x12l\/","title":{"rendered":"Red Mamut X-DURO 36L (3X12L) U-BAG"},"content":{"rendered":"<h4><strong>U-bag X-DURO 36L<br \/>\n<\/strong><\/h4>\n<ul>\n<li>\n<h4>monta\u017c zestawu N-DURO na motocyklu nie wymaga stela\u017cy bocznych<\/h4>\n<\/li>\n<li>\n<h4>bardzo\u00a0 \u0142atwy system monta\u017cu i demonta\u017cu sakw z systemu no\u015bnego<\/h4>\n<\/li>\n<li>\n<h4>sakwy wykonane obustronnie powlekango i wytrzyma\u0142y na przetarcia materia\u0142u<\/h4>\n<\/li>\n<li>\n<h4>w zestawie 3 sakwy o \u0142\u0105cznej obj\u0119to\u015bci 36L<\/h4>\n<\/li>\n<li>\n<h4>precyzyjnie zgrzewane i uszczelniane szwy<\/h4>\n<\/li>\n<li>\n<h4>rolowane zamkni\u0119cia<\/h4>\n<\/li>\n<li>\n<h4>dno w sakwach zgrzewane pod katem 45 stopni<\/h4>\n<\/li>\n<li>\n<h4>wszystkie torby wyposa\u017cona w r\u0105czki u\u0142atwiaj\u0105ce przenoszenie sakwy<\/h4>\n<\/li>\n<li>\n<h4>konstrukcja zestawu X-DURO pozwala na szybkie wypinanie baga\u017cu bez potrzeby demonta\u017cu systemu no\u015bnego z motocykla<\/h4>\n<\/li>\n<li>\n<h4>ca\u0142a konstrukcja zosta\u0142a zaprojektowana tak \u017ceby nie przeszkadza\u0142a kierowcy w czasie prowadzenia motocykla na siedz\u0105co czy stoj\u0105c<\/h4>\n<\/li>\n<li>\n<h4>trzy segmentowa budowa konstrukcji u\u0142atwia przechowywanie go po zdemontowaniu z motocykla<\/h4>\n<\/li>\n<li>\n<h4>torba centralna posiada gumki przydatne do szybkiego mocowania dodatkowego baga\u017cu<\/h4>\n<\/li>\n<li>\n<h4>boczne kieszenie transportowe regulowane bocznym paskiem idealny spos\u00f3b do szybkiego i lekkiego monta\u017cu sakw<\/h4>\n<\/li>\n<li>\n<h4>g\u00f3rna torba mocowana pod dwoma klapkami kt\u00f3re posiadaj\u0105 dodatkowe kieszenie i mocowania<\/h4>\n<\/li>\n<li>\n<h4>bardzo \u0142atwe w utrzymaniu czysto\u015bci<\/h4>\n<\/li>\n<li>\n<h4>intuicyjny i szybki spos\u00f3b monta\u017cu, w zestawie wszystko co potrzebujesz do monta\u017cu na motocykl<\/h4>\n<\/li>\n<li>\n<h4>wymiary sakwy 22x13x45cm<\/h4>\n<\/li>\n<li>\n<h4>w sk\u0142ad zestawu wchodz\u0105: 2 x p\u0142yty boczne z kieszeniami transportowymi, 1 x p\u0142yta g\u00f3rna z klapkami,\u00a0 3 x sakwa, 3 x pianka zabezpieczaj\u0105ca, 8 x \u015bruba monta\u017cowa<\/h4>\n<\/li>\n<li>\n<h4>gwarancja 2 lata<\/h4>\n<\/li>\n<li>\n<h4>waga 3900<\/h4>\n<\/li>\n<\/ul>\n<h4><strong>Materia\u0142y z jakich zosta\u0142 wykonany U-Bag X-DURO<\/strong><br \/>\n-Sp\u00f3d sakwy \u2013 p\u0142yta PEHD 100% polietylen<br \/>\n-Sakwy boczne oraz centralna \u2013 materia\u0142 obustronnie powleczony PVC 680g\/m2<br \/>\n-System no\u015bny \u2013 tkanina poliestrowa 1680D, 563g\/m2<\/h4>\n<p>&nbsp;<\/p>\n","protected":false},"excerpt":{"rendered":"<p>U-bag X-DURO 36L monta\u017c zestawu N-DURO na motocyklu nie wymaga stela\u017cy bocznych bardzo\u00a0 \u0142atwy system monta\u017cu i demonta\u017cu sakw z systemu no\u015bnego sakwy wykonane obustronnie powlekango i wytrzyma\u0142y na przetarcia materia\u0142u w zestawie 3 sakwy o \u0142\u0105cznej obj\u0119to\u015bci 36L precyzyjnie zgrzewane i uszczelniane szwy rolowane zamkni\u0119cia dno w sakwach zgrzewane pod katem 45 stopni wszystkie [&hellip;]<\/p>\n","protected":false},"featured_media":336,"template":"","meta":{"advanced_seo_description":"","jetpack_seo_html_title":"","jetpack_seo_noindex":false},"product_brand":[],"product_cat":[54],"product_tag":[],"class_list":{"0":"post-334","1":"product","2":"type-product","3":"status-publish","4":"has-post-thumbnail","6":"product_cat-torby-sakwy-podroznicze","8":"first","9":"instock","10":"taxable","11":"shipping-taxable","12":"purchasable","13":"product-type-simple"},"jetpack_sharing_enabled":true,"_links":{"self":[{"href":"https:\/\/hardshop.hard-adv.com\/index.php\/wp-json\/wp\/v2\/product\/334","targetHints":{"allow":["GET"]}}],"collection":[{"href":"https:\/\/hardshop.hard-adv.com\/index.php\/wp-json\/wp\/v2\/product"}],"about":[{"href":"https:\/\/hardshop.hard-adv.com\/index.php\/wp-json\/wp\/v2\/types\/product"}],"wp:featuredmedia":[{"embeddable":true,"href":"https:\/\/hardshop.hard-adv.com\/index.php\/wp-json\/wp\/v2\/media\/336"}],"wp:attachment":[{"href":"https:\/\/hardshop.hard-adv.com\/index.php\/wp-json\/wp\/v2\/media?parent=334"}],"wp:term":[{"taxonomy":"product_brand","embeddable":true,"href":"https:\/\/hardshop.hard-adv.com\/index.php\/wp-json\/wp\/v2\/product_brand?post=334"},{"taxonomy":"product_cat","embeddable":true,"href":"https:\/\/hardshop.hard-adv.com\/index.php\/wp-json\/wp\/v2\/product_cat?post=334"},{"taxonomy":"product_tag","embeddable":true,"href":"https:\/\/hardshop.hard-adv.com\/index.php\/wp-json\/wp\/v2\/product_tag?post=334"}],"curies":[{"name":"wp","href":"https:\/\/api.w.org\/{rel}","templated":true}]}}