{"id":349,"date":"2024-01-19T19:39:29","date_gmt":"2024-01-19T18:39:29","guid":{"rendered":"https:\/\/hardshop.hard-adv.com\/?post_type=product&#038;p=349"},"modified":"2024-01-19T19:51:50","modified_gmt":"2024-01-19T18:51:50","slug":"red-mamut-u-bag-v-duro-60l-3x20l","status":"publish","type":"product","link":"https:\/\/hardshop.hard-adv.com\/index.php\/produkt\/red-mamut-u-bag-v-duro-60l-3x20l\/","title":{"rendered":"RED MAMUT U-BAG V-DURO 60L  3X20L"},"content":{"rendered":"<p><strong>U-bag V-DURO 60L ( 3X20L )<br \/>\n<\/strong><\/p>\n<ul>\n<li><strong>monta\u017c zestawu U-BAG V-DURO na motocyklu nie wymaga stela\u017cy bocznych<\/strong><\/li>\n<li><strong>bardzo\u00a0 \u0142atwy system monta\u017cu i demonta\u017cu sakw z systemu no\u015bnego <\/strong><\/li>\n<li><strong>sakwy wykonane obustronnie powlekanego i wytrzyma\u0142y na przetarcia materia\u0142u<\/strong><\/li>\n<li><strong>w zestawie 3 sakwy o \u0142\u0105cznej obj\u0119to\u015bci 60L (3X20L)<br \/>\n<\/strong><\/li>\n<li><strong>precyzyjnie zgrzewane i uszczelniane szwy<br \/>\n<\/strong><\/li>\n<li><strong>dno w sakwach zgrzewane pod katem 45 stopni<br \/>\n<\/strong><\/li>\n<li><strong>wszystkie torby posiadaj\u0105 rolowane zapi\u0119cia i wyposa\u017cone s\u0105 w r\u0105czki u\u0142atwiaj\u0105ce przenoszenie sakwy<\/strong><\/li>\n<li><strong>konstrukcja zestawu pozwala na szybkie wypinanie baga\u017cu bez potrzeby demonta\u017cu systemu no\u015bnego z motocykla<\/strong><\/li>\n<li><strong>ca\u0142a konstrukcja zosta\u0142a zaprojektowana tak \u017ceby nie przeszkadza\u0142a kierowcy w czasie prowadzenia motocykla na siedz\u0105co czy stoj\u0105c<br \/>\n<\/strong><\/li>\n<li><strong>trzy segmentowa budowa konstrukcji u\u0142atwia przechowywanie go po zdemontowaniu z motocykla<\/strong><\/li>\n<li><strong>torba centralna posiada gumki przydatne do szybkiego mocowania dodatkowego baga\u017cu<br \/>\n<\/strong><\/li>\n<li><strong>boczne kieszenie transportowe regulowane bocznym paskiem idealny spos\u00f3b do szybkiego i lekkiego monta\u017cu sakw<br \/>\n<\/strong><\/li>\n<li><strong>g\u00f3rna torba mocowana pod dwoma klapkami kt\u00f3re posiadaj\u0105 dodatkowe kieszenie, gumki i mocowania<br \/>\n<\/strong><\/li>\n<li><strong>mo\u017cliwo\u015b\u0107 dopi\u0119cia trzech dodatkowych sakw 2L co zwi\u0119ksza pojemno\u015b\u0107 zestawu o sze\u015b\u0107 litr\u00f3w<br \/>\n<\/strong><\/li>\n<li><strong>intuicyjny i szybki spos\u00f3b monta\u017cu, w zestawie wszystko co potrzebujesz do monta\u017cu na motocykl<\/strong><\/li>\n<li><strong>dodatkowo w zestawie trzy wewn\u0119trzne wymienne os\u0142ony z pianki dopinane na rzep<br \/>\n<\/strong><\/li>\n<li><strong>w sk\u0142ad zestawu wchodz\u0105: 2 x p\u0142yty boczne z kieszeniami transportowymi, 1 x p\u0142yta g\u00f3rna z klapkami,\u00a0 3 x sakwa, 3 x pianka zabezpieczaj\u0105ca, 8 x \u015bruba monta\u017cowa, 1x saszetka na maszty namiotu.<br \/>\n<\/strong><\/li>\n<li><strong>gwarancja 2 lata<\/strong><\/li>\n<li><strong>waga 4800 g<\/strong><\/li>\n<\/ul>\n<p><strong>\u00a0VIDEO INSTRUKCJA<br \/>\n<\/strong><\/p>\n<p>&nbsp;<\/p>\n<p>&nbsp;<\/p>\n<p>&nbsp;<\/p>\n<p><strong>Materia\u0142y z jakich zosta\u0142 wykonany U-Bag<br \/>\n<\/strong><\/p>\n<p>-Sp\u00f3d sakwy \u2013 p\u0142yta PEHD 100% polietylen<br \/>\n-Sakwy boczne oraz centralna \u2013 materia\u0142 obustronnie powleczony PVC 680g\/m2<br \/>\n-System no\u015bny \u2013 tkanina poliestrowa 1680D, 563g\/m2<\/p>\n","protected":false},"excerpt":{"rendered":"<p>RED MAMUT U-BAG V-DURO 60L ( 3X20L )<\/p>\n","protected":false},"featured_media":353,"template":"","meta":{"advanced_seo_description":"","jetpack_seo_html_title":"","jetpack_seo_noindex":false},"product_brand":[],"product_cat":[54],"product_tag":[],"class_list":{"0":"post-349","1":"product","2":"type-product","3":"status-publish","4":"has-post-thumbnail","6":"product_cat-torby-sakwy-podroznicze","8":"first","9":"instock","10":"taxable","11":"shipping-taxable","12":"purchasable","13":"product-type-simple"},"jetpack_sharing_enabled":true,"_links":{"self":[{"href":"https:\/\/hardshop.hard-adv.com\/index.php\/wp-json\/wp\/v2\/product\/349","targetHints":{"allow":["GET"]}}],"collection":[{"href":"https:\/\/hardshop.hard-adv.com\/index.php\/wp-json\/wp\/v2\/product"}],"about":[{"href":"https:\/\/hardshop.hard-adv.com\/index.php\/wp-json\/wp\/v2\/types\/product"}],"wp:featuredmedia":[{"embeddable":true,"href":"https:\/\/hardshop.hard-adv.com\/index.php\/wp-json\/wp\/v2\/media\/353"}],"wp:attachment":[{"href":"https:\/\/hardshop.hard-adv.com\/index.php\/wp-json\/wp\/v2\/media?parent=349"}],"wp:term":[{"taxonomy":"product_brand","embeddable":true,"href":"https:\/\/hardshop.hard-adv.com\/index.php\/wp-json\/wp\/v2\/product_brand?post=349"},{"taxonomy":"product_cat","embeddable":true,"href":"https:\/\/hardshop.hard-adv.com\/index.php\/wp-json\/wp\/v2\/product_cat?post=349"},{"taxonomy":"product_tag","embeddable":true,"href":"https:\/\/hardshop.hard-adv.com\/index.php\/wp-json\/wp\/v2\/product_tag?post=349"}],"curies":[{"name":"wp","href":"https:\/\/api.w.org\/{rel}","templated":true}]}}