{"id":359,"date":"2024-01-19T21:27:01","date_gmt":"2024-01-19T20:27:01","guid":{"rendered":"https:\/\/hardshop.hard-adv.com\/?post_type=product&#038;p=359"},"modified":"2024-01-19T21:30:04","modified_gmt":"2024-01-19T20:30:04","slug":"jt-zebatka-przednia-1252-16-z-guma-ktm-lc4-400-600-620-640-690-125216jtrb-lanc-520","status":"publish","type":"product","link":"https:\/\/hardshop.hard-adv.com\/index.php\/produkt\/jt-zebatka-przednia-1252-16-z-guma-ktm-lc4-400-600-620-640-690-125216jtrb-lanc-520\/","title":{"rendered":"JT Z\u0118BATKA PRZEDNIA 1252 16 Z GUM\u0104 KTM 890 (125216JTRB) (\u0141A\u0143C. 520)"},"content":{"rendered":"<h1 class=\"page-title-ui page-title-lq \">JT Z\u0118BATKA PRZEDNIA 1252 16 Z GUM\u0104 KTM 890<\/h1>\n","protected":false},"excerpt":{"rendered":"<h1 class=\"page-title-ui page-title-lq \">JT Z\u0118BATKA PRZEDNIA 1252 16 z\u0119b\u00f3w \u00a0Z GUM\u0104 KTM 890<\/h1>\n","protected":false},"featured_media":360,"template":"","meta":{"advanced_seo_description":"","jetpack_seo_html_title":"","jetpack_seo_noindex":false},"product_brand":[],"product_cat":[56],"product_tag":[],"class_list":{"0":"post-359","1":"product","2":"type-product","3":"status-publish","4":"has-post-thumbnail","6":"product_cat-naped-ktm890","8":"first","9":"instock","10":"taxable","11":"shipping-taxable","12":"purchasable","13":"product-type-simple"},"jetpack_sharing_enabled":true,"_links":{"self":[{"href":"https:\/\/hardshop.hard-adv.com\/index.php\/wp-json\/wp\/v2\/product\/359","targetHints":{"allow":["GET"]}}],"collection":[{"href":"https:\/\/hardshop.hard-adv.com\/index.php\/wp-json\/wp\/v2\/product"}],"about":[{"href":"https:\/\/hardshop.hard-adv.com\/index.php\/wp-json\/wp\/v2\/types\/product"}],"wp:featuredmedia":[{"embeddable":true,"href":"https:\/\/hardshop.hard-adv.com\/index.php\/wp-json\/wp\/v2\/media\/360"}],"wp:attachment":[{"href":"https:\/\/hardshop.hard-adv.com\/index.php\/wp-json\/wp\/v2\/media?parent=359"}],"wp:term":[{"taxonomy":"product_brand","embeddable":true,"href":"https:\/\/hardshop.hard-adv.com\/index.php\/wp-json\/wp\/v2\/product_brand?post=359"},{"taxonomy":"product_cat","embeddable":true,"href":"https:\/\/hardshop.hard-adv.com\/index.php\/wp-json\/wp\/v2\/product_cat?post=359"},{"taxonomy":"product_tag","embeddable":true,"href":"https:\/\/hardshop.hard-adv.com\/index.php\/wp-json\/wp\/v2\/product_tag?post=359"}],"curies":[{"name":"wp","href":"https:\/\/api.w.org\/{rel}","templated":true}]}}