{"id":364,"date":"2024-01-19T21:42:07","date_gmt":"2024-01-19T20:42:07","guid":{"rendered":"https:\/\/hardshop.hard-adv.com\/?post_type=product&#038;p=364"},"modified":"2024-01-19T21:44:05","modified_gmt":"2024-01-19T20:44:05","slug":"did-520zvmxgg-118-lancuch-zloty-zloty-118-ogniw-x-ring-otwarty-zakuwka-ktm890","status":"publish","type":"product","link":"https:\/\/hardshop.hard-adv.com\/index.php\/produkt\/did-520zvmxgg-118-lancuch-zloty-zloty-118-ogniw-x-ring-otwarty-zakuwka-ktm890\/","title":{"rendered":"DID 520ZVMXG&amp;G-118 \u0141A\u0143CUCH Z\u0141OTY \/ Z\u0141OTY (118 OGNIW) X-RING (OTWARTY + ZAKUWKA) KTM890"},"content":{"rendered":"<p>DID 520ZVMXG&amp;G-118 \u0141A\u0143CUCH Z\u0141OTY \/ Z\u0141OTY (118 OGNIW) X-RING (OTWARTY + ZAKUWKA) pasuje do KTM890<\/p>\n","protected":false},"excerpt":{"rendered":"<p>\u0141a\u0144cuch DID pasuje do \u00a0KTM 890<\/p>\n","protected":false},"featured_media":365,"template":"","meta":{"advanced_seo_description":"","jetpack_seo_html_title":"","jetpack_seo_noindex":false},"product_brand":[],"product_cat":[56],"product_tag":[],"class_list":{"0":"post-364","1":"product","2":"type-product","3":"status-publish","4":"has-post-thumbnail","6":"product_cat-naped-ktm890","8":"first","9":"instock","10":"taxable","11":"shipping-taxable","12":"purchasable","13":"product-type-simple"},"jetpack_sharing_enabled":true,"_links":{"self":[{"href":"https:\/\/hardshop.hard-adv.com\/index.php\/wp-json\/wp\/v2\/product\/364","targetHints":{"allow":["GET"]}}],"collection":[{"href":"https:\/\/hardshop.hard-adv.com\/index.php\/wp-json\/wp\/v2\/product"}],"about":[{"href":"https:\/\/hardshop.hard-adv.com\/index.php\/wp-json\/wp\/v2\/types\/product"}],"wp:featuredmedia":[{"embeddable":true,"href":"https:\/\/hardshop.hard-adv.com\/index.php\/wp-json\/wp\/v2\/media\/365"}],"wp:attachment":[{"href":"https:\/\/hardshop.hard-adv.com\/index.php\/wp-json\/wp\/v2\/media?parent=364"}],"wp:term":[{"taxonomy":"product_brand","embeddable":true,"href":"https:\/\/hardshop.hard-adv.com\/index.php\/wp-json\/wp\/v2\/product_brand?post=364"},{"taxonomy":"product_cat","embeddable":true,"href":"https:\/\/hardshop.hard-adv.com\/index.php\/wp-json\/wp\/v2\/product_cat?post=364"},{"taxonomy":"product_tag","embeddable":true,"href":"https:\/\/hardshop.hard-adv.com\/index.php\/wp-json\/wp\/v2\/product_tag?post=364"}],"curies":[{"name":"wp","href":"https:\/\/api.w.org\/{rel}","templated":true}]}}