{"id":432,"date":"2024-01-20T21:59:07","date_gmt":"2024-01-20T20:59:07","guid":{"rendered":"https:\/\/hardshop.hard-adv.com\/?post_type=product&#038;p=432"},"modified":"2024-01-20T22:02:01","modified_gmt":"2024-01-20T21:02:01","slug":"accel-trzymak-opony-250-aluminiowy-z-nakretka-alu-wzmacniany","status":"publish","type":"product","link":"https:\/\/hardshop.hard-adv.com\/index.php\/produkt\/accel-trzymak-opony-250-aluminiowy-z-nakretka-alu-wzmacniany\/","title":{"rendered":"ACCEL TRZYMAK OPONY 2,50 ALUMINIOWY Z NAKR\u0118TK\u0104 ALU (WZMACNIANY)"},"content":{"rendered":"<h1 class=\"page-title-ui page-title-lq \">ACCEL TRZYMAK OPONY 2,50 ALUMINIOWY Z NAKR\u0118TK\u0104 ALU (WZMACNIANY)<\/h1>\n","protected":false},"excerpt":{"rendered":"<h1 class=\"page-title-ui page-title-lq \">ACCEL TRZYMAK OPONY 2,50 ALUMINIOWY Z NAKR\u0118TK\u0104 ALU (WZMACNIANY) Zapobiega przekr\u0119ceniu si\u0119 opony mo\u017cliwo\u015b\u0107 zej\u015bcia na troch\u0119 ni\u017csze ci\u015bnienie w dentce.<\/h1>\n","protected":false},"featured_media":433,"template":"","meta":{"advanced_seo_description":"","jetpack_seo_html_title":"","jetpack_seo_noindex":false},"product_brand":[],"product_cat":[57,58,42,37],"product_tag":[],"class_list":{"0":"post-432","1":"product","2":"type-product","3":"status-publish","4":"has-post-thumbnail","6":"product_cat-kola","7":"product_cat-kola-ktm890","8":"product_cat-ktm890","9":"product_cat-tenere-700","11":"first","12":"instock","13":"taxable","14":"shipping-taxable","15":"purchasable","16":"product-type-simple"},"jetpack_sharing_enabled":true,"_links":{"self":[{"href":"https:\/\/hardshop.hard-adv.com\/index.php\/wp-json\/wp\/v2\/product\/432","targetHints":{"allow":["GET"]}}],"collection":[{"href":"https:\/\/hardshop.hard-adv.com\/index.php\/wp-json\/wp\/v2\/product"}],"about":[{"href":"https:\/\/hardshop.hard-adv.com\/index.php\/wp-json\/wp\/v2\/types\/product"}],"wp:featuredmedia":[{"embeddable":true,"href":"https:\/\/hardshop.hard-adv.com\/index.php\/wp-json\/wp\/v2\/media\/433"}],"wp:attachment":[{"href":"https:\/\/hardshop.hard-adv.com\/index.php\/wp-json\/wp\/v2\/media?parent=432"}],"wp:term":[{"taxonomy":"product_brand","embeddable":true,"href":"https:\/\/hardshop.hard-adv.com\/index.php\/wp-json\/wp\/v2\/product_brand?post=432"},{"taxonomy":"product_cat","embeddable":true,"href":"https:\/\/hardshop.hard-adv.com\/index.php\/wp-json\/wp\/v2\/product_cat?post=432"},{"taxonomy":"product_tag","embeddable":true,"href":"https:\/\/hardshop.hard-adv.com\/index.php\/wp-json\/wp\/v2\/product_tag?post=432"}],"curies":[{"name":"wp","href":"https:\/\/api.w.org\/{rel}","templated":true}]}}