{"id":455,"date":"2024-01-21T12:50:10","date_gmt":"2024-01-21T11:50:10","guid":{"rendered":"https:\/\/hardshop.hard-adv.com\/?post_type=product&#038;p=455"},"modified":"2024-01-21T12:52:56","modified_gmt":"2024-01-21T11:52:56","slug":"tacs-racing-mousse-wkladka-ochronna-pod-tubliss18-medium","status":"publish","type":"product","link":"https:\/\/hardshop.hard-adv.com\/index.php\/produkt\/tacs-racing-mousse-wkladka-ochronna-pod-tubliss18-medium\/","title":{"rendered":"TACS RACING MOUSSE WK\u0141ADKA OCHRONNA POD TUBLISS18 MEDIUM"},"content":{"rendered":"<div class=\"product-description-ui limited-container-ui product-description-lq\">\n<p><strong>TACS PROTEC MOUSSE<\/strong><\/p>\n<p>Zosta\u0142 zaprojektowany, aby Twoja jazda by\u0142a jeszcze bardziej szybsza i bezpieczniejsza.<\/p>\n<p>Zalety systemy PROTEC MOUSSE:<\/p>\n<p>&#8211; dodatkowa ochona systemu TUBLISS 2.0,<\/p>\n<p>&#8211; zmniejsza ryzyko przebicia,<\/p>\n<p>&#8211; zwi\u0119ksza przyczepno\u015b\u0107 opony do terenu,<\/p>\n<p>&#8211; w razie przebicia opony, wk\u0142adka daje mozliwo\u015b\u0107 dojechania do mety wy\u015bcigu \/ celu,<\/p>\n<p><strong>UWAGA:<\/strong><\/p>\n<p>Dla wi\u0119kszo\u015bci rider\u00f3w zaleca si\u0119 stosowania mousse o twardo\u015bci MEDIUM ze wzgl\u0119du na jego d\u0142u\u017csz\u0105 \u017cywotno\u015b\u0107, szczeg\u00f3lnie podczas przebitej opony.<\/p>\n<p>Mieszanka SOFT jest zalecana dla l\u017cejszych rider\u00f3w lub w ekstremanych warunkach.<\/p>\n<p>Przy monta\u017cu wymagane jest u\u017cycie pasty monta\u017cowej do mouss\u00f3w.<\/p>\n<ul class=\"second-list-ui \">\n<li>\n<div class=\"name-ui\">Kod EAN<\/div>\n<div class=\"value-ui\">bes-101002<\/div>\n<\/li>\n<\/ul>\n<\/div>\n<div class=\"product-attributes-ui clear-after-ui product-attributes-lq\"><\/div>\n","protected":false},"excerpt":{"rendered":"<p>TACS RACING MOUSSE WK\u0141ADKA OCHRONNA POD TUBLISS18 MEDIUM<\/p>\n","protected":false},"featured_media":456,"template":"","meta":{"advanced_seo_description":"","jetpack_seo_html_title":"","jetpack_seo_noindex":false},"product_brand":[],"product_cat":[57,37],"product_tag":[],"class_list":{"0":"post-455","1":"product","2":"type-product","3":"status-publish","4":"has-post-thumbnail","6":"product_cat-kola","7":"product_cat-tenere-700","9":"first","10":"instock","11":"taxable","12":"shipping-taxable","13":"purchasable","14":"product-type-simple"},"jetpack_sharing_enabled":true,"_links":{"self":[{"href":"https:\/\/hardshop.hard-adv.com\/index.php\/wp-json\/wp\/v2\/product\/455","targetHints":{"allow":["GET"]}}],"collection":[{"href":"https:\/\/hardshop.hard-adv.com\/index.php\/wp-json\/wp\/v2\/product"}],"about":[{"href":"https:\/\/hardshop.hard-adv.com\/index.php\/wp-json\/wp\/v2\/types\/product"}],"wp:featuredmedia":[{"embeddable":true,"href":"https:\/\/hardshop.hard-adv.com\/index.php\/wp-json\/wp\/v2\/media\/456"}],"wp:attachment":[{"href":"https:\/\/hardshop.hard-adv.com\/index.php\/wp-json\/wp\/v2\/media?parent=455"}],"wp:term":[{"taxonomy":"product_brand","embeddable":true,"href":"https:\/\/hardshop.hard-adv.com\/index.php\/wp-json\/wp\/v2\/product_brand?post=455"},{"taxonomy":"product_cat","embeddable":true,"href":"https:\/\/hardshop.hard-adv.com\/index.php\/wp-json\/wp\/v2\/product_cat?post=455"},{"taxonomy":"product_tag","embeddable":true,"href":"https:\/\/hardshop.hard-adv.com\/index.php\/wp-json\/wp\/v2\/product_tag?post=455"}],"curies":[{"name":"wp","href":"https:\/\/api.w.org\/{rel}","templated":true}]}}