{"id":459,"date":"2024-01-21T12:55:33","date_gmt":"2024-01-21T11:55:33","guid":{"rendered":"https:\/\/hardshop.hard-adv.com\/?post_type=product&#038;p=459"},"modified":"2024-01-21T12:55:34","modified_gmt":"2024-01-21T11:55:34","slug":"pakiet-system-tubliss-18-cali-mousse-tacs-racing-soft-michelin-zel-montazowy-50g-tylne-kolo","status":"publish","type":"product","link":"https:\/\/hardshop.hard-adv.com\/index.php\/produkt\/pakiet-system-tubliss-18-cali-mousse-tacs-racing-soft-michelin-zel-montazowy-50g-tylne-kolo\/","title":{"rendered":"PAKIET SYSTEM TUBLISS 18 CALI + MOUSSE TACS RACING SOFT + MICHELIN \u017bEL MONTA\u017bOWY 50G TYLNE KOLO"},"content":{"rendered":"<p>TUBLISS 18 CALI + MOUSSE TACS RACING + \u017bEL MONTA\u017bOWY<\/p>\n","protected":false},"excerpt":{"rendered":"<p>TUBLISS 18 CALI + MOUSSE TACS RACING + \u017bEL MONTA\u017bOWY<\/p>\n","protected":false},"featured_media":460,"template":"","meta":{"advanced_seo_description":"","jetpack_seo_html_title":"","jetpack_seo_noindex":false},"product_brand":[],"product_cat":[57,37],"product_tag":[],"class_list":{"0":"post-459","1":"product","2":"type-product","3":"status-publish","4":"has-post-thumbnail","6":"product_cat-kola","7":"product_cat-tenere-700","9":"first","10":"instock","11":"taxable","12":"shipping-taxable","13":"purchasable","14":"product-type-simple"},"jetpack_sharing_enabled":true,"_links":{"self":[{"href":"https:\/\/hardshop.hard-adv.com\/index.php\/wp-json\/wp\/v2\/product\/459","targetHints":{"allow":["GET"]}}],"collection":[{"href":"https:\/\/hardshop.hard-adv.com\/index.php\/wp-json\/wp\/v2\/product"}],"about":[{"href":"https:\/\/hardshop.hard-adv.com\/index.php\/wp-json\/wp\/v2\/types\/product"}],"wp:featuredmedia":[{"embeddable":true,"href":"https:\/\/hardshop.hard-adv.com\/index.php\/wp-json\/wp\/v2\/media\/460"}],"wp:attachment":[{"href":"https:\/\/hardshop.hard-adv.com\/index.php\/wp-json\/wp\/v2\/media?parent=459"}],"wp:term":[{"taxonomy":"product_brand","embeddable":true,"href":"https:\/\/hardshop.hard-adv.com\/index.php\/wp-json\/wp\/v2\/product_brand?post=459"},{"taxonomy":"product_cat","embeddable":true,"href":"https:\/\/hardshop.hard-adv.com\/index.php\/wp-json\/wp\/v2\/product_cat?post=459"},{"taxonomy":"product_tag","embeddable":true,"href":"https:\/\/hardshop.hard-adv.com\/index.php\/wp-json\/wp\/v2\/product_tag?post=459"}],"curies":[{"name":"wp","href":"https:\/\/api.w.org\/{rel}","templated":true}]}}