{"id":464,"date":"2024-01-21T13:04:16","date_gmt":"2024-01-21T12:04:16","guid":{"rendered":"https:\/\/hardshop.hard-adv.com\/?post_type=product&#038;p=464"},"modified":"2024-01-21T13:09:39","modified_gmt":"2024-01-21T12:09:39","slug":"nuetech-nitromousse-mousse-80-100-21-oraz-90-90-21-zel-85g-w-zestawie","status":"publish","type":"product","link":"https:\/\/hardshop.hard-adv.com\/index.php\/produkt\/nuetech-nitromousse-mousse-80-100-21-oraz-90-90-21-zel-85g-w-zestawie\/","title":{"rendered":"NUETECH NITROMOUSSE MOUSSE 80\/100-21 ORAZ 90\/90-21 (\u017bEL 85G. W ZESTAWIE) KOLO PRZOD"},"content":{"rendered":"<div class=\"product-description-ui limited-container-ui product-description-lq\">http:\/\/nitromousse.com\/<\/div>\n<div class=\"product-description-ui limited-container-ui product-description-lq\">Nitromousse zosta\u0142 wynalezniony przez te same osoby, kt\u00f3re wynalaz\u0142y oraz opatentowa\u0142y system tubliss. Nitromossue wykorzystuje technologi\u0119 st\u0119\u017conego azotu w mikro matrycy w po\u0142\u0105czeniu z elastomerami. To zapewnia trwa\u0142o\u015b\u0107 i takie same dzia\u0142anie przez ca\u0142y okres \u017cywotno\u015bci moussa. Dodatkowo w\u0142asna formu\u0142a produkcji pianki mousse zapewnia 2x d\u0142u\u017csz\u0105 \u017cywotno\u015b\u0107 od innych producent\u00f3w. Nitromousse zapewnia znacznie bardziej progresywne, przewidywalne i dzia\u0142anie w w czasie u\u017cytkowania ju\u017c od pierwszej jazdy. Nitromousse wykorzystuje niewiarygodnie tward\u0105 mikro matryc\u0119 w\u0142asnych elastomer\u00f3w, dzi\u0119ki czemu Nitromousse mo\u017ce wytrzyma\u0107 nawet 2X d\u0142u\u017cej ni\u017c inne mousse. Nitromousse zawiera wysokie st\u0119\u017cenie azotu, kt\u00f3re nadaje mu du\u017co powietrza, wra\u017cenie pneumatycznego (powietrznej poduszki), eliminuj\u0105c strach przed 'ubijaniem si\u0119 mousse\u201d. Dzi\u0119ki azotowi, kt\u00f3re nadaje \u201eprzewidywalno\u015b\u0107\u201d prowadzenia masz wra\u017cenie jakby\u015b jecha\u0142 na niskim ci\u015bnieniu, co wp\u0142ywa na trakcj\u0119, oraz polepsza uczucie pracy zawieszenia. Chcesz idealnie dobra\u0107 mousse do swojej opony? zobacz tutaj: http:\/\/nitromousse.com\/application-guide\/<\/div>\n<div class=\"product-attributes-ui clear-after-ui product-attributes-lq\"><\/div>\n","protected":false},"excerpt":{"rendered":"<p>NUETECH NITROMOUSSE MOUSSE 80\/100-21 ORAZ 90\/90-21 (\u017bEL 85G. W ZESTAWIE<\/p>\n<p>itromousse zosta\u0142 wynalezniony przez te same osoby, kt\u00f3re wynalaz\u0142y oraz opatentowa\u0142y system tubliss. Nitromossue wykorzystuje technologi\u0119 st\u0119\u017conego azotu w mikro matrycy w po\u0142\u0105czeniu z elastomerami. To zapewnia trwa\u0142o\u015b\u0107 i takie same dzia\u0142anie przez ca\u0142y okres \u017cywotno\u015bci moussa.<\/p>\n<p>&nbsp;<\/p>\n","protected":false},"featured_media":465,"template":"","meta":{"advanced_seo_description":"","jetpack_seo_html_title":"","jetpack_seo_noindex":false},"product_brand":[],"product_cat":[57,58,42,37],"product_tag":[],"class_list":{"0":"post-464","1":"product","2":"type-product","3":"status-publish","4":"has-post-thumbnail","6":"product_cat-kola","7":"product_cat-kola-ktm890","8":"product_cat-ktm890","9":"product_cat-tenere-700","11":"first","12":"instock","13":"taxable","14":"shipping-taxable","15":"purchasable","16":"product-type-simple"},"jetpack_sharing_enabled":true,"_links":{"self":[{"href":"https:\/\/hardshop.hard-adv.com\/index.php\/wp-json\/wp\/v2\/product\/464","targetHints":{"allow":["GET"]}}],"collection":[{"href":"https:\/\/hardshop.hard-adv.com\/index.php\/wp-json\/wp\/v2\/product"}],"about":[{"href":"https:\/\/hardshop.hard-adv.com\/index.php\/wp-json\/wp\/v2\/types\/product"}],"wp:featuredmedia":[{"embeddable":true,"href":"https:\/\/hardshop.hard-adv.com\/index.php\/wp-json\/wp\/v2\/media\/465"}],"wp:attachment":[{"href":"https:\/\/hardshop.hard-adv.com\/index.php\/wp-json\/wp\/v2\/media?parent=464"}],"wp:term":[{"taxonomy":"product_brand","embeddable":true,"href":"https:\/\/hardshop.hard-adv.com\/index.php\/wp-json\/wp\/v2\/product_brand?post=464"},{"taxonomy":"product_cat","embeddable":true,"href":"https:\/\/hardshop.hard-adv.com\/index.php\/wp-json\/wp\/v2\/product_cat?post=464"},{"taxonomy":"product_tag","embeddable":true,"href":"https:\/\/hardshop.hard-adv.com\/index.php\/wp-json\/wp\/v2\/product_tag?post=464"}],"curies":[{"name":"wp","href":"https:\/\/api.w.org\/{rel}","templated":true}]}}