{"id":484,"date":"2024-01-21T16:38:53","date_gmt":"2024-01-21T15:38:53","guid":{"rendered":"https:\/\/hardshop.hard-adv.com\/?post_type=product&#038;p=484"},"modified":"2024-01-21T17:19:55","modified_gmt":"2024-01-21T16:19:55","slug":"sena-interkom-motocyklowy-30k-mesh-2-0-bluetooth-4-1-do-2000m-z-glosnikami-hd-speakers-i-uniwersalnym-zestawem-mikrofonow-bez-radia-fm-1-zestaw-el-zastepuje-30k-01-oraz-30k-02","status":"publish","type":"product","link":"https:\/\/hardshop.hard-adv.com\/index.php\/produkt\/sena-interkom-motocyklowy-30k-mesh-2-0-bluetooth-4-1-do-2000m-z-glosnikami-hd-speakers-i-uniwersalnym-zestawem-mikrofonow-bez-radia-fm-1-zestaw-el-zastepuje-30k-01-oraz-30k-02\/","title":{"rendered":"SENA INTERKOM MOTOCYKLOWY 30K MESH 2.0 BLUETOOTH 4.1 DO 2000M Z G\u0141O\u015aNIKAMI HD SPEAKERS I UNIWERSALNYM ZESTAWEM MIKROFON\u00d3W ( BEZ RADIA FM ) ( 1 ZESTAW ) (EL) &#8211; ZAST\u0118PUJE 30K-01 ORAZ 30K-02"},"content":{"rendered":"<h4 class=\"page-title-ui page-title-lq \">ENA INTERKOM MOTOCYKLOWY 30K MESH 2.0 BLUETOOTH 4.1 DO 2000M Z G\u0141O\u015aNIKAMI HD SPEAKERS I UNIWERSALNYM ZESTAWEM MIKROFON\u00d3W ( BEZ RADIA FM ) ( 1 ZESTAW ) (EL) &#8211; ZAST\u0118PUJE 30K-01 ORAZ 30K-02<\/h4>\n<div class=\"product-description-ui limited-container-ui product-description-lq\">Sena 30K to interkom nowej generacji, stworzony z my\u015bl\u0105 m.in. o grupach motocyklist\u00f3w podr\u00f3\u017cuj\u0105cych wsp\u00f3lnie i chc\u0105cych by\u0107 ze sob\u0105 w sta\u0142ym kontakcie.Tworz\u0105c prywatn\u0105 sie\u0107 do 16 u\u017cytkownik\u00f3w wszyscy b\u0119d\u0105 ze sob\u0105 w sta\u0142ym kontakcie, a nawet je\u015bli kto\u015b oddali si\u0119 od grupy i straci zasi\u0119g, reszta b\u0119dzie nadal w nieprzerwanym kontakcie. Gdy tylko zagubiona osoba powr\u00f3ci \u2013 zostanie automatycznie przy\u0142\u0105czona do grupy. Nie musisz ju\u017c martwi\u0107 si\u0119 o utrat\u0119 po\u0142owy grupy ze wzgl\u0119du na po\u0142\u0105czenie bazuj\u0105ce tylko na technologii Bluetooth. W sieci prywatnej mo\u017cesz zaprasza\u0107 i komunikowa\u0107 si\u0119 z maksymalnie 16 u\u017cytkownikami w zasi\u0119gu do 2,0 km, a niesko\u0144czona liczba go\u015bci mo\u017ce przy\u0142\u0105czy\u0107 si\u0119 do nas\u0142uchiwania. W grupie 5 lub wi\u0119cej u\u017cytkownik\u00f3w, Mesh Intercom inteligentnie utrzyma grup\u0119 po\u0142\u0105czon\u0105 w zasi\u0119gu nawet do 8 km w idealnych warunkach jazdy!Je\u015bli jednak je\u017adzisz samotnie, a chcesz by\u0107 w kontakcie z innymi, to po prostu naci\u015bnij na g\u00f3rze przycisk MESH aby w\u0142\u0105czy\u0107 tryb publiczny. B\u0119dziesz w tedy automatycznie i natychmiastowo pod\u0142\u0105czany do praktycznie nieograniczonej liczby u\u017cytkownik\u00f3w interkom\u00f3w SENA 30K znajduj\u0105cych si\u0119 w zasi\u0119gu 1,6 km od Ciebie.Zaawansowana technologia Sena Mesh Intercom\u2122 umo\u017cliwia prac\u0119 w po\u0142\u0105czeniu z technologi\u0105 Bluetooth, dzi\u0119ki czemu mo\u017cna uzyska\u0107 wi\u0119cej po\u0142\u0105cze\u0144 ni\u017c kiedykolwiek wcze\u015bniej. SENA 30K oferuje wszystkie mo\u017cliwo\u015bci niezb\u0119dne do jazdy w du\u017cych grupach, a po\u0142\u0105czenia jeszcze nigdy nie by\u0142y tak stabilne jak teraz. Interkom zaprojektowany z innowacyjn\u0105 podw\u00f3jn\u0105 anten\u0105 i dwoma oddzielnymi procesorami ( dla Bluetooth i dla Mesh Intercom ). Dzi\u0119ki mo\u017cliwo\u015bci r\u00f3wnoleg\u0142ego \u0142\u0105czenia si\u0119 z Mesh Intercom \u2122 i Bluetooth 4.1, SENA 30K oferuje niespotykan\u0105 dot\u0105d \u0142\u0105czno\u015b\u0107, kt\u00f3rej to w\u0142a\u015bnie potrzebujesz podczas jazdy.Dodatkowo interkom oferuje wszystkie opcje znane z wcze\u015bniejszych modeli jak np. darmowa aktualizacja oprogramowania, konferencyjne po\u0142\u0105czenia, mo\u017cliwo\u015b\u0107 parowania z interkomami innych producent\u00f3w, sterowanie za pomoc\u0105 aplikacji itp., a nawet w opcjonalnej wersji specjaln\u0105 stacj\u0119 dokuj\u0105c\u0105 dzi\u0119ki kt\u00f3rej szybko na\u0142adujesz interkom jak r\u00f3wnie\u017c automatycznie zaktualizujesz oprogramowanie!Najwa\u017cniejsze jego cechy wyr\u00f3\u017cniaj\u0105ce go spo\u015br\u00f3d konkurencji to:- Bluetooth 4.1- zasi\u0119g do 2 km- do 13 godzin rozm\u00f3w, 10 dni czuwania- wymienne mikrofony na kablu i pa\u0142\u0105ku- innowacyjny, prosty i szybki spos\u00f3b parowania- mo\u017cliwo\u015b\u0107 tworzenia konferencji 8 interkom\u00f3w, a w prywatnej siatce MESH do 16 u\u017cytkownik\u00f3w- mo\u017cliwo\u015b\u0107 parowania z interkomami innych producent\u00f3w- sterowanie za pomoc\u0105 smartphone&#8217;a dzi\u0119ki specjalnej aplikacji- darmowa aktualizacja oprogramowania- gwarancja 2 lataZestaw wyposa\u017cony w dwa rodzaje wymiennych mikrofon\u00f3w: na pa\u0142\u0105ku oraz na kablu, kabel USB oraz kabel Jack.UWAGA!Ze wzgl\u0119du na mniejsze napi\u0119cie 5V, do \u0142adowania centralki nie wolno u\u017cywa\u0107 innych, mocniejszych \u0142adowarek. Interkomy SENA s\u0105 kompatybilne tylko z \u0142adowarkami USB o napi\u0119ciu 5V.\u0141adowarka USB innej firmy mo\u017ce by\u0107 u\u017cywana z produktami SENA, tylko je\u015bli ta \u0142adowarka jest zatwierdzona przez FCC, CE, IC lub inne lokalnie zatwierdzone agencje, kt\u00f3re Sena akceptuje. Korzystanie z niezatwierdzonej \u0142adowarki mo\u017ce spowodowa\u0107 po\u017car, wybuch, wyciek i inne zagro\u017cenia, mo\u017ce r\u00f3wnie\u017c zmniejszy\u0107 \u017cywotno\u015b\u0107 lub wydajno\u015b\u0107 baterii. W przeciwie\u0144stwie do nawigacji motocyklowych, wi\u0119kszo\u015b\u0107 nawigacji samochodowych nie ma opcji \u0142\u0105czenia si\u0119 z interkomem i przesy\u0142ania do niego komunikat\u00f3w, dlatego mo\u017ce wyst\u0105pi\u0107 sytuacja w kt\u00f3rej interkom SENA nie po\u0142\u0105czy si\u0119 z posiadan\u0105 nawigacj\u0105 samochodow\u0105.<\/div>\n<div class=\"product-attributes-ui clear-after-ui product-attributes-lq\">\n<ul class=\"second-list-ui \">\n<li>\n<div class=\"name-ui\">Kod EAN<\/div>\n<div class=\"value-ui\">8809629526319<\/div>\n<\/li>\n<\/ul>\n<\/div>\n","protected":false},"excerpt":{"rendered":"<p>SENA INTERKOM MOTOCYKLOWY 30K MESH 2.0 BLUETOOTH 4.1 DO 2000M<\/p>\n","protected":false},"featured_media":485,"template":"","meta":{"advanced_seo_description":"","jetpack_seo_html_title":"","jetpack_seo_noindex":false},"product_brand":[],"product_cat":[25],"product_tag":[],"class_list":{"0":"post-484","1":"product","2":"type-product","3":"status-publish","4":"has-post-thumbnail","6":"product_cat-komunikacja","8":"first","9":"instock","10":"sale","11":"taxable","12":"shipping-taxable","13":"purchasable","14":"product-type-simple"},"jetpack_sharing_enabled":true,"_links":{"self":[{"href":"https:\/\/hardshop.hard-adv.com\/index.php\/wp-json\/wp\/v2\/product\/484","targetHints":{"allow":["GET"]}}],"collection":[{"href":"https:\/\/hardshop.hard-adv.com\/index.php\/wp-json\/wp\/v2\/product"}],"about":[{"href":"https:\/\/hardshop.hard-adv.com\/index.php\/wp-json\/wp\/v2\/types\/product"}],"wp:featuredmedia":[{"embeddable":true,"href":"https:\/\/hardshop.hard-adv.com\/index.php\/wp-json\/wp\/v2\/media\/485"}],"wp:attachment":[{"href":"https:\/\/hardshop.hard-adv.com\/index.php\/wp-json\/wp\/v2\/media?parent=484"}],"wp:term":[{"taxonomy":"product_brand","embeddable":true,"href":"https:\/\/hardshop.hard-adv.com\/index.php\/wp-json\/wp\/v2\/product_brand?post=484"},{"taxonomy":"product_cat","embeddable":true,"href":"https:\/\/hardshop.hard-adv.com\/index.php\/wp-json\/wp\/v2\/product_cat?post=484"},{"taxonomy":"product_tag","embeddable":true,"href":"https:\/\/hardshop.hard-adv.com\/index.php\/wp-json\/wp\/v2\/product_tag?post=484"}],"curies":[{"name":"wp","href":"https:\/\/api.w.org\/{rel}","templated":true}]}}