{"id":498,"date":"2024-01-21T17:04:51","date_gmt":"2024-01-21T16:04:51","guid":{"rendered":"https:\/\/hardshop.hard-adv.com\/?post_type=product&#038;p=498"},"modified":"2024-01-21T17:22:23","modified_gmt":"2024-01-21T16:22:23","slug":"sena-interkom-motocyklowy-50c-01-quantum-mesh-2-0-bluetooth-5-0-do-1600m-z-kamera-ultra-hd-4k-radiem-fm-oraz-systemem-audio-harman-kardon-1-zestaw-el","status":"publish","type":"product","link":"https:\/\/hardshop.hard-adv.com\/index.php\/produkt\/sena-interkom-motocyklowy-50c-01-quantum-mesh-2-0-bluetooth-5-0-do-1600m-z-kamera-ultra-hd-4k-radiem-fm-oraz-systemem-audio-harman-kardon-1-zestaw-el\/","title":{"rendered":"SENA INTERKOM MOTOCYKLOWY 50C-01 QUANTUM MESH 2.0 BLUETOOTH 5.0 DO 1600M Z KAMER\u0104 ULTRA HD 4K, RADIEM FM ORAZ SYSTEMEM AUDIO HARMAN KARDON ( 1 ZESTAW ) (EL)"},"content":{"rendered":"<div class=\"product-description-ui limited-container-ui product-description-lq\">\n<p>Nowa linia interkom\u00f3w <strong>SENA QUANTUM BY HARMAN KARDON<\/strong> wprowadza u\u017cytkownik\u00f3w na wy\u017cszy poziom jako\u015bci oferowanego d\u017awi\u0119ku. Dzi\u0119ki wsp\u00f3\u0142pracy SENY ze specjalistami system\u00f3w audio z bran\u017cy samochodowej, firm\u0105 HARMAN KARDON, uda\u0142o si\u0119 osi\u0105gn\u0105\u0107 niesamowit\u0105 jako\u015b\u0107 d\u017awi\u0119ku, niespotykan\u0105 dot\u0105d w \u017cadnych interkomach. Nowe interkomy oferuj\u0105 niesamowite wra\u017cenia d\u017awi\u0119kowe, a precyzyjne dostrojenie zapewnia lepszy balans, podbicie bas\u00f3w czy wysokich ton\u00f3w. Nowo zaprojektowane mikrofony zapewniaj\u0105 lepsz\u0105 wydajno\u015b\u0107, a dzi\u0119ki zastosowanemu specjalnemu czujnikowi, kt\u00f3ry inteligentnie wykrywa i podnosi \u015brednie cz\u0119stotliwo\u015bci ludzkiego g\u0142osu, uda\u0142o si\u0119 odfiltrowa\u0107 przeszkadzaj\u0105cy wiatr czy szum i osi\u0105gn\u0105\u0107 mo\u017cliwie najczystszy d\u017awi\u0119k. Nowy mikrofon zapewnia solidn\u0105 komunikacj\u0119 g\u0142osow\u0105 podczas jazdy, a fachowo wykonane g\u0142o\u015bniki wysy\u0142aj\u0105 krystalicznie czysty d\u017awi\u0119k wprost do uszu u\u017cytkownika.<\/p>\n<p><strong>SENA 50C QUANTUM<\/strong> to ca\u0142kowicie nowy model interkomu zintegrowanego z kamer\u0105. Nowy interkom wyposa\u017cony zosta\u0142 w \u0142\u0105czno\u015b\u0107 Bluetooth i MESH oraz wysokiej jako\u015bci kamer\u0119 nagrywaj\u0105c\u0105 filmy w wysokiej jako\u015bci ULTRA HD 4K (2160p: 30fps) i wyposa\u017con\u0105 w elektroniczn\u0105 stabilizacj\u0119 obrazu (EIS). Kamera oferuje r\u00f3wnie\u017c mo\u017cliwo\u015b\u0107 robienia zdj\u0119\u0107 w rozdzielczo\u015bci 12MP (4:3). Kamera oferuje r\u00f3wnie\u017c now\u0105 funkcj\u0119 Smart Audio Mix\u2122, dzi\u0119ki kt\u00f3rej nagrasz na swoim filmie zar\u00f3wno sw\u00f3j g\u0142os jak i np. muzyk\u0119 ze swojego smartphona, kt\u00f3r\u0105 aktualnie s\u0142yszysz w g\u0142o\u015bnikach. Dodatkowo dzi\u0119ki wbudowanemu korektorowi, jeszcze lepiej dostosujesz d\u017awi\u0119k do w\u0142asnych preferencji. MESH to sie\u0107 do 24 u\u017cytkownik\u00f3w, gdzie wszyscy b\u0119d\u0105 ze sob\u0105 w sta\u0142ym kontakcie, a nawet je\u015bli kto\u015b oddali si\u0119 od grupy i straci zasi\u0119g, reszta b\u0119dzie nadal w nieprzerwanym kontakcie. Gdy tylko zagubiona osoba powr\u00f3ci \u2013 zostanie automatycznie przy\u0142\u0105czona do grupy. Nie musisz ju\u017c martwi\u0107 si\u0119 o utrat\u0119 po\u0142owy grupy ze wzgl\u0119du na po\u0142\u0105czenie bazuj\u0105ce tylko na technologii Bluetooth. W sieci MESH, 6 u\u017cytkownik\u00f3w mo\u017ce rozmawia\u0107 jednocze\u015bnie, a niesko\u0144czona liczba go\u015bci mo\u017ce przy\u0142\u0105czy\u0107 si\u0119 do nas\u0142uchiwania. Dzi\u0119ki wielokana\u0142owemu interkomowi z otwart\u0105 siatk\u0105 MESH masz 9 dost\u0119pnych kana\u0142\u00f3w, co jest nowo\u015bci\u0105 w bran\u017cy! Prze\u0142\u0105czaj si\u0119 mi\u0119dzy kana\u0142ami, aby rozmawia\u0107 z r\u00f3\u017cnymi grupami uczestnicz\u0105cymi w komunikacji Mesh. Zaawansowana technologia Sena Mesh Intercom\u2122 umo\u017cliwia prac\u0119 w po\u0142\u0105czeniu z technologi\u0105 Bluetooth, dzi\u0119ki czemu mo\u017cna uzyska\u0107 wi\u0119cej po\u0142\u0105cze\u0144 ni\u017c kiedykolwiek wcze\u015bniej. SENA 50C oferuje wszystkie mo\u017cliwo\u015bci niezb\u0119dne do jazdy w du\u017cych grupach, a po\u0142\u0105czenia jeszcze nigdy nie by\u0142y tak stabilne jak teraz. Interkom zaprojektowany z innowacyjn\u0105 podw\u00f3jn\u0105 anten\u0105 i dwoma oddzielnymi procesorami ( dla Bluetooth i dla Mesh Intercom ). Dzi\u0119ki mo\u017cliwo\u015bci r\u00f3wnoleg\u0142ego \u0142\u0105czenia si\u0119 z Mesh Intercom \u2122 i Bluetooth 5, interkomy SENA oferuj\u0105 niespotykan\u0105 dot\u0105d \u0142\u0105czno\u015b\u0107, kt\u00f3rej to w\u0142a\u015bnie potrzebujesz podczas jazdy. Nowo\u015bci\u0105 w komunikacji jest wyposa\u017cenie interkomu w asystanta Google czy Siri dzi\u0119ki czemu bez odrywania r\u0105k od kierownicy mo\u017cesz uzyska\u0107 wszelkie pomocne informacje. Interkom wyposa\u017cony jest w nowatorski kabel WIFI dzi\u0119ki kt\u00f3remu podczas \u0142adowania interkomu automatycznie zostanie zaktualizowane oprogramowanie do najnowszej wersji. Dodatkowo interkom oferuje wszystkie opcje znane z wcze\u015bniejszych modeli jak np. radio FM, darmowa aktualizacja oprogramowania, konferencyjne po\u0142\u0105czenia, mo\u017cliwo\u015b\u0107 parowania z interkomami innych producent\u00f3w, sterowanie za pomoc\u0105 aplikacji itp.<\/p>\n<p>&nbsp;<\/p>\n<p><strong>Najwa\u017cniejsze cechy nowego interkomu SENA 50C QUANTUM to:<\/strong><\/p>\n<p>&#8211; Bluetooth 5.0, MESH 2.0<\/p>\n<p>&#8211; zasi\u0119g Bluetooth do 1.6km, MESH do 2km, kt\u00f3ry mo\u017cna wyd\u0142u\u017cy\u0107 do 8 km przy grupie min. 6 motocykli<\/p>\n<p>&#8211; WIFI do 15m<\/p>\n<p>&#8211; radio FM<\/p>\n<p>&#8211; do 22h rozm\u00f3w, do 1h 40m godzin nagrywania<\/p>\n<p>&#8211; wymienne mikrofony na kablu i pa\u0142\u0105ku<\/p>\n<p>&#8211; kabel WIFI do \u0142adowania i automatycznej aktualizacji oprogramowania<\/p>\n<p>&#8211; mo\u017cliwo\u015b\u0107 tworzenia konferencji 4 interkom\u00f3w<\/p>\n<p>&#8211; mo\u017cliwo\u015b\u0107 parowania z interkomami innych producent\u00f3w<\/p>\n<p>&#8211; sterowanie za pomoc\u0105 smartphone&#8217;a dzi\u0119ki specjalnej aplikacji<\/p>\n<p>&#8211; nagrywanie w p\u0119tli<\/p>\n<p>&#8211; opcja video tagging &#8211; naci\u015bni\u0119cie przycisku nagrywania zapisuje 3minuty wstecz, 3minuty tera\u017aniejsze i 3minuty do przodu, aby z\u0142apa\u0107 tylko ciekawy moment i nie zape\u0142nia\u0107 karty ci\u0105g\u0142ym nagraniem<\/p>\n<p>&#8211; mo\u017cliwo\u015b\u0107 wykonywania zdj\u0119\u0107<\/p>\n<p>&#8211; nagrywanie g\u0142osu z interkomu oraz muzyki z odtwarzacza<\/p>\n<p>&#8211; gniazdo na kart\u0119 MicroSD<\/p>\n<p>&#8211; darmowa aktualizacja oprogramowania<\/p>\n<p>&#8211; gwarancja 3 lata<\/p>\n<p>&nbsp;<\/p>\n<p><strong>UWAGA!<\/strong><\/p>\n<p>Ze wzgl\u0119du na mniejsze napi\u0119cie 5V, do \u0142adowania centralki nie wolno u\u017cywa\u0107 innych, mocniejszych \u0142adowarek. Interkomy SENA s\u0105 kompatybilne tylko z \u0142adowarkami USB o napi\u0119ciu 5V. \u0141adowarka USB innej firmy mo\u017ce by\u0107 u\u017cywana z produktami SENA, tylko je\u015bli ta \u0142adowarka jest zatwierdzona przez FCC, CE, IC lub inne lokalnie zatwierdzone agencje, kt\u00f3re Sena akceptuje. Korzystanie z niezatwierdzonej \u0142adowarki mo\u017ce spowodowa\u0107 po\u017car, wybuch, wyciek i inne zagro\u017cenia, mo\u017ce r\u00f3wnie\u017c zmniejszy\u0107 \u017cywotno\u015b\u0107 lub wydajno\u015b\u0107 baterii.<\/p>\n<p>W przeciwie\u0144stwie do nawigacji motocyklowych, wi\u0119kszo\u015b\u0107 nawigacji samochodowych nie ma opcji \u0142\u0105czenia si\u0119 z interkomem i przesy\u0142ania do niego komunikat\u00f3w, dlatego mo\u017ce wyst\u0105pi\u0107 sytuacja w kt\u00f3rej interkom SENA nie po\u0142\u0105czy si\u0119 z posiadan\u0105 nawigacj\u0105 samochodow\u0105.<\/p>\n<p>Je\u015bli do \u0142adowania i uaktualniania oprogramowania u\u017cywasz do\u0142\u0105czonego kabla z WIFI, pami\u0119taj \u017ceby nie pod\u0142\u0105cza\u0107 go do gniazdka USB komputera czy laptopa. Kabel z adapterem WIFI mo\u017cna pod\u0142\u0105cza\u0107 tylko do sieciowej \u0142adowarki USB.<\/p>\n<\/div>\n<div class=\"product-attributes-ui clear-after-ui product-attributes-lq\">\n<h2>Najwa\u017cniejsze cechy towaru<\/h2>\n<ul class=\"attributes-column-ui f-left-ui\">\n<li>\n<div class=\"name-ui\">Podatek VAT<\/div>\n<div class=\"value-ui\">23%<\/div>\n<\/li>\n<\/ul>\n<ul class=\"attributes-column-ui f-right-ui\">\n<li>\n<div class=\"name-ui\">Kod EAN<\/div>\n<div class=\"value-ui\">8809629525046<\/div>\n<\/li>\n<\/ul>\n<\/div>\n","protected":false},"excerpt":{"rendered":"<p>SENA INTERKOM MOTOCYKLOWY 50C-01 QUANTUM MESH 2.0 BLUETOOTH 5.0 DO 1600M Z KAMER\u0104 ULTRA HD 4K, RADIEM FM ORAZ SYSTEMEM AUDIO HARMAN KARDON ( 1 ZESTAW ) (EL)<\/p>\n","protected":false},"featured_media":501,"template":"","meta":{"advanced_seo_description":"","jetpack_seo_html_title":"","jetpack_seo_noindex":false},"product_brand":[],"product_cat":[25],"product_tag":[],"class_list":{"0":"post-498","1":"product","2":"type-product","3":"status-publish","4":"has-post-thumbnail","6":"product_cat-komunikacja","8":"first","9":"instock","10":"sale","11":"taxable","12":"shipping-taxable","13":"purchasable","14":"product-type-simple"},"jetpack_sharing_enabled":true,"_links":{"self":[{"href":"https:\/\/hardshop.hard-adv.com\/index.php\/wp-json\/wp\/v2\/product\/498","targetHints":{"allow":["GET"]}}],"collection":[{"href":"https:\/\/hardshop.hard-adv.com\/index.php\/wp-json\/wp\/v2\/product"}],"about":[{"href":"https:\/\/hardshop.hard-adv.com\/index.php\/wp-json\/wp\/v2\/types\/product"}],"wp:featuredmedia":[{"embeddable":true,"href":"https:\/\/hardshop.hard-adv.com\/index.php\/wp-json\/wp\/v2\/media\/501"}],"wp:attachment":[{"href":"https:\/\/hardshop.hard-adv.com\/index.php\/wp-json\/wp\/v2\/media?parent=498"}],"wp:term":[{"taxonomy":"product_brand","embeddable":true,"href":"https:\/\/hardshop.hard-adv.com\/index.php\/wp-json\/wp\/v2\/product_brand?post=498"},{"taxonomy":"product_cat","embeddable":true,"href":"https:\/\/hardshop.hard-adv.com\/index.php\/wp-json\/wp\/v2\/product_cat?post=498"},{"taxonomy":"product_tag","embeddable":true,"href":"https:\/\/hardshop.hard-adv.com\/index.php\/wp-json\/wp\/v2\/product_tag?post=498"}],"curies":[{"name":"wp","href":"https:\/\/api.w.org\/{rel}","templated":true}]}}