{"id":502,"date":"2024-01-21T17:52:22","date_gmt":"2024-01-21T16:52:22","guid":{"rendered":"https:\/\/hardshop.hard-adv.com\/?post_type=product&#038;p=502"},"modified":"2024-01-21T17:52:22","modified_gmt":"2024-01-21T16:52:22","slug":"mitas-opona-150-70b18-e-07-enduro-trail-70t-tl-dakar-zolty-pasek-tyl-dot-24-2022-27567","status":"publish","type":"product","link":"https:\/\/hardshop.hard-adv.com\/index.php\/produkt\/mitas-opona-150-70b18-e-07-enduro-trail-70t-tl-dakar-zolty-pasek-tyl-dot-24-2022-27567\/","title":{"rendered":"MITAS OPONA 150\/70B18 E-07+ ENDURO TRAIL 70T TL DAKAR (\u017b\u00d3\u0141TY PASEK) TY\u0141 DOT 24\/2022 (27567)"},"content":{"rendered":"<h4 class=\"page-title-ui page-title-lq \">MITAS OPONA 150\/70B18 E-07+ ENDURO TRAIL 70T TL DAKAR (\u017b\u00d3\u0141TY PASEK) TY\u0141 DOT 24\/2022 (27567)<\/h4>\n<div class=\"product-description-ui limited-container-ui product-description-lq\">\n<p><strong>ODKRYJ PE\u0141NI\u0118 PRZYG\u00d3D NA DW\u00d3CH K\u00d3\u0141KACH Z <a href=\"https:\/\/shop.olekmotocykle.com\/produkty,2?search=mitas%20enduro%20trail%20\">MITAS ENDURO TRAIL<\/a>!<\/strong><\/p>\n<p><strong><a href=\"https:\/\/shop.olekmotocykle.com\/produkty,2?search=mitas\">MITAS<\/a> ENDURO TRAIL &#8211;<a href=\"https:\/\/shop.olekmotocykle.com\/produkty,2?search=opona\">opona motocyklowa<\/a><\/strong> marki <strong>MITAS<\/strong> przeznaczona do 50% jazdy po drogach asfaltowych, zosta\u0142a stworzona z my\u015bl\u0105 o osi\u0105gni\u0119ciu wszechstronnej wydajno\u015bci i pewno\u015bci na nawierzchniach zar\u00f3wno utwardzonych, jak i szutrowych.<\/p>\n<p><strong>ZALETY<\/strong> <strong><a href=\"https:\/\/shop.olekmotocykle.com\/produkty,2?search=mitas%20enduro%20trail%20\">MITAS ENDURO TRAIL<\/a>:<\/strong><\/p>\n<p>&#8211;<strong>Doskona\u0142a przyczepno\u015b\u0107 oraz stabilno\u015b\u0107<\/strong>&#8211; charakteryzuj\u0105cy si\u0119 agresywnym bie\u017cnikiem w formie ma\u0142ych blok\u00f3w w kszta\u0142cie chevron\u00f3w. <strong>MITAS ENDURO TRAIL <\/strong>zapewnia doskona\u0142\u0105 przyczepno\u015b\u0107, stabilno\u015b\u0107 oraz pewno\u015b\u0107 prowadzenia, nawet w trudnych warunkach deszczowych.<\/p>\n<p>&#8211;<strong>Wszechstronno\u015b\u0107-<\/strong> model <strong><a href=\"https:\/\/shop.olekmotocykle.com\/produkty,2?search=mitas\">MITAS<\/a> ENDURO TRAIL <\/strong>sprawdza si\u0119 zar\u00f3wno na suchej nawierzchni, jak i w mokrych warunkach, co czyni go niezast\u0105pionym w r\u00f3\u017cnorodnych sytuacjach.<\/p>\n<p>&#8211;<strong>Wysoka trwa\u0142o\u015b\u0107- <a href=\"https:\/\/shop.olekmotocykle.com\/produkty,2?search=mitas%20enduro%20trail%20\">MITAS ENDURO TRAIL <\/a><\/strong>dost\u0119pne s\u0105 w wersji Heavy-Duty, a tak\u017ce opcjonalnie w wersji Ultra Heavy-Duty (DAKAR), kt\u00f3re s\u0105 zaprojektowane z my\u015bl\u0105 o wyd\u0142u\u017conej trwa\u0142o\u015bci, idealnej dla motocykli u\u017cywanych w trudnych warunkach terenowych. To oznacza, \u017ce <a href=\"https:\/\/shop.olekmotocykle.com\/produkty,2?search=opona\"><strong>opona<\/strong> <\/a><strong><a href=\"https:\/\/shop.olekmotocykle.com\/produkty,2?search=mitas\">MITAS<\/a> ENDURO TRAIL<\/strong> jest gotowa na pokonywanie rozmaitych przeszk\u00f3d i wyzwa\u0144, zawsze utrzymuj\u0105c solidno\u015b\u0107 i niezawodno\u015b\u0107.<\/p>\n<p><strong>Opona<\/strong> <a href=\"https:\/\/shop.olekmotocykle.com\/produkty,2?search=mitas%20enduro%20trail%20\"><strong>MITAS ENDURO TRAIL<\/strong><\/a> jest doskona\u0142ym wyborem dla pasjonat\u00f3w przyg\u00f3d, kt\u00f3rzy poszukuj\u0105 r\u00f3wnowagi mi\u0119dzy jazd\u0105 na d\u0142u\u017cszych trasach turystycznych a eksploracj\u0105 wymagaj\u0105cych teren\u00f3w off-road. To nie tylko <strong>opona motocyklowa,<\/strong> to klucz do swobodnej i pewnej jazdy w ka\u017cdych warunkach!<\/p>\n<\/div>\n<div class=\"product-attributes-ui clear-after-ui product-attributes-lq\">\n<h2>Najwa\u017cniejsze cechy towaru<\/h2>\n<ul class=\"attributes-column-ui f-left-ui\">\n<li>\n<div class=\"name-ui\">Waga<\/div>\n<div class=\"value-ui\">4kg<\/div>\n<\/li>\n<li>\n<div class=\"name-ui\">Model bie\u017cnika<\/div>\n<div class=\"value-ui\">E-07+ ENDURO TRAIL<\/div>\n<\/li>\n<li>\n<div class=\"name-ui\">Szeroko\u015b\u0107<\/div>\n<div class=\"value-ui\">150<\/div>\n<\/li>\n<li>\n<div class=\"name-ui\">Profil<\/div>\n<div class=\"value-ui\">70<\/div>\n<\/li>\n<\/ul>\n<ul class=\"attributes-column-ui f-right-ui\">\n<li>\n<div class=\"name-ui\">Kod EAN<\/div>\n<div class=\"value-ui\">70000556\/22<\/div>\n<\/li>\n<li>\n<div class=\"name-ui \u015arednica\">\u015arednica<\/div>\n<div class=\"value-ui\">18<\/div>\n<\/li>\n<li>\n<div class=\"name-ui Wymiary opon\">Wymiary opon<\/div>\n<div class=\"value-ui\">150\/70-18<\/div>\n<\/li>\n<li>\n<div class=\"name-ui Rok produkcji\">Rok produkcji<\/div>\n<div class=\"value-ui\">2022<\/div>\n<\/li>\n<li>\n<div class=\"name-ui Indeks pr\u0119dko\u015bci\">Indeks pr\u0119dko\u015bci<\/div>\n<div class=\"value-ui\">T<\/div>\n<\/li>\n<li>\n<div class=\"name-ui Indeks no\u015bno\u015bci\">Indeks no\u015bno\u015bci<\/div>\n<div class=\"value-ui\">70<\/div>\n<\/li>\n<\/ul>\n<\/div>\n","protected":false},"excerpt":{"rendered":"<div class=\"name-ui\"><strong>Kod EAN70000556\/22Model bie\u017cnikaE-07+ ENDURO TRAILSzeroko\u015b\u0107150<\/strong><\/div>\n<div class=\"name-ui\"><strong>Profil70\u015arednica18 Wymiary opon 150\/70-18 Rok produkcji 2022<\/strong><\/div>\n","protected":false},"featured_media":503,"template":"","meta":{"advanced_seo_description":"","jetpack_seo_html_title":"","jetpack_seo_noindex":false},"product_brand":[],"product_cat":[27],"product_tag":[],"class_list":{"0":"post-502","1":"product","2":"type-product","3":"status-publish","4":"has-post-thumbnail","6":"product_cat-opony","8":"first","9":"instock","10":"sale","11":"taxable","12":"shipping-taxable","13":"purchasable","14":"product-type-simple"},"jetpack_sharing_enabled":true,"_links":{"self":[{"href":"https:\/\/hardshop.hard-adv.com\/index.php\/wp-json\/wp\/v2\/product\/502","targetHints":{"allow":["GET"]}}],"collection":[{"href":"https:\/\/hardshop.hard-adv.com\/index.php\/wp-json\/wp\/v2\/product"}],"about":[{"href":"https:\/\/hardshop.hard-adv.com\/index.php\/wp-json\/wp\/v2\/types\/product"}],"wp:featuredmedia":[{"embeddable":true,"href":"https:\/\/hardshop.hard-adv.com\/index.php\/wp-json\/wp\/v2\/media\/503"}],"wp:attachment":[{"href":"https:\/\/hardshop.hard-adv.com\/index.php\/wp-json\/wp\/v2\/media?parent=502"}],"wp:term":[{"taxonomy":"product_brand","embeddable":true,"href":"https:\/\/hardshop.hard-adv.com\/index.php\/wp-json\/wp\/v2\/product_brand?post=502"},{"taxonomy":"product_cat","embeddable":true,"href":"https:\/\/hardshop.hard-adv.com\/index.php\/wp-json\/wp\/v2\/product_cat?post=502"},{"taxonomy":"product_tag","embeddable":true,"href":"https:\/\/hardshop.hard-adv.com\/index.php\/wp-json\/wp\/v2\/product_tag?post=502"}],"curies":[{"name":"wp","href":"https:\/\/api.w.org\/{rel}","templated":true}]}}