{"id":504,"date":"2024-01-21T18:00:19","date_gmt":"2024-01-21T17:00:19","guid":{"rendered":"https:\/\/hardshop.hard-adv.com\/?post_type=product&#038;p=504"},"modified":"2024-01-21T18:04:55","modified_gmt":"2024-01-21T17:04:55","slug":"mitas-opona-140-80-18-mc-23-rockrider-70r-tt-tyl-dot-34-2023-573432","status":"publish","type":"product","link":"https:\/\/hardshop.hard-adv.com\/index.php\/produkt\/mitas-opona-140-80-18-mc-23-rockrider-70r-tt-tyl-dot-34-2023-573432\/","title":{"rendered":"MITAS OPONA 140\/80-18 MC 23 ROCKRIDER 70R TT TY\u0141 DOT 34\/2023 (573432)"},"content":{"rendered":"<p>Opona Rockrider MC23 ma homologacj\u0119 drogow\u0105 i przeznaczona jest do turystycznych enduro. Budowa bie\u017cnika zapewnia lepsze trzymanie w terenie. Przeznaczenie 50% szosa, 50% teren\/\/MODEL:MC23:<\/p>\n","protected":false},"excerpt":{"rendered":"<p>Opona Rockrider MC23 ma homologacj\u0119 drogow\u0105 i przeznaczona jest do turystycznych enduro. Budowa bie\u017cnika zapewnia lepsze trzymanie w terenie. Przeznaczenie 50% szosa, 50% teren\/\/MODEL:MC23:<\/p>\n","protected":false},"featured_media":505,"template":"","meta":{"advanced_seo_description":"","jetpack_seo_html_title":"","jetpack_seo_noindex":false},"product_brand":[],"product_cat":[27],"product_tag":[],"class_list":{"0":"post-504","1":"product","2":"type-product","3":"status-publish","4":"has-post-thumbnail","6":"product_cat-opony","8":"first","9":"instock","10":"sale","11":"taxable","12":"shipping-taxable","13":"purchasable","14":"product-type-simple"},"jetpack_sharing_enabled":true,"_links":{"self":[{"href":"https:\/\/hardshop.hard-adv.com\/index.php\/wp-json\/wp\/v2\/product\/504","targetHints":{"allow":["GET"]}}],"collection":[{"href":"https:\/\/hardshop.hard-adv.com\/index.php\/wp-json\/wp\/v2\/product"}],"about":[{"href":"https:\/\/hardshop.hard-adv.com\/index.php\/wp-json\/wp\/v2\/types\/product"}],"wp:featuredmedia":[{"embeddable":true,"href":"https:\/\/hardshop.hard-adv.com\/index.php\/wp-json\/wp\/v2\/media\/505"}],"wp:attachment":[{"href":"https:\/\/hardshop.hard-adv.com\/index.php\/wp-json\/wp\/v2\/media?parent=504"}],"wp:term":[{"taxonomy":"product_brand","embeddable":true,"href":"https:\/\/hardshop.hard-adv.com\/index.php\/wp-json\/wp\/v2\/product_brand?post=504"},{"taxonomy":"product_cat","embeddable":true,"href":"https:\/\/hardshop.hard-adv.com\/index.php\/wp-json\/wp\/v2\/product_cat?post=504"},{"taxonomy":"product_tag","embeddable":true,"href":"https:\/\/hardshop.hard-adv.com\/index.php\/wp-json\/wp\/v2\/product_tag?post=504"}],"curies":[{"name":"wp","href":"https:\/\/api.w.org\/{rel}","templated":true}]}}