{"id":506,"date":"2024-01-21T23:34:13","date_gmt":"2024-01-21T22:34:13","guid":{"rendered":"https:\/\/hardshop.hard-adv.com\/?post_type=product&#038;p=506"},"modified":"2024-01-21T23:34:13","modified_gmt":"2024-01-21T22:34:13","slug":"freedconn-fx-konferencja-10-osob-do-2000m-single-czarny","status":"publish","type":"product","link":"https:\/\/hardshop.hard-adv.com\/index.php\/produkt\/freedconn-fx-konferencja-10-osob-do-2000m-single-czarny\/","title":{"rendered":"FreedConn FX Konferencja 10 os\u00f3b do 2000m Single (czarny)"},"content":{"rendered":"<h1 class=\"product_name__name m-0\"><span style=\"font-size: 16px\">HYBRYDOWY INTERKOM MOTOCYKLOWY FREEDCONN FX<\/span><\/h1>\n<section id=\"projector_longdescription\" class=\"longdescription cm  col-12\" data-dictionary=\"true\">&#8211; Polska wersja j\u0119zykowa &#8211; komunikaty po Polsku!<\/p>\n<p>&#8211; nowy, hybrydowy zestaw s\u0142uchawkowy &#8211; 2 mikrofony w zestawie &#8211; na kask integralny oraz szcz\u0119kowy,<\/p>\n<p>&#8211; najnowszy modu\u0142 Bluetooth w wersji 5.0 &#8211; stabilniejsze po\u0142\u0105czenie,<\/p>\n<p>&#8211; konferencja do 10 os\u00f3b,<\/p>\n<p>&#8211; zasi\u0119g transmisji do 2000 metr\u00f3w w idealnych warunkach,<\/p>\n<p>&#8211; Hi-Fi Super Bass Sound + Full Duplex,<\/p>\n<p>&#8211; wbudowane radio FM.<\/p>\n<p>ZAWARTO\u015a\u0106 ZESTAWU:<br \/>\n1x interkom FreedConn FX,<br \/>\n1x mikrofon na pa\u0142\u0105ku,<br \/>\n1x mikrofon na gi\u0119tkim przewodzie,<br \/>\n1x g\u0142o\u015bniki,<br \/>\n1x przew\u00f3d USB,<br \/>\n1x uchwyt z ta\u015bm\u0105 samoprzylepn\u0105 na kask,<br \/>\n1x klips mocuj\u0105cy do kasku,<br \/>\n4x filcowe samoprzylepne podk\u0142adki pod s\u0142uchawki,<br \/>\ninstrukcja obs\u0142ugi w j\u0119zyku polskim w formie PDF.<\/p>\n<p>DANE TECHNICZNE<br \/>\nCzas rozm\u00f3w: Do 30 godzin<br \/>\nCzas czuwania: Do 30 dni<br \/>\nFunkcja oddzwaniania na ostatni numer: Tak<br \/>\nG\u0142osowe wybieranie numeru: Tak, z wybranymi modelami urz\u0105dze\u0144<br \/>\nRadio FM: Tak<br \/>\nIlo\u015b\u0107 sparowanych interkom\u00f3w: Max. 10 sztuk<br \/>\nJ\u0119zyk menu g\u0142osowego interkomu: Polski<br \/>\nOdrzucanie po\u0142\u0105cze\u0144 przychodz\u0105cych: Tak<br \/>\nRegulacja g\u0142o\u015bno\u015bci: Tak<br \/>\nSpos\u00f3b komunikacji: Bluetooth V5.0 + EDR. Protok\u00f3\u0142 A2DP, AVRCP, HS\/HF<br \/>\nSystem automatycznego wyciszenia: Tak \u2013 w sytuacji w kt\u00f3rej mikrofon nie wykrywa d\u017awi\u0119ku (cisza) g\u0142o\u015bniki s\u0105 wy\u0142\u0105czane<br \/>\nZasilanie: DC 5V, wbudowany akumulator li-ion<br \/>\nZasi\u0119g Bluetooth: Do 10 m<br \/>\nZasi\u0119g transmisji: Do 2000 m<br \/>\nMo\u017cliwo\u015b\u0107 po\u0142\u0105czenia z telefonem: Tak, przez Bluetooth<br \/>\nAutomatyczne odbieranie po\u0142\u0105cze\u0144 telefonicznych: Tak, po ok. 8s<br \/>\nPojemno\u015b\u0107 akumulatora: 1100 mAh<br \/>\nCzas \u0142adowania akumulatora: ok. 2,5h<br \/>\nWymiary: 84 x 40 x 20 mm<br \/>\nWaga: 47 g<\/p>\n<p>&nbsp;<\/p>\n<p><strong>Najwy\u017cszy model FreedConn<\/strong><br \/>\nNowy model interkomu od marki FX to najwy\u017cszy model producenta marki FreedConn. W tym modelu zastosowano tak\u017ce hybrydowy zestaw s\u0142uchawkowy, dzi\u0119ki czemu w zestawie znalaz\u0142y si\u0119 a\u017c 2 mikrofony &#8211; jeden na pa\u0142\u0105ku przeznaczony do kask\u00f3w otwartych, drugi na gi\u0119tkim przewodzie przeznaczony do kask\u00f3w zamkni\u0119tych.<\/p>\n<p>Zwi\u0119kszono tak\u017ce kompatybilno\u015b\u0107 z najnowszymi smartfonami dzi\u0119ki zastosowaniu protoko\u0142u Bluetooth 5.0<\/p>\n<p>Najwa\u017cniejsz\u0105 zmian\u0105 jest zasi\u0119g. W tym przypadku podczas naszych test\u00f3w drogowych wyni\u00f3s\u0142 on 1200m. Jest to jeden z najmocniejszych interkom\u00f3w na rynku pod wzgl\u0119dem zasi\u0119gu.<\/p>\n<p>&nbsp;<\/p>\n<p><strong>Najnowszy protok\u00f3\u0142 Bluetooth 5.0<\/strong><br \/>\nInterkom FX to najnowszy model interkomu firmy FreedConn. Jedn\u0105 z najwa\u017cniejszych cech tego urz\u0105dzenia jest mo\u017cliwo\u015b\u0107 pod\u0142\u0105czenia do 6 motocyklist\u00f3w w trybie konferencji Full Duplex, co zapewnia swobodn\u0105 komunikacj\u0119 mi\u0119dzy u\u017cytkownikami.<\/p>\n<p>Urz\u0105dzenie charakteryzuje si\u0119 smuk\u0142\u0105 obudow\u0105 oraz nowoczesnym i bardzo estetycznym wygl\u0105dem.<\/p>\n<p>R\u00f3wnie funkcjonalne jest to, \u017ce urz\u0105dzenie mo\u017cna sparowa\u0107 tak\u017ce z telefonem, nawigacj\u0105 czy te\u017c odtwarzaczem mp3 przez Bluetooth. Dzi\u0119ki temu mo\u017cemy ods\u0142uchiwa\u0107 komendy nawigacji lub te\u017c s\u0142ucha\u0107 muzyki. Zastosowana w modelu FX najnowsza wersja Bluetooth 5.0 pozwala na stabilne po\u0142\u0105czenie nawet z najnowszymi urz\u0105dzeniami mobilnymi.<\/p>\n<p>&nbsp;<\/p>\n<p><strong>Charakterystyka og\u00f3lna<\/strong><\/p>\n<ul>\n<li>Konferencja do 10 os\u00f3b (6 motocyklist\u00f3w oraz 4 pasa\u017cer\u00f3w)<\/li>\n<li>Wbudowane radio FM,<\/li>\n<li>Wysokiej jako\u015bci czu\u0142e mikrofony,<\/li>\n<li>System DSP i EDR (brak op\u00f3\u017anie\u0144 w rozmowie),<\/li>\n<li>Komunikacja Bluetooth,<\/li>\n<li>Automatyczne oddzwanianie na ostatni numer,<\/li>\n<li>Regulacja g\u0142o\u015bno\u015bci,<\/li>\n<li>Czas czuwania do 30 dni,<\/li>\n<li>Zasi\u0119g do 2000 metr\u00f3w (zale\u017cny od wielu czynnik\u00f3w &#8211; m.in. od ukszta\u0142towania terenu oraz warunk\u00f3w atmosferycznych),<\/li>\n<li>Dwa ergonomiczne mikrofony w zestawie,<\/li>\n<li>Ergonomiczna, dobrze wykonana obudowa,<\/li>\n<li>Klasa szczelno\u015bci IP67<\/li>\n<\/ul>\n<p><strong>Mo\u017cliwo\u015b\u0107 sparowania do 10 interkom\u00f3w<\/strong><br \/>\nFreedconn FX jako jeden z niewielu daje nam mo\u017cliwo\u015b\u0107 sparowania a\u017c do 6 motocyklist\u00f3w oraz 4 pasa\u017cer\u00f3w w trybie konferencji (Full-Duplex). To bardzo wa\u017cne gdy jedziemy w grupie i chcemy mie\u0107 ze sob\u0105 kontakt.<\/p>\n<p><strong>Po\u0142\u0105czenie ze smartfonem, mp3 lub GPS za pomoc\u0105 Bluetooth<\/strong><br \/>\nKa\u017cdy z motocyklist\u00f3w podczas jazdy mo\u017ce mie\u0107 sparowany sw\u00f3j interkom poprzez Bluetooth ze smartfonem, odtwarzaczem mp3 lub nawigacj\u0105, aby s\u0142ucha\u0107 muzyki, odbiera\u0107 po\u0142\u0105czenia lub ods\u0142uchiwa\u0107 komunikat\u00f3w GPS.<\/p>\n<p><strong>Wsp\u00f3\u0142dzielenie muzyki z pasa\u017cerem<\/strong><br \/>\nInterkom umo\u017cliwia wsp\u00f3\u0142dzielenie rado\u015bci ze s\u0142uchania muzyki ze swoim partnerem podr\u00f3\u017cy.\u00a0FX pozwala na bezproblemowe wsp\u00f3\u0142dzielenie ods\u0142uchu ulubionych utwor\u00f3w.<\/p>\n<p><strong>Automatyczne odbieranie po\u0142\u0105cze\u0144 i wybieranie g\u0142osowe<\/strong><br \/>\nModel\u00a0FX posiada mo\u017cliwo\u015b\u0107 automatycznego odbierania telefonu. Mo\u017cliwe jest tez oddzwanianie na ostatni numer czy wybieranie numeru g\u0142osowo (funkcjonalno\u015b\u0107 zale\u017cna od modelu telefonu).<\/p>\n<p>&nbsp;<\/p>\n<p><img data-recalc-dims=\"1\" loading=\"lazy\" decoding=\"async\" src=\"https:\/\/i0.wp.com\/b2bike.pl\/data\/include\/cms\/FreedConn\/f819e6472c4932d75d85bb6d5fd37f8c.jpg?resize=758%2C704&#038;ssl=1\" alt=\"\" width=\"758\" height=\"704\" border=\"0\" \/><\/p>\n<p><strong>Oznaczenie funkcji:<\/strong><\/p>\n<p>G\u0142o\u015bno\u015b\u0107+\/Nast\u0119pny utw\u00f3r<br \/>\nG\u0142o\u015bno\u015b\u0107-\/Poprzedni utw\u00f3r<br \/>\nDioda LED<br \/>\nW\u0142\u0105cz\/Wy\u0142\u0105cz<br \/>\nPort \u0142adowania USB<br \/>\nPrzycisk multifunkcyjny<br \/>\nGniazdo s\u0142uchawkowe<br \/>\nOstrzegawcza dioda LED- W\u0142\u0105cz\/Wy\u0142\u0105cz<\/p>\n<p>&nbsp;<\/p>\n<p><strong>Du\u017cy zasi\u0119g<\/strong><br \/>\nNiebywa\u0142y komfort komunikacji zapewnia zasi\u0119g si\u0119gaj\u0105cy nawet do 2000 m w idealnych warunkach. Realny zasi\u0119g zale\u017cny jest od wielu czynnik\u00f3w &#8211; m.in. od ukszta\u0142towania terenu oraz warunk\u00f3w atmosferycznych.<\/p>\n<p>Inteligentna redukcja szum\u00f3w CVC V8.0<br \/>\nSystem redukcji szum\u00f3w CVC V8.0 pomaga t\u0142umi\u0107 ha\u0142as z otoczenia oraz d\u017awi\u0119k p\u0119du wiatru, co pozwala cieszy\u0107 si\u0119 bardziej czyst\u0105 oraz p\u0142ynn\u0105 komunikacj\u0105 bez zak\u0142\u00f3ce\u0144.<\/p>\n<p>Prosty monta\u017c nie wymagaj\u0105cy u\u017cycia narz\u0119dzi<br \/>\nDo zestawu do\u0142\u0105czone s\u0105 wszystkie niezb\u0119dne elementy, aby interkom zamontowa\u0107 na kasku. Wszystkie elementy wykonane s\u0105 z wysokiej jako\u015bci materia\u0142\u00f3w i zapewniaj\u0105 stabilny monta\u017c urz\u0105dzenia.<\/p>\n<p>&nbsp;<\/p>\n<p>&nbsp;<\/p>\n<p><strong>Najwi\u0119kszy akumulator w historii- 1100mAh<\/strong><br \/>\nNiepodwa\u017calnym atutem modelu FX jest pojemno\u015b\u0107 akumulatora. Pierwszy raz w historii zamontowana zosta\u0142a bateria o pojemno\u015bci 1100mAh. Pozwala to na 30 godzin rozm\u00f3w przez interkom, oraz 25 godzin przez telefon.<\/p>\n<p>Jest to aktualnie jeden z najwydajniejszych interkom\u00f3w na rynk\u00f3w pod wzgl\u0119dem czasu pracy.<\/p>\n<p>&nbsp;<\/p>\n<p><strong>Hybrydowy zestaw s\u0142uchawkowy<\/strong><\/p>\n<p>W zestawie nowego modelu znalaz\u0142y si\u0119 a\u017c 2 mikrofony:<\/p>\n<p>&#8211; jeden na pa\u0142\u0105ku przeznaczony do kask\u00f3w otwartych,<\/p>\n<p>&#8211; drugi na gi\u0119tkim przewodzie przeznaczony do kask\u00f3w zamkni\u0119tych.<\/p>\n<p>Mikrofony mo\u017cna dowolnie wymienia\u0107 &#8211; oba s\u0105 w pe\u0142ni kompatybilne z interkomem.<\/p>\n<\/section>\n<section id=\"projector_dictionary\" class=\"dictionary col-12 mb-1 mb-sm-4\">\n<div class=\"dictionary__group --first --no-group\">\n<div class=\"dictionary__param row mb-3\" data-producer=\"true\">\n<div class=\"dictionary__name col-6 d-flex flex-column align-items-end\"><span class=\"dictionary__name_txt\">Marka<\/span><\/div>\n<div class=\"dictionary__values col-6\">\n<div class=\"dictionary__value\"><a class=\"dictionary__value_txt\" title=\"Kliknij, by zobaczy\u0107 wszystkie produkty tej marki\" href=\"https:\/\/b2bike.pl\/firm-pol-1646998234-FREEDCONN.html\">FREEDCONN<\/a><\/div>\n<\/div>\n<\/div>\n<div class=\"dictionary__param row mb-3\" data-code=\"true\">\n<div class=\"dictionary__name col-6 d-flex flex-column align-items-end\"><span class=\"dictionary__name_txt\">Symbol<\/span><\/div>\n<div class=\"dictionary__values col-6\">\n<div class=\"dictionary__value\"><span class=\"dictionary__value_txt\">5904921481038<\/span><\/div>\n<\/div>\n<\/div>\n<div class=\"dictionary__param row mb-3\">\n<div class=\"dictionary__name col-6 d-flex flex-column align-items-end\"><span class=\"dictionary__name_txt\">AUDIO<\/span><\/div>\n<div class=\"dictionary__values col-6\">\n<div class=\"dictionary__value\"><span class=\"dictionary__value_txt\">Advanced Audio Distribution Profile (A2DP)<\/span><\/div>\n<div class=\"dictionary__value\"><span class=\"dictionary__value_txt\">Regulacja g\u0142o\u015bno\u015bci<\/span><\/div>\n<div class=\"dictionary__value\"><span class=\"dictionary__value_txt\">G\u0142o\u015bniki 32mm<\/span><\/div>\n<div class=\"dictionary__value\"><span class=\"dictionary__value_txt\">Hi-Fi Super Bass Sound<\/span><\/div>\n<div class=\"dictionary__value\"><span class=\"dictionary__value_txt\">System DSP i EDR (redukcja szumu i brak pog\u0142osu)<\/span><\/div>\n<div class=\"dictionary__value\"><span class=\"dictionary__value_txt\">System automatycznego wyciszenia. W sytuacji, w kt\u00f3rej mikrofon nie wykrywa d\u017awi\u0119ku (cisza) g\u0142o\u015bniki s\u0105 wy\u0142\u0105czane.<\/span><\/div>\n<div class=\"dictionary__value\"><span class=\"dictionary__value_txt\">Wsp\u00f3\u0142dzielenie muzyki<\/span><\/div>\n<\/div>\n<\/div>\n<div class=\"dictionary__param row mb-3\">\n<div class=\"dictionary__name col-6 d-flex flex-column align-items-end\"><span class=\"dictionary__name_txt\">BATERIA<\/span><\/div>\n<div class=\"dictionary__values col-6\">\n<div class=\"dictionary__value\"><span class=\"dictionary__value_txt\">Czas rozm\u00f3w: 30 h<\/span><\/div>\n<div class=\"dictionary__value\"><span class=\"dictionary__value_txt\">Czas czuwania: 30 dni<\/span><\/div>\n<\/div>\n<\/div>\n<div class=\"dictionary__param row mb-3\">\n<div class=\"dictionary__name col-6 d-flex flex-column align-items-end\"><span class=\"dictionary__name_txt\">FUNKCJE PO\u0141\u0104CZE\u0143<\/span><\/div>\n<div class=\"dictionary__values col-6\">\n<div class=\"dictionary__value\"><span class=\"dictionary__value_txt\">Ponowne wybieranie ostatniego numeru<\/span><\/div>\n<div class=\"dictionary__value\"><span class=\"dictionary__value_txt\">G\u0142osowe wybieranie numeru<\/span><\/div>\n<div class=\"dictionary__value\"><span class=\"dictionary__value_txt\">Automatyczne odbieranie po\u0142\u0105cze\u0144 telefonicznych po ok. 8s<\/span><\/div>\n<div class=\"dictionary__value\"><span class=\"dictionary__value_txt\">Odbieranie po\u0142\u0105cze\u0144<\/span><\/div>\n<div class=\"dictionary__value\"><span class=\"dictionary__value_txt\">Odrzucanie po\u0142\u0105cze\u0144<\/span><\/div>\n<\/div>\n<\/div>\n<div class=\"dictionary__param row mb-3\">\n<div class=\"dictionary__name col-6 d-flex flex-column align-items-end\"><span class=\"dictionary__name_txt\">GWARANCJA<\/span><\/div>\n<div class=\"dictionary__values col-6\">\n<div class=\"dictionary__value\"><span class=\"dictionary__value_txt\">2 lata<\/span><\/div>\n<\/div>\n<\/div>\n<div class=\"dictionary__param row mb-3\">\n<div class=\"dictionary__name col-6 d-flex flex-column align-items-end\"><span class=\"dictionary__name_txt\">INFORMACJE DODATKOWE<\/span><\/div>\n<div class=\"dictionary__values col-6\">\n<div class=\"dictionary__value\"><span class=\"dictionary__value_txt\">Bluetooth 5.0 + EDR<\/span><\/div>\n<div class=\"dictionary__value\"><span class=\"dictionary__value_txt\">Tryb full-duplex<\/span><\/div>\n<div class=\"dictionary__value\"><span class=\"dictionary__value_txt\">Protok\u00f3\u0142 A2DP<\/span><\/div>\n<div class=\"dictionary__value\"><span class=\"dictionary__value_txt\">AVRCP<\/span><\/div>\n<\/div>\n<\/div>\n<div class=\"dictionary__param row mb-3\">\n<div class=\"dictionary__name col-6 d-flex flex-column align-items-end\"><span class=\"dictionary__name_txt\">OG\u00d3LNE<\/span><\/div>\n<div class=\"dictionary__values col-6\">\n<div class=\"dictionary__value\"><span class=\"dictionary__value_txt\">Radio FM<\/span><\/div>\n<div class=\"dictionary__value\"><span class=\"dictionary__value_txt\">Wodoodporny<\/span><\/div>\n<div class=\"dictionary__value\"><span class=\"dictionary__value_txt\">Aktualizacja oprogramowania przez USB<\/span><\/div>\n<div class=\"dictionary__value\"><span class=\"dictionary__value_txt\">Kompatybilny ze wszystkimi kaskami<\/span><\/div>\n<\/div>\n<\/div>\n<div class=\"dictionary__param row mb-3\">\n<div class=\"dictionary__name col-6 d-flex flex-column align-items-end\"><span class=\"dictionary__name_txt\">MIKROFON<\/span><\/div>\n<div class=\"dictionary__values col-6\">\n<div class=\"dictionary__value\"><span class=\"dictionary__value_txt\">Na pa\u0142\u0105ku<\/span><\/div>\n<div class=\"dictionary__value\"><span class=\"dictionary__value_txt\">Na przewodzie<\/span><\/div>\n<\/div>\n<\/div>\n<div class=\"dictionary__param row mb-3\">\n<div class=\"dictionary__name col-6 d-flex flex-column align-items-end\"><span class=\"dictionary__name_txt\">SPOS\u00d3B MONTA\u017bU<\/span><\/div>\n<div class=\"dictionary__values col-6\">\n<div class=\"dictionary__value\"><span class=\"dictionary__value_txt\">klips z ta\u015bm\u0105<\/span><\/div>\n<div class=\"dictionary__value\"><span class=\"dictionary__value_txt\">klips wkr\u0119cany<\/span><\/div>\n<\/div>\n<\/div>\n<div class=\"dictionary__param row mb-3\">\n<div class=\"dictionary__name col-6 d-flex flex-column align-items-end\"><span class=\"dictionary__name_txt\">WERSJA INTERKOMU<\/span><\/div>\n<div class=\"dictionary__values col-6\">\n<div class=\"dictionary__value\"><span class=\"dictionary__value_txt\">Single<\/span><\/div>\n<\/div>\n<\/div>\n<div class=\"dictionary__param row mb-3\">\n<div class=\"dictionary__name col-6 d-flex flex-column align-items-end\"><span class=\"dictionary__name_txt\">WIELKO\u015a\u0106 GRUPY<\/span><\/div>\n<div class=\"dictionary__values col-6\">\n<div class=\"dictionary__value\"><span class=\"dictionary__value_txt\">Do 10 os\u00f3b<\/span><\/div>\n<\/div>\n<\/div>\n<div class=\"dictionary__param row mb-3\">\n<div class=\"dictionary__name col-6 d-flex flex-column align-items-end\"><span class=\"dictionary__name_txt\">WYMIARY G\u0141O\u015aNIK\u00d3W<\/span><\/div>\n<div class=\"dictionary__values col-6\">\n<div class=\"dictionary__value\"><span class=\"dictionary__value_txt\">\u015brednica: 32mm<\/span><\/div>\n<\/div>\n<\/div>\n<div class=\"dictionary__param row mb-3\">\n<div class=\"dictionary__name col-6 d-flex flex-column align-items-end\"><span class=\"dictionary__name_txt\">ZASI\u0118G<\/span><\/div>\n<div class=\"dictionary__values col-6\">\n<div class=\"dictionary__value\"><span class=\"dictionary__value_txt\">do 2000m<\/span><\/div>\n<\/div>\n<\/div>\n<\/div>\n<\/section>\n","protected":false},"excerpt":{"rendered":"<h1 class=\"product_name__name m-0\"><span style=\"font-size: 16px\">HYBRYDOWY INTERKOM MOTOCYKLOWY FREEDCONN FX<\/span><\/h1>\n<section id=\"projector_longdescription\" class=\"longdescription cm  col-12\" data-dictionary=\"true\">&#8211; Polska wersja j\u0119zykowa &#8211; komunikaty po Polsku!<\/p>\n<p>&#8211; nowy, hybrydowy zestaw s\u0142uchawkowy &#8211; 2 mikrofony w zestawie &#8211; na kask integralny oraz szcz\u0119kowy,<\/p>\n<p>&#8211; najnowszy modu\u0142 Bluetooth w wersji 5.0 &#8211; stabilniejsze po\u0142\u0105czenie,<\/p>\n<p>&#8211; konferencja do 10 os\u00f3b,<\/p>\n<p>&#8211; zasi\u0119g transmisji do 2000 metr\u00f3w w idealnych warunkach,<\/p>\n<p>&#8211; Hi-Fi Super Bass Sound + Full Duplex,<\/p>\n<p>&#8211; wbudowane radio FM.<\/p>\n<\/section>\n","protected":false},"featured_media":507,"template":"","meta":{"advanced_seo_description":"","jetpack_seo_html_title":"","jetpack_seo_noindex":false},"product_brand":[],"product_cat":[25],"product_tag":[],"class_list":{"0":"post-506","1":"product","2":"type-product","3":"status-publish","4":"has-post-thumbnail","6":"product_cat-komunikacja","8":"first","9":"instock","10":"sale","11":"taxable","12":"shipping-taxable","13":"purchasable","14":"product-type-simple"},"jetpack_sharing_enabled":true,"_links":{"self":[{"href":"https:\/\/hardshop.hard-adv.com\/index.php\/wp-json\/wp\/v2\/product\/506","targetHints":{"allow":["GET"]}}],"collection":[{"href":"https:\/\/hardshop.hard-adv.com\/index.php\/wp-json\/wp\/v2\/product"}],"about":[{"href":"https:\/\/hardshop.hard-adv.com\/index.php\/wp-json\/wp\/v2\/types\/product"}],"wp:featuredmedia":[{"embeddable":true,"href":"https:\/\/hardshop.hard-adv.com\/index.php\/wp-json\/wp\/v2\/media\/507"}],"wp:attachment":[{"href":"https:\/\/hardshop.hard-adv.com\/index.php\/wp-json\/wp\/v2\/media?parent=506"}],"wp:term":[{"taxonomy":"product_brand","embeddable":true,"href":"https:\/\/hardshop.hard-adv.com\/index.php\/wp-json\/wp\/v2\/product_brand?post=506"},{"taxonomy":"product_cat","embeddable":true,"href":"https:\/\/hardshop.hard-adv.com\/index.php\/wp-json\/wp\/v2\/product_cat?post=506"},{"taxonomy":"product_tag","embeddable":true,"href":"https:\/\/hardshop.hard-adv.com\/index.php\/wp-json\/wp\/v2\/product_tag?post=506"}],"curies":[{"name":"wp","href":"https:\/\/api.w.org\/{rel}","templated":true}]}}