{"id":511,"date":"2024-01-21T23:55:02","date_gmt":"2024-01-21T22:55:02","guid":{"rendered":"https:\/\/hardshop.hard-adv.com\/?post_type=product&#038;p=511"},"modified":"2024-01-22T00:00:51","modified_gmt":"2024-01-21T23:00:51","slug":"radio-albrecht-tectalk-outdoor","status":"publish","type":"product","link":"https:\/\/hardshop.hard-adv.com\/index.php\/produkt\/radio-albrecht-tectalk-outdoor\/","title":{"rendered":"RADIO ALBRECHT TECTALK OUTDOOR"},"content":{"rendered":"<h4 class=\"product_name__name m-0\">RADIOALBRECHT TECTALK OUTDOOR<\/h4>\n<p>Znakomite narz\u0119dzie \u0142\u0105czno\u015bci dla cel\u00f3w profesjonalnych i turystyczno-rekreacyjnych. Odporno\u015b\u0107 na\u00a0wod\u0119 i kurz zgodna ze standardem IP67\u00a0umo\u017cliwia\u00a0dzia\u0142anie w ka\u017cdych warunkach.<\/p>\n<p>&nbsp;<\/p>\n<p>Specyfikacja:<\/p>\n<ul>\n<li>16 kana\u0142\u00f3w PMR446<\/li>\n<li>Wodoodporny i py\u0142oszczelny IP67<\/li>\n<li>Du\u017cy, czytelny ekran<\/li>\n<li>O\u015bwietlenie<\/li>\n<li>53\u00a0tony CTCSS i 104 kody DCS<\/li>\n<li>Regulowana moc\u00a0nadawania (wysoka \/ niska)<\/li>\n<li>Funkcja g\u0142o\u015bnom\u00f3wi\u0105ca (VOX)<\/li>\n<li>regulowana blokada szum\u00f3w<\/li>\n<li>jednoczesny nas\u0142uch 2 kana\u0142\u00f3w<\/li>\n<li>funkcje dodatkowe<\/li>\n<\/ul>\n<p>&nbsp;<\/p>\n<p>Czas funkcjonowania na jednym \u0142adowaniu ok. 17 godzin. Gniazdo akcesoryjne 1&#215;2,5mm.<\/p>\n<p>Wymiary: 53x94x26mm<\/p>\n<p>Waga: 115g<\/p>\n<p>&nbsp;<\/p>\n<p>W pude\u0142ku:<\/p>\n<ul>\n<li>1 radio z akumulatorem 1100mAh<\/li>\n<li>\u0142adowarka<\/li>\n<li>adapter sieciowy<\/li>\n<li>klips do paska<\/li>\n<\/ul>\n","protected":false},"excerpt":{"rendered":"<h4 class=\"product_name__name m-0\">RADIO ALBRECHT TECTALK OUTDOOR<\/h4>\n<p>Znakomite narz\u0119dzie \u0142\u0105czno\u015bci dla cel\u00f3w profesjonalnych i turystyczno-rekreacyjnych. Odporno\u015b\u0107 na\u00a0wod\u0119 i kurz zgodna ze standardem IP67\u00a0umo\u017cliwia\u00a0dzia\u0142anie w ka\u017cdych warunkach.<\/p>\n<p>&nbsp;<\/p>\n","protected":false},"featured_media":520,"template":"","meta":{"advanced_seo_description":"","jetpack_seo_html_title":"","jetpack_seo_noindex":false},"product_brand":[],"product_cat":[25],"product_tag":[],"class_list":{"0":"post-511","1":"product","2":"type-product","3":"status-publish","4":"has-post-thumbnail","6":"product_cat-komunikacja","8":"first","9":"instock","10":"taxable","11":"shipping-taxable","12":"purchasable","13":"product-type-simple"},"jetpack_sharing_enabled":true,"_links":{"self":[{"href":"https:\/\/hardshop.hard-adv.com\/index.php\/wp-json\/wp\/v2\/product\/511","targetHints":{"allow":["GET"]}}],"collection":[{"href":"https:\/\/hardshop.hard-adv.com\/index.php\/wp-json\/wp\/v2\/product"}],"about":[{"href":"https:\/\/hardshop.hard-adv.com\/index.php\/wp-json\/wp\/v2\/types\/product"}],"wp:featuredmedia":[{"embeddable":true,"href":"https:\/\/hardshop.hard-adv.com\/index.php\/wp-json\/wp\/v2\/media\/520"}],"wp:attachment":[{"href":"https:\/\/hardshop.hard-adv.com\/index.php\/wp-json\/wp\/v2\/media?parent=511"}],"wp:term":[{"taxonomy":"product_brand","embeddable":true,"href":"https:\/\/hardshop.hard-adv.com\/index.php\/wp-json\/wp\/v2\/product_brand?post=511"},{"taxonomy":"product_cat","embeddable":true,"href":"https:\/\/hardshop.hard-adv.com\/index.php\/wp-json\/wp\/v2\/product_cat?post=511"},{"taxonomy":"product_tag","embeddable":true,"href":"https:\/\/hardshop.hard-adv.com\/index.php\/wp-json\/wp\/v2\/product_tag?post=511"}],"curies":[{"name":"wp","href":"https:\/\/api.w.org\/{rel}","templated":true}]}}