{"id":522,"date":"2024-01-22T00:11:24","date_gmt":"2024-01-21T23:11:24","guid":{"rendered":"https:\/\/hardshop.hard-adv.com\/?post_type=product&#038;p=522"},"modified":"2024-01-22T00:11:24","modified_gmt":"2024-01-21T23:11:24","slug":"nawigacja-motocyklowa-rider-550-premium-pack","status":"publish","type":"product","link":"https:\/\/hardshop.hard-adv.com\/index.php\/produkt\/nawigacja-motocyklowa-rider-550-premium-pack\/","title":{"rendered":"Nawigacja motocyklowa Rider 550 Premium Pack"},"content":{"rendered":"<p>Pierwsz\u0105 z nowych funkcji jest mo\u017cliwo\u015b\u0107 aktualizowania nawigacji przez Wi-Fi\u00ae &#8211; bezprzewodowo, bez konieczno\u015bci pod\u0142\u0105czania do komputera. Urz\u0105dzenie zosta\u0142o wyposa\u017cone w us\u0142ugi Lifetime (Mapy \u015awiata, Traffic i Fotoradary). TomTom RIDER 550 oferuje dost\u0119p do TomTom Road Trips &#8211; ponad 150 ekskluzywnych tras dost\u0119pnych do pobrania, co b\u0119dzie przydatne przy planowaniu wyj\u0105tkowej podr\u00f3\u017cy. W trakcie jazdy motocykli\u015bci zwr\u00f3c\u0105 uwag\u0119 na nowy, szybszy, czterordzeniowy procesor, kt\u00f3ry zapewnia wi\u0119ksz\u0105 wydajno\u015b\u0107 i p\u0142ynniejsz\u0105 nawigacj\u0119, a tak\u017ce doceni\u0105 mo\u017cliwo\u015b\u0107 po\u0142\u0105czenia urz\u0105dzenia z telefonem i skorzystania z asystent\u00f3w g\u0142osowych: Siri i Google Now \u2122. Ponadto wiadomo\u015bci ze smartfona mog\u0105 by\u0107 odczytywane na g\u0142os, za pomoc\u0105 zestawu s\u0142uchawkowego.<\/p>\n<h2 class=\"h4 \">DOSTOSUJ POZIOM WYZWANIA<\/h2>\n<p class=\"keep \">Nie wybieraj tylko miejsca docelowego \u2014 wybierz podr\u00f3\u017c, dostosowuj\u0105c ka\u017cdy jej szczeg\u00f3\u0142. Popraw swoje umiej\u0119tno\u015bci jazdy, dobieraj\u0105c poziom wzniesie\u0144 i zakr\u0119t\u00f3w bezpo\u015brednio w urz\u0105dzeniu nawigacyjnym lub podczas planowania trasy w serwisie MyDrive.<\/p>\n<h2 class=\"h4 \">ODKRYJ NAJBARDZIEJ NIESAMOWITE TRASY NA \u015aWIECIE<\/h2>\n<p class=\"keep \">Odkryj najlepsze trasy na \u015bwiecie dost\u0119pne wy\u0142\u0105cznie do zsynchronizowania z urz\u0105dzeniem Rider, kt\u00f3re zosta\u0142y opracowane we wsp\u00f3\u0142pracy z naszymi motocyklowymi partnerami. Trasy te w po\u0142\u0105czeniu z do\u017cywotnimi* mapami \u015bwiata, aktualnymi informacjami drogowymi i us\u0142ugami zapewniaj\u0105 najlepsze wra\u017cenia z jazdy.<\/p>\n<h2 class=\"h4 \">AKTUALIZACJE PRZEZ SIE\u0106 WI-FI\u00ae<\/h2>\n<p class=\"keep \">Pobierz najnowsze mapy, oprogramowanie i \u0142atwo zsynchronizuj nowe trasy dla urz\u0105dzenia TomTom Rider, korzystaj\u0105c z wbudowanego modu\u0142u Wi-Fi\u00ae. Komputer nie jest ju\u017c potrzebny. Urz\u0105dzenie nawigacyjne dla motocykli informuje o dost\u0119pno\u015bci nowych aktualizacji \u2014 wystarczy po\u0142\u0105czy\u0107 si\u0119 z sieci\u0105 Wi-Fi\u00ae i wybra\u0107 pozycje do zainstalowania.<\/p>\n<h2 class=\"h4 \">PO\u0141\u0104CZ<\/h2>\n<p class=\"keep \">U\u017cyj Siri lub Google Now\u2122, aby odblokowa\u0107 pe\u0142n\u0105 obs\u0142ug\u0119 g\u0142osow\u0105 smartfonu podczas jazdy, co oznacza mo\u017cliwo\u015b\u0107 odczytywania wiadomo\u015bci i odpowiadania na nie, wykonywania po\u0142\u0105cze\u0144, odtwarzania muzyki itd. Gdy nie rozmawiasz przez telefon, zestaw s\u0142uchawkowy b\u0119dzie odtwarza\u0107 wskaz\u00f3wki nawigacyjne, co pozwoli Ci skupi\u0107 wzrok na drodze.<\/p>\n<h2 class=\"h4 \">NAGRADZANA KONSTRUKCJA, SZYBKI PROCESOR CZTERORDZENIOWY<\/h2>\n<p class=\"keep \">Wytrzyma\u0142e urz\u0105dzenie TomTom Rider o metalowych kraw\u0119dziach ma odporn\u0105 na warunki pogodowe i upadki konstrukcj\u0119 o stopniu ochrony IPX7. Jest wyposa\u017cone w szybki czterordzeniowy procesor i uruchamia si\u0119 nawet pi\u0119\u0107 razy szybciej. Urz\u0105dzenie nawigacyjne dla motocykli jest wyposa\u017cone w uniwersalny uchwyt RAM, dzi\u0119ki czemu mo\u017cesz wyruszy\u0107 w drog\u0119 szybciej ni\u017c kiedykolwiek wcze\u015bniej.<\/p>\n<h2 class=\"h4 \">INTELIGENTNIE REAGUJ\u0104CY EKRAN<\/h2>\n<p class=\"keep \">Wybierz czu\u0142o\u015b\u0107 ekranu dotykowego przystosowanego do obs\u0142ugi w r\u0119kawicach. Inteligentnie reaguj\u0105cy ekran urz\u0105dzenia TomTom Rider mo\u017cna prze\u0142\u0105cza\u0107 mi\u0119dzy trybem letnich i zimowych r\u0119kawic zale\u017cnie od tego, co akurat masz na r\u0119kach.<\/p>\n<ul>\n<li>Dostosuj poziom wyzwania. Planuj kr\u0119te i pag\u00f3rkowate trasy<\/li>\n<li>Odkryj najlepsze, specjalnie opracowane trasy na \u015bwiecie<\/li>\n<li>Aktualizacje za po\u015brednictwem Wi-Fi\u00ae. Komputer nie jest potrzebny<\/li>\n<li>Odkrywaj, personalizuj i ciesz si\u0119 zadziwiaj\u0105cymi trasami dzi\u0119ki MyDrive<\/li>\n<li>Zgodno\u015b\u0107 z Siri i Google Now\u2122<\/li>\n<li>Odczytywanie na g\u0142os wiadomo\u015bci ze smartfonu, dzwonienie z wykorzystaniem zestawu g\u0142o\u015bnom\u00f3wi\u0105cego<\/li>\n<li>Do\u017cywotnie* mapy \u015bwiata, TomTom Traffic i us\u0142ugi TomTom Traffic<\/li>\n<li>Podw\u00f3jna pr\u0119dko\u015b\u0107 przetwarzania i pi\u0119\u0107 razy szybsze uruchamianie.<\/li>\n<\/ul>\n<ul>\n<li><strong>Samochodowy zestaw monta\u017cowy, zabezpieczenie antykradzie\u017cowe i futera\u0142 ochronny.\u00a0<\/strong><\/li>\n<\/ul>\n<p><strong>ZAWARTO\u015a\u0106 OPAKOWANIA<\/strong>:<\/p>\n<ul>\n<li>uchwyt motocyklowy<\/li>\n<li>uchwyt RAM<\/li>\n<li>kabel USB<\/li>\n<li>przew\u00f3d zasilaj\u0105cy<\/li>\n<li>UM-y dla motocyklist\u00f3w<\/li>\n<li>samochodowy zestaw monta\u017cowy<\/li>\n<li>zabezpieczenie antykradzie\u017cowe RAM<\/li>\n<li>futera\u0142 ochronny.<\/li>\n<\/ul>\n<p><strong>FUNKCJE:<\/strong><\/p>\n<p><img data-recalc-dims=\"1\" loading=\"lazy\" decoding=\"async\" src=\"https:\/\/i0.wp.com\/b2bike.pl\/data\/include\/cms\/krete_drogi.png?resize=340%2C192&#038;ssl=1\" alt=\"\" width=\"340\" height=\"192\" border=\"0\" \/><\/p>\n<h5 class=\"tt-secondary\">Kr\u0119te i pag\u00f3rkowate drogi<\/h5>\n<p>Wyszukuj najbardziej kr\u0119te i pag\u00f3rkowate drogi i unikaj nudnych, d\u0142ugich prostych odcink\u00f3w. Wybierz poziom kr\u0119to\u015bci i pag\u00f3rkowato\u015bci trasy: niski, \u015bredni lub wysoki. Twoje urz\u0105dzenie nawigacyjne zajmie si\u0119 reszt\u0105, a Ty b\u0119dziesz cieszy\u0107 si\u0119 ekscytuj\u0105c\u0105 jazd\u0105.<\/p>\n<p>&nbsp;<\/p>\n<p><img data-recalc-dims=\"1\" loading=\"lazy\" decoding=\"async\" src=\"https:\/\/i0.wp.com\/bb.iai-shop.com\/data\/include\/cms\/Wi-Fi.png?resize=340%2C192&#038;ssl=1\" alt=\"\" width=\"340\" height=\"192\" border=\"0\" \/><\/p>\n<h5 class=\"tt-secondary\">Aktualizacje przez sie\u0107 Wi-Fi\u00ae<\/h5>\n<p>Pobierz najnowsze mapy, oprogramowanie i \u0142atwo zsynchronizuj nowe trasy dla urz\u0105dzenia TomTom Rider, korzystaj\u0105c z wbudowanego modu\u0142u Wi-Fi\u00ae. Komputer nie jest ju\u017c potrzebny. Urz\u0105dzenie nawigacyjne dla motocykli informuje o dost\u0119pno\u015bci nowych aktualizacji \u2014 wystarczy po\u0142\u0105czy\u0107 si\u0119 z sieci\u0105 Wi-Fi\u00ae i wybra\u0107 pozycje do zainstalowania.<\/p>\n<p><img data-recalc-dims=\"1\" loading=\"lazy\" decoding=\"async\" src=\"https:\/\/i0.wp.com\/bb.iai-shop.com\/data\/include\/cms\/Road_Trips.png?resize=340%2C192&#038;ssl=1\" alt=\"\" width=\"340\" height=\"192\" border=\"0\" \/><\/p>\n<h5 class=\"tt-secondary\">TomTom Road Trips<\/h5>\n<p>Ruszaj w drog\u0119 z najciekawszymi trasami na \u015bwiecie dost\u0119pnymi wy\u0142\u0105cznie do synchronizacji z urz\u0105dzeniem Rider 550. Od kr\u0119tych nadmorskich dr\u00f3g po zapieraj\u0105ce dech w piersi g\u00f3rskie wspinaczki \u2014 mo\u017cesz znale\u017a\u0107 doskona\u0142\u0105 tras\u0119 z zaznaczonymi wszystkimi miejscami na post\u00f3j w malowniczej scenerii lub na przerw\u0119 na odpoczynek.<\/p>\n<p>&nbsp;<\/p>\n<p><img data-recalc-dims=\"1\" loading=\"lazy\" decoding=\"async\" src=\"https:\/\/i0.wp.com\/bb.iai-shop.com\/data\/include\/cms\/MyDrive.png?resize=340%2C192&#038;ssl=1\" alt=\"\" width=\"340\" height=\"192\" border=\"0\" \/><\/p>\n<h5 class=\"tt-secondary\">Planowanie tras motocyklowych w MyDrive<\/h5>\n<p>Korzystaj z MyDrive, aby tworzy\u0107 i edytowa\u0107 swoje idealne trasy. Wybieraj spersonalizowane punkty trasy, dobieraj poziom pag\u00f3rkowato\u015bci i kr\u0119to\u015bci, a potem ciesz si\u0119 podr\u00f3\u017c\u0105 w obie strony po r\u00f3\u017cnych trasach. Mo\u017cesz udost\u0119pni\u0107 zaplanowan\u0105 podr\u00f3\u017c urz\u0105dzeniu nawigacyjnemu dla motocyklist\u00f3w przy u\u017cyciu \u0142\u0105czno\u015bci Bluetooth\u00ae lub Wi-Fi\u00ae.<\/p>\n<p><img data-recalc-dims=\"1\" loading=\"lazy\" decoding=\"async\" src=\"https:\/\/i0.wp.com\/bb.iai-shop.com\/data\/include\/cms\/SMS.png?resize=340%2C192&#038;ssl=1\" alt=\"\" width=\"340\" height=\"192\" border=\"0\" \/><\/p>\n<h5 class=\"tt-secondary\">Wiadomo\u015bci ze smartfonu<\/h5>\n<p>S\u0142uchaj wiadomo\u015bci ze smartfonu na s\u0142uchawkach, aby pozosta\u0107 w kontakcie, ale m\u00f3c koncentrowa\u0107 si\u0119 na drodze. Wy\u0142\u0105cz t\u0119 opcj\u0119, je\u015bli chcesz zatraci\u0107 si\u0119 w nowych trasach, lub pozostaw j\u0105 w\u0142\u0105czon\u0105, je\u015bli chcesz odbiera\u0107 powiadomienia SMS, po\u0142\u0105czenia itd.<\/p>\n<p><img data-recalc-dims=\"1\" loading=\"lazy\" decoding=\"async\" src=\"https:\/\/i0.wp.com\/bb.iai-shop.com\/data\/include\/cms\/Siri.png?resize=340%2C192&#038;ssl=1\" alt=\"\" width=\"340\" height=\"192\" border=\"0\" \/><\/p>\n<h5 class=\"tt-secondary\">Zgodno\u015b\u0107 z Siri i Google Now\u2122<\/h5>\n<p>Odblokuj pe\u0142n\u0105 obs\u0142ug\u0119 smartfonu z Siri i Google Now\u2122, aby uzyska\u0107 dost\u0119p do muzyki, po\u0142\u0105cze\u0144, wiadomo\u015bci itd. Sprawd\u017a prognoz\u0119 pogody, po prostu zadaj\u0105c pytanie do mikrofonu zestawu s\u0142uchawkowego, aby natychmiast otrzyma\u0107 odpowied\u017a, a wszystko to bez konieczno\u015bci odrywania wzroku od drogi.<\/p>\n<p><img data-recalc-dims=\"1\" loading=\"lazy\" decoding=\"async\" src=\"https:\/\/i0.wp.com\/bb.iai-shop.com\/data\/include\/cms\/Planowanie.png?resize=340%2C192&#038;ssl=1\" alt=\"\" width=\"340\" height=\"192\" border=\"0\" \/><\/p>\n<h5 class=\"tt-secondary\">Planowanie podr\u00f3\u017cy w obie strony<\/h5>\n<p>Pozw\u00f3l urz\u0105dzeniu TomTom Rider automatycznie odkrywa\u0107 r\u00f3\u017ce trasy powrotne z podr\u00f3\u017cy. Po prostu wybierz punkt startowy i cel podr\u00f3\u017cy, a urz\u0105dzenie TomTom Rider zaplanuje r\u00f3\u017cn\u0105 tras\u0119 do celu i tras\u0119 powrotn\u0105, pozwalaj\u0105c Ci cieszy\u0107 si\u0119 odkrywaniem nowych dr\u00f3g.<\/p>\n<p><img data-recalc-dims=\"1\" loading=\"lazy\" decoding=\"async\" src=\"https:\/\/i0.wp.com\/bb.iai-shop.com\/data\/include\/cms\/Ekran.png?resize=340%2C192&#038;ssl=1\" alt=\"\" width=\"340\" height=\"192\" border=\"0\" \/><\/p>\n<h5 class=\"tt-secondary\">Inteligentnie reaguj\u0105cy ekran<\/h5>\n<p>Przystosowany do obs\u0142ugi w r\u0119kawicach ekran zapewnia nowy wymiar czu\u0142o\u015bci. Inteligentnie reaguj\u0105cy ekran urz\u0105dzenia TomTom Rider mo\u017cna prze\u0142\u0105cza\u0107 mi\u0119dzy trybem cienkich i grubych r\u0119kawic zale\u017cnie od tego, co akurat masz na r\u0119kach.<\/p>\n<p><img data-recalc-dims=\"1\" loading=\"lazy\" decoding=\"async\" src=\"https:\/\/i0.wp.com\/bb.iai-shop.com\/data\/include\/cms\/Mapy.png?resize=340%2C192&#038;ssl=1\" alt=\"\" width=\"340\" height=\"192\" border=\"0\" \/><\/p>\n<h5 class=\"tt-secondary\">Do\u017cywotnie mapy<\/h5>\n<p>Wybierz kolejn\u0105 przygod\u0119 na trasie. Bez wzgl\u0119du na to, czy zmierzasz na p\u00f3\u0142noc, czy na po\u0142udnie, mo\u017cesz aktualizowa\u0107 mapy i trasy przez ca\u0142y okres u\u017cytkowania urz\u0105dzenia bez ponoszenia dodatkowych koszt\u00f3w. Teraz dzi\u0119ki \u0142\u0105czno\u015bci Wi-Fi\u00ae w urz\u0105dzeniu TomTom Rider bycie na bie\u017c\u0105co jest \u0142atwiejsze ni\u017c kiedykolwiek wcze\u015bniej.<\/p>\n<p><img data-recalc-dims=\"1\" loading=\"lazy\" decoding=\"async\" src=\"https:\/\/i0.wp.com\/bb.iai-shop.com\/data\/include\/cms\/Traffic.png?resize=340%2C192&#038;ssl=1\" alt=\"\" width=\"340\" height=\"192\" border=\"0\" \/><\/p>\n<h5 class=\"tt-secondary\">Do\u017cywotnia us\u0142uga TomTom Traffic<\/h5>\n<p>Korzystaj z wyznaczanych na bie\u017c\u0105co inteligentnych tras, by omija\u0107 korki przez ca\u0142y okres u\u017cytkowania* urz\u0105dzenia nawigacyjnego dla motocyklist\u00f3w. Otrzymuj bie\u017c\u0105ce informacje o miejscach wyst\u0119powania op\u00f3\u017anie\u0144 i o dost\u0119pno\u015bci szybszej trasy, aby m\u00f3c inteligentnie zaplanowa\u0107 objazd.<\/p>\n<p><img data-recalc-dims=\"1\" loading=\"lazy\" decoding=\"async\" src=\"https:\/\/i0.wp.com\/bb.iai-shop.com\/data\/include\/cms\/Fotoradary.png?resize=340%2C192&#038;ssl=1\" alt=\"\" width=\"340\" height=\"192\" border=\"0\" \/><\/p>\n<h5 class=\"tt-secondary\">Do\u017cywotnia us\u0142uga Fotoradary<\/h5>\n<p>Powiadomienia w urz\u0105dzeniu TomTom Rider informuj\u0105 o zbli\u017caniu si\u0119 do fotoradaru i przypominaj\u0105 o obowi\u0105zuj\u0105cym ograniczeniu pr\u0119dko\u015bci. Teraz z Wi-Fi\u00ae mo\u017cesz pobiera\u0107 aktualizacje bez dodatkowych koszt\u00f3w przez ca\u0142y okres u\u017cytkowania* urz\u0105dzenia nawigacyjnego dla motocykli.<\/p>\n<p><img data-recalc-dims=\"1\" loading=\"lazy\" decoding=\"async\" src=\"https:\/\/i0.wp.com\/bb.iai-shop.com\/data\/include\/cms\/Korki_.png?resize=340%2C192&#038;ssl=1\" alt=\"\" width=\"340\" height=\"192\" border=\"0\" \/><\/p>\n<h5 class=\"tt-secondary\">Ostrze\u017cenia o czarnych punktach i korkach<\/h5>\n<p>Ostrze\u017cenia o czarnych punktach i korkach pomog\u0105 Ci w bezpiecznej je\u017adzie. Urz\u0105dzenie nawigacyjne dla motocyklist\u00f3w pomaga unika\u0107 nag\u0142ego hamowania i zbyt szybkiej jazdy na niebezpiecznych drogach dzi\u0119ki informacjom zapewniaj\u0105cym poczucie bezpiecze\u0144stwa.<\/p>\n<p><img data-recalc-dims=\"1\" loading=\"lazy\" decoding=\"async\" src=\"https:\/\/i0.wp.com\/bb.iai-shop.com\/data\/include\/cms\/Bluetooth.png?resize=340%2C192&#038;ssl=1\" alt=\"\" width=\"340\" height=\"192\" border=\"0\" \/><\/p>\n<h5 class=\"tt-secondary\">W \u0142atwy spos\u00f3b udost\u0119pniaj trasy<\/h5>\n<p>Udost\u0119pnij swoj\u0105 tras\u0119 innym motocyklistom przez MyDrive lub Bluetooth\u00ae \u2014 przed wyjazdem lub w trakcie podr\u00f3\u017cy. Trasy mo\u017cna przesy\u0142a\u0107 w formacie GPX oraz ITN przez Bluetooth\u00ae.<\/p>\n<p><img data-recalc-dims=\"1\" loading=\"lazy\" decoding=\"async\" src=\"https:\/\/i0.wp.com\/bb.iai-shop.com\/data\/include\/cms\/Siri.png?resize=340%2C192&#038;ssl=1\" alt=\"\" width=\"340\" height=\"192\" border=\"0\" \/><\/p>\n<h5 class=\"tt-secondary\">Dzwonienie z wykorzystaniem zestawu g\u0142o\u015bnom\u00f3wi\u0105cego z Siri i Google Now\u2122<\/h5>\n<p>Dzwo\u0144 i odbieraj po\u0142\u0105czenia, nawet gdy masz telefon w kieszeni, korzystaj\u0105c ze sterowania g\u0142osowego w aplikacjach Siri i Google Now\u2122. Dotknij, aby odebra\u0107 po\u0142\u0105czenie, lub po prostu u\u017cywaj g\u0142osu, aby zadzwoni\u0107 do dowolnej osoby z listy kontakt\u00f3w.<\/p>\n<p><img data-recalc-dims=\"1\" loading=\"lazy\" decoding=\"async\" src=\"https:\/\/i0.wp.com\/bb.iai-shop.com\/data\/include\/cms\/Pogoda.png?resize=340%2C192&#038;ssl=1\" alt=\"\" width=\"340\" height=\"192\" border=\"0\" \/><\/p>\n<h5 class=\"tt-secondary\">Konstrukcja odporna na warunki pogodowe<\/h5>\n<p>Wytrzyma\u0142a konstrukcja urz\u0105dzenia TomTom Rider z metalicznymi kraw\u0119dziami zapewnia odporno\u015b\u0107 na upuszczenie i czynniki pogodowe (IPX7) pozwalaj\u0105c\u0105 na jazd\u0119 w dowolnych warunkach. Nawet mokry ekran ma tak\u0105 sam\u0105 czu\u0142o\u015b\u0107 i dok\u0142adno\u015b\u0107 dzia\u0142ania, zapewniaj\u0105c precyzyjne sterowanie w ka\u017cdych warunkach pogodowych.<\/p>\n<p><img data-recalc-dims=\"1\" loading=\"lazy\" decoding=\"async\" src=\"https:\/\/i0.wp.com\/bb.iai-shop.com\/data\/include\/cms\/Pion.png?resize=340%2C192&#038;ssl=1\" alt=\"\" width=\"340\" height=\"192\" border=\"0\" \/><\/p>\n<h5 class=\"tt-secondary\">Widok pionowy<\/h5>\n<p>Wystarczy ustawi\u0107 ekran pionowo, by widzie\u0107 wi\u0119cej zakr\u0119t\u00f3w i m\u00f3c zawczasu si\u0119 do nich przygotowa\u0107. Urz\u0105dzenie nawigacyjne dla motocyklist\u00f3w zosta\u0142o wyposa\u017cone w innowacyjny obrotowy uchwyt, kt\u00f3ry umo\u017cliwia \u0142atwe prze\u0142\u0105czanie mi\u0119dzy widokiem poziomym i pionowym.<\/p>\n<p>Po\u0142\u0105cz sw\u00f3j smartfon z interkomem PACKTALK BOLD i nawigacja TomTom:<\/p>\n<p>&nbsp;<\/p>\n<p><video controls=\"controls\" width=\"900\" height=\"450\" data-mce-fragment=\"1\"><\/video><\/p>\n<p>&nbsp;<\/p>\n<p><strong>PAROWANIE RIDERA 550 Z TELEFONEM I SYSTEMEM KOMUNIKACJI:<\/strong><\/p>\n<p>http:\/\/pl.support.tomtom.com\/app\/answers\/detail\/a_id\/25858<\/p>\n<p>&nbsp;<\/p>\n<p><strong>Video recenzja Jedno\u015blad.pl:<\/strong><\/p>\n<p><iframe loading=\"lazy\" title=\"TomTom Rider 550: Jak dzia\u0142a motocyklowa nawigacja GPS? Jak wyznacza\u0107 tras\u0119 motocyklow\u0105?\" width=\"500\" height=\"281\" src=\"https:\/\/www.youtube.com\/embed\/KnWrgrXmF38?feature=oembed\" frameborder=\"0\" allow=\"accelerometer; autoplay; clipboard-write; encrypted-media; gyroscope; picture-in-picture; web-share\" referrerpolicy=\"strict-origin-when-cross-origin\" allowfullscreen><\/iframe><\/p>\n<p>&nbsp;<\/p>\n<p><strong>Portal TomTom Retail:<\/strong>\u00a0<a href=\"https:\/\/retail.tomtom.com\/hc\/pl-pl\">https:\/\/retail.tomtom.com\/hc\/pl-pl<\/a><\/p>\n","protected":false},"excerpt":{"rendered":"<p>Nawigacja motocyklowa Rider 550 Premium Pack<\/p>\n","protected":false},"featured_media":523,"template":"","meta":{"advanced_seo_description":"","jetpack_seo_html_title":"","jetpack_seo_noindex":false},"product_brand":[],"product_cat":[38],"product_tag":[],"class_list":{"0":"post-522","1":"product","2":"type-product","3":"status-publish","4":"has-post-thumbnail","6":"product_cat-nawigacje","8":"first","9":"instock","10":"taxable","11":"shipping-taxable","12":"purchasable","13":"product-type-simple"},"jetpack_sharing_enabled":true,"_links":{"self":[{"href":"https:\/\/hardshop.hard-adv.com\/index.php\/wp-json\/wp\/v2\/product\/522","targetHints":{"allow":["GET"]}}],"collection":[{"href":"https:\/\/hardshop.hard-adv.com\/index.php\/wp-json\/wp\/v2\/product"}],"about":[{"href":"https:\/\/hardshop.hard-adv.com\/index.php\/wp-json\/wp\/v2\/types\/product"}],"wp:featuredmedia":[{"embeddable":true,"href":"https:\/\/hardshop.hard-adv.com\/index.php\/wp-json\/wp\/v2\/media\/523"}],"wp:attachment":[{"href":"https:\/\/hardshop.hard-adv.com\/index.php\/wp-json\/wp\/v2\/media?parent=522"}],"wp:term":[{"taxonomy":"product_brand","embeddable":true,"href":"https:\/\/hardshop.hard-adv.com\/index.php\/wp-json\/wp\/v2\/product_brand?post=522"},{"taxonomy":"product_cat","embeddable":true,"href":"https:\/\/hardshop.hard-adv.com\/index.php\/wp-json\/wp\/v2\/product_cat?post=522"},{"taxonomy":"product_tag","embeddable":true,"href":"https:\/\/hardshop.hard-adv.com\/index.php\/wp-json\/wp\/v2\/product_tag?post=522"}],"curies":[{"name":"wp","href":"https:\/\/api.w.org\/{rel}","templated":true}]}}