{"id":543,"date":"2024-01-23T10:21:31","date_gmt":"2024-01-23T09:21:31","guid":{"rendered":"https:\/\/hardshop.hard-adv.com\/?post_type=product&#038;p=543"},"modified":"2024-01-23T17:19:34","modified_gmt":"2024-01-23T16:19:34","slug":"tenere-700-slim-display-licznik-rajdowy","status":"publish","type":"product","link":"https:\/\/hardshop.hard-adv.com\/index.php\/produkt\/tenere-700-slim-display-licznik-rajdowy\/","title":{"rendered":"Tenere 700 SLIM DISPLAY -LICZNIK RAJDOWY"},"content":{"rendered":"<p>Nowy wy\u015bwietlacz dla Tenere 700:<br \/>\n\u2013 PLUG &amp; PLAY, wykorzystuje to samo z\u0142\u0105cze, co oryginalna wi\u0105zka motocyklowa, nie ma potrzeby przecinania ani dodawania \u017cadnych kabli<br \/>\n\u2013 MNIEJSZY I KOMPAKTOWY<br \/>\n\u2013 Tryb TRIPMASTER<br \/>\n\u2013 Pami\u0119\u0107 ABS<br \/>\n&#8211; i wiele wi\u0119cej<\/p>\n<p>Zwolnij miejsce w urz\u0105dzeniu Tenere 700 na narz\u0119dzia nawigacyjne!<br \/>\nMo\u017cna go zamontowa\u0107 w miejscu oryginalnego wy\u015bwietlacza, przesuwaj\u0105c go ni\u017cej, tworz\u0105c miejsce na postawienie tabletu lub roadbooka bez konieczno\u015bci umieszczania ich na poprzeczce, lub mo\u017cna go umie\u015bci\u0107 na kierownicy, zajmuj\u0105c bardzo ma\u0142o miejsca.<\/p>\n<p>POD\u0141\u0104CZ I GRAJ<\/p>\n<p>Korzystaj\u0105c z oryginalnego okablowania motocykla wystarczy od\u0142\u0105czy\u0107 stary wy\u015bwietlacz i pod\u0142\u0105czy\u0107 nowy:<br \/>\nW zestawie znajduje si\u0119 jednostka steruj\u0105ca, kt\u00f3r\u0105 mo\u017cna pod\u0142\u0105czy\u0107 do oryginalnego okablowania. Nast\u0119pnie jednostka ta \u0142\u0105czy si\u0119 z NOWYM WY\u015aWIETLACZEM za pomoc\u0105 znacznie mniejszego i bardziej gi\u0119tkiego kabla, kt\u00f3ry mo\u017cna u\u0142o\u017cy\u0107 w spos\u00f3b, kt\u00f3ry ka\u017cdy uzna za najlepszy dla swojej jazdy i u\u017cytkowania.<\/p>\n<p><img data-recalc-dims=\"1\" loading=\"lazy\" decoding=\"async\" class=\"wp-image-1126\" src=\"https:\/\/i0.wp.com\/www.7solid.it\/wp-content\/uploads\/2024\/01\/Nuovo-Display-Prima-e-dopo.png?resize=1000%2C573&#038;ssl=1\" alt=\"\" width=\"1000\" height=\"573\" \/><\/p>\n<p>Przedstawienie oryginalnej uprz\u0119\u017cy VS nowej uprz\u0119\u017cy<br \/>\nMA\u0141Y I KOMPAKTOWY<\/p>\n<p>oryginalny wy\u015bwietlacz ma wymiary 140 x 110 x 100 m, podczas gdy NOWY WY\u015aWIETLACZ ma wymiary zaledwie 135 x 40 x 30 mm, zachowuj\u0105c wszystkie oryginalne informacje<\/p>\n<p><img data-recalc-dims=\"1\" loading=\"lazy\" decoding=\"async\" class=\"wp-image-1125\" src=\"https:\/\/i0.wp.com\/www.7solid.it\/wp-content\/uploads\/2024\/01\/Confronto-OLD-NEW-1024x617.png?resize=1024%2C617&#038;ssl=1\" alt=\"\" width=\"1024\" height=\"617\" \/><\/p>\n<p>Por\u00f3wnanie oryginalnego wy\u015bwietlacza z nowym wy\u015bwietlaczem zaproponowanym przez 7SOLID<\/p>\n<p><img data-recalc-dims=\"1\" loading=\"lazy\" decoding=\"async\" class=\"wp-image-1177\" src=\"https:\/\/i0.wp.com\/www.7solid.it\/wp-content\/uploads\/2024\/01\/image-1024x555.png?resize=1024%2C555&#038;ssl=1\" alt=\"\" width=\"1024\" height=\"555\" \/><\/p>\n<p>Nale\u017cy pami\u0119ta\u0107, \u017ce rozmiary znak\u00f3w dla informacji takich jak pr\u0119dko\u015b\u0107, biegi i podr\u00f3\u017ce pozosta\u0142y niezmienione.<br \/>\nLampki kontrolne zast\u0105piono symbolami bezpo\u015brednio na wy\u015bwietlaczu LCD, aby zaoszcz\u0119dzi\u0107 jeszcze wi\u0119cej miejsca<\/p>\n<p>Tryb TRIPMASTERA<\/p>\n<p>Opr\u00f3cz funkcji obecnych na oryginalnym wy\u015bwietlaczu istnieje mo\u017cliwo\u015b\u0107 uruchomienia trybu TRIPMASTER, kt\u00f3ry przekszta\u0142ca instrument w prawdziwego TRIPMASTERA.<br \/>\nDzi\u0119ki pod\u0142\u0105czeniu do sterownika motocykla dane TRIP uzyskujemy bez konieczno\u015bci pod\u0142\u0105czania w\u0119\u017ca czy dodatkowego czujnika.<br \/>\nB\u0119dzie jednak mo\u017cliwe dostosowanie i kalibracja \u015brednicy ko\u0142a w oparciu o Kilometr 0 rajdu, w kt\u00f3rym bierzesz udzia\u0142.<br \/>\nPonadto za pomoc\u0105 specjalnego przycisku mo\u017cliwa jest tak\u017ce korekta TRIP + lub \u2013 10\/100m (panel przycisk\u00f3w stanowi wyposa\u017cenie dodatkowe, zostanie zaprezentowane wkr\u00f3tce)<\/p>\n<div class=\"spectra-image-gallery__media-wrapper--isotope\">\n<div class=\"spectra-image-gallery__media-wrapper\" data-spectra-gallery-image-id=\"1149\">\n<div class=\"spectra-image-gallery__media spectra-image-gallery__media--masonry\"><img data-recalc-dims=\"1\" height=\"200\" width=\"300\" decoding=\"async\" class=\"spectra-image-gallery__media-thumbnail spectra-image-gallery__media-thumbnail--masonry\" src=\"https:\/\/i0.wp.com\/www.7solid.it\/wp-content\/uploads\/2024\/01\/Display-tenere-700-speed-300x200.png?resize=300%2C200&#038;ssl=1\" alt=\"\" \/><\/div>\n<div><\/div>\n<\/div>\n<\/div>\n<p>Pami\u0119\u0107 ABS<\/p>\n<p>Obok wy\u015bwietlacza znajduje si\u0119 przycisk do w\u0142\u0105czania i wy\u0142\u0105czania ABS, kt\u00f3ry b\u0119dzie zachowywa\u0142 si\u0119 tak samo jak oryginalny motocykl, z wyj\u0105tkiem nowej funkcji podtrzymywania pami\u0119ci:<br \/>\nJe\u015bli motocykl zostanie wy\u0142\u0105czony przy w\u0142\u0105czonym ABS, ABS b\u0119dzie w\u0142\u0105czony po ponownym w\u0142\u0105czeniu.<br \/>\nJe\u017celi motocykl zostanie wy\u0142\u0105czony przy wy\u0142\u0105czonym ABS, po ponownym w\u0142\u0105czeniu motocykl b\u0119dzie ju\u017c z wy\u0142\u0105czonym ABS (bez konieczno\u015bci ponownego wciskania przycisku).<\/p>\n<p>WIELE JESZCZE<br \/>\n\u2013 Wy\u015bwietlanie zegara na tym samym odcinku podr\u00f3\u017cy<br \/>\n\u2013 Wy\u015bwietlanie pr\u0119dko\u015bci i biegu na tym samym odcinku trasy (przydatne w trybie TRIPMASTER)<br \/>\n\u2013 Wy\u015bwietlanie napi\u0119cia akumulatora<br \/>\n\u2013 Wszystkie oryginalne funkcje zosta\u0142y zachowane, z wyj\u0105tkiem wyeliminowania symboli ECO, AVE i L\/100km<\/p>\n<p>B\u0104D\u0179MY W KONTAKCIE<br \/>\nNowy smuk\u0142y wy\u015bwietlacz do Tenere 700 jest obecnie w fazie test\u00f3w i wkr\u00f3tce b\u0119dzie gotowy do sprzeda\u017cy.<br \/>\nNie przegap \u017cadnych wydarze\u0144, zarejestruj si\u0119 poni\u017cej, aby by\u0107 na bie\u017c\u0105co. Skontaktujemy si\u0119 z Tob\u0105, gdy b\u0119dziemy mieli wie\u015bci!<\/p>\n<div data-test='contact-form'\n\t\t\tid='contact-form-543'\n\t\t\tclass='wp-block-jetpack-contact-form-container '\n\t\t\tdata-wp-interactive='jetpack\/form' data-wp-context='{\"formId\":\"543\",\"formHash\":\"30b8b5566d890ccc596937d96af8bd958fd01cff\",\"showErrors\":false,\"errors\":[],\"fields\":[],\"isMultiStep\":false,\"useAjax\":true,\"submissionData\":null,\"formattedSubmissionData\":[],\"submissionSuccess\":false,\"submissionError\":null,\"elementId\":\"jp-form-30b8b5566d890ccc596937d96af8bd958fd01cff\",\"isSingleInputForm\":false}'\n\t\t\tdata-wp-watch--scroll-to-wrapper=\"callbacks.scrollToWrapper\"\n\t\t>\n<div class=\"contact-form-submission contact-form-ajax-submission\" data-wp-class--submission-success=\"context.submissionSuccess\"><p class=\"go-back-message\"><a class=\"link\" role=\"button\" tabindex=\"0\" data-wp-on--click=\"actions.goBack\" href=\"\/index.php\/wp-json\/wp\/v2\/product\/543\">Wr\u00f3\u0107<\/a><\/p><h4 id=\"contact-form-success-header\">Twoja wiadomo\u015b\u0107 zosta\u0142a wys\u0142ana<\/h4>\n\n<template data-wp-each--submission=\"context.formattedSubmissionData\">\n\t\t\t\t\t<div class=\"jetpack_forms_contact-form-success-summary\">\n\t\t\t\t\t\t<div class=\"field-name\" data-wp-text=\"context.submission.label\" data-wp-bind--hidden=\"!context.submission.label\"><\/div>\n\t\t\t\t\t\t<div class=\"field-value\" data-wp-text=\"context.submission.value\"><\/div>\n\t\t\t\t\t\t<div class=\"field-images\" data-wp-bind--hidden=\"!context.submission.images\">\n\t\t\t\t\t\t\t<template data-wp-each--image=\"context.submission.images\">\n\t\t\t\t\t\t\t\t<figure class=\"field-image\" data-wp-class--is-empty=\"!context.image\">\n\t\t\t\t\t\t\t\t\t<img data-wp-bind--src=\"context.image\" data-wp-bind--hidden=\"!context.image\" \/>\n\t\t\t\t\t\t\t\t\t<img decoding=\"async\" src=\"data:image\/gif;base64,R0lGODlhAQABAAD\/ACwAAAAAAQABAAACADs=\" data-wp-bind--hidden=\"context.image\" \/>\n\t\t\t\t\t\t\t\t<\/figure>\n\t\t\t\t\t\t\t<\/template>\n\t\t\t\t\t\t<\/div>\n\t\t\t\t\t<\/div>\n\t\t\t\t<\/template><\/div><form action='https:\/\/hardshop.hard-adv.com\/index.php\/produkt\/tenere-700-slim-display-licznik-rajdowy\/'\n\t\t\t\tid='jp-form-30b8b5566d890ccc596937d96af8bd958fd01cff'\n\t\t\t\tmethod='post'\n\t\t\t\tclass='contact-form commentsblock' aria-label=\"Tenere 700 SLIM DISPLAY -LICZNIK RAJDOWY\"\n\t\t\t\tdata-wp-on--submit=\"actions.onFormSubmit\"\n\t\t\t\tdata-wp-on--reset=\"actions.onFormReset\"\n\t\t\t\tdata-wp-class--submission-success=\"context.submissionSuccess\"\n\t\t\t\tdata-wp-class--is-first-step=\"state.isFirstStep\"\n\t\t\t\tdata-wp-class--is-last-step=\"state.isLastStep\"\n\t\t\t\tdata-wp-class--is-ajax-form=\"context.useAjax\"\n\t\t\t\tnovalidate >\n<input type='hidden' name='jetpack_contact_form_jwt' value='eyJ0eXAiOiJKV1QiLCJhbGciOiJIUzI1NiJ9.eyJlbmNyeXB0ZWRfYXR0cmlidXRlcyI6IjBCcVZhUStHdndwcnk4dkJySFVpa0JDMVVFdnJHVjkzQ2Jzdlk2NFM2dkk4ZWZWSS9Hb3NCMFJoU1NYVlVoYUtKZGhmZVhENzV2dGdkREZHVDF2dFc0NXpjUWFwZDFYcExDcHVHMHFRbTVFSVRtZmJ3WkR0U01NU0NFSkVKdHdRbUxiTWg5YUN3Ri9MQXpwbDNhZWg2amtVVkJHa3U0S3grQ1pFQXFubVNWbUVhWGJKaEFhN0dYNDJDV3lGUWZpdzJ0VjR6aGlqaG16YXV4UVdPNDRFN08zTzNuRUt2WFovMnd0R0JBcVFvTmxmNGxtb3RJL09PZ1ZKSjVjUXAydUFEV2lPZDZTNS9uQ2UybWZQbnZJYkx6dU4zNFRDNGEzalBjbmlKT3VDczgremRmY1dHWDM0djdsRkllVmR2ZWgvbUdyODkvYVZ4d2pCQk9PeUxqQUZzVzZzSzNrS1FxRTVZckNTTGw1V0RIQmowWHl0WWFpWHRDcXNYTklXU3FQWnZWWUxEbm5GWGs4SUYzWFBSQ1ZSV0l1d0N5b29XNG5Nd0tHNFhRd0NCTm1rR2crdnR3WDlXd0FBNXZ1dHlJUUxwQTdITmZ4ZW9mWC9USklXQVo1QVVtSTc1NUVxZmhMa2FncGdOZWVHanJPZWliUkx2aTNNN2cwL2xicUhWTG45NnR2LzV3NFRXcmovZU5henVpMEh5blQxQ3IxL2tnWERIYm1NWkRUS0t4U0g2Rm03RUVUWElheVlDK29aZDR0ekxKRURmb3E4RjY1bzlQWUZmdnlZN0tLL0RRVTM5SktSWUNsMTl2aDMyQmlSbXhJM0NIbGR2Um5ES1M5eTRNdkpmZWNGRDB0NTlvdXhwYlNUeG1QRGFtdDRnMTVYdkxhckYrdlNVUVVWY0tFQ3o5enFQUnp4eU5abm5pMkwyK3NtLytWdittVDk5OFZTQ2lzenFGa2dEWVlCVTd2WUlmN2dreW4rQWZsQUtTUnl1TEo4K0dkMlpHQUxCR2ZZZHduMU5naWZLSkJxb1N2bDI4NGFWL2wyMFg3UXgzdHUvMzZLSHNXVkJib1UzWWlzeWhlK21MR29aQndRMWhCUW1vRjdDQjVoYjBFdFNveTh0WVVsRVZiS1RJbG1JbEUyeE1ObEF1WTh6TVpqMUJJbHIrYi80dldiMkdKQWhaU2ZycHB4MGVudkMvcXNxaTVRWWxjb1NzN0FJZFVqNFMyWVQrbVhaanNVUm5KczR0T3NkdGNkTWpYQkw1ZW9ib3plbm00eUh3SlMiLCJjb250ZW50IjoiW2NvbnRhY3QtZmllbGQgbGFiZWw9XCJJTUlFIE5BWldJU0tPXCIgdHlwZT1cIm5hbWVcIiByZXF1aXJlZD1cIjFcIl1bY29udGFjdC1maWVsZCBsYWJlbD1cIkVtYWlsXCIgdHlwZT1cImVtYWlsXCIgcmVxdWlyZWQ9XCIxXCJdW2NvbnRhY3QtZmllbGQgbGFiZWw9XCJNZXNzYWdlXCIgdHlwZT1cInRleHRhcmVhXCJdIiwiaGFzaCI6IjMwYjhiNTU2NmQ4OTBjY2M1OTY5MzdkOTZhZjhiZDk1OGZkMDFjZmYiLCJzb3VyY2UiOnsiZW50cnlfdGl0bGUiOiJUZW5lcmUgNzAwIFNMSU0gRElTUExBWSAtTElDWk5JSyBSQUpET1dZIiwiZW50cnlfcGFnZSI6MSwic291cmNlX2lkIjo1NDMsInNvdXJjZV90eXBlIjoic2luZ2xlIiwicmVxdWVzdF91cmwiOiJodHRwczovL2hhcmRzaG9wLmhhcmQtYWR2LmNvbS93cC1qc29uL3dwL3YyL3Byb2R1Y3QvNTQzIn0sInZlcnNpb24iOjIsImNpcGhlciI6ImFlcy0yNTYtZ2NtIn0.UDOBwEjfPA6kLI5B_iXmypRHkrYDRxNsr4cYK6OMFr4' \/>\n\n<div style=\"\"  data-wp-interactive=\"jetpack\/form\" data-wp-context='{\"fieldId\":\"g543-imienazwisko\",\"fieldType\":\"name\",\"fieldLabel\":\"IMIE NAZWISKO\",\"fieldValue\":\"\",\"fieldPlaceholder\":\"\",\"fieldIsRequired\":\"1\",\"fieldErrorMessage\":\"\",\"fieldExtra\":[],\"formHash\":\"30b8b5566d890ccc596937d96af8bd958fd01cff\"}'  class='grunion-field-name-wrap grunion-field-wrap'  data-wp-init='callbacks.initializeField' data-wp-on--jetpack-form-reset='callbacks.initializeField' >\n<label\n\t\t\t\tfor='g543-imienazwisko' class=\"grunion-field-label name\" >IMIE NAZWISKO<span class=\"grunion-label-required\" aria-hidden=\"true\">(wymagane)<\/span><\/label>\n<input\n\t\t\t\t\ttype='text'\n\t\t\t\t\tname='g543-imienazwisko'\n\t\t\t\t\tid='g543-imienazwisko'\n\t\t\t\t\tvalue=''\n\n\t\t\t\t\tdata-wp-bind--aria-invalid='state.fieldHasErrors'\n\t\t\t\t\tdata-wp-bind--value='state.getFieldValue'\n\t\t\t\t\taria-errormessage='g543-imienazwisko-text-error-message'\n\t\t\t\t\tdata-wp-on--input='actions.onFieldChange'\n\t\t\t\t\tdata-wp-on--blur='actions.onFieldBlur'\n\t\t\t\t\tdata-wp-class--has-value='state.hasFieldValue'\n\n\t\t\t\t\tclass='name  grunion-field' \n\t\t\t\t\trequired='true' aria-required='true'  \/>\n \n\t\t\t<div id=\"g543-imienazwisko-text-error\" class=\"contact-form__input-error\" data-wp-class--has-errors=\"state.fieldHasErrors\">\n\t\t\t\t<span class=\"contact-form__warning-icon\">\n\t\t\t\t\t<svg width=\"16\" height=\"16\" viewBox=\"0 0 16 16\" fill=\"none\" xmlns=\"http:\/\/www.w3.org\/2000\/svg\">\n\t\t\t\t\t\t<path d=\"M8.50015 11.6402H7.50015V10.6402H8.50015V11.6402Z\" \/>\n\t\t\t\t\t\t<path d=\"M7.50015 9.64018H8.50015V6.30684H7.50015V9.64018Z\" \/>\n\t\t\t\t\t\t<path fill-rule=\"evenodd\" clip-rule=\"evenodd\" d=\"M6.98331 3.0947C7.42933 2.30177 8.57096 2.30177 9.01698 3.09469L13.8771 11.7349C14.3145 12.5126 13.7525 13.4735 12.8602 13.4735H3.14004C2.24774 13.4735 1.68575 12.5126 2.12321 11.7349L6.98331 3.0947ZM8.14541 3.58496C8.08169 3.47168 7.9186 3.47168 7.85488 3.58496L2.99478 12.2251C2.93229 12.3362 3.01257 12.4735 3.14004 12.4735H12.8602C12.9877 12.4735 13.068 12.3362 13.0055 12.2251L8.14541 3.58496Z\" \/>\n\t\t\t\t\t<\/svg>\n\t\t\t\t\t<span class=\"visually-hidden\">Ostrze\u017cenie<\/span>\n\t\t\t\t<\/span>\n\t\t\t\t<span data-wp-text=\"state.errorMessage\" id=\"g543-imienazwisko-text-error-message\" role=\"alert\" aria-live=\"assertive\"><\/span>\n\t\t\t<\/div> \n\t<\/div>\n\n<div style=\"\"  data-wp-interactive=\"jetpack\/form\" data-wp-context='{\"fieldId\":\"g543-email\",\"fieldType\":\"email\",\"fieldLabel\":\"Email\",\"fieldValue\":\"\",\"fieldPlaceholder\":\"\",\"fieldIsRequired\":\"1\",\"fieldErrorMessage\":\"\",\"fieldExtra\":[],\"formHash\":\"30b8b5566d890ccc596937d96af8bd958fd01cff\"}'  class='grunion-field-email-wrap grunion-field-wrap'  data-wp-init='callbacks.initializeField' data-wp-on--jetpack-form-reset='callbacks.initializeField' >\n<label\n\t\t\t\tfor='g543-email' class=\"grunion-field-label email\" >Email<span class=\"grunion-label-required\" aria-hidden=\"true\">(wymagane)<\/span><\/label>\n<input\n\t\t\t\t\ttype='email'\n\t\t\t\t\tname='g543-email'\n\t\t\t\t\tid='g543-email'\n\t\t\t\t\tvalue=''\n\n\t\t\t\t\tdata-wp-bind--aria-invalid='state.fieldHasErrors'\n\t\t\t\t\tdata-wp-bind--value='state.getFieldValue'\n\t\t\t\t\taria-errormessage='g543-email-email-error-message'\n\t\t\t\t\tdata-wp-on--input='actions.onFieldChange'\n\t\t\t\t\tdata-wp-on--blur='actions.onFieldBlur'\n\t\t\t\t\tdata-wp-class--has-value='state.hasFieldValue'\n\n\t\t\t\t\tclass='email  grunion-field' \n\t\t\t\t\trequired='true' aria-required='true'  \/>\n \n\t\t\t<div id=\"g543-email-email-error\" class=\"contact-form__input-error\" data-wp-class--has-errors=\"state.fieldHasErrors\">\n\t\t\t\t<span class=\"contact-form__warning-icon\">\n\t\t\t\t\t<svg width=\"16\" height=\"16\" viewBox=\"0 0 16 16\" fill=\"none\" xmlns=\"http:\/\/www.w3.org\/2000\/svg\">\n\t\t\t\t\t\t<path d=\"M8.50015 11.6402H7.50015V10.6402H8.50015V11.6402Z\" \/>\n\t\t\t\t\t\t<path d=\"M7.50015 9.64018H8.50015V6.30684H7.50015V9.64018Z\" \/>\n\t\t\t\t\t\t<path fill-rule=\"evenodd\" clip-rule=\"evenodd\" d=\"M6.98331 3.0947C7.42933 2.30177 8.57096 2.30177 9.01698 3.09469L13.8771 11.7349C14.3145 12.5126 13.7525 13.4735 12.8602 13.4735H3.14004C2.24774 13.4735 1.68575 12.5126 2.12321 11.7349L6.98331 3.0947ZM8.14541 3.58496C8.08169 3.47168 7.9186 3.47168 7.85488 3.58496L2.99478 12.2251C2.93229 12.3362 3.01257 12.4735 3.14004 12.4735H12.8602C12.9877 12.4735 13.068 12.3362 13.0055 12.2251L8.14541 3.58496Z\" \/>\n\t\t\t\t\t<\/svg>\n\t\t\t\t\t<span class=\"visually-hidden\">Ostrze\u017cenie<\/span>\n\t\t\t\t<\/span>\n\t\t\t\t<span data-wp-text=\"state.errorMessage\" id=\"g543-email-email-error-message\" role=\"alert\" aria-live=\"assertive\"><\/span>\n\t\t\t<\/div> \n\t<\/div>\n\n<div style=\"\"  data-wp-interactive=\"jetpack\/form\" data-wp-context='{\"fieldId\":\"g543-message\",\"fieldType\":\"textarea\",\"fieldLabel\":\"Message\",\"fieldValue\":\"\",\"fieldPlaceholder\":\"\",\"fieldIsRequired\":\"\",\"fieldErrorMessage\":\"\",\"fieldExtra\":[],\"formHash\":\"30b8b5566d890ccc596937d96af8bd958fd01cff\"}'  class='grunion-field-textarea-wrap grunion-field-wrap'  data-wp-init='callbacks.initializeField' data-wp-on--jetpack-form-reset='callbacks.initializeField' >\n<label\n\t\t\t\tfor='contact-form-comment-g543-message' class=\"grunion-field-label textarea\" >Message<\/label>\n<textarea\n\t\t                style=''\n\t\t                name='g543-message'\n\t\t                id='contact-form-comment-g543-message'\n\t\t                rows='20'\n\t\t\t\t\t\tdata-wp-text='state.getFieldValue'\n\t\t\t\t\t\tdata-wp-on--input='actions.onFieldChange'\n\t\t\t\t\t\tdata-wp-on--blur='actions.onFieldBlur'\n\t\t\t\t\t\tdata-wp-class--has-value='state.hasFieldValue'\n\t\t\t\t\t\tdata-wp-bind--aria-invalid='state.fieldHasErrors'\n\t\t\t\t\t\taria-errormessage='g543-message-textarea-error-message'\n\t\t\t\t\t\tclass='textarea  grunion-field'  ><\/textarea>\n \n\t\t\t<div id=\"g543-message-textarea-error\" class=\"contact-form__input-error\" data-wp-class--has-errors=\"state.fieldHasErrors\">\n\t\t\t\t<span class=\"contact-form__warning-icon\">\n\t\t\t\t\t<svg width=\"16\" height=\"16\" viewBox=\"0 0 16 16\" fill=\"none\" xmlns=\"http:\/\/www.w3.org\/2000\/svg\">\n\t\t\t\t\t\t<path d=\"M8.50015 11.6402H7.50015V10.6402H8.50015V11.6402Z\" \/>\n\t\t\t\t\t\t<path d=\"M7.50015 9.64018H8.50015V6.30684H7.50015V9.64018Z\" \/>\n\t\t\t\t\t\t<path fill-rule=\"evenodd\" clip-rule=\"evenodd\" d=\"M6.98331 3.0947C7.42933 2.30177 8.57096 2.30177 9.01698 3.09469L13.8771 11.7349C14.3145 12.5126 13.7525 13.4735 12.8602 13.4735H3.14004C2.24774 13.4735 1.68575 12.5126 2.12321 11.7349L6.98331 3.0947ZM8.14541 3.58496C8.08169 3.47168 7.9186 3.47168 7.85488 3.58496L2.99478 12.2251C2.93229 12.3362 3.01257 12.4735 3.14004 12.4735H12.8602C12.9877 12.4735 13.068 12.3362 13.0055 12.2251L8.14541 3.58496Z\" \/>\n\t\t\t\t\t<\/svg>\n\t\t\t\t\t<span class=\"visually-hidden\">Ostrze\u017cenie<\/span>\n\t\t\t\t<\/span>\n\t\t\t\t<span data-wp-text=\"state.errorMessage\" id=\"g543-message-textarea-error-message\" role=\"alert\" aria-live=\"assertive\"><\/span>\n\t\t\t<\/div>\n\t<\/div>\n\t<p class='contact-submit'>\n<div class=\"contact-form__error\" data-wp-class--show-errors=\"state.showFormErrors\"><span class=\"contact-form__warning-icon\"><span class=\"visually-hidden\">Ostrze\u017cenie.<\/span><i aria-hidden=\"true\"><\/i><\/span>\n\t\t\t\t<span data-wp-text=\"state.getFormErrorMessage\"><\/span>\n\t\t\t\t<ul>\n\t\t\t\t<template data-wp-each=\"state.getErrorList\" data-wp-key=\"context.item.id\">\n\t\t\t\t\t<li><a data-wp-bind--href=\"context.item.anchor\" data-wp-on--click=\"actions.scrollIntoView\" data-wp-text=\"context.item.label\"><\/a><\/li>\n\t\t\t\t<\/template>\n\t\t\t\t<\/ul><\/div><div class=\"contact-form__error\" data-wp-class--show-errors=\"state.showSubmissionError\" data-wp-text=\"context.submissionError\"><\/div>\t\t<button type='submit' class='pushbutton-wide'>Wy\u015blij<\/button>\t\t<input type='hidden' name='contact-form-id' value='543' \/>\n\t\t<input type='hidden' name='action' value='grunion-contact-form' \/>\n\t\t<input type='hidden' name='contact-form-hash' value='30b8b5566d890ccc596937d96af8bd958fd01cff' \/>\n\t<\/p>\n<\/form>\n<\/div>\n<p>&nbsp;<\/p>\n","protected":false},"excerpt":{"rendered":"<p>Nowy wy\u015bwietlacz dla Tenere 700: \u2013 PLUG &amp; PLAY, wykorzystuje to samo z\u0142\u0105cze, co oryginalna wi\u0105zka motocyklowa, nie ma potrzeby przecinania ani dodawania \u017cadnych kabli \u2013 MNIEJSZY I KOMPAKTOWY \u2013 Tryb TRIPMASTER \u2013 Pami\u0119\u0107 ABS &#8211; i wiele wi\u0119cej Zwolnij miejsce w urz\u0105dzeniu Tenere 700 na narz\u0119dzia nawigacyjne! Mo\u017cna go zamontowa\u0107 w miejscu oryginalnego wy\u015bwietlacza, [&hellip;]<\/p>\n","protected":false},"featured_media":544,"template":"","meta":{"advanced_seo_description":"","jetpack_seo_html_title":"","jetpack_seo_noindex":false},"product_brand":[],"product_cat":[37,40,15],"product_tag":[],"class_list":{"0":"post-543","1":"product","2":"type-product","3":"status-publish","4":"has-post-thumbnail","6":"product_cat-tenere-700","7":"product_cat-wieze-nawigacyjne","8":"product_cat-coming-soon","10":"first","11":"outofstock","12":"taxable","13":"shipping-taxable","14":"product-type-simple"},"jetpack_sharing_enabled":true,"_links":{"self":[{"href":"https:\/\/hardshop.hard-adv.com\/index.php\/wp-json\/wp\/v2\/product\/543","targetHints":{"allow":["GET"]}}],"collection":[{"href":"https:\/\/hardshop.hard-adv.com\/index.php\/wp-json\/wp\/v2\/product"}],"about":[{"href":"https:\/\/hardshop.hard-adv.com\/index.php\/wp-json\/wp\/v2\/types\/product"}],"wp:featuredmedia":[{"embeddable":true,"href":"https:\/\/hardshop.hard-adv.com\/index.php\/wp-json\/wp\/v2\/media\/544"}],"wp:attachment":[{"href":"https:\/\/hardshop.hard-adv.com\/index.php\/wp-json\/wp\/v2\/media?parent=543"}],"wp:term":[{"taxonomy":"product_brand","embeddable":true,"href":"https:\/\/hardshop.hard-adv.com\/index.php\/wp-json\/wp\/v2\/product_brand?post=543"},{"taxonomy":"product_cat","embeddable":true,"href":"https:\/\/hardshop.hard-adv.com\/index.php\/wp-json\/wp\/v2\/product_cat?post=543"},{"taxonomy":"product_tag","embeddable":true,"href":"https:\/\/hardshop.hard-adv.com\/index.php\/wp-json\/wp\/v2\/product_tag?post=543"}],"curies":[{"name":"wp","href":"https:\/\/api.w.org\/{rel}","templated":true}]}}