{"id":567,"date":"2024-01-27T18:21:19","date_gmt":"2024-01-27T17:21:19","guid":{"rendered":"https:\/\/hardshop.hard-adv.com\/?post_type=product&#038;p=567"},"modified":"2024-01-27T18:21:19","modified_gmt":"2024-01-27T17:21:19","slug":"mivv-oslona-kolektora-carbon-yamaha-tenere-700-dakar-acc-080-0","status":"publish","type":"product","link":"https:\/\/hardshop.hard-adv.com\/index.php\/produkt\/mivv-oslona-kolektora-carbon-yamaha-tenere-700-dakar-acc-080-0\/","title":{"rendered":"MIVV OS\u0141ONA KOLEKTORA CARBON YAMAHA TENERE 700 DAKAR ACC.080.0"},"content":{"rendered":"<div class=\"info-header\">OPIS<\/div>\n<p><img data-recalc-dims=\"1\" decoding=\"async\" title=\"Producent MIVV\" src=\"https:\/\/i0.wp.com\/b2b.zibi-dystrybucja.com.pl\/images\/attribute_images\/98x28\/Miiv-Logo-1.jpg?ssl=1\" \/>Producent MIVV<\/p>\n<p>Firma specializuj\u0105ca si\u0119 w produkcji oraz projektowaniu uk\u0142ad\u00f3w wydechowych od 1970r.<\/p>\n<p>obecnie zatrudniaj\u0105ca 160 os\u00f3b oraz dysponuj\u0105ca 3 zak\u0142adami produkcyjnymi.<\/p>\n<p>Dostawca uk\u0142ad\u00f3w wydechowych r\u00f3wniez dla renomowanych producent\u00f3w motocykli ( Yamaha, Ducati,<\/p>\n<p>Aprilia, Moto Guzzi, Derbi)<\/p>\n<p>Ich produkty ciesz\u0105 si\u0119 bardzo du\u017c\u0105 popularnosci\u0105 w ponad 50 krajach.<\/p>\n<p>Wizyt\u00f3wk\u0105 Mivv s\u0105 dopracowane oraz skuteczne uk\u0142ady wydechowe.<\/p>\n<p>Wi\u0119kszo\u015b\u0107 ich produkt\u00f3w jest tak zaprojektowana ,\u017ce nie potrzeba modyfikacji motocykla.<\/p>\n<div class=\"info-header\">SPECYFIKACJA<\/div>\n<div class=\"spec-content\">\n<dl class=\"spec-data-list\">\n<dt class=\"label\">Kod producenta<\/dt>\n<dd class=\"value\">ACC0800<\/dd>\n<dt class=\"label\">Producent<\/dt>\n<dd class=\"value\">MIVV<\/dd>\n<\/dl>\n<\/div>\n","protected":false},"excerpt":{"rendered":"<p>MIVV OS\u0141ONA KOLEKTORA CARBON YAMAHA TENERE 700 DAKAR ACC.080.0<\/p>\n","protected":false},"featured_media":568,"template":"","meta":{"advanced_seo_description":"","jetpack_seo_html_title":"","jetpack_seo_noindex":false},"product_brand":[],"product_cat":[37,41],"product_tag":[],"class_list":{"0":"post-567","1":"product","2":"type-product","3":"status-publish","4":"has-post-thumbnail","6":"product_cat-tenere-700","7":"product_cat-uklad-wydechowy","9":"first","10":"onbackorder","11":"taxable","12":"shipping-taxable","13":"purchasable","14":"product-type-simple"},"jetpack_sharing_enabled":true,"_links":{"self":[{"href":"https:\/\/hardshop.hard-adv.com\/index.php\/wp-json\/wp\/v2\/product\/567","targetHints":{"allow":["GET"]}}],"collection":[{"href":"https:\/\/hardshop.hard-adv.com\/index.php\/wp-json\/wp\/v2\/product"}],"about":[{"href":"https:\/\/hardshop.hard-adv.com\/index.php\/wp-json\/wp\/v2\/types\/product"}],"wp:featuredmedia":[{"embeddable":true,"href":"https:\/\/hardshop.hard-adv.com\/index.php\/wp-json\/wp\/v2\/media\/568"}],"wp:attachment":[{"href":"https:\/\/hardshop.hard-adv.com\/index.php\/wp-json\/wp\/v2\/media?parent=567"}],"wp:term":[{"taxonomy":"product_brand","embeddable":true,"href":"https:\/\/hardshop.hard-adv.com\/index.php\/wp-json\/wp\/v2\/product_brand?post=567"},{"taxonomy":"product_cat","embeddable":true,"href":"https:\/\/hardshop.hard-adv.com\/index.php\/wp-json\/wp\/v2\/product_cat?post=567"},{"taxonomy":"product_tag","embeddable":true,"href":"https:\/\/hardshop.hard-adv.com\/index.php\/wp-json\/wp\/v2\/product_tag?post=567"}],"curies":[{"name":"wp","href":"https:\/\/api.w.org\/{rel}","templated":true}]}}