{"id":88,"date":"2024-01-16T13:06:03","date_gmt":"2024-01-16T12:06:03","guid":{"rendered":"http:\/\/hardshop.hard-adv.com\/?post_type=product&#038;p=88"},"modified":"2024-01-22T12:56:31","modified_gmt":"2024-01-22T11:56:31","slug":"insta360-ace-pro-standalone-kamera-sportowa-8k","status":"publish","type":"product","link":"https:\/\/hardshop.hard-adv.com\/index.php\/produkt\/insta360-ace-pro-standalone-kamera-sportowa-8k\/","title":{"rendered":"Insta360 Ace Pro Standalone &#8211; Kamera sportowa 8K"},"content":{"rendered":"<section id=\"projector_longdescription\" class=\"longdescription cm col-12\" data-dictionary=\"true\">WEJD\u0179 NA NOWY POZIOM Z ACE PRO<br \/>\nAce Pro, stworzona przy wsp\u00f3\u0142pracy z legendarn\u0105 firm\u0105 Leica, \u0142\u0105czy sprawdzon\u0105, wytrzyma\u0142\u0105 i dobrze znan\u0105 form\u0119 szerokok\u0105tnej kamery sportowej z nietuzinkowym wygl\u0105dem oraz pierwszym w tej kategorii kamer odchylanym ekranem otwieraj\u0105cym zupe\u0142nie nowe mo\u017cliwo\u015bci w zakresie monitorowania i kontroli nad obrazem. Zadaniem Ace Pro jest spe\u0142nienie oczekiwa\u0144 najbardziej wymagaj\u0105cych u\u017cytkownik\u00f3w dzi\u0119ki 48-megapixelowej matrycy o rozmiarze 1\/1.3 cala umo\u017cliwiaj\u0105cej nagrywanie materia\u0142\u00f3w w rozdzielczo\u015bci 8K\/24p lub 4K\/120p jak i wiod\u0105cej technologii stabilizacji \u201eFlowState\u201d czy nowej technologii \u201ePureVideo\u201d redefiniuj\u0105cej nagrywanie w nieoptymalnych warunkach o\u015bwietleniowych za pomoc\u0105 sztucznej inteligencji.WYGODNY I \u0141ATWY W OBS\u0141UDZE<br \/>\nAce Pro otwiera tak\u017ce drzwi dla ka\u017cdego pocz\u0105tkuj\u0105cego czy mniej wtajemniczonego u\u017cytkownika poprzez odchylany ekran o rozmiarze 2.4\u201d, kontrol\u0119 kamery za pomoc\u0105 komend g\u0142osowych jak i gest\u00f3w, technologi\u0119 \u201eAI Highlights Assistant\u201d kt\u00f3ra sama rozpozna i zaznaczy najlepsze momenty nagrania, nowy i wygodny system magnetycznego mocowania oraz pe\u0142ny asortyment akcesori\u00f3w \u2013 takich do u\u017cycia na l\u0105dzie czy g\u0142\u0119boko pod wod\u0105.Ace Pro podnosi poprzeczk\u0119 w zakresie jako\u015bci obrazu, \u0142atwo\u015bci obs\u0142ugi i przebiegu procesu &#8211; od utworzenia nagrania do udost\u0119pnienia go ca\u0142emu \u015bwiatu. Gotowy?<\/p>\n<p>&nbsp;<\/p>\n<p><strong>Zgodno\u015b\u0107 z urz\u0105dzeniami<\/strong><\/p>\n<p>Urz\u0105dzenia iOS:<br \/>\nKompatybilne z urz\u0105dzeniami opartymi o system iOS z procesorem A12 lub nowszym oraz wersj\u0105 iOS 12.0 lub nowsz\u0105, wliczaj\u0105c iPhone XS, iPhone XS Max, iPhone 11, iPhone 11 Pro, iPhone 11 Pro Max, iPhone 12, iPhone 12 Pro, iPhone 12 Pro Max, iPhone 12 mini, iPhone 13, iPhone 13 Pro, iPhone 13 Pro Max, iPhone 13 mini, iPhone 14, iPhone 14 Plus, iPhone 14 Pro, iPhone 14 Pro Max, iPhone 15, iPhone 15 Plus, iPhone 15 Pro, iPhone 15 Pro Max, iPad Air (2020), iPad Pro oraz nowsze modele iPad.<\/p>\n<p>Urz\u0105dzenia Android:<br \/>\nKompatybilne z urz\u0105dzeniami opartymi o system Android kt\u00f3re spe\u0142niaj\u0105 poni\u017csze warunki:<br \/>\n\u2022 Urz\u0105dzenia z Androidem posiadaj\u0105ce procesor Kirin 990 lub nowszy, wliczaj\u0105c Huawei Mate 30, P40 lub nowsze modele<br \/>\n\u2022 Urz\u0105dzenia z Androidem posiadaj\u0105ce procesor Snapdragon 855 lub nowsze, wliczaj\u0105c Samsung Galaxy S10, Xiaomi Mi 9 lub nowsze modele.<br \/>\n\u2022 Urz\u0105dzenia z Androidem posiadaj\u0105ce procesor Exynos Exynos 2200 lub nowszy, wliczaj\u0105c Samsung Galaxy S22, S22 Ultra oraz nowsze.<br \/>\n(system Android powinien by\u0107 zaktualizowany do wersji 10.0 lub nowszej, lub HarmonyOS 2.0.0 lub nowszej)<\/p>\n<p>Wa\u017cne:<br \/>\n1. Urz\u0105dzenia kt\u00f3re nie spe\u0142niaj\u0105 powy\u017cszych wymaga\u0144 b\u0119d\u0105 w stanie obs\u0142u\u017cy\u0107 aplikacji mobilnej do sterowania urz\u0105dzeniem jednak p\u0142ynno\u015b\u0107 i wydajno\u015b\u0107 niekt\u00f3rych funkcji, zw\u0142aszcza tych opartych o SI, mo\u017ce by\u0107 poni\u017cej optymalnej.<br \/>\n2. Po przetestowaniu urz\u0105dze\u0144 opartych o procesor Qualcomm SDM765 5G stwierdzono, \u017ce maj\u0105 one zbyt s\u0142abe mo\u017cliwo\u015bci dekodowania st\u0105d te\u017c te urz\u0105dzenia nie s\u0105 wspierane np. OPPO Reno 3 5G.<br \/>\n3. Instalacja aplikacji wymaga urz\u0105dzenia mobilnego opartego o 64-bitowy system operacyjny. Urz\u0105dzenia z systemem 32-bitowym nie b\u0119d\u0105 w stanie zainstalowa\u0107 aplikacji.<\/p>\n<p>&nbsp;<\/p>\n<p><em>Czas pracy baterii wynosi 100 minut.\u00a0Testowano w warunkach laboratoryjnych przy 25\u00b0C z wy\u0142\u0105czon\u0105 funkcj\u0105 &#8222;AI Highlights Assistant&#8221;, nagrywaj\u0105c w 4K przy 30kl.\/s w trybie Active HDR. Czas pracy mo\u017ce r\u00f3\u017cni\u0107 si\u0119 od wy\u017cej podanego w zale\u017cno\u015bci od warunk\u00f3w.<\/em><\/p>\n<\/section>\n<section id=\"projector_dictionary\" class=\"dictionary col-12 mb-1 mb-sm-4\">\n<div class=\"dictionary__group --first --no-group\">\n<div class=\"dictionary__param row mb-3\" data-producer=\"true\">\n<div class=\"dictionary__name col-6 d-flex flex-column align-items-end\"><span class=\"dictionary__name_txt\">Marka<\/span><\/div>\n<div class=\"dictionary__values col-6\">\n<div class=\"dictionary__value\"><a class=\"dictionary__value_txt\" title=\"Kliknij, by zobaczy\u0107 wszystkie produkty tej marki\" href=\"https:\/\/b2bike.pl\/firm-pol-1692700509-INSTA360.html\">INSTA360<\/a><\/div>\n<\/div>\n<\/div>\n<div class=\"dictionary__param row mb-3\" data-code=\"true\">\n<div class=\"dictionary__name col-6 d-flex flex-column align-items-end\"><span class=\"dictionary__name_txt\">Symbol<\/span><\/div>\n<div class=\"dictionary__values col-6\">\n<div class=\"dictionary__value\"><span class=\"dictionary__value_txt\">CINSAAJA<\/span><\/div>\n<\/div>\n<\/div>\n<div class=\"dictionary__param row mb-3\">\n<div class=\"dictionary__name col-6 d-flex flex-column align-items-end\"><span class=\"dictionary__name_txt\">INFORMACJE DODATKOWE<\/span><\/div>\n<div class=\"dictionary__values col-6\">\n<div class=\"dictionary__value\"><span class=\"dictionary__value_txt\">USB Type-C<\/span><\/div>\n<\/div>\n<\/div>\n<div class=\"dictionary__param row mb-3\">\n<div class=\"dictionary__name col-6 d-flex flex-column align-items-end\"><span class=\"dictionary__name_txt\">KAMERA<\/span><\/div>\n<div class=\"dictionary__values col-6\">\n<div class=\"dictionary__value\"><span class=\"dictionary__value_txt\">Tryb video: Standardowy, aktywny HDR, FreeFrame, Timelapse, TimeShift, Starlapse, PureVideo, Slow Motion, Pre-recording, nagrywanie w p\u0119tli.<\/span><\/div>\n<div class=\"dictionary__value\"><span class=\"dictionary__value_txt\">Standard kodowania video: H.265, H.264<\/span><\/div>\n<div class=\"dictionary__value\"><span class=\"dictionary__value_txt\">Format audio: 48 kHz, 16 bit, AAC<\/span><\/div>\n<div class=\"dictionary__value\"><span class=\"dictionary__value_txt\">Maksymalna szybko\u015b\u0107 transmisji wideo 170Mbps<\/span><\/div>\n<div class=\"dictionary__value\"><span class=\"dictionary__value_txt\">Rozdzielczo\u015b\u0107 8K (16:9) : 7680&#215;4320 przy 24 kl.\/s<\/span><\/div>\n<div class=\"dictionary__value\"><span class=\"dictionary__value_txt\">Rozdzielczo\u015b\u0107 8K (2.35:1) : 7680&#215;3272 przy 24 kl.\/s<\/span><\/div>\n<div class=\"dictionary__value\"><span class=\"dictionary__value_txt\">Rozdzielczo\u015b\u0107 4K (4:3) : 4032&#215;3024 przy 60\/50\/48\/30\/25\/24 kl.\/s<\/span><\/div>\n<div class=\"dictionary__value\"><span class=\"dictionary__value_txt\">Rozdzielczo\u015b\u0107 4K(16:9): 3840&#215;2160 przy 120\/100\/60\/50\/48\/30\/25\/24 kl.\/s<\/span><\/div>\n<div class=\"dictionary__value\"><span class=\"dictionary__value_txt\">Rozdzielczo\u015b\u0107 2.7K (4:3): 2688&#215;2016 przy 60\/50\/48\/30\/25\/24 kl.\/s<\/span><\/div>\n<div class=\"dictionary__value\"><span class=\"dictionary__value_txt\">Rozdzielczo\u015b\u0107 2.7K(16:9): 2688&#215;1520 120\/100\/60\/50\/48\/30\/25\/24 kl.\/s<\/span><\/div>\n<div class=\"dictionary__value\"><span class=\"dictionary__value_txt\">Rozdzielczo\u015b\u0107 1440P (4:3): 1920&#215;1440 przy 60\/50\/48\/30\/25\/24 kl.\/s<\/span><\/div>\n<div class=\"dictionary__value\"><span class=\"dictionary__value_txt\">Rozdzielczo\u015b\u0107 1080P(16:9): 1920&#215;1080 przy 240\/200\/120\/100\/60\/50\/48\/30\/25\/24 kl.\/s<\/span><\/div>\n<div class=\"dictionary__value\"><span class=\"dictionary__value_txt\">Rozdzielczo\u015b\u0107 FreeFrame 4K (4:3): 4032&#215;3024 przy 60\/50\/48\/30\/25\/24 kl.\/s<\/span><\/div>\n<div class=\"dictionary__value\"><span class=\"dictionary__value_txt\">Rozdzielczo\u015b\u0107 PureVideo 4K(16:9): 3840&#215;2160 przy 30\/25\/24 kl.\/s<\/span><\/div>\n<div class=\"dictionary__value\"><span class=\"dictionary__value_txt\">Rozdzielczo\u015b\u0107 PureVideo 2.7K(16:9): 2688&#215;1520 przy 30\/25\/24 kl.\/s<\/span><\/div>\n<div class=\"dictionary__value\"><span class=\"dictionary__value_txt\">Rozdzielczo\u015b\u0107 PureVideo 1080P(16:9): 1920&#215;1080 przy 30\/25\/24 kl.\/s<\/span><\/div>\n<div class=\"dictionary__value\"><span class=\"dictionary__value_txt\">Rozdzielczo\u015b\u0107 Slow Motion 4K(16:9): 3840&#215;2160 przy 120\/100 kl.\/s<\/span><\/div>\n<div class=\"dictionary__value\"><span class=\"dictionary__value_txt\">Rozdzielczo\u015b\u0107 Slow Motion 2.7K(16:9): 2688&#215;1520 przy 120\/100 kl.\/s<\/span><\/div>\n<div class=\"dictionary__value\"><span class=\"dictionary__value_txt\">Rozdzielczo\u015b\u0107 Slow Motion 1080P(16:9): 1920&#215;1080 przy 240\/200\/120\/100 kl.\/s<\/span><\/div>\n<div class=\"dictionary__value\"><span class=\"dictionary__value_txt\">Tryby audio: Redukcja wiatru, Stereo, Kierunkowe<\/span><\/div>\n<div class=\"dictionary__value\"><span class=\"dictionary__value_txt\">Szybko\u015b\u0107 migawki kamery: 1\/8000 &#8211; do limitu klatek na sekund\u0119<\/span><\/div>\n<div class=\"dictionary__value\"><span class=\"dictionary__value_txt\">Rozdzielczo\u015b\u0107: Slow Motion 1920&#215;1080@120fps<\/span><\/div>\n<div class=\"dictionary__value\"><span class=\"dictionary__value_txt\">Typ pliku wyj\u015bciowego MP4<\/span><\/div>\n<\/div>\n<\/div>\n<div class=\"dictionary__param row mb-3\">\n<div class=\"dictionary__name col-6 d-flex flex-column align-items-end\"><span class=\"dictionary__name_txt\">FUNKCJE APARATU<\/span><\/div>\n<div class=\"dictionary__values col-6\">\n<div class=\"dictionary__value\"><span class=\"dictionary__value_txt\">6-osiowy \u017cyroskop<\/span><\/div>\n<div class=\"dictionary__value\"><span class=\"dictionary__value_txt\">Przys\u0142ona F2.6<\/span><\/div>\n<div class=\"dictionary__value\"><span class=\"dictionary__value_txt\">Ogniskowa r\u00f3wnowa\u017cona 35mm: 16 mm<\/span><\/div>\n<div class=\"dictionary__value\"><span class=\"dictionary__value_txt\">Format zdj\u0119\u0107: DNG RAW (do wyeksportowania w aplikacji lub Insta360 Studio)<\/span><\/div>\n<div class=\"dictionary__value\"><span class=\"dictionary__value_txt\">Format zdj\u0119\u0107: JPG<\/span><\/div>\n<div class=\"dictionary__value\"><span class=\"dictionary__value_txt\">Rozmiar matrycy: 1\/1.3&#8243;<\/span><\/div>\n<div class=\"dictionary__value\"><span class=\"dictionary__value_txt\">Rozdzielczo\u015b\u0107 zdj\u0119\u0107 48Mpx (8064&#215;6048)<\/span><\/div>\n<div class=\"dictionary__value\"><span class=\"dictionary__value_txt\">Rozdzielczo\u015b\u0107 zdj\u0119\u0107 36Mpx: (8064&#215;4536)<\/span><\/div>\n<div class=\"dictionary__value\"><span class=\"dictionary__value_txt\">Rozdzielczo\u015b\u0107 zdj\u0119\u0107 12Mpx: (4032&#215;3024)<\/span><\/div>\n<div class=\"dictionary__value\"><span class=\"dictionary__value_txt\">Rozdzielczo\u015b\u0107 zdj\u0119\u0107 9Mpx: (4032&#215;2264)<\/span><\/div>\n<div class=\"dictionary__value\"><span class=\"dictionary__value_txt\">Szybko\u015b\u0107 migawki aparatu: 1\/8000 &#8211; 120s<\/span><\/div>\n<div class=\"dictionary__value\"><span class=\"dictionary__value_txt\">Zakres ISO: 100~6400<\/span><\/div>\n<div class=\"dictionary__value\"><span class=\"dictionary__value_txt\">Balans bieli: Automatyczny, 2 000-10 000K<\/span><\/div>\n<div class=\"dictionary__value\"><span class=\"dictionary__value_txt\">Tryb zdj\u0119\u0107: Standardowy, \u017bywy, P\u0142aski.<\/span><\/div>\n<div class=\"dictionary__value\"><span class=\"dictionary__value_txt\">Warto\u015b\u0107 ekspozycji \u00b14EV<\/span><\/div>\n<\/div>\n<\/div>\n<div class=\"dictionary__param row mb-3\">\n<div class=\"dictionary__name col-6 d-flex flex-column align-items-end\"><span class=\"dictionary__name_txt\">BATERIA<\/span><\/div>\n<div class=\"dictionary__values col-6\">\n<div class=\"dictionary__value\"><span class=\"dictionary__value_txt\">Czas pracy: 100 minut<\/span><\/div>\n<div class=\"dictionary__value\"><span class=\"dictionary__value_txt\">Pojemno\u015b\u0107 baterii: 1650 mAh<\/span><\/div>\n<div class=\"dictionary__value\"><span class=\"dictionary__value_txt\">Czas \u0142adowania: 46min (szybkie \u0142adowanie przy 30W)<\/span><\/div>\n<div class=\"dictionary__value\"><span class=\"dictionary__value_txt\">Czas \u0142adowania: 63min: 5V\/3A<\/span><\/div>\n<\/div>\n<\/div>\n<div class=\"dictionary__param row mb-3\">\n<div class=\"dictionary__name col-6 d-flex flex-column align-items-end\"><span class=\"dictionary__name_txt\">OG\u00d3LNE<\/span><\/div>\n<div class=\"dictionary__values col-6\">\n<div class=\"dictionary__value\"><span class=\"dictionary__value_txt\">3 mikrofony<\/span><\/div>\n<div class=\"dictionary__value\"><span class=\"dictionary__value_txt\">Bluetooth BLE 5.2<\/span><\/div>\n<div class=\"dictionary__value\"><span class=\"dictionary__value_txt\">Wodoodporno\u015b\u0107 bez Dive Case: 10m<\/span><\/div>\n<div class=\"dictionary__value\"><span class=\"dictionary__value_txt\">Wodoodporno\u015b\u0107 z Dive Case: 60m<\/span><\/div>\n<div class=\"dictionary__value\"><span class=\"dictionary__value_txt\">Wi-Fi: 2,4 GHz, 5 GHz 802.11a\/b\/g\/n\/ac<\/span><\/div>\n<div class=\"dictionary__value\"><span class=\"dictionary__value_txt\">Zakres temperatur dzia\u0142ania: -20 \u2103 do 40 \u2103<\/span><\/div>\n<\/div>\n<\/div>\n<div class=\"dictionary__param row mb-3\">\n<div class=\"dictionary__name col-6 d-flex flex-column align-items-end\"><span class=\"dictionary__name_txt\">PAMI\u0118\u0106<\/span><\/div>\n<div class=\"dictionary__values col-6\">\n<div class=\"dictionary__value\"><span class=\"dictionary__value_txt\">Brak wbudowanej<\/span><\/div>\n<div class=\"dictionary__value\"><span class=\"dictionary__value_txt\">Zalecane s\u0105 karty o klasie pr\u0119dko\u015bci UHS-I V30 do 1 TB<\/span><\/div>\n<\/div>\n<\/div>\n<\/div>\n<\/section>\n","protected":false},"excerpt":{"rendered":"<p>WEJD\u0179 NA NOWY POZIOM Z ACE PRO<br \/>\nAce Pro, stworzona przy wsp\u00f3\u0142pracy z legendarn\u0105 firm\u0105 Leica, \u0142\u0105czy sprawdzon\u0105, wytrzyma\u0142\u0105 i dobrze znan\u0105 form\u0119 szerokok\u0105tnej kamery sportowej z nietuzinkowym wygl\u0105dem oraz pierwszym w tej kategorii kamer odchylanym ekranem otwieraj\u0105cym zupe\u0142nie nowe mo\u017cliwo\u015bci w zakresie monitorowania i kontroli nad obrazem.<\/p>\n","protected":false},"featured_media":89,"template":"","meta":{"advanced_seo_description":"","jetpack_seo_html_title":"","jetpack_seo_noindex":false},"product_brand":[],"product_cat":[26],"product_tag":[],"class_list":{"0":"post-88","1":"product","2":"type-product","3":"status-publish","4":"has-post-thumbnail","6":"product_cat-kamery","8":"first","9":"outofstock","10":"taxable","11":"shipping-taxable","12":"purchasable","13":"product-type-simple"},"jetpack_sharing_enabled":true,"_links":{"self":[{"href":"https:\/\/hardshop.hard-adv.com\/index.php\/wp-json\/wp\/v2\/product\/88","targetHints":{"allow":["GET"]}}],"collection":[{"href":"https:\/\/hardshop.hard-adv.com\/index.php\/wp-json\/wp\/v2\/product"}],"about":[{"href":"https:\/\/hardshop.hard-adv.com\/index.php\/wp-json\/wp\/v2\/types\/product"}],"wp:featuredmedia":[{"embeddable":true,"href":"https:\/\/hardshop.hard-adv.com\/index.php\/wp-json\/wp\/v2\/media\/89"}],"wp:attachment":[{"href":"https:\/\/hardshop.hard-adv.com\/index.php\/wp-json\/wp\/v2\/media?parent=88"}],"wp:term":[{"taxonomy":"product_brand","embeddable":true,"href":"https:\/\/hardshop.hard-adv.com\/index.php\/wp-json\/wp\/v2\/product_brand?post=88"},{"taxonomy":"product_cat","embeddable":true,"href":"https:\/\/hardshop.hard-adv.com\/index.php\/wp-json\/wp\/v2\/product_cat?post=88"},{"taxonomy":"product_tag","embeddable":true,"href":"https:\/\/hardshop.hard-adv.com\/index.php\/wp-json\/wp\/v2\/product_tag?post=88"}],"curies":[{"name":"wp","href":"https:\/\/api.w.org\/{rel}","templated":true}]}}