{"id":94,"date":"2024-01-16T18:28:11","date_gmt":"2024-01-16T17:28:11","guid":{"rendered":"http:\/\/hardshop.hard-adv.com\/?post_type=product&#038;p=94"},"modified":"2024-01-22T10:54:58","modified_gmt":"2024-01-22T09:54:58","slug":"kamera-sferyczna-insta360-x3","status":"publish","type":"product","link":"https:\/\/hardshop.hard-adv.com\/index.php\/produkt\/kamera-sferyczna-insta360-x3\/","title":{"rendered":"Kamera sferyczna Insta360 X3"},"content":{"rendered":"<section id=\"projector_longdescription\" class=\"longdescription cm col-12\" data-dictionary=\"true\">\n<h3 class=\"single-column-section-h3\">Dwie matryce\u00a0<span class=\"single-column-section-h3-accent\">1\/2&#8243; 48Mpx<\/span><\/h3>\n<p class=\"single-column-section-paragraph\">Nowe sensory 1\/2&#8243; X3 zawieraj\u0105 wi\u0119cej pikseli, zapewniaj\u0105c wi\u0119ksz\u0105 przejrzysto\u015b\u0107 i szczeg\u00f3\u0142owo\u015b\u0107, nawet przy s\u0142abym o\u015bwietleniu.<\/p>\n<p class=\"single-column-section-paragraph\"><strong>Najpierw nagrywaj, potem wykadruj!<\/strong><br \/>\nPo prostu nagraj, a potem nadaj finalny kadr korzystaj\u0105c z \u0142atwych narz\u0119dzi w aplikacji Insta360 wspomaganej sztuczn\u0105 inteligencj\u0105. Udost\u0119pniaj na dowolnej platformie medi\u00f3w spo\u0142eczno\u015bciowych jednym dotkni\u0119ciem bez utraty jako\u015bci.<\/p>\n<p class=\"single-column-section-paragraph\"><strong>Zdj\u0119cia z dw\u00f3ch matryc 1\/2\u201d 48Mpx<\/strong><br \/>\nNajwi\u0119ksza liczba megapikseli dost\u0119pna w kamerze sportowej 360\u00b0. Zdj\u0119cia 360\u00b0 z wi\u0119ksz\u0105 ilo\u015bci\u0105 szczeg\u00f3\u0142\u00f3w ni\u017c kiedykolwiek wcze\u015bniej!<\/p>\n<p class=\"single-column-section-paragraph\"><strong>360\u00b0 Active HDR<\/strong><br \/>\nInnowacyjny nowy tryb wideo Active HDR utrzymuje stabilizacj\u0119 wideo podczas ruchu, zachowuj\u0105c szczeg\u00f3\u0142y w \u015bwiat\u0142ach i cieniach, zapewniaj\u0105c \u017cywsze nagrania.<\/p>\n<p class=\"single-column-section-paragraph\"><strong>Tryb pojedynczego obiektywu w rozdzielczo\u015bci 4K<\/strong><br \/>\nChcesz po prostu nagrywa\u0107 filmy z perspektywy pierwszej osoby bez kadrowania? Nagrywaj filmy szerokok\u0105tne w trybie pojedynczego obiektywu i natychmiast udost\u0119pniaj je w mediach spo\u0142eczno\u015bciowych w rozdzielczo\u015bci 4K@30fps. Tryb MaxView 2.7K zapewnia 170\u00b0 pole widzenia w Twoich filmach!<\/p>\n<p class=\"single-column-section-paragraph\"><strong>Tryb &#8222;Me&#8221;<\/strong><br \/>\nWypr\u00f3buj zupe\u0142nie nowy tryb \u201eMe\u201d, kt\u00f3ry ustawia kadr tak, aby skupia\u0142 si\u0119 tylko na Tobie. Selfie Stick pozostaje niewidoczny, nawet przy 60 klatkach na sekund\u0119, aby uzyska\u0107 niesamowite spowolnienie. Nie musisz zmienia\u0107 kadru, zawsze pozostaniesz w centrum akcji!<\/p>\n<p class=\"single-column-section-paragraph\"><strong>Niesamowity widok z perspektywy trzeciej osoby<\/strong><br \/>\nKijek Invisible Selfie Stick jest niewidoczny podczas edycji, umo\u017cliwiaj\u0105c uchwycenie k\u0105t\u00f3w z lotu ptaka i perspektywy trzeciej osoby, kt\u00f3rych nie mo\u017cna uzyska\u0107 innymi kamerami. Dron staje si\u0119 zb\u0119dny!<\/p>\n<p class=\"single-column-section-paragraph\"><strong>Stabilny obraz w ka\u017cdej sytuacji<\/strong><br \/>\nWyboiste szlaki i du\u017ce fale nie mog\u0105 si\u0119 r\u00f3wna\u0107 z stabilizacj\u0105 obrazu kamery Insta360 X3. FlowState zapewnia p\u0142ynno\u015b\u0107 film\u00f3w bez wzgl\u0119du na okoliczno\u015bci.<\/p>\n<p class=\"single-column-section-paragraph\"><strong>Horizon Lock 360<\/strong><br \/>\nNowy poziom stabilizacji obrazu w kamerze akcji! Niezale\u017cnie od tego, czy lecisz na paralotni, czy je\u017adzisz kolejk\u0105 g\u00f3rsk\u0105, 360 Horizon Lock zawsze utrzyma wideo w poziomie.<\/p>\n<p class=\"single-column-section-paragraph\"><strong>8K 360\u00b0 Timelapse<\/strong><br \/>\nNagrywaj filmy poklatkowe 360 stopni na wy\u017cszym poziomie w osza\u0142amiaj\u0105cej jako\u015bci 8K dzi\u0119ki nowej matrycy kamery X3.<\/p>\n<p class=\"single-column-section-paragraph\"><strong>Bullet Time 4K 120fps<\/strong><br \/>\nPrzenie\u015b si\u0119 do Matrixa z 4K120fps lub 3K180fps. Bullet Time wygl\u0105da bardziej kinowo ni\u017c kiedykolwiek dzi\u0119ki ulepszonej rozdzielczo\u015bci 4K i wi\u0119kszej liczbie klatek na sekund\u0119.<\/p>\n<h3 class=\"single-column-section-h3\">Nagrywanie\u00a0<span class=\"single-column-section-h3-accent\">w p\u0119tli<\/span><\/h3>\n<p class=\"single-column-section-paragraph\">Zmie\u0144 swoj\u0105 X3 w kamer\u0119 samochodow\u0105. X3 b\u0119dzie stale nagrywa\u0107 wideo, ale zapisze tylko ostatnie minuty zgodnie z ustawionym interwa\u0142em, oszcz\u0119dzaj\u0105c cenne miejsce na karcie pami\u0119ci.<\/p>\n<p class=\"single-column-section-paragraph\">Wytrzyma\u0142a i wodoodporna<br \/>\nCertyfikat IPX8 umo\u017cliwia nagrywanie do 10m pod wod\u0105. Dedykowana wodoszczelna obudowa pozwala nagrywa\u0107 do 50m pod wod\u0105!<\/p>\n<p class=\"single-column-section-paragraph\"><strong>ZAWARTO\u015a\u0106 ZESTAWU<\/strong><\/p>\n<ul>\n<li>Kamera Insta360 X3<\/li>\n<li>Akumulator<\/li>\n<li>Kabel zasilaj\u0105cy<\/li>\n<li>Ochronna kieszonka<\/li>\n<li>\u015aciereczka do czyszczenia obiektywu<\/li>\n<\/ul>\n<p>&nbsp;<\/p>\n<p>Zgodno\u015b\u0107 z urz\u0105dzeniami:<br \/>\niOS:<\/p>\n<p>Kompatybilny z urz\u0105dzeniami mobilnymi iOS z chipami A11 lub nowszymi i iOS w wersji 12.0 lub nowszej, w tym iPhone SE 2, iPhone 8, iPhone 8 Plus, iPhone XR, iPhone XS, iPhone XS Max, iPhone X, iPhone 11, iPhone 11 Pro, iPhone 11 Pro Max, iPhone 12, iPhone 12 Pro, iPhone 12 Pro Max, iPhone 12 mini, iPhone 13, iPhone 13 Pro, iPhone 13 Pro Max, iPhone 13 mini, iPad Air (2020), iPad Pro a tak\u017ce nowszymi modelami iPad.<\/p>\n<p>Android:<\/p>\n<p>Kompatybilny z urz\u0105dzeniami mobilnymi z systemem Android, kt\u00f3re spe\u0142niaj\u0105 nast\u0119puj\u0105ce funkcje, w tym:<br \/>\nUrz\u0105dzenia z systemem Android z chipami Kirin 980 i nowszymi, w tym Huawei Mate 20, P30 oraz nowsze.<br \/>\nUrz\u0105dzenia z systemem Android z chipami Snapdragon 845 i nowszymi, w tym Samsung Galaxy S9, Xiaomi Mi 8 oraz nowsze.<br \/>\nUrz\u0105dzenia z systemem Android z uk\u0142adami Exynos 9810 i nowszymi, w tym Samsung Galaxy S9, S9+, Note9 oraz nowsze.<\/p>\n<p>Urz\u0105dzenia, kt\u00f3re nie spe\u0142niaj\u0105 wymaga\u0144 nadal mog\u0105 korzysta\u0107 z aplikacji do urz\u0105dzenia Insta360 X3. Nale\u017cy jednak pami\u0119ta\u0107, i\u017c niekt\u00f3re operacje wymagaj\u0105 du\u017cej mocy obliczeniowej przez co mog\u0105 dzia\u0142a\u0107 wolniej.<\/p>\n<\/section>\n<section id=\"projector_dictionary\" class=\"dictionary col-12 mb-1 mb-sm-4\">\n<div class=\"dictionary__group --first --no-group\">\n<div class=\"dictionary__param row mb-3\" data-producer=\"true\">\n<div class=\"dictionary__name col-6 d-flex flex-column align-items-end\"><span class=\"dictionary__name_txt\">Marka<\/span><\/div>\n<div class=\"dictionary__values col-6\">\n<div class=\"dictionary__value\"><a class=\"dictionary__value_txt\" title=\"Kliknij, by zobaczy\u0107 wszystkie produkty tej marki\" href=\"https:\/\/b2bike.pl\/firm-pol-1692700509-INSTA360.html\">INSTA360<\/a><\/div>\n<\/div>\n<\/div>\n<div class=\"dictionary__param row mb-3\" data-code=\"true\">\n<div class=\"dictionary__name col-6 d-flex flex-column align-items-end\"><span class=\"dictionary__name_txt\">Symbol<\/span><\/div>\n<div class=\"dictionary__values col-6\">\n<div class=\"dictionary__value\"><span class=\"dictionary__value_txt\">CINSAAQ\/B<\/span><\/div>\n<\/div>\n<\/div>\n<div class=\"dictionary__param row mb-3\">\n<div class=\"dictionary__name col-6 d-flex flex-column align-items-end\"><span class=\"dictionary__name_txt\">INFORMACJE DODATKOWE<\/span><\/div>\n<div class=\"dictionary__values col-6\">\n<div class=\"dictionary__value\"><span class=\"dictionary__value_txt\">USB Type-C<\/span><\/div>\n<div class=\"dictionary__value\"><span class=\"dictionary__value_txt\">Obs\u0142uga bezprzewodowa dost\u0119pna dla systemu iO i Android<\/span><\/div>\n<\/div>\n<\/div>\n<div class=\"dictionary__param row mb-3\">\n<div class=\"dictionary__name col-6 d-flex flex-column align-items-end\"><span class=\"dictionary__name_txt\">KAMERA<\/span><\/div>\n<div class=\"dictionary__values col-6\">\n<div class=\"dictionary__value\"><span class=\"dictionary__value_txt\">Rozdzielczo\u015b\u0107 360: 5,7K: 5760*2880 przy 30\/25\/24 kl.\/s<\/span><\/div>\n<div class=\"dictionary__value\"><span class=\"dictionary__value_txt\">Rozdzielczo\u015b\u0107 4K: 3840*1920 przy 60\/30 kl.\/s<\/span><\/div>\n<div class=\"dictionary__value\"><span class=\"dictionary__value_txt\">Rozdzielczo\u015b\u0107 Tryb pojedynczego obiektywu: 4K: 3840&#215;2160 przy 30\/25\/24 kl.\/s<\/span><\/div>\n<div class=\"dictionary__value\"><span class=\"dictionary__value_txt\">Rozdzielczo\u015b\u0107 3,6 K: 3584&#215;2016 przy 60\/50\/30\/25\/24 kl.\/s<\/span><\/div>\n<div class=\"dictionary__value\"><span class=\"dictionary__value_txt\">Rozdzielczo\u015b\u0107 2.7K: 2720&#215;1530@60\/50\/30\/25\/24 kl.\/s<\/span><\/div>\n<div class=\"dictionary__value\"><span class=\"dictionary__value_txt\">Rozdzielczo\u015b\u0107 1080p: 1920&#215;1088@60\/50\/30\/25\/24 kl.\/s<\/span><\/div>\n<div class=\"dictionary__value\"><span class=\"dictionary__value_txt\">Typ pliku wyj\u015bciowego kamery szerokok\u0105tnej: MP4<\/span><\/div>\n<div class=\"dictionary__value\"><span class=\"dictionary__value_txt\">Typ pliku wyj\u015bciowego 360\u00b0: INSV (mo\u017cliwo\u015b\u0107 eksportu poprzez aplikacj\u0119)<\/span><\/div>\n<div class=\"dictionary__value\"><span class=\"dictionary__value_txt\">Tryb video: Standardowy, aktywny HDR, Timelapse, TimeShift, Bullet Time, nagrywanie w p\u0119tli<\/span><\/div>\n<div class=\"dictionary__value\"><span class=\"dictionary__value_txt\">Profile kolorystyczne: \u017bywy (Vivid), Standardowy, LOG<\/span><\/div>\n<div class=\"dictionary__value\"><span class=\"dictionary__value_txt\">Maksymalna szybko\u015b\u0107 transmisji wideo 120Mbps<\/span><\/div>\n<div class=\"dictionary__value\"><span class=\"dictionary__value_txt\">Przekaz na \u017cywo: 360 Live, Reframe Live (streamer ustawia ustalon\u0105 perspektyw\u0119)<\/span><\/div>\n<div class=\"dictionary__value\"><span class=\"dictionary__value_txt\">Format audio: 48 kHz, 16 bit\u00f3w, AAC<\/span><\/div>\n<div class=\"dictionary__value\"><span class=\"dictionary__value_txt\">Szybko\u015b\u0107 migawki kamery: 1\/8000 &#8211; do limitu klatek na sekund\u0119<\/span><\/div>\n<div class=\"dictionary__value\"><span class=\"dictionary__value_txt\">Tryby d\u017awi\u0119ku: redukcja wiatru, stereo, skoncentrowany na kierunku.<\/span><\/div>\n<\/div>\n<\/div>\n<div class=\"dictionary__param row mb-3\">\n<div class=\"dictionary__name col-6 d-flex flex-column align-items-end\"><span class=\"dictionary__name_txt\">FUNKCJE APARATU<\/span><\/div>\n<div class=\"dictionary__values col-6\">\n<div class=\"dictionary__value\"><span class=\"dictionary__value_txt\">Rozdzielczo\u015b\u0107 zdj\u0119\u0107 72Mpx: 11968&#215;5984<\/span><\/div>\n<div class=\"dictionary__value\"><span class=\"dictionary__value_txt\">Rozdzielczo\u015b\u0107 zdj\u0119\u0107 18Mpx: 5952&#215;2976<\/span><\/div>\n<div class=\"dictionary__value\"><span class=\"dictionary__value_txt\">Format zdj\u0119\u0107: insp (mo\u017cna wyeksportowa\u0107 za pomoc\u0105 aplikacji mobilnej lub Insta360 Studio)<\/span><\/div>\n<div class=\"dictionary__value\"><span class=\"dictionary__value_txt\">Format zdj\u0119\u0107: PureShot (DNG Raw, nale\u017cy edytowa\u0107 na komputerze)<\/span><\/div>\n<div class=\"dictionary__value\"><span class=\"dictionary__value_txt\">Tryby zdj\u0119\u0107: Standardowy, HDR, Seria, Interwa\u0142, Starlapse<\/span><\/div>\n<div class=\"dictionary__value\"><span class=\"dictionary__value_txt\">6-osiowy \u017cyroskop<\/span><\/div>\n<div class=\"dictionary__value\"><span class=\"dictionary__value_txt\">Przys\u0142ona: F1.9<\/span><\/div>\n<div class=\"dictionary__value\"><span class=\"dictionary__value_txt\">Warto\u015b\u0107 ekspozycji \u00b14EV<\/span><\/div>\n<div class=\"dictionary__value\"><span class=\"dictionary__value_txt\">Zakres ISO: 100\uff5e3200<\/span><\/div>\n<div class=\"dictionary__value\"><span class=\"dictionary__value_txt\">Szybko\u015b\u0107 migawki aparatu: 1\/8000 &#8211; 120s<\/span><\/div>\n<div class=\"dictionary__value\"><span class=\"dictionary__value_txt\">Balans bieli: 2000K-10000K<\/span><\/div>\n<\/div>\n<\/div>\n<div class=\"dictionary__param row mb-3\">\n<div class=\"dictionary__name col-6 d-flex flex-column align-items-end\"><span class=\"dictionary__name_txt\">BATERIA<\/span><\/div>\n<div class=\"dictionary__values col-6\">\n<div class=\"dictionary__value\"><span class=\"dictionary__value_txt\">Czas pracy: 81min (Testowane w \u015brodowisku laboratoryjnym w trybie 5,7K@30fps)<\/span><\/div>\n<div class=\"dictionary__value\"><span class=\"dictionary__value_txt\">Czas \u0142adowania: 1.5h (5V\/3A)<\/span><\/div>\n<div class=\"dictionary__value\"><span class=\"dictionary__value_txt\">Pojemno\u015b\u0107 baterii: 1800 mAh<\/span><\/div>\n<\/div>\n<\/div>\n<div class=\"dictionary__param row mb-3\">\n<div class=\"dictionary__name col-6 d-flex flex-column align-items-end\"><span class=\"dictionary__name_txt\">OG\u00d3LNE<\/span><\/div>\n<div class=\"dictionary__values col-6\">\n<div class=\"dictionary__value\"><span class=\"dictionary__value_txt\">Bluetooth 5.0<\/span><\/div>\n<div class=\"dictionary__value\"><span class=\"dictionary__value_txt\">Wi-Fi: 2,4 GHz, 5 GHz 802.11a\/b\/g\/n\/ac<\/span><\/div>\n<div class=\"dictionary__value\"><span class=\"dictionary__value_txt\">Karta Micro SD: Zalecane s\u0105 karty Micro SD klasy pr\u0119dko\u015bci UHS-I V30 w formacie exFAT o maksymalnej pojemno\u015bci 1 TB<\/span><\/div>\n<div class=\"dictionary__value\"><span class=\"dictionary__value_txt\">Karta Micro SD: brak w zestawie<\/span><\/div>\n<div class=\"dictionary__value\"><span class=\"dictionary__value_txt\">Zakres temperatur dzia\u0142ania: -20 \u2103 do 40 \u2103<\/span><\/div>\n<\/div>\n<\/div>\n<div class=\"dictionary__param row mb-3\">\n<div class=\"dictionary__name col-6 d-flex flex-column align-items-end\"><span class=\"dictionary__name_txt\">WYMIARY KAMERY<\/span><\/div>\n<div class=\"dictionary__values col-6\">\n<div class=\"dictionary__value\"><span class=\"dictionary__value_txt\">wysoko\u015b\u0107: 114mm<\/span><\/div>\n<div class=\"dictionary__value\"><span class=\"dictionary__value_txt\">szeroko\u015b\u0107: 46mm<\/span><\/div>\n<div class=\"dictionary__value\"><span class=\"dictionary__value_txt\">g\u0142\u0119boko\u015b\u0107: 33.1mm<\/span><\/div>\n<\/div>\n<\/div>\n<\/div>\n<\/section>\n","protected":false},"excerpt":{"rendered":"<ul>\n<li>Dwie matryce 1\/2&#8243; 48Mpx<\/li>\n<li>Szerokok\u0105tny obraz w rozdzielczo\u015bci 4K<\/li>\n<li>Stabilizacja FlowState i blokada horyzontu 360<\/li>\n<li>Niesamowity widok z perspektywy trzeciej osoby<\/li>\n<\/ul>\n","protected":false},"featured_media":96,"template":"","meta":{"advanced_seo_description":"","jetpack_seo_html_title":"","jetpack_seo_noindex":false},"product_brand":[],"product_cat":[26],"product_tag":[],"class_list":{"0":"post-94","1":"product","2":"type-product","3":"status-publish","4":"has-post-thumbnail","6":"product_cat-kamery","8":"first","9":"outofstock","10":"taxable","11":"shipping-taxable","12":"purchasable","13":"product-type-simple"},"jetpack_sharing_enabled":true,"_links":{"self":[{"href":"https:\/\/hardshop.hard-adv.com\/index.php\/wp-json\/wp\/v2\/product\/94","targetHints":{"allow":["GET"]}}],"collection":[{"href":"https:\/\/hardshop.hard-adv.com\/index.php\/wp-json\/wp\/v2\/product"}],"about":[{"href":"https:\/\/hardshop.hard-adv.com\/index.php\/wp-json\/wp\/v2\/types\/product"}],"wp:featuredmedia":[{"embeddable":true,"href":"https:\/\/hardshop.hard-adv.com\/index.php\/wp-json\/wp\/v2\/media\/96"}],"wp:attachment":[{"href":"https:\/\/hardshop.hard-adv.com\/index.php\/wp-json\/wp\/v2\/media?parent=94"}],"wp:term":[{"taxonomy":"product_brand","embeddable":true,"href":"https:\/\/hardshop.hard-adv.com\/index.php\/wp-json\/wp\/v2\/product_brand?post=94"},{"taxonomy":"product_cat","embeddable":true,"href":"https:\/\/hardshop.hard-adv.com\/index.php\/wp-json\/wp\/v2\/product_cat?post=94"},{"taxonomy":"product_tag","embeddable":true,"href":"https:\/\/hardshop.hard-adv.com\/index.php\/wp-json\/wp\/v2\/product_tag?post=94"}],"curies":[{"name":"wp","href":"https:\/\/api.w.org\/{rel}","templated":true}]}}